{"id":24335,"date":"2022-11-25T18:15:27","date_gmt":"2022-11-25T18:15:27","guid":{"rendered":"https:\/\/lofotenseaweedcompany.com\/rezepte\/seetang-smoothie\/"},"modified":"2023-01-11T18:49:31","modified_gmt":"2023-01-11T18:49:31","slug":"seetang-smoothie","status":"publish","type":"page","link":"https:\/\/lofotenseaweedcompany.com\/de\/rezepte\/seetang-smoothie\/","title":{"rendered":"Seetang Smoothie"},"content":{"rendered":"<div class=\"flex mt-10 lg:mt-20 flex-col lg:flex-row\">\n\t<div class=\"lg:w-2\/5\" >\n\t\t<div class=\"relative\" style=\"padding-top:60%\">\n\t\t\t<img loading=\"lazy\" decoding=\"async\" width=\"819\" height=\"1024\" src=\"https:\/\/lofotenseaweedcompany.com\/wp-content\/uploads\/2021\/12\/Seaweed-Smoothie-819x1024.jpg\" class=\" object-cover overflow-hidden h-full w-full absolute inset-0  wp-post-image\" alt=\"\" srcset=\"https:\/\/lofotenseaweedcompany.com\/wp-content\/uploads\/2021\/12\/Seaweed-Smoothie-819x1024.jpg 819w, https:\/\/lofotenseaweedcompany.com\/wp-content\/uploads\/2021\/12\/Seaweed-Smoothie-800x1000.jpg 800w, https:\/\/lofotenseaweedcompany.com\/wp-content\/uploads\/2021\/12\/Seaweed-Smoothie-240x300.jpg 240w, https:\/\/lofotenseaweedcompany.com\/wp-content\/uploads\/2021\/12\/Seaweed-Smoothie-768x960.jpg 768w, https:\/\/lofotenseaweedcompany.com\/wp-content\/uploads\/2021\/12\/Seaweed-Smoothie-1229x1536.jpg 1229w, https:\/\/lofotenseaweedcompany.com\/wp-content\/uploads\/2021\/12\/Seaweed-Smoothie-600x750.jpg 600w, https:\/\/lofotenseaweedcompany.com\/wp-content\/uploads\/2021\/12\/Seaweed-Smoothie.jpg 1638w\" sizes=\"auto, (max-width: 819px) 100vw, 819px\" \/>\t\t<\/div>\n\t<\/div>\n\t<div class=\"flex-1 lg:px-10 flex flex-col justify-between\">\n\t\t<div class=\"mt-5 lg:mt-0\">\n\t\t\tEin frischer gr\u00fcner Smoothie ist eine gro\u00dfartige M\u00f6glichkeit, den Tag zu beginnen, und eine fantastische Option f\u00fcr ein pflanzliches Fr\u00fchst\u00fcck. Smoothies sind unendlich anpassbar, k\u00f6nnen im Voraus zubereitet werden, stecken voller Vitamine und sind obendrein auch noch total lecker! Sorgen Sie daf\u00fcr, dass Ihr Smoothie gen\u00fcgend Eiwei\u00df enth\u00e4lt, um Sie stundenlang satt zu halten. Sie k\u00f6nnen daf\u00fcr Ihrem Rezept Samen, Kerne oder Joghurt hinzuf\u00fcgen. Wir haben hier Leinsamen verwendet, aber auch Chiasamen, Sonnenblumenkerne und K\u00fcrbiskerne sind eine gute Alternative. Wenn Sie Ihrem Smoothie Algen hinzuf\u00fcgen, erhalten Sie nicht nur einen Geschmacks-, sondern auch einen Gesundheitsschub, denn Algen sind ein nat\u00fcrlicher Geschmacksverst\u00e4rker. Sie k\u00f6nnen Ihre Smoothie-Mischung auch in Eisformen einfrieren, um einen erfrischenden Sommergenuss zu erhalten!\t\t<\/div>\n\t\t<div class=\"flex flex-col md:flex-row w-full justify-between text-sm\">\n\t\t\t<div class=\"font-bold mt-3 lg:mt-0\">\n\t\t\t\tErgibt 2-3 Portionen\t\t\t<\/div>\n\t\t\t<div class=\"mt-3 lg:mt-0\">\n\t\t\t\t12 minutes\t\t\t<\/div>\n\t\t<\/div>\n\n\t<\/div>\n<\/div>\n\n<div class=\"lg:border-t lg:border-t-px border-sw-primary-light mt-10 pt-4 flex flex-col lg:flex-row\">\n\t<div class=\"w-full lg:w-2\/5 font-bold mb-10 mr-10\">\n\t\t<p class=\"font-bold mb-2\">Ingredients:<\/p>\n\t\t\t\t\t<div class=\"flex mb-1\">\n\t\t\t\t<div class=\"flex-1\">\n\t\t\t\t\t15g Leinsamen\t\t\t\t<\/div>\n\t\t\t<\/div>\n\t\t\t\t\t<div class=\"flex mb-1\">\n\t\t\t\t<div class=\"flex-1\">\n\t\t\t\t\t70ml Orangensaft\t\t\t\t<\/div>\n\t\t\t<\/div>\n\t\t\t\t\t<div class=\"flex mb-1\">\n\t\t\t\t<div class=\"flex-1\">\n\t\t\t\t\t10g Arctic Ocean Greens\t\t\t\t<\/div>\n\t\t\t<\/div>\n\t\t\t\t\t<div class=\"flex mb-1\">\n\t\t\t\t<div class=\"flex-1\">\n\t\t\t\t\t30g Gr\u00fcnkohl, gewaschen\t\t\t\t<\/div>\n\t\t\t<\/div>\n\t\t\t\t\t<div class=\"flex mb-1\">\n\t\t\t\t<div class=\"flex-1\">\n\t\t\t\t\t300ml Hafermilch\t\t\t\t<\/div>\n\t\t\t<\/div>\n\t\t\t\t\t<div class=\"flex mb-1\">\n\t\t\t\t<div class=\"flex-1\">\n\t\t\t\t\t1 Banane\t\t\t\t<\/div>\n\t\t\t<\/div>\n\t\t\t\t\t<div class=\"flex mb-1\">\n\t\t\t\t<div class=\"flex-1\">\n\t\t\t\t\t1 Essl\u00f6ffel Honig\t\t\t\t<\/div>\n\t\t\t<\/div>\n\t\t\t<\/div>\n\t<div class=\"flex-1 mb-10\">\n\t<p class=\"font-bold mb-2\">Directions:<\/p>\n\t\t\t\t\t<div class=\"flex mb-3\">\n\t\t\t\t<div class=\"font-bold w-6 mr-2\">\n\t\t\t\t\t1)\n\t\t\t\t<\/div>\n\t\t\t\t<div class=\"flex-1\">\n\t\t\t\t\tMischen Sie Orangensaft mit Leinsamen und Algen und lassen Sie es 10 Minuten lang einweichen.\t\t\t\t<\/div>\n\t\t\t<\/div>\n\t\t\t\t\t<div class=\"flex mb-3\">\n\t\t\t\t<div class=\"font-bold w-6 mr-2\">\n\t\t\t\t\t2)\n\t\t\t\t<\/div>\n\t\t\t\t<div class=\"flex-1\">\n\t\t\t\t\t Alle anderen Zutaten in einen Mixer geben, dann die Orangensaftmischung hinzuf\u00fcgen. Mixen, bis die Masse glatt ist.\t\t\t\t<\/div>\n\t\t\t<\/div>\n\t\t\t\t\t<div class=\"flex mb-3\">\n\t\t\t\t<div class=\"font-bold w-6 mr-2\">\n\t\t\t\t\t3)\n\t\t\t\t<\/div>\n\t\t\t\t<div class=\"flex-1\">\n\t\t\t\t\tGeben Sie Beeren, K\u00fcrbiskerne, M\u00fcsli, Joghurt, eine Extraportion Arctic Ocean Greens oder was auch immer Sie am liebsten in Ihren Smoothie als Topping haben, hinzu!\t\t\t\t<\/div>\n\t\t\t<\/div>\n\t\t\t<\/div>\n<\/div>\n\n\n\n\n<p>Probieren Sie den Smoothie auch in Kombination mit unserem <a href=\"https:\/\/lofotenseaweedcompany.com\/de\/rezepte\/seetang-granola\/\" data-type=\"URL\" data-id=\"https:\/\/lofotenseaweedcompany.com\/recipes\/seaweed-granola\/\">Seetang Granola<\/a> als knuspriges Topping!<\/p>\n","protected":false},"excerpt":{"rendered":"<p>Probieren Sie den Smoothie auch in Kombination mit unserem Seetang Granola als knuspriges Topping!<\/p>\n","protected":false},"author":3,"featured_media":21727,"parent":24328,"menu_order":9,"comment_status":"closed","ping_status":"closed","template":"page-recipes-single.php","meta":{"_acf_changed":false,"footnotes":""},"class_list":["post-24335","page","type-page","status-publish","has-post-thumbnail","hentry"],"acf":[],"_links":{"self":[{"href":"https:\/\/lofotenseaweedcompany.com\/de\/wp-json\/wp\/v2\/pages\/24335","targetHints":{"allow":["GET"]}}],"collection":[{"href":"https:\/\/lofotenseaweedcompany.com\/de\/wp-json\/wp\/v2\/pages"}],"about":[{"href":"https:\/\/lofotenseaweedcompany.com\/de\/wp-json\/wp\/v2\/types\/page"}],"author":[{"embeddable":true,"href":"https:\/\/lofotenseaweedcompany.com\/de\/wp-json\/wp\/v2\/users\/3"}],"replies":[{"embeddable":true,"href":"https:\/\/lofotenseaweedcompany.com\/de\/wp-json\/wp\/v2\/comments?post=24335"}],"version-history":[{"count":2,"href":"https:\/\/lofotenseaweedcompany.com\/de\/wp-json\/wp\/v2\/pages\/24335\/revisions"}],"predecessor-version":[{"id":26831,"href":"https:\/\/lofotenseaweedcompany.com\/de\/wp-json\/wp\/v2\/pages\/24335\/revisions\/26831"}],"up":[{"embeddable":true,"href":"https:\/\/lofotenseaweedcompany.com\/de\/wp-json\/wp\/v2\/pages\/24328"}],"wp:featuredmedia":[{"embeddable":true,"href":"https:\/\/lofotenseaweedcompany.com\/de\/wp-json\/wp\/v2\/media\/21727"}],"wp:attachment":[{"href":"https:\/\/lofotenseaweedcompany.com\/de\/wp-json\/wp\/v2\/media?parent=24335"}],"curies":[{"name":"wp","href":"https:\/\/api.w.org\/{rel}","templated":true}]}}