{"id":24337,"date":"2022-11-25T18:18:05","date_gmt":"2022-11-25T18:18:05","guid":{"rendered":"https:\/\/lofotenseaweedcompany.com\/rezepte\/fruehstuecks-porridge-mit-dem-arktischen-meeres-gruen\/"},"modified":"2023-01-12T22:08:14","modified_gmt":"2023-01-12T22:08:14","slug":"fruehstuecks-porridge-mit-dem-arktischen-meeres-gruen","status":"publish","type":"page","link":"https:\/\/lofotenseaweedcompany.com\/de\/rezepte\/fruehstuecks-porridge-mit-dem-arktischen-meeres-gruen\/","title":{"rendered":"Fr\u00fchst\u00fccks-Porridge mit Honig, N\u00fcssen und Seetang"},"content":{"rendered":"<div class=\"flex mt-10 lg:mt-20 flex-col lg:flex-row\">\n\t<div class=\"lg:w-2\/5\" >\n\t\t<div class=\"relative\" style=\"padding-top:60%\">\n\t\t\t<img loading=\"lazy\" decoding=\"async\" width=\"1024\" height=\"1024\" src=\"https:\/\/lofotenseaweedcompany.com\/wp-content\/uploads\/2021\/12\/Breakfast-Porridge-with-Simply-Seaweed-1024x1024.jpg\" class=\" object-cover overflow-hidden h-full w-full absolute inset-0  wp-post-image\" alt=\"Oatmeal with seaweed\" srcset=\"https:\/\/lofotenseaweedcompany.com\/wp-content\/uploads\/2021\/12\/Breakfast-Porridge-with-Simply-Seaweed-1024x1024.jpg 1024w, https:\/\/lofotenseaweedcompany.com\/wp-content\/uploads\/2021\/12\/Breakfast-Porridge-with-Simply-Seaweed-500x500.jpg 500w, https:\/\/lofotenseaweedcompany.com\/wp-content\/uploads\/2021\/12\/Breakfast-Porridge-with-Simply-Seaweed-100x100.jpg 100w, https:\/\/lofotenseaweedcompany.com\/wp-content\/uploads\/2021\/12\/Breakfast-Porridge-with-Simply-Seaweed-800x800.jpg 800w, https:\/\/lofotenseaweedcompany.com\/wp-content\/uploads\/2021\/12\/Breakfast-Porridge-with-Simply-Seaweed-300x300.jpg 300w, https:\/\/lofotenseaweedcompany.com\/wp-content\/uploads\/2021\/12\/Breakfast-Porridge-with-Simply-Seaweed-150x150.jpg 150w, https:\/\/lofotenseaweedcompany.com\/wp-content\/uploads\/2021\/12\/Breakfast-Porridge-with-Simply-Seaweed-768x768.jpg 768w, https:\/\/lofotenseaweedcompany.com\/wp-content\/uploads\/2021\/12\/Breakfast-Porridge-with-Simply-Seaweed-1536x1536.jpg 1536w, https:\/\/lofotenseaweedcompany.com\/wp-content\/uploads\/2021\/12\/Breakfast-Porridge-with-Simply-Seaweed.jpg 2048w, https:\/\/lofotenseaweedcompany.com\/wp-content\/uploads\/2021\/12\/Breakfast-Porridge-with-Simply-Seaweed-600x600.jpg 600w\" sizes=\"auto, (max-width: 1024px) 100vw, 1024px\" \/>\t\t<\/div>\n\t<\/div>\n\t<div class=\"flex-1 lg:px-10 flex flex-col justify-between\">\n\t\t<div class=\"mt-5 lg:mt-0\">\n\t\t\tEs gibt nur wenige Dinge, die beruhigender sind als eine w\u00e4rmende Sch\u00fcssel Porridge! F\u00fcr viele Menschen, die in k\u00e4lteren Klimazonen leben, wie wir hier in Nordnorwegen, ist es die perfekte Art, den Tag zu beginnen. Porridge ist g\u00fcnstig, einfach zuzubereiten und h\u00e4lt bis zum Mittagessen satt. Au\u00dferdem ist er sehr vielseitig und l\u00e4sst sich gut mit Ihren Lieblingszutaten und -bel\u00e4gen zubereiten. Wir haben unser Porridge mit Honig ges\u00fc\u00dft, aber Sie k\u00f6nnen auch Marmelade f\u00fcr eine vegane Alternative verwenden. Wenn Sie echter Porridge-Fan sind, k\u00f6nnen Sie auch herzhaften Porridge mit einer Gem\u00fcsebr\u00fche anstelle von Milch zubereiten (wir empfehlen Dashi &#8211; eine Br\u00fche auf Algenbasis!)\t\t<\/div>\n\t\t<div class=\"flex flex-col md:flex-row w-full justify-between text-sm\">\n\t\t\t<div class=\"font-bold mt-3 lg:mt-0\">\n\t\t\t\t<br><br><br>Ergibt 2 Portionen\t\t\t<\/div>\n\t\t\t<div class=\"mt-3 lg:mt-0\">\n\t\t\t\t\t\t\t<\/div>\n\t\t<\/div>\n\n\t<\/div>\n<\/div>\n\n<div class=\"lg:border-t lg:border-t-px border-sw-primary-light mt-10 pt-4 flex flex-col lg:flex-row\">\n\t<div class=\"w-full lg:w-2\/5 font-bold mb-10 mr-10\">\n\t\t<p class=\"font-bold mb-2\">Ingredients:<\/p>\n\t\t\t\t\t<div class=\"flex mb-1\">\n\t\t\t\t<div class=\"flex-1\">\n\t\t\t\t\t50g l\u00f6sliche Haferflocken\t\t\t\t<\/div>\n\t\t\t<\/div>\n\t\t\t\t\t<div class=\"flex mb-1\">\n\t\t\t\t<div class=\"flex-1\">\n\t\t\t\t\t350ml Hafermilch\t\t\t\t<\/div>\n\t\t\t<\/div>\n\t\t\t\t\t<div class=\"flex mb-1\">\n\t\t\t\t<div class=\"flex-1\">\n\t\t\t\t\t50g Nussmischung\t\t\t\t<\/div>\n\t\t\t<\/div>\n\t\t\t\t\t<div class=\"flex mb-1\">\n\t\t\t\t<div class=\"flex-1\">\n\t\t\t\t\t1 Essl\u00f6ffel Arctic Ocean Greens\t\t\t\t<\/div>\n\t\t\t<\/div>\n\t\t\t\t\t<div class=\"flex mb-1\">\n\t\t\t\t<div class=\"flex-1\">\n\t\t\t\t\t\u00bd Essl\u00f6ffel Arctic Seaweed Salz\t\t\t\t<\/div>\n\t\t\t<\/div>\n\t\t\t\t\t<div class=\"flex mb-1\">\n\t\t\t\t<div class=\"flex-1\">\n\t\t\t\t\t1 Essl\u00f6ffel Honig\t\t\t\t<\/div>\n\t\t\t<\/div>\n\t\t\t<\/div>\n\t<div class=\"flex-1 mb-10\">\n\t<p class=\"font-bold mb-2\">Directions:<\/p>\n\t\t\t\t\t<div class=\"flex mb-3\">\n\t\t\t\t<div class=\"font-bold w-6 mr-2\">\n\t\t\t\t\t1)\n\t\t\t\t<\/div>\n\t\t\t\t<div class=\"flex-1\">\n\t\t\t\t\tDie Milch und die Haferflocken in einen Topf geben und unter st\u00e4ndigem R\u00fchren 10 bis 15 Minuten lang k\u00f6cheln lassen, bis die gew\u00fcnschte Konsistenz erreicht ist.\t\t\t\t<\/div>\n\t\t\t<\/div>\n\t\t\t\t\t<div class=\"flex mb-3\">\n\t\t\t\t<div class=\"font-bold w-6 mr-2\">\n\t\t\t\t\t2)\n\t\t\t\t<\/div>\n\t\t\t\t<div class=\"flex-1\">\n\t\t\t\t\t Geben Sie den Honig, die Arctic Ocean Greens und das Arctic Seaweed Salz hinzu.\t\t\t\t<\/div>\n\t\t\t<\/div>\n\t\t\t\t\t<div class=\"flex mb-3\">\n\t\t\t\t<div class=\"font-bold w-6 mr-2\">\n\t\t\t\t\t3)\n\t\t\t\t<\/div>\n\t\t\t\t<div class=\"flex-1\">\n\t\t\t\t\t In eine Sch\u00fcssel umf\u00fcllen und mit den gehackten N\u00fcssen bestreuen.\t\t\t\t<\/div>\n\t\t\t<\/div>\n\t\t\t<\/div>\n<\/div>\n\n\n\n\n<p><p>Sie k\u00f6nnen nicht genug von unserem Porridge bekommen? Wenn Ihnen dieses Rezept gef\u00e4llt, sollten Sie auch unser <a href=\"\/?page_id=16105\" data-mce-href=\"https:\/\/lofotenseaweedcompany.com\/recipes\/rice-porridge-with-mushrooms-and-winged-kelp\/\">Risotto mit Pilzen und Fl\u00fcgeltang<\/a> probieren<\/p><\/p>\n","protected":false},"excerpt":{"rendered":"<p>Sie k\u00f6nnen nicht genug von unserem Porridge bekommen? Wenn Ihnen dieses Rezept gef\u00e4llt, sollten Sie auch unser Risotto mit Pilzen und Fl\u00fcgeltang probieren<\/p>\n","protected":false},"author":3,"featured_media":21720,"parent":24328,"menu_order":13,"comment_status":"closed","ping_status":"closed","template":"page-recipes-single.php","meta":{"_acf_changed":false,"footnotes":""},"class_list":["post-24337","page","type-page","status-publish","has-post-thumbnail","hentry"],"acf":[],"_links":{"self":[{"href":"https:\/\/lofotenseaweedcompany.com\/de\/wp-json\/wp\/v2\/pages\/24337","targetHints":{"allow":["GET"]}}],"collection":[{"href":"https:\/\/lofotenseaweedcompany.com\/de\/wp-json\/wp\/v2\/pages"}],"about":[{"href":"https:\/\/lofotenseaweedcompany.com\/de\/wp-json\/wp\/v2\/types\/page"}],"author":[{"embeddable":true,"href":"https:\/\/lofotenseaweedcompany.com\/de\/wp-json\/wp\/v2\/users\/3"}],"replies":[{"embeddable":true,"href":"https:\/\/lofotenseaweedcompany.com\/de\/wp-json\/wp\/v2\/comments?post=24337"}],"version-history":[{"count":3,"href":"https:\/\/lofotenseaweedcompany.com\/de\/wp-json\/wp\/v2\/pages\/24337\/revisions"}],"predecessor-version":[{"id":26995,"href":"https:\/\/lofotenseaweedcompany.com\/de\/wp-json\/wp\/v2\/pages\/24337\/revisions\/26995"}],"up":[{"embeddable":true,"href":"https:\/\/lofotenseaweedcompany.com\/de\/wp-json\/wp\/v2\/pages\/24328"}],"wp:featuredmedia":[{"embeddable":true,"href":"https:\/\/lofotenseaweedcompany.com\/de\/wp-json\/wp\/v2\/media\/21720"}],"wp:attachment":[{"href":"https:\/\/lofotenseaweedcompany.com\/de\/wp-json\/wp\/v2\/media?parent=24337"}],"curies":[{"name":"wp","href":"https:\/\/api.w.org\/{rel}","templated":true}]}}