{"id":25052,"date":"2022-12-13T18:22:53","date_gmt":"2022-12-13T18:22:53","guid":{"rendered":"https:\/\/lofotenseaweedcompany.com\/rezepte\/seetang-scones-mit-kaese\/"},"modified":"2023-01-17T18:55:04","modified_gmt":"2023-01-17T18:55:04","slug":"seetang-scones-mit-kaese","status":"publish","type":"page","link":"https:\/\/lofotenseaweedcompany.com\/de\/rezepte\/seetang-scones-mit-kaese\/","title":{"rendered":"Seetang Scones mit K\u00e4se"},"content":{"rendered":"<div class=\"flex mt-10 lg:mt-20 flex-col lg:flex-row\">\n\t<div class=\"lg:w-2\/5\" >\n\t\t<div class=\"relative\" style=\"padding-top:60%\">\n\t\t\t<img loading=\"lazy\" decoding=\"async\" width=\"1024\" height=\"1024\" src=\"https:\/\/lofotenseaweedcompany.com\/wp-content\/uploads\/2021\/12\/Simply-Seaweed-Blend-Scones-with-cheese-1024x1024.jpg\" class=\" object-cover overflow-hidden h-full w-full absolute inset-0  wp-post-image\" alt=\"\" srcset=\"https:\/\/lofotenseaweedcompany.com\/wp-content\/uploads\/2021\/12\/Simply-Seaweed-Blend-Scones-with-cheese-1024x1024.jpg 1024w, https:\/\/lofotenseaweedcompany.com\/wp-content\/uploads\/2021\/12\/Simply-Seaweed-Blend-Scones-with-cheese-500x500.jpg 500w, https:\/\/lofotenseaweedcompany.com\/wp-content\/uploads\/2021\/12\/Simply-Seaweed-Blend-Scones-with-cheese-100x100.jpg 100w, https:\/\/lofotenseaweedcompany.com\/wp-content\/uploads\/2021\/12\/Simply-Seaweed-Blend-Scones-with-cheese-800x800.jpg 800w, https:\/\/lofotenseaweedcompany.com\/wp-content\/uploads\/2021\/12\/Simply-Seaweed-Blend-Scones-with-cheese-300x300.jpg 300w, https:\/\/lofotenseaweedcompany.com\/wp-content\/uploads\/2021\/12\/Simply-Seaweed-Blend-Scones-with-cheese-150x150.jpg 150w, https:\/\/lofotenseaweedcompany.com\/wp-content\/uploads\/2021\/12\/Simply-Seaweed-Blend-Scones-with-cheese-768x768.jpg 768w, https:\/\/lofotenseaweedcompany.com\/wp-content\/uploads\/2021\/12\/Simply-Seaweed-Blend-Scones-with-cheese-1536x1536.jpg 1536w, https:\/\/lofotenseaweedcompany.com\/wp-content\/uploads\/2021\/12\/Simply-Seaweed-Blend-Scones-with-cheese.jpg 2048w, https:\/\/lofotenseaweedcompany.com\/wp-content\/uploads\/2021\/12\/Simply-Seaweed-Blend-Scones-with-cheese-600x600.jpg 600w\" sizes=\"auto, (max-width: 1024px) 100vw, 1024px\" \/>\t\t<\/div>\n\t<\/div>\n\t<div class=\"flex-1 lg:px-10 flex flex-col justify-between\">\n\t\t<div class=\"mt-5 lg:mt-0\">\n\t\t\tScones sind ein Grundnahrungsmittel der Briten und ein wesentlicher Bestandteil der britischen Teatime. Normalerweise werden sie mit Marmelade und Clotted Cream gegessen (\u00fcber die Reihenfolge der Beigabe wird heftig gestritten), aber herzhafte Scones sind eine schmackhafte Alternative f\u00fcr alle, die nicht so sehr auf S\u00fc\u00dfes stehen. Kr\u00e4ftige K\u00e4sesorten wie Parmesan und Manchego eignen sich am besten f\u00fcr Scones. Wir haben festgestellt, dass die umamihaltige Kombination aus Parmesan und Seetang perfekt mit dem butterweichen Teig harmoniert. Dieses Rezept ergibt feuchte, flockige Scones, die ohne Belag genossen werden k\u00f6nnen, aber wenn Sie Lust auf einen echten Leckerbissen haben, k\u00f6nnen Sie sie mit einem dicken Klecks Frischk\u00e4se \u00fcberziehen.\t\t<\/div>\n\t\t<div class=\"flex flex-col md:flex-row w-full justify-between text-sm\">\n\t\t\t<div class=\"font-bold mt-3 lg:mt-0\">\n\t\t\t\tErgibt ca. 6 Scones\t\t\t<\/div>\n\t\t\t<div class=\"mt-3 lg:mt-0\">\n\t\t\t\t30 minutes\t\t\t<\/div>\n\t\t<\/div>\n\n\t<\/div>\n<\/div>\n\n<div class=\"lg:border-t lg:border-t-px border-sw-primary-light mt-10 pt-4 flex flex-col lg:flex-row\">\n\t<div class=\"w-full lg:w-2\/5 font-bold mb-10 mr-10\">\n\t\t<p class=\"font-bold mb-2\">Ingredients:<\/p>\n\t\t\t\t\t<div class=\"flex mb-1\">\n\t\t\t\t<div class=\"flex-1\">\n\t\t\t\t\t360g Weizenmehl\t\t\t\t<\/div>\n\t\t\t<\/div>\n\t\t\t\t\t<div class=\"flex mb-1\">\n\t\t\t\t<div class=\"flex-1\">\n\t\t\t\t\t85g gesalzene Butter in W\u00fcrfeln\t\t\t\t<\/div>\n\t\t\t<\/div>\n\t\t\t\t\t<div class=\"flex mb-1\">\n\t\t\t\t<div class=\"flex-1\">\n\t\t\t\t\t5 Teel\u00f6ffel Backpulver\t\t\t\t<\/div>\n\t\t\t<\/div>\n\t\t\t\t\t<div class=\"flex mb-1\">\n\t\t\t\t<div class=\"flex-1\">\n\t\t\t\t\t1 Teel\u00f6ffel Arctic Seaweed Salz\t\t\t\t<\/div>\n\t\t\t<\/div>\n\t\t\t\t\t<div class=\"flex mb-1\">\n\t\t\t\t<div class=\"flex-1\">\n\t\t\t\t\t20g Arctic Ocean Greens \t\t\t\t<\/div>\n\t\t\t<\/div>\n\t\t\t\t\t<div class=\"flex mb-1\">\n\t\t\t\t<div class=\"flex-1\">\n\t\t\t\t\t170g Naturjoghurt\t\t\t\t<\/div>\n\t\t\t<\/div>\n\t\t\t\t\t<div class=\"flex mb-1\">\n\t\t\t\t<div class=\"flex-1\">\n\t\t\t\t\t4 Essl\u00f6ffel Milch\t\t\t\t<\/div>\n\t\t\t<\/div>\n\t\t\t\t\t<div class=\"flex mb-1\">\n\t\t\t\t<div class=\"flex-1\">\n\t\t\t\t\t25g Parmesan\t\t\t\t<\/div>\n\t\t\t<\/div>\n\t\t\t\t\t<div class=\"flex mb-1\">\n\t\t\t\t<div class=\"flex-1\">\n\t\t\t\t\t1 Ei, geschlagen\t\t\t\t<\/div>\n\t\t\t<\/div>\n\t\t\t<\/div>\n\t<div class=\"flex-1 mb-10\">\n\t<p class=\"font-bold mb-2\">Directions:<\/p>\n\t\t\t\t\t<div class=\"flex mb-3\">\n\t\t\t\t<div class=\"font-bold w-6 mr-2\">\n\t\t\t\t\t1)\n\t\t\t\t<\/div>\n\t\t\t\t<div class=\"flex-1\">\n\t\t\t\t\tDen Backofen auf 180\u00b0C vorheizen.<br>\t\t\t\t<\/div>\n\t\t\t<\/div>\n\t\t\t\t\t<div class=\"flex mb-3\">\n\t\t\t\t<div class=\"font-bold w-6 mr-2\">\n\t\t\t\t\t2)\n\t\t\t\t<\/div>\n\t\t\t\t<div class=\"flex-1\">\n\t\t\t\t\tMehl, Backpulver, Salz und Arctic Ocean Greens in der Sch\u00fcssel einer K\u00fcchenmaschine vermischen.\t\t\t\t<\/div>\n\t\t\t<\/div>\n\t\t\t\t\t<div class=\"flex mb-3\">\n\t\t\t\t<div class=\"font-bold w-6 mr-2\">\n\t\t\t\t\t3)\n\t\t\t\t<\/div>\n\t\t\t\t<div class=\"flex-1\">\n\t\t\t\t\tDie Butter und 20 g Parmesank\u00e4se hinzuf\u00fcgen und alles vermengen.\t\t\t\t<\/div>\n\t\t\t<\/div>\n\t\t\t\t\t<div class=\"flex mb-3\">\n\t\t\t\t<div class=\"font-bold w-6 mr-2\">\n\t\t\t\t\t4)\n\t\t\t\t<\/div>\n\t\t\t\t<div class=\"flex-1\">\n\t\t\t\t\tDie Mischung in eine gro\u00dfe Sch\u00fcssel geben und die Milch und den Joghurt hinzuf\u00fcgen. So lange mixen, bis sich der Teig verbindet, dabei darauf achten, ihn nicht zu sehr zu bearbeiten.\t\t\t\t<\/div>\n\t\t\t<\/div>\n\t\t\t\t\t<div class=\"flex mb-3\">\n\t\t\t\t<div class=\"font-bold w-6 mr-2\">\n\t\t\t\t\t5)\n\t\t\t\t<\/div>\n\t\t\t\t<div class=\"flex-1\">\n\t\t\t\t\tDen Teig auf eine bemehlte Fl\u00e4che legen und zu einer 4 cm dicken Platte ausrollen. Mit einem Tortenring Teigscheiben ausstechen.\t\t\t\t<\/div>\n\t\t\t<\/div>\n\t\t\t\t\t<div class=\"flex mb-3\">\n\t\t\t\t<div class=\"font-bold w-6 mr-2\">\n\t\t\t\t\t6)\n\t\t\t\t<\/div>\n\t\t\t\t<div class=\"flex-1\">\n\t\t\t\t\tDie Teigscheiben auf das mit Backpapier belegte Blech legen. Mit einem Backpinsel oder einem St\u00fcck K\u00fcchenpapier mit dem verquirlten Ei bestreichen. Mit dem restlichen Parmesank\u00e4se und den Arctic Ocean Greens bestreuen.\t\t\t\t<\/div>\n\t\t\t<\/div>\n\t\t\t\t\t<div class=\"flex mb-3\">\n\t\t\t\t<div class=\"font-bold w-6 mr-2\">\n\t\t\t\t\t7)\n\t\t\t\t<\/div>\n\t\t\t\t<div class=\"flex-1\">\n\t\t\t\t\tEtwa 12 Minuten backen. Vor dem Verzehr auf einem Kuchengitter leicht abk\u00fchlen lassen.\t\t\t\t<\/div>\n\t\t\t<\/div>\n\t\t\t<\/div>\n<\/div>\n\n\n\n\n<p>Sind Sie auch ein Fan unserer K\u00e4se Seetang Scones? Warum probieren Sie nicht auch unsere <a href=\"https:\/\/lofotenseaweedcompany.com\/recipes\/winged-kelp-pesto-buns\/\" data-type=\"URL\" data-id=\"https:\/\/lofotenseaweedcompany.com\/recipes\/winged-kelp-pesto-buns\/\">Simply Seaweed Pesto Br\u00f6tchen<\/a> ?<\/p>\n","protected":false},"excerpt":{"rendered":"<p>Sind Sie auch ein Fan unserer K\u00e4se Seetang Scones? Warum probieren Sie nicht auch unsere Simply Seaweed Pesto Br\u00f6tchen ?<\/p>\n","protected":false},"author":3,"featured_media":21722,"parent":24328,"menu_order":54,"comment_status":"closed","ping_status":"closed","template":"page-recipes-single.php","meta":{"_acf_changed":false,"footnotes":""},"class_list":["post-25052","page","type-page","status-publish","has-post-thumbnail","hentry"],"acf":[],"_links":{"self":[{"href":"https:\/\/lofotenseaweedcompany.com\/de\/wp-json\/wp\/v2\/pages\/25052","targetHints":{"allow":["GET"]}}],"collection":[{"href":"https:\/\/lofotenseaweedcompany.com\/de\/wp-json\/wp\/v2\/pages"}],"about":[{"href":"https:\/\/lofotenseaweedcompany.com\/de\/wp-json\/wp\/v2\/types\/page"}],"author":[{"embeddable":true,"href":"https:\/\/lofotenseaweedcompany.com\/de\/wp-json\/wp\/v2\/users\/3"}],"replies":[{"embeddable":true,"href":"https:\/\/lofotenseaweedcompany.com\/de\/wp-json\/wp\/v2\/comments?post=25052"}],"version-history":[{"count":2,"href":"https:\/\/lofotenseaweedcompany.com\/de\/wp-json\/wp\/v2\/pages\/25052\/revisions"}],"predecessor-version":[{"id":27380,"href":"https:\/\/lofotenseaweedcompany.com\/de\/wp-json\/wp\/v2\/pages\/25052\/revisions\/27380"}],"up":[{"embeddable":true,"href":"https:\/\/lofotenseaweedcompany.com\/de\/wp-json\/wp\/v2\/pages\/24328"}],"wp:featuredmedia":[{"embeddable":true,"href":"https:\/\/lofotenseaweedcompany.com\/de\/wp-json\/wp\/v2\/media\/21722"}],"wp:attachment":[{"href":"https:\/\/lofotenseaweedcompany.com\/de\/wp-json\/wp\/v2\/media?parent=25052"}],"curies":[{"name":"wp","href":"https:\/\/api.w.org\/{rel}","templated":true}]}}