{"id":25056,"date":"2022-12-13T18:32:54","date_gmt":"2022-12-13T18:32:54","guid":{"rendered":"https:\/\/lofotenseaweedcompany.com\/rezepte\/seetang-omeletterolle\/"},"modified":"2023-01-17T18:46:00","modified_gmt":"2023-01-17T18:46:00","slug":"seetang-omeletterolle","status":"publish","type":"page","link":"https:\/\/lofotenseaweedcompany.com\/de\/rezepte\/seetang-omeletterolle\/","title":{"rendered":"Seetang Omeletterolle"},"content":{"rendered":"<div class=\"flex mt-10 lg:mt-20 flex-col lg:flex-row\">\n\t<div class=\"lg:w-2\/5\" >\n\t\t<div class=\"relative\" style=\"padding-top:60%\">\n\t\t\t<img loading=\"lazy\" decoding=\"async\" width=\"1024\" height=\"768\" src=\"https:\/\/lofotenseaweedcompany.com\/wp-content\/uploads\/2021\/12\/Seaweed-omelette-roll-1024x768.jpg\" class=\" object-cover overflow-hidden h-full w-full absolute inset-0  wp-post-image\" alt=\"omelet rolls with winged kelp on a plate\" srcset=\"https:\/\/lofotenseaweedcompany.com\/wp-content\/uploads\/2021\/12\/Seaweed-omelette-roll-1024x768.jpg 1024w, https:\/\/lofotenseaweedcompany.com\/wp-content\/uploads\/2021\/12\/Seaweed-omelette-roll-800x600.jpg 800w, https:\/\/lofotenseaweedcompany.com\/wp-content\/uploads\/2021\/12\/Seaweed-omelette-roll-300x225.jpg 300w, https:\/\/lofotenseaweedcompany.com\/wp-content\/uploads\/2021\/12\/Seaweed-omelette-roll-768x576.jpg 768w, https:\/\/lofotenseaweedcompany.com\/wp-content\/uploads\/2021\/12\/Seaweed-omelette-roll-1536x1152.jpg 1536w, https:\/\/lofotenseaweedcompany.com\/wp-content\/uploads\/2021\/12\/Seaweed-omelette-roll-600x450.jpg 600w, https:\/\/lofotenseaweedcompany.com\/wp-content\/uploads\/2021\/12\/Seaweed-omelette-roll.jpg 2048w\" sizes=\"auto, (max-width: 1024px) 100vw, 1024px\" \/>\t\t<\/div>\n\t<\/div>\n\t<div class=\"flex-1 lg:px-10 flex flex-col justify-between\">\n\t\t<div class=\"mt-5 lg:mt-0\">\n\t\t\tOmeletts haben ihren Ursprung im alten Persien (dem heutigen Iran) und werden heute auf der ganzen Welt in mindestens 15 verschiedenen regionalen Varianten gegessen! Unser Rezept ist eine Abwandlung des japanischen Tamagoyaki &#8211; des beliebten Fr\u00fchst\u00fccksgerichts, bei dem geschlagene Eier gegrillt und gerollt werden. Die Zugabe von Fl\u00fcgeltang verleiht dem Gericht einen k\u00f6stlichen Umami-Geschmack, der die asiatischen Aromen von Mirin und Sojasauce erg\u00e4nzt und durch die Reichhaltigkeit der Eier noch verst\u00e4rkt wird. Au\u00dferdem hat der Verzehr von Seetang erstaunliche gesundheitliche Vorteile: ein ganzes Alphabet von Vitaminen und Mineralien sowie das so wichtige Jod, das uns in unserer westlichen Ern\u00e4hrung so oft fehlt.\t\t<\/div>\n\t\t<div class=\"flex flex-col md:flex-row w-full justify-between text-sm\">\n\t\t\t<div class=\"font-bold mt-3 lg:mt-0\">\n\t\t\t\tDieses Rezept ergibt 5 kleine Omelettrollen\t\t\t<\/div>\n\t\t\t<div class=\"mt-3 lg:mt-0\">\n\t\t\t\tPrep time: 30 mins<br>Cooking time: 10 mins\t\t\t<\/div>\n\t\t<\/div>\n\n\t<\/div>\n<\/div>\n\n<div class=\"lg:border-t lg:border-t-px border-sw-primary-light mt-10 pt-4 flex flex-col lg:flex-row\">\n\t<div class=\"w-full lg:w-2\/5 font-bold mb-10 mr-10\">\n\t\t<p class=\"font-bold mb-2\">Ingredients:<\/p>\n\t\t\t\t\t<div class=\"flex mb-1\">\n\t\t\t\t<div class=\"flex-1\">\n\t\t\t\t\t5 Eier\t\t\t\t<\/div>\n\t\t\t<\/div>\n\t\t\t\t\t<div class=\"flex mb-1\">\n\t\t\t\t<div class=\"flex-1\">\n\t\t\t\t\t1Essl\u00f6ffel Mirin Reisessig\t\t\t\t<\/div>\n\t\t\t<\/div>\n\t\t\t\t\t<div class=\"flex mb-1\">\n\t\t\t\t<div class=\"flex-1\">\n\t\t\t\t\t1Teel\u00f6ffel Sojasauce\t\t\t\t<\/div>\n\t\t\t<\/div>\n\t\t\t\t\t<div class=\"flex mb-1\">\n\t\t\t\t<div class=\"flex-1\">\n\t\t\t\t\t6g getrocknete Fl\u00fcgeltang-Bl\u00e4tter\t\t\t\t<\/div>\n\t\t\t<\/div>\n\t\t\t\t\t<div class=\"flex mb-1\">\n\t\t\t\t<div class=\"flex-1\">\n\t\t\t\t\t2 Essl\u00f6ffel Pflanzen\u00f6l\t\t\t\t<\/div>\n\t\t\t<\/div>\n\t\t\t<\/div>\n\t<div class=\"flex-1 mb-10\">\n\t<p class=\"font-bold mb-2\">Directions:<\/p>\n\t\t\t\t\t<div class=\"flex mb-3\">\n\t\t\t\t<div class=\"font-bold w-6 mr-2\">\n\t\t\t\t\t1)\n\t\t\t\t<\/div>\n\t\t\t\t<div class=\"flex-1\">\n\t\t\t\t\tDen Fl\u00fcgeltang 30 Minuten lang im Wasser einweichen. Aussp\u00fclen und trocken tupfen.\t\t\t\t<\/div>\n\t\t\t<\/div>\n\t\t\t\t\t<div class=\"flex mb-3\">\n\t\t\t\t<div class=\"font-bold w-6 mr-2\">\n\t\t\t\t\t2)\n\t\t\t\t<\/div>\n\t\t\t\t<div class=\"flex-1\">\n\t\t\t\t\t Die Eier mit Mirin und Sojasauce verquirlen.\t\t\t\t<\/div>\n\t\t\t<\/div>\n\t\t\t\t\t<div class=\"flex mb-3\">\n\t\t\t\t<div class=\"font-bold w-6 mr-2\">\n\t\t\t\t\t3)\n\t\t\t\t<\/div>\n\t\t\t\t<div class=\"flex-1\">\n\t\t\t\t\tDas \u00d6l in einer antihaftbeschichteten Pfanne auf mittlerer bis niedriger Stufe erhitzen. Eine Kelle der Eimischung hineingie\u00dfen und einige Bl\u00e4tter Fl\u00fcgeltang darauf legen, um sie zu bedecken.\t\t\t\t<\/div>\n\t\t\t<\/div>\n\t\t\t\t\t<div class=\"flex mb-3\">\n\t\t\t\t<div class=\"font-bold w-6 mr-2\">\n\t\t\t\t\t4)\n\t\t\t\t<\/div>\n\t\t\t\t<div class=\"flex-1\">\n\t\t\t\t\tNach 2 Minuten, oder wenn die Unterseite der Eimischung beginnt, fest zu werden, das Omelett vorsichtig aufrollen.\t\t\t\t<\/div>\n\t\t\t<\/div>\n\t\t\t\t\t<div class=\"flex mb-3\">\n\t\t\t\t<div class=\"font-bold w-6 mr-2\">\n\t\t\t\t\t5)\n\t\t\t\t<\/div>\n\t\t\t\t<div class=\"flex-1\">\n\t\t\t\t\t Die Rolle auf eine Seite der Pfanne legen, den verbleibenden Platz in der Pfanne einfetten, eine weitere Kelle Eiermischung hineingeben und eine weitere Schicht Fl\u00fcgeltangbl\u00e4tter darauf verteilen.\t\t\t\t<\/div>\n\t\t\t<\/div>\n\t\t\t\t\t<div class=\"flex mb-3\">\n\t\t\t\t<div class=\"font-bold w-6 mr-2\">\n\t\t\t\t\t6)\n\t\t\t\t<\/div>\n\t\t\t\t<div class=\"flex-1\">\n\t\t\t\t\t Beginnen Sie nach 2 Minuten mit der ersten Omelettrolle, die Sie gemacht haben, und rollen Sie sie vorsichtig auf die andere Seite der Pfanne, wobei Sie die zweite Schicht der Eimischung mit einarbeiten. Am Ende dieses Vorgangs sollte eine Rolle \u00fcbrig bleiben, die aus beiden Schichten der Eimischung besteht.\t\t\t\t<\/div>\n\t\t\t<\/div>\n\t\t\t\t\t<div class=\"flex mb-3\">\n\t\t\t\t<div class=\"font-bold w-6 mr-2\">\n\t\t\t\t\t7)\n\t\t\t\t<\/div>\n\t\t\t\t<div class=\"flex-1\">\n\t\t\t\t\tWiederholen Sie den Vorgang, bis die gesamte Eimischung aufgebraucht ist. \t\t\t\t<\/div>\n\t\t\t<\/div>\n\t\t\t\t\t<div class=\"flex mb-3\">\n\t\t\t\t<div class=\"font-bold w-6 mr-2\">\n\t\t\t\t\t8)\n\t\t\t\t<\/div>\n\t\t\t\t<div class=\"flex-1\">\n\t\t\t\t\t  Das Omelett aus der Pfanne nehmen und eine Minute ruhen lassen. Wie auf dem Bild in St\u00fccke schneiden und servieren.\t\t\t\t<\/div>\n\t\t\t<\/div>\n\t\t\t<\/div>\n<\/div>\n\n\n\n\n<p>Hat Ihnen dieses Rezept gefallen? Warum probieren Sie dann nicht auch unseren\r\n\r\n<a href=\"https:\/\/lofotenseaweedcompany.com\/recipes\/winged-kelp-salad-with-noodles-and-prawns\/\">Fl\u00fcgeltang Salat mit Nudeln und Schrimps<\/a><\/p>\n","protected":false},"excerpt":{"rendered":"<p>Hat Ihnen dieses Rezept gefallen? Warum probieren Sie dann nicht auch unseren Fl\u00fcgeltang Salat mit Nudeln und Schrimps<\/p>\n","protected":false},"author":3,"featured_media":21726,"parent":24328,"menu_order":37,"comment_status":"closed","ping_status":"closed","template":"page-recipes-single.php","meta":{"_acf_changed":false,"footnotes":""},"class_list":["post-25056","page","type-page","status-publish","has-post-thumbnail","hentry"],"acf":[],"_links":{"self":[{"href":"https:\/\/lofotenseaweedcompany.com\/de\/wp-json\/wp\/v2\/pages\/25056","targetHints":{"allow":["GET"]}}],"collection":[{"href":"https:\/\/lofotenseaweedcompany.com\/de\/wp-json\/wp\/v2\/pages"}],"about":[{"href":"https:\/\/lofotenseaweedcompany.com\/de\/wp-json\/wp\/v2\/types\/page"}],"author":[{"embeddable":true,"href":"https:\/\/lofotenseaweedcompany.com\/de\/wp-json\/wp\/v2\/users\/3"}],"replies":[{"embeddable":true,"href":"https:\/\/lofotenseaweedcompany.com\/de\/wp-json\/wp\/v2\/comments?post=25056"}],"version-history":[{"count":3,"href":"https:\/\/lofotenseaweedcompany.com\/de\/wp-json\/wp\/v2\/pages\/25056\/revisions"}],"predecessor-version":[{"id":27375,"href":"https:\/\/lofotenseaweedcompany.com\/de\/wp-json\/wp\/v2\/pages\/25056\/revisions\/27375"}],"up":[{"embeddable":true,"href":"https:\/\/lofotenseaweedcompany.com\/de\/wp-json\/wp\/v2\/pages\/24328"}],"wp:featuredmedia":[{"embeddable":true,"href":"https:\/\/lofotenseaweedcompany.com\/de\/wp-json\/wp\/v2\/media\/21726"}],"wp:attachment":[{"href":"https:\/\/lofotenseaweedcompany.com\/de\/wp-json\/wp\/v2\/media?parent=25056"}],"curies":[{"name":"wp","href":"https:\/\/api.w.org\/{rel}","templated":true}]}}