{"id":25058,"date":"2022-12-13T18:43:29","date_gmt":"2022-12-13T18:43:29","guid":{"rendered":"https:\/\/lofotenseaweedcompany.com\/rezepte\/krautsalat-mit-zuckertang\/"},"modified":"2023-01-19T18:28:07","modified_gmt":"2023-01-19T18:28:07","slug":"krautsalat-mit-zuckertang","status":"publish","type":"page","link":"https:\/\/lofotenseaweedcompany.com\/de\/rezepte\/krautsalat-mit-zuckertang\/","title":{"rendered":"Krautsalat mit Zuckertang"},"content":{"rendered":"<div class=\"flex mt-10 lg:mt-20 flex-col lg:flex-row\">\n\t<div class=\"lg:w-2\/5\" >\n\t\t<div class=\"relative\" style=\"padding-top:60%\">\n\t\t\t<img loading=\"lazy\" decoding=\"async\" width=\"1024\" height=\"576\" src=\"https:\/\/lofotenseaweedcompany.com\/wp-content\/uploads\/2022\/01\/Coleslaw-1024x576.jpg\" class=\" object-cover overflow-hidden h-full w-full absolute inset-0  wp-post-image\" alt=\"Krautsalat mit Zuckertang auf einem Teller\" srcset=\"https:\/\/lofotenseaweedcompany.com\/wp-content\/uploads\/2022\/01\/Coleslaw-1024x576.jpg 1024w, https:\/\/lofotenseaweedcompany.com\/wp-content\/uploads\/2022\/01\/Coleslaw-800x450.jpg 800w, https:\/\/lofotenseaweedcompany.com\/wp-content\/uploads\/2022\/01\/Coleslaw-300x169.jpg 300w, https:\/\/lofotenseaweedcompany.com\/wp-content\/uploads\/2022\/01\/Coleslaw-768x432.jpg 768w, https:\/\/lofotenseaweedcompany.com\/wp-content\/uploads\/2022\/01\/Coleslaw-1536x864.jpg 1536w, https:\/\/lofotenseaweedcompany.com\/wp-content\/uploads\/2022\/01\/Coleslaw-600x338.jpg 600w, https:\/\/lofotenseaweedcompany.com\/wp-content\/uploads\/2022\/01\/Coleslaw.jpg 2048w\" sizes=\"auto, (max-width: 1024px) 100vw, 1024px\" \/>\t\t<\/div>\n\t<\/div>\n\t<div class=\"flex-1 lg:px-10 flex flex-col justify-between\">\n\t\t<div class=\"mt-5 lg:mt-0\">\n\t\t\tDieser einfache, aber k\u00f6stliche Krautsalat ist eine hervorragende Beilage zu einem Fleischgericht. Krautsalat hat seinen Ursprung in den Niederlanden &#8211; der Name ist eine Anglisierung des holl\u00e4ndischen Begriffs &#8222;koolsla&#8220;, was &#8222;Krautsalat&#8220; bedeutet. Heute ist er auf der ganzen Welt beliebt, vor allem als Beilage zu Grillfesten und Picknicks. Das klassische Rezept verwendet Mayonnaise, um eine cremige Beilage zu kreieren. Sie k\u00f6nnen die Mayonnaise aber auch durch Vinaigrette, Zitronensaft, Senf, griechischen Joghurt oder Tahini ersetzen, je nachdem, was Sie zum Krautsalat servieren m\u00f6chten.\t\t<\/div>\n\t\t<div class=\"flex flex-col md:flex-row w-full justify-between text-sm\">\n\t\t\t<div class=\"font-bold mt-3 lg:mt-0\">\n\t\t\t\t<br>Ergibt 8 Portionen\t\t\t<\/div>\n\t\t\t<div class=\"mt-3 lg:mt-0\">\n\t\t\t\t\t\t\t<\/div>\n\t\t<\/div>\n\n\t<\/div>\n<\/div>\n\n<div class=\"lg:border-t lg:border-t-px border-sw-primary-light mt-10 pt-4 flex flex-col lg:flex-row\">\n\t<div class=\"w-full lg:w-2\/5 font-bold mb-10 mr-10\">\n\t\t<p class=\"font-bold mb-2\">Ingredients:<\/p>\n\t\t\t\t\t<div class=\"flex mb-1\">\n\t\t\t\t<div class=\"flex-1\">\n\t\t\t\t\t400g Wei\u00dfkohl\t\t\t\t<\/div>\n\t\t\t<\/div>\n\t\t\t\t\t<div class=\"flex mb-1\">\n\t\t\t\t<div class=\"flex-1\">\n\t\t\t\t\t100g Karotte\t\t\t\t<\/div>\n\t\t\t<\/div>\n\t\t\t\t\t<div class=\"flex mb-1\">\n\t\t\t\t<div class=\"flex-1\">\n\t\t\t\t\t30g getrockneter Zuckertang\t\t\t\t<\/div>\n\t\t\t<\/div>\n\t\t\t\t\t<div class=\"flex mb-1\">\n\t\t\t\t<div class=\"flex-1\">\n\t\t\t\t\t4 Essl\u00f6ffel Mayonnaise\t\t\t\t<\/div>\n\t\t\t<\/div>\n\t\t\t\t\t<div class=\"flex mb-1\">\n\t\t\t\t<div class=\"flex-1\">\n\t\t\t\t\t3 Essl\u00f6ffel Oliven\u00f6l\t\t\t\t<\/div>\n\t\t\t<\/div>\n\t\t\t\t\t<div class=\"flex mb-1\">\n\t\t\t\t<div class=\"flex-1\">\n\t\t\t\t\t2 Essl\u00f6ffel Wei\u00dfweinessig\t\t\t\t<\/div>\n\t\t\t<\/div>\n\t\t\t\t\t<div class=\"flex mb-1\">\n\t\t\t\t<div class=\"flex-1\">\n\t\t\t\t\t2 Teel\u00f6ffel Smoked Seaweed Salz\t\t\t\t<\/div>\n\t\t\t<\/div>\n\t\t\t\t\t<div class=\"flex mb-1\">\n\t\t\t\t<div class=\"flex-1\">\n\t\t\t\t\t2 Teel\u00f6ffel Zucker\t\t\t\t<\/div>\n\t\t\t<\/div>\n\t\t\t\t\t<div class=\"flex mb-1\">\n\t\t\t\t<div class=\"flex-1\">\n\t\t\t\t\t3 Fr\u00fchlingszwiebeln\t\t\t\t<\/div>\n\t\t\t<\/div>\n\t\t\t<\/div>\n\t<div class=\"flex-1 mb-10\">\n\t<p class=\"font-bold mb-2\">Directions:<\/p>\n\t\t\t\t\t<div class=\"flex mb-3\">\n\t\t\t\t<div class=\"font-bold w-6 mr-2\">\n\t\t\t\t\t1)\n\t\t\t\t<\/div>\n\t\t\t\t<div class=\"flex-1\">\n\t\t\t\t\tDen Zuckertang in kaltes Wasser eintauchen und eine Stunde lang einweichen lassen.<br>\t\t\t\t<\/div>\n\t\t\t<\/div>\n\t\t\t\t\t<div class=\"flex mb-3\">\n\t\t\t\t<div class=\"font-bold w-6 mr-2\">\n\t\t\t\t\t2)\n\t\t\t\t<\/div>\n\t\t\t\t<div class=\"flex-1\">\n\t\t\t\t\t In der Zwischenzeit die Karotten und die \u00e4u\u00dferen Bl\u00e4tter des Kohls sch\u00e4len und mit einem scharfen Messer oder einer Reibe in d\u00fcnne Scheiben schneiden.\t\t\t\t<\/div>\n\t\t\t<\/div>\n\t\t\t\t\t<div class=\"flex mb-3\">\n\t\t\t\t<div class=\"font-bold w-6 mr-2\">\n\t\t\t\t\t3)\n\t\t\t\t<\/div>\n\t\t\t\t<div class=\"flex-1\">\n\t\t\t\t\tDen Zuckertang mit kaltem Wasser absp\u00fclen, mit einem Tuch trocken tupfen und in Streifen schneiden.\t\t\t\t<\/div>\n\t\t\t<\/div>\n\t\t\t\t\t<div class=\"flex mb-3\">\n\t\t\t\t<div class=\"font-bold w-6 mr-2\">\n\t\t\t\t\t4)\n\t\t\t\t<\/div>\n\t\t\t\t<div class=\"flex-1\">\n\t\t\t\t\t  Die Mayonnaise mit Salz, Zucker, Oliven\u00f6l und Essig verr\u00fchren.\t\t\t\t<\/div>\n\t\t\t<\/div>\n\t\t\t\t\t<div class=\"flex mb-3\">\n\t\t\t\t<div class=\"font-bold w-6 mr-2\">\n\t\t\t\t\t5)\n\t\t\t\t<\/div>\n\t\t\t\t<div class=\"flex-1\">\n\t\t\t\t\t Das gesamte Gem\u00fcse vermischen und mit dem Dressing vermengen.\t\t\t\t<\/div>\n\t\t\t<\/div>\n\t\t\t\t\t<div class=\"flex mb-3\">\n\t\t\t\t<div class=\"font-bold w-6 mr-2\">\n\t\t\t\t\t6)\n\t\t\t\t<\/div>\n\t\t\t\t<div class=\"flex-1\">\n\t\t\t\t\t Garnieren Sie Ihren Krautsalat mit fein gehackten Fr\u00fchlingszwiebeln.\t\t\t\t<\/div>\n\t\t\t<\/div>\n\t\t\t<\/div>\n<\/div>\n\n\n\n\n<p>Schmeckt Ihnen dieser tolle Krautsalat mit Zuckertang? WProbieren Sie doch auch mal unseren <a href=\"https:\/\/lofotenseaweedcompany.com\/recipes\/simply-seaweed-rice-burger\/\" data-type=\"URL\" data-id=\"https:\/\/lofotenseaweedcompany.com\/recipes\/simply-seaweed-rice-burger\/\">Seetang Reis Burger<\/a><\/p>\n","protected":false},"excerpt":{"rendered":"<p>Schmeckt Ihnen dieser tolle Krautsalat mit Zuckertang? WProbieren Sie doch auch mal unseren Seetang Reis Burger<\/p>\n","protected":false},"author":3,"featured_media":21730,"parent":24328,"menu_order":56,"comment_status":"closed","ping_status":"closed","template":"page-recipes-single.php","meta":{"_acf_changed":false,"footnotes":""},"class_list":["post-25058","page","type-page","status-publish","has-post-thumbnail","hentry"],"acf":[],"_links":{"self":[{"href":"https:\/\/lofotenseaweedcompany.com\/de\/wp-json\/wp\/v2\/pages\/25058","targetHints":{"allow":["GET"]}}],"collection":[{"href":"https:\/\/lofotenseaweedcompany.com\/de\/wp-json\/wp\/v2\/pages"}],"about":[{"href":"https:\/\/lofotenseaweedcompany.com\/de\/wp-json\/wp\/v2\/types\/page"}],"author":[{"embeddable":true,"href":"https:\/\/lofotenseaweedcompany.com\/de\/wp-json\/wp\/v2\/users\/3"}],"replies":[{"embeddable":true,"href":"https:\/\/lofotenseaweedcompany.com\/de\/wp-json\/wp\/v2\/comments?post=25058"}],"version-history":[{"count":3,"href":"https:\/\/lofotenseaweedcompany.com\/de\/wp-json\/wp\/v2\/pages\/25058\/revisions"}],"predecessor-version":[{"id":27472,"href":"https:\/\/lofotenseaweedcompany.com\/de\/wp-json\/wp\/v2\/pages\/25058\/revisions\/27472"}],"up":[{"embeddable":true,"href":"https:\/\/lofotenseaweedcompany.com\/de\/wp-json\/wp\/v2\/pages\/24328"}],"wp:featuredmedia":[{"embeddable":true,"href":"https:\/\/lofotenseaweedcompany.com\/de\/wp-json\/wp\/v2\/media\/21730"}],"wp:attachment":[{"href":"https:\/\/lofotenseaweedcompany.com\/de\/wp-json\/wp\/v2\/media?parent=25058"}],"curies":[{"name":"wp","href":"https:\/\/api.w.org\/{rel}","templated":true}]}}