{"id":25436,"date":"2022-12-15T18:43:54","date_gmt":"2022-12-15T18:43:54","guid":{"rendered":"https:\/\/lofotenseaweedcompany.com\/rezepte\/knusprig-gebratenes-tofu\/"},"modified":"2023-01-17T18:30:18","modified_gmt":"2023-01-17T18:30:18","slug":"knusprig-gebratenes-tofu","status":"publish","type":"page","link":"https:\/\/lofotenseaweedcompany.com\/de\/rezepte\/knusprig-gebratenes-tofu\/","title":{"rendered":"Knusprig gebratenes Tofu"},"content":{"rendered":"<div class=\"flex mt-10 lg:mt-20 flex-col lg:flex-row\">\n\t<div class=\"lg:w-2\/5\" >\n\t\t<div class=\"relative\" style=\"padding-top:60%\">\n\t\t\t<img loading=\"lazy\" decoding=\"async\" width=\"747\" height=\"499\" src=\"https:\/\/lofotenseaweedcompany.com\/wp-content\/uploads\/2022\/12\/Screenshot-2022-12-15-at-15.03.38.png\" class=\" object-cover overflow-hidden h-full w-full absolute inset-0  wp-post-image\" alt=\"crispy tofu with lofoten seaweed\" srcset=\"https:\/\/lofotenseaweedcompany.com\/wp-content\/uploads\/2022\/12\/Screenshot-2022-12-15-at-15.03.38.png 747w, https:\/\/lofotenseaweedcompany.com\/wp-content\/uploads\/2022\/12\/Screenshot-2022-12-15-at-15.03.38-300x200.png 300w, https:\/\/lofotenseaweedcompany.com\/wp-content\/uploads\/2022\/12\/Screenshot-2022-12-15-at-15.03.38-600x401.png 600w\" sizes=\"auto, (max-width: 747px) 100vw, 747px\" \/>\t\t<\/div>\n\t<\/div>\n\t<div class=\"flex-1 lg:px-10 flex flex-col justify-between\">\n\t\t<div class=\"mt-5 lg:mt-0\">\n\t\t\tTofu ist wie ein Geschmacksschwamm! Wenn man sich die Zeit nimmt, ihn richtig zu marinieren, saugt er die Aromen seiner Umgebung auf und wird zu einem k\u00f6stlichen Genuss. Dieses Rezept wird mit der BBQ &amp; Meat-Gew\u00fcrzmischung von Lofoten Seaweed gew\u00fcrzt &#8211; einer scharfen und rauchigen Mischung aus ger\u00e4uchertem Paprika, Chili, Knoblauch und gefl\u00fcgeltem Seetang. Mit einem k\u00f6stlichen Erdnuss-Knoblauch-Dressing garniert, bringt dieses asiatisch inspirierte Gericht eine Vielzahl von Aromen und Texturen zur Geltung. Wer braucht schon H\u00fchnchen, wenn er knusprig gebratenen Tofu haben kann?\t\t<\/div>\n\t\t<div class=\"flex flex-col md:flex-row w-full justify-between text-sm\">\n\t\t\t<div class=\"font-bold mt-3 lg:mt-0\">\n\t\t\t\tErgibt 2 Portionen\t\t\t<\/div>\n\t\t\t<div class=\"mt-3 lg:mt-0\">\n\t\t\t\t\t\t\t<\/div>\n\t\t<\/div>\n\n\t<\/div>\n<\/div>\n\n<div class=\"lg:border-t lg:border-t-px border-sw-primary-light mt-10 pt-4 flex flex-col lg:flex-row\">\n\t<div class=\"w-full lg:w-2\/5 font-bold mb-10 mr-10\">\n\t\t<p class=\"font-bold mb-2\">Ingredients:<\/p>\n\t\t\t\t\t<div class=\"flex mb-1\">\n\t\t\t\t<div class=\"flex-1\">\n\t\t\t\t\t2 Tassen gekochter Reis\t\t\t\t<\/div>\n\t\t\t<\/div>\n\t\t\t\t\t<div class=\"flex mb-1\">\n\t\t\t\t<div class=\"flex-1\">\n\t\t\t\t\t300g Baumwolltofu\t\t\t\t<\/div>\n\t\t\t<\/div>\n\t\t\t\t\t<div class=\"flex mb-1\">\n\t\t\t\t<div class=\"flex-1\">\n\t\t\t\t\tBBQ &#038; Meat Gew\u00fcrzmischung\t\t\t\t<\/div>\n\t\t\t<\/div>\n\t\t\t\t\t<div class=\"flex mb-1\">\n\t\t\t\t<div class=\"flex-1\">\n\t\t\t\t\t50g Panko Paniermehl\t\t\t\t<\/div>\n\t\t\t<\/div>\n\t\t\t\t\t<div class=\"flex mb-1\">\n\t\t\t\t<div class=\"flex-1\">\n\t\t\t\t\t50g feines Paniermehl\t\t\t\t<\/div>\n\t\t\t<\/div>\n\t\t\t\t\t<div class=\"flex mb-1\">\n\t\t\t\t<div class=\"flex-1\">\n\t\t\t\t\t2 Eier\t\t\t\t<\/div>\n\t\t\t<\/div>\n\t\t\t\t\t<div class=\"flex mb-1\">\n\t\t\t\t<div class=\"flex-1\">\n\t\t\t\t\t50g Weizenmehl\t\t\t\t<\/div>\n\t\t\t<\/div>\n\t\t\t\t\t<div class=\"flex mb-1\">\n\t\t\t\t<div class=\"flex-1\">\n\t\t\t\t\t150g Pflanzen\u00f6l\t\t\t\t<\/div>\n\t\t\t<\/div>\n\t\t\t\t\t<div class=\"flex mb-1\">\n\t\t\t\t<div class=\"flex-1\">\n\t\t\t\t\t50g Erdn\u00fcsse, grob gehackt\t\t\t\t<\/div>\n\t\t\t<\/div>\n\t\t\t\t\t<div class=\"flex mb-1\">\n\t\t\t\t<div class=\"flex-1\">\n\t\t\t\t\t50g Fr\u00fchlingszwiebeln, geschnitten\t\t\t\t<\/div>\n\t\t\t<\/div>\n\t\t\t\t\t<div class=\"flex mb-1\">\n\t\t\t\t<div class=\"flex-1\">\n\t\t\t\t\t3 Knoblauchzehen, fein geschnitten\t\t\t\t<\/div>\n\t\t\t<\/div>\n\t\t\t\t\t<div class=\"flex mb-1\">\n\t\t\t\t<div class=\"flex-1\">\n\t\t\t\t\tSaft einer halben Limette\t\t\t\t<\/div>\n\t\t\t<\/div>\n\t\t\t\t\t<div class=\"flex mb-1\">\n\t\t\t\t<div class=\"flex-1\">\n\t\t\t\t\t1 Teel\u00f6ffel Sojasauce\t\t\t\t<\/div>\n\t\t\t<\/div>\n\t\t\t<\/div>\n\t<div class=\"flex-1 mb-10\">\n\t<p class=\"font-bold mb-2\">Directions:<\/p>\n\t\t\t\t\t<div class=\"flex mb-3\">\n\t\t\t\t<div class=\"font-bold w-6 mr-2\">\n\t\t\t\t\t1)\n\t\t\t\t<\/div>\n\t\t\t\t<div class=\"flex-1\">\n\t\t\t\t\tDen Tofu halbieren und jeden Teil gut mit der BBQ &amp; Meat Gew\u00fcrzmischung bestreichen. 15 Minuten marinieren lassen.\t\t\t\t<\/div>\n\t\t\t<\/div>\n\t\t\t\t\t<div class=\"flex mb-3\">\n\t\t\t\t<div class=\"font-bold w-6 mr-2\">\n\t\t\t\t\t2)\n\t\t\t\t<\/div>\n\t\t\t\t<div class=\"flex-1\">\n\t\t\t\t\tIn einer Sch\u00fcssel die Eier verquirlen. Mehl, feines Paniermehl und Panko-Paniermehl in separate Sch\u00fcsseln geben.\t\t\t\t<\/div>\n\t\t\t<\/div>\n\t\t\t\t\t<div class=\"flex mb-3\">\n\t\t\t\t<div class=\"font-bold w-6 mr-2\">\n\t\t\t\t\t3)\n\t\t\t\t<\/div>\n\t\t\t\t<div class=\"flex-1\">\n\t\t\t\t\tDie Fr\u00fchlingszwiebeln und die Erdn\u00fcsse in einer hitzebest\u00e4ndigen Sch\u00fcssel vermengen.\t\t\t\t<\/div>\n\t\t\t<\/div>\n\t\t\t\t\t<div class=\"flex mb-3\">\n\t\t\t\t<div class=\"font-bold w-6 mr-2\">\n\t\t\t\t\t4)\n\t\t\t\t<\/div>\n\t\t\t\t<div class=\"flex-1\">\n\t\t\t\t\tDie H\u00e4lfte des \u00d6ls in einer Pfanne erhitzen und den in Scheiben geschnittenen Knoblauch braten, bis er eine goldene Farbe hat. Den Knoblauch mit einem Schauml\u00f6ffel herausnehmen und beiseite stellen. Das hei\u00dfe \u00d6l \u00fcber die Fr\u00fchlingszwiebeln und Erdn\u00fcsse gie\u00dfen, dann die Sojasauce und den Limettensaft hinzuf\u00fcgen.\t\t\t\t<\/div>\n\t\t\t<\/div>\n\t\t\t\t\t<div class=\"flex mb-3\">\n\t\t\t\t<div class=\"font-bold w-6 mr-2\">\n\t\t\t\t\t5)\n\t\t\t\t<\/div>\n\t\t\t\t<div class=\"flex-1\">\n\t\t\t\t\tDas restliche \u00d6l in der Pfanne erhitzen. Die marinierten Tofuh\u00e4lften zun\u00e4chst in Mehl, dann in den verquirlten Eiern und schlie\u00dflich in den feinen Semmelbr\u00f6seln panieren. Dann noch einmal in den Eiern und schlie\u00dflich in den Panko-Br\u00f6seln w\u00e4lzen.\t\t\t\t<\/div>\n\t\t\t<\/div>\n\t\t\t\t\t<div class=\"flex mb-3\">\n\t\t\t\t<div class=\"font-bold w-6 mr-2\">\n\t\t\t\t\t6)\n\t\t\t\t<\/div>\n\t\t\t\t<div class=\"flex-1\">\n\t\t\t\t\tDen Tofu auf jeder Seite goldbraun braten. Aus der Pfanne nehmen und auf ein St\u00fcck K\u00fcchenpapier legen, damit das \u00fcbersch\u00fcssige \u00d6l aufgesaugt wird. Den Tofu in etwa 1 cm dicke Scheiben schneiden.\t\t\t\t<\/div>\n\t\t\t<\/div>\n\t\t\t\t\t<div class=\"flex mb-3\">\n\t\t\t\t<div class=\"font-bold w-6 mr-2\">\n\t\t\t\t\t7)\n\t\t\t\t<\/div>\n\t\t\t\t<div class=\"flex-1\">\n\t\t\t\t\tDen Reis auf zwei Sch\u00fcsseln verteilen. Die Tofuscheiben auf dem Reis anrichten, dann das Erdnuss-Fr\u00fchlingszwiebel-Dressing dar\u00fcber geben und mit dem knusprig gebratenen Knoblauch abschlie\u00dfen.\t\t\t\t<\/div>\n\t\t\t<\/div>\n\t\t\t<\/div>\n<\/div>\n\n\n\n\n<p>M\u00f6gen Sie dieses Rezept f\u00fcr knusprig gebratenes Tofu? Vielleicht m\u00f6gen Sie ja auch unsere <a href=\"https:\/\/lofotenseaweedcompany.com\/recipes\/poke-bowl-tofu-algae-pearls\/\" data-type=\"URL\" data-id=\"https:\/\/lofotenseaweedcompany.com\/recipes\/poke-bowl-tofu-algae-pearls\/\">Poke Bowl mit Tofu und Algenperlen<\/a> probieren?<\/p>\n","protected":false},"excerpt":{"rendered":"<p>M\u00f6gen Sie dieses Rezept f\u00fcr knusprig gebratenes Tofu? Vielleicht m\u00f6gen Sie ja auch unsere Poke Bowl mit Tofu und Algenperlen probieren?<\/p>\n","protected":false},"author":239,"featured_media":25416,"parent":24328,"menu_order":23,"comment_status":"closed","ping_status":"closed","template":"page-recipes-single.php","meta":{"_acf_changed":false,"footnotes":""},"class_list":["post-25436","page","type-page","status-publish","has-post-thumbnail","hentry"],"acf":[],"_links":{"self":[{"href":"https:\/\/lofotenseaweedcompany.com\/de\/wp-json\/wp\/v2\/pages\/25436","targetHints":{"allow":["GET"]}}],"collection":[{"href":"https:\/\/lofotenseaweedcompany.com\/de\/wp-json\/wp\/v2\/pages"}],"about":[{"href":"https:\/\/lofotenseaweedcompany.com\/de\/wp-json\/wp\/v2\/types\/page"}],"author":[{"embeddable":true,"href":"https:\/\/lofotenseaweedcompany.com\/de\/wp-json\/wp\/v2\/users\/239"}],"replies":[{"embeddable":true,"href":"https:\/\/lofotenseaweedcompany.com\/de\/wp-json\/wp\/v2\/comments?post=25436"}],"version-history":[{"count":2,"href":"https:\/\/lofotenseaweedcompany.com\/de\/wp-json\/wp\/v2\/pages\/25436\/revisions"}],"predecessor-version":[{"id":27369,"href":"https:\/\/lofotenseaweedcompany.com\/de\/wp-json\/wp\/v2\/pages\/25436\/revisions\/27369"}],"up":[{"embeddable":true,"href":"https:\/\/lofotenseaweedcompany.com\/de\/wp-json\/wp\/v2\/pages\/24328"}],"wp:featuredmedia":[{"embeddable":true,"href":"https:\/\/lofotenseaweedcompany.com\/de\/wp-json\/wp\/v2\/media\/25416"}],"wp:attachment":[{"href":"https:\/\/lofotenseaweedcompany.com\/de\/wp-json\/wp\/v2\/media?parent=25436"}],"curies":[{"name":"wp","href":"https:\/\/api.w.org\/{rel}","templated":true}]}}