{"id":25438,"date":"2022-12-15T18:47:19","date_gmt":"2022-12-15T18:47:19","guid":{"rendered":"https:\/\/lofotenseaweedcompany.com\/rezepte\/gefuellte-eier-mit-algenperlen\/"},"modified":"2023-01-17T18:50:46","modified_gmt":"2023-01-17T18:50:46","slug":"gefuellte-eier-mit-algenperlen","status":"publish","type":"page","link":"https:\/\/lofotenseaweedcompany.com\/de\/rezepte\/gefuellte-eier-mit-algenperlen\/","title":{"rendered":"Gef\u00fcllte Eier mit Algenperlen"},"content":{"rendered":"<div class=\"flex mt-10 lg:mt-20 flex-col lg:flex-row\">\n\t<div class=\"lg:w-2\/5\" >\n\t\t<div class=\"relative\" style=\"padding-top:60%\">\n\t\t\t<img loading=\"lazy\" decoding=\"async\" width=\"774\" height=\"580\" src=\"https:\/\/lofotenseaweedcompany.com\/wp-content\/uploads\/2022\/12\/Screenshot-2022-12-15-at-14.38.49.png\" class=\" object-cover overflow-hidden h-full w-full absolute inset-0  wp-post-image\" alt=\"devilled eggs with algae pearls\" srcset=\"https:\/\/lofotenseaweedcompany.com\/wp-content\/uploads\/2022\/12\/Screenshot-2022-12-15-at-14.38.49.png 774w, https:\/\/lofotenseaweedcompany.com\/wp-content\/uploads\/2022\/12\/Screenshot-2022-12-15-at-14.38.49-300x225.png 300w, https:\/\/lofotenseaweedcompany.com\/wp-content\/uploads\/2022\/12\/Screenshot-2022-12-15-at-14.38.49-768x576.png 768w, https:\/\/lofotenseaweedcompany.com\/wp-content\/uploads\/2022\/12\/Screenshot-2022-12-15-at-14.38.49-600x450.png 600w\" sizes=\"auto, (max-width: 774px) 100vw, 774px\" \/>\t\t<\/div>\n\t<\/div>\n\t<div class=\"flex-1 lg:px-10 flex flex-col justify-between\">\n\t\t<div class=\"mt-5 lg:mt-0\">\n\t\t\t&#8222;Devilled Eggs&#8220; oder auch gef\u00fcllte Eier erhielten ihren Spitznamen im 18. Jahrhundert, als sie mit Senf und Pfeffer zubereitet wurden. Damals wurden w\u00fcrzige oder pikante Speisen nach dem Teufel benannt, und obwohl es uns in der heutigen Zeit, in der wir eine F\u00fclle von Aromen zur Verf\u00fcgung haben, komisch vorkommen mag, waren gepfefferte Eier um 1700 f\u00fcr viele Europ\u00e4er die sch\u00e4rfste Speise, die es gab! Im Laufe der Zeit \u00e4nderten sich die Geschm\u00e4cker, der kulinarische Horizont erweiterte sich, und die K\u00fcchen entwickelten sich weiter\u2026 aber der Spitzname blieb bestehen. Unsere Version von gef\u00fcllten Eiern ist mild, so dass der Geschmack des ger\u00e4ucherten Seetangs und das zarte Wakame-Aroma der Algenperlen im Vordergrund stehen.\t\t<\/div>\n\t\t<div class=\"flex flex-col md:flex-row w-full justify-between text-sm\">\n\t\t\t<div class=\"font-bold mt-3 lg:mt-0\">\n\t\t\t\tErgibt 12 Portionen\t\t\t<\/div>\n\t\t\t<div class=\"mt-3 lg:mt-0\">\n\t\t\t\t\t\t\t<\/div>\n\t\t<\/div>\n\n\t<\/div>\n<\/div>\n\n<div class=\"lg:border-t lg:border-t-px border-sw-primary-light mt-10 pt-4 flex flex-col lg:flex-row\">\n\t<div class=\"w-full lg:w-2\/5 font-bold mb-10 mr-10\">\n\t\t<p class=\"font-bold mb-2\">Ingredients:<\/p>\n\t\t\t\t\t<div class=\"flex mb-1\">\n\t\t\t\t<div class=\"flex-1\">\n\t\t\t\t\t6 Eier\t\t\t\t<\/div>\n\t\t\t<\/div>\n\t\t\t\t\t<div class=\"flex mb-1\">\n\t\t\t\t<div class=\"flex-1\">\n\t\t\t\t\t1 Essl\u00f6ffel Saure Sahne\t\t\t\t<\/div>\n\t\t\t<\/div>\n\t\t\t\t\t<div class=\"flex mb-1\">\n\t\t\t\t<div class=\"flex-1\">\n\t\t\t\t\t1 kleines B\u00fcndel Schnittlauch, fein gehackt\t\t\t\t<\/div>\n\t\t\t<\/div>\n\t\t\t\t\t<div class=\"flex mb-1\">\n\t\t\t\t<div class=\"flex-1\">\n\t\t\t\t\t1 Radieschen in d\u00fcnne Scheiben geschnitten\t\t\t\t<\/div>\n\t\t\t<\/div>\n\t\t\t\t\t<div class=\"flex mb-1\">\n\t\t\t\t<div class=\"flex-1\">\n\t\t\t\t\t1\/2 Teel\u00f6ffel Smoked Seaweed Salz\t\t\t\t<\/div>\n\t\t\t<\/div>\n\t\t\t\t\t<div class=\"flex mb-1\">\n\t\t\t\t<div class=\"flex-1\">\n\t\t\t\t\t50g Algenperlen\t\t\t\t<\/div>\n\t\t\t<\/div>\n\t\t\t\t\t<div class=\"flex mb-1\">\n\t\t\t\t<div class=\"flex-1\">\n\t\t\t\t\tMayonnaise nach blelieben\t\t\t\t<\/div>\n\t\t\t<\/div>\n\t\t\t<\/div>\n\t<div class=\"flex-1 mb-10\">\n\t<p class=\"font-bold mb-2\">Directions:<\/p>\n\t\t\t\t\t<div class=\"flex mb-3\">\n\t\t\t\t<div class=\"font-bold w-6 mr-2\">\n\t\t\t\t\t1)\n\t\t\t\t<\/div>\n\t\t\t\t<div class=\"flex-1\">\n\t\t\t\t\t1 &#8211; 2 Liter Wasser zum Kochen bringen. Die Eier hineinlegen und genau 8 Minuten kochen. Die Eier herausnehmen und zum Abk\u00fchlen in Eiswasser legen.\t\t\t\t<\/div>\n\t\t\t<\/div>\n\t\t\t\t\t<div class=\"flex mb-3\">\n\t\t\t\t<div class=\"font-bold w-6 mr-2\">\n\t\t\t\t\t2)\n\t\t\t\t<\/div>\n\t\t\t\t<div class=\"flex-1\">\n\t\t\t\t\tDie Eier sch\u00e4len und der L\u00e4nge nach halbieren. Das Eigelb vorsichtig mit einem Teel\u00f6ffel herausnehmen und in eine Sch\u00fcssel geben.\t\t\t\t<\/div>\n\t\t\t<\/div>\n\t\t\t\t\t<div class=\"flex mb-3\">\n\t\t\t\t<div class=\"font-bold w-6 mr-2\">\n\t\t\t\t\t3)\n\t\t\t\t<\/div>\n\t\t\t\t<div class=\"flex-1\">\n\t\t\t\t\tDie Mayonnaise, das Smoked Seaweed Salz und die saure Sahne zu den Eigelben geben. Mischen, bis die Masse glatt ist.\t\t\t\t<\/div>\n\t\t\t<\/div>\n\t\t\t\t\t<div class=\"flex mb-3\">\n\t\t\t\t<div class=\"font-bold w-6 mr-2\">\n\t\t\t\t\t4)\n\t\t\t\t<\/div>\n\t\t\t\t<div class=\"flex-1\">\n\t\t\t\t\tDie Masse in einen Spritzbeutel f\u00fcllen und in die leeren Eierh\u00e4lften spritzen. Jedes Ei mit einem L\u00f6ffel Algenperlen, Schnittlauch und Radieschenscheiben dekorieren.\t\t\t\t<\/div>\n\t\t\t<\/div>\n\t\t\t<\/div>\n<\/div>\n\n\n\n\n<p>Hat Ihnen dieses Rezept gefallen? Probieren sie doch als n\u00e4chstes: <a href=\"https:\/\/lofotenseaweedcompany.com\/recipes\/stuffed-chicken-breasts\/\" data-type=\"URL\" data-id=\"https:\/\/lofotenseaweedcompany.com\/recipes\/stuffed-chicken-breasts\/\">Gef\u00fcllte H\u00e4hnchenbrust<\/a>!<\/p>\n","protected":false},"excerpt":{"rendered":"<p>Hat Ihnen dieses Rezept gefallen? Probieren sie doch als n\u00e4chstes: Gef\u00fcllte H\u00e4hnchenbrust!<\/p>\n","protected":false},"author":239,"featured_media":25411,"parent":24328,"menu_order":51,"comment_status":"closed","ping_status":"closed","template":"page-recipes-single.php","meta":{"_acf_changed":false,"footnotes":""},"class_list":["post-25438","page","type-page","status-publish","has-post-thumbnail","hentry"],"acf":[],"_links":{"self":[{"href":"https:\/\/lofotenseaweedcompany.com\/de\/wp-json\/wp\/v2\/pages\/25438","targetHints":{"allow":["GET"]}}],"collection":[{"href":"https:\/\/lofotenseaweedcompany.com\/de\/wp-json\/wp\/v2\/pages"}],"about":[{"href":"https:\/\/lofotenseaweedcompany.com\/de\/wp-json\/wp\/v2\/types\/page"}],"author":[{"embeddable":true,"href":"https:\/\/lofotenseaweedcompany.com\/de\/wp-json\/wp\/v2\/users\/239"}],"replies":[{"embeddable":true,"href":"https:\/\/lofotenseaweedcompany.com\/de\/wp-json\/wp\/v2\/comments?post=25438"}],"version-history":[{"count":2,"href":"https:\/\/lofotenseaweedcompany.com\/de\/wp-json\/wp\/v2\/pages\/25438\/revisions"}],"predecessor-version":[{"id":27378,"href":"https:\/\/lofotenseaweedcompany.com\/de\/wp-json\/wp\/v2\/pages\/25438\/revisions\/27378"}],"up":[{"embeddable":true,"href":"https:\/\/lofotenseaweedcompany.com\/de\/wp-json\/wp\/v2\/pages\/24328"}],"wp:featuredmedia":[{"embeddable":true,"href":"https:\/\/lofotenseaweedcompany.com\/de\/wp-json\/wp\/v2\/media\/25411"}],"wp:attachment":[{"href":"https:\/\/lofotenseaweedcompany.com\/de\/wp-json\/wp\/v2\/media?parent=25438"}],"curies":[{"name":"wp","href":"https:\/\/api.w.org\/{rel}","templated":true}]}}