{"id":25440,"date":"2022-12-15T18:52:02","date_gmt":"2022-12-15T18:52:02","guid":{"rendered":"https:\/\/lofotenseaweedcompany.com\/rezepte\/fisch-tacos-mit-seetang\/"},"modified":"2023-01-11T18:41:09","modified_gmt":"2023-01-11T18:41:09","slug":"fisch-tacos-mit-seetang","status":"publish","type":"page","link":"https:\/\/lofotenseaweedcompany.com\/de\/rezepte\/fisch-tacos-mit-seetang\/","title":{"rendered":"Fisch Tacos mit Seetang"},"content":{"rendered":"<div class=\"flex mt-10 lg:mt-20 flex-col lg:flex-row\">\n\t<div class=\"lg:w-2\/5\" >\n\t\t<div class=\"relative\" style=\"padding-top:60%\">\n\t\t\t<img loading=\"lazy\" decoding=\"async\" width=\"782\" height=\"586\" src=\"https:\/\/lofotenseaweedcompany.com\/wp-content\/uploads\/2022\/12\/Screenshot-2022-12-15-at-10.34.25.png\" class=\" object-cover overflow-hidden h-full w-full absolute inset-0  wp-post-image\" alt=\"fish tacos with lofoten seaweed spice blend\" srcset=\"https:\/\/lofotenseaweedcompany.com\/wp-content\/uploads\/2022\/12\/Screenshot-2022-12-15-at-10.34.25.png 782w, https:\/\/lofotenseaweedcompany.com\/wp-content\/uploads\/2022\/12\/Screenshot-2022-12-15-at-10.34.25-300x225.png 300w, https:\/\/lofotenseaweedcompany.com\/wp-content\/uploads\/2022\/12\/Screenshot-2022-12-15-at-10.34.25-768x576.png 768w, https:\/\/lofotenseaweedcompany.com\/wp-content\/uploads\/2022\/12\/Screenshot-2022-12-15-at-10.34.25-600x450.png 600w\" sizes=\"auto, (max-width: 782px) 100vw, 782px\" \/>\t\t<\/div>\n\t<\/div>\n\t<div class=\"flex-1 lg:px-10 flex flex-col justify-between\">\n\t\t<div class=\"mt-5 lg:mt-0\">\n\t\t\tTacos \u2013 urspr\u00fcnglich aus Mexiko stammend \u2013 sind in Norwegen sehr beliebt, und viele Menschen freuen sich regelm\u00e4\u00dfig auf den Tacofreitag am Ende der Woche. Laut einer Studie der nationalen Zeitung VG aus dem Jahr 2012 geben rund 400.000 Norweger an, jeden Freitag Tacos zum Abendessen zu essen. Das sind \u00fcber 8 % der Gesamtbev\u00f6lkerung! Dieser Pulled Chicken Taco ist mit der BBQ &amp; Meat Gew\u00fcrzmischung von Lofoten Seaweed gew\u00fcrzt \u2013 einer scharfen und rauchigen Mischung aus ger\u00e4uchertem Paprika, Chili, Knoblauch und Fl\u00fcgeltang. Sie k\u00f6nnen diese Tacos so mild oder so scharf machen, wie Sie m\u00f6chten, indem Sie die Bel\u00e4ge nach Ihren Vorlieben ver\u00e4ndern. Wenn Sie Freunde zu Besuch haben, sollten Sie das Rezept verdoppeln \u2013 6 Tacos sind vielleicht nicht genug!\t\t<\/div>\n\t\t<div class=\"flex flex-col md:flex-row w-full justify-between text-sm\">\n\t\t\t<div class=\"font-bold mt-3 lg:mt-0\">\n\t\t\t\tErgibt 6 Tacos\t\t\t<\/div>\n\t\t\t<div class=\"mt-3 lg:mt-0\">\n\t\t\t\t\t\t\t<\/div>\n\t\t<\/div>\n\n\t<\/div>\n<\/div>\n\n<div class=\"lg:border-t lg:border-t-px border-sw-primary-light mt-10 pt-4 flex flex-col lg:flex-row\">\n\t<div class=\"w-full lg:w-2\/5 font-bold mb-10 mr-10\">\n\t\t<p class=\"font-bold mb-2\">Ingredients:<\/p>\n\t\t\t\t\t<div class=\"flex mb-1\">\n\t\t\t\t<div class=\"flex-1\">\n\t\t\t\t\t400g Heilbuttfilet (oder anderer Meeresfisch)\t\t\t\t<\/div>\n\t\t\t<\/div>\n\t\t\t\t\t<div class=\"flex mb-1\">\n\t\t\t\t<div class=\"flex-1\">\n\t\t\t\t\t100g Granatapfelkerne\t\t\t\t<\/div>\n\t\t\t<\/div>\n\t\t\t\t\t<div class=\"flex mb-1\">\n\t\t\t\t<div class=\"flex-1\">\n\t\t\t\t\t60g Radieschen, in d\u00fcnne Scheiben geschnitten\t\t\t\t<\/div>\n\t\t\t<\/div>\n\t\t\t\t\t<div class=\"flex mb-1\">\n\t\t\t\t<div class=\"flex-1\">\n\t\t\t\t\t100g Salatbl\u00e4tter grob gehackt\t\t\t\t<\/div>\n\t\t\t<\/div>\n\t\t\t\t\t<div class=\"flex mb-1\">\n\t\t\t\t<div class=\"flex-1\">\n\t\t\t\t\t1 Avocado, gew\u00fcrfelt\t\t\t\t<\/div>\n\t\t\t<\/div>\n\t\t\t\t\t<div class=\"flex mb-1\">\n\t\t\t\t<div class=\"flex-1\">\n\t\t\t\t\t1 Limette\t\t\t\t<\/div>\n\t\t\t<\/div>\n\t\t\t\t\t<div class=\"flex mb-1\">\n\t\t\t\t<div class=\"flex-1\">\n\t\t\t\t\t1 Bund frischer Koriander, gehackt\t\t\t\t<\/div>\n\t\t\t<\/div>\n\t\t\t\t\t<div class=\"flex mb-1\">\n\t\t\t\t<div class=\"flex-1\">\n\t\t\t\t\t4 Essl\u00f6ffel Pflanzen\u00f6l\t\t\t\t<\/div>\n\t\t\t<\/div>\n\t\t\t\t\t<div class=\"flex mb-1\">\n\t\t\t\t<div class=\"flex-1\">\n\t\t\t\t\tFish &#038; Seafood Gew\u00fcrzmischung\t\t\t\t<\/div>\n\t\t\t<\/div>\n\t\t\t\t\t<div class=\"flex mb-1\">\n\t\t\t\t<div class=\"flex-1\">\n\t\t\t\t\t6 Weizentortillas\t\t\t\t<\/div>\n\t\t\t<\/div>\n\t\t\t<\/div>\n\t<div class=\"flex-1 mb-10\">\n\t<p class=\"font-bold mb-2\">Directions:<\/p>\n\t\t\t\t\t<div class=\"flex mb-3\">\n\t\t\t\t<div class=\"font-bold w-6 mr-2\">\n\t\t\t\t\t1)\n\t\t\t\t<\/div>\n\t\t\t\t<div class=\"flex-1\">\n\t\t\t\t\tDen Fisch in 1 cm dicke Streifen schneiden. Auf jeder Seite mit der Fisch- und Meeresfr\u00fcchte-Gew\u00fcrzmischung w\u00fcrzen, dann 10 Minuten marinieren lassen.\t\t\t\t<\/div>\n\t\t\t<\/div>\n\t\t\t\t\t<div class=\"flex mb-3\">\n\t\t\t\t<div class=\"font-bold w-6 mr-2\">\n\t\t\t\t\t2)\n\t\t\t\t<\/div>\n\t\t\t\t<div class=\"flex-1\">\n\t\t\t\t\tEine Grillpfanne auf gro\u00dfer Flamme erhitzen. Die Tortillas 30 Sekunden lang auf jeder Seite r\u00f6sten, bis sie leicht geschw\u00e4rzt sind.\t\t\t\t<\/div>\n\t\t\t<\/div>\n\t\t\t\t\t<div class=\"flex mb-3\">\n\t\t\t\t<div class=\"font-bold w-6 mr-2\">\n\t\t\t\t\t3)\n\t\t\t\t<\/div>\n\t\t\t\t<div class=\"flex-1\">\n\t\t\t\t\tDie Hitze leicht auf mittlere Stufe herunterschalten. Das \u00d6l hinzugeben. Wenn es hei\u00df ist, den Fisch eine Minute lang auf jeder Seite anbraten, dann die Pfanne vom Herd nehmen und den Saft der halben Limette dar\u00fcbertr\u00e4ufeln.\t\t\t\t<\/div>\n\t\t\t<\/div>\n\t\t\t\t\t<div class=\"flex mb-3\">\n\t\t\t\t<div class=\"font-bold w-6 mr-2\">\n\t\t\t\t\t4)\n\t\t\t\t<\/div>\n\t\t\t\t<div class=\"flex-1\">\n\t\t\t\t\tDie Tacos belegen: dazu mit dem Fisch beginnen, dann den Salat und die Avocado hinzugeben. Mit den Radieschen, dem Koriander und den Granatapfelkernen abschlie\u00dfen. Mit Limettenspalten garnieren und servieren.\t\t\t\t<\/div>\n\t\t\t<\/div>\n\t\t\t<\/div>\n<\/div>\n\n\n\n\n<p>M\u00f6chten Sie das doppelte Tacoerlebnis? Dann probieren Sie gleich unser Rezept f\u00fcr  <a href=\"https:\/\/lofotenseaweedcompany.com\/recipes\/pulled-chicken-tacos\/\" data-type=\"URL\" data-id=\"https:\/\/lofotenseaweedcompany.com\/recipes\/pulled-chicken-tacos\/\">Pulled Chicken Tacos<\/a>!<\/p>\n","protected":false},"excerpt":{"rendered":"<p>M\u00f6chten Sie das doppelte Tacoerlebnis? Dann probieren Sie gleich unser Rezept f\u00fcr Pulled Chicken Tacos!<\/p>\n","protected":false},"author":239,"featured_media":25191,"parent":24328,"menu_order":8,"comment_status":"closed","ping_status":"closed","template":"page-recipes-single.php","meta":{"_acf_changed":false,"footnotes":""},"class_list":["post-25440","page","type-page","status-publish","has-post-thumbnail","hentry"],"acf":[],"_links":{"self":[{"href":"https:\/\/lofotenseaweedcompany.com\/de\/wp-json\/wp\/v2\/pages\/25440","targetHints":{"allow":["GET"]}}],"collection":[{"href":"https:\/\/lofotenseaweedcompany.com\/de\/wp-json\/wp\/v2\/pages"}],"about":[{"href":"https:\/\/lofotenseaweedcompany.com\/de\/wp-json\/wp\/v2\/types\/page"}],"author":[{"embeddable":true,"href":"https:\/\/lofotenseaweedcompany.com\/de\/wp-json\/wp\/v2\/users\/239"}],"replies":[{"embeddable":true,"href":"https:\/\/lofotenseaweedcompany.com\/de\/wp-json\/wp\/v2\/comments?post=25440"}],"version-history":[{"count":2,"href":"https:\/\/lofotenseaweedcompany.com\/de\/wp-json\/wp\/v2\/pages\/25440\/revisions"}],"predecessor-version":[{"id":26829,"href":"https:\/\/lofotenseaweedcompany.com\/de\/wp-json\/wp\/v2\/pages\/25440\/revisions\/26829"}],"up":[{"embeddable":true,"href":"https:\/\/lofotenseaweedcompany.com\/de\/wp-json\/wp\/v2\/pages\/24328"}],"wp:featuredmedia":[{"embeddable":true,"href":"https:\/\/lofotenseaweedcompany.com\/de\/wp-json\/wp\/v2\/media\/25191"}],"wp:attachment":[{"href":"https:\/\/lofotenseaweedcompany.com\/de\/wp-json\/wp\/v2\/media?parent=25440"}],"curies":[{"name":"wp","href":"https:\/\/api.w.org\/{rel}","templated":true}]}}