{"id":25446,"date":"2022-12-15T19:05:59","date_gmt":"2022-12-15T19:05:59","guid":{"rendered":"https:\/\/lofotenseaweedcompany.com\/rezepte\/gefuellte-haehnchenbrust-mit-mozzarella-und-sonnengetrockneten-tomaten\/"},"modified":"2023-01-12T22:26:19","modified_gmt":"2023-01-12T22:26:19","slug":"gefuellte-haehnchenbrust-mit-mozzarella-und-sonnengetrockneten-tomaten","status":"publish","type":"page","link":"https:\/\/lofotenseaweedcompany.com\/de\/rezepte\/gefuellte-haehnchenbrust-mit-mozzarella-und-sonnengetrockneten-tomaten\/","title":{"rendered":"Gef\u00fcllte H\u00e4hnchenbrust mit Mozzarella und sonnengetrockneten Tomaten"},"content":{"rendered":"<div class=\"flex mt-10 lg:mt-20 flex-col lg:flex-row\">\n\t<div class=\"lg:w-2\/5\" >\n\t\t<div class=\"relative\" style=\"padding-top:60%\">\n\t\t\t<img loading=\"lazy\" decoding=\"async\" width=\"827\" height=\"586\" src=\"https:\/\/lofotenseaweedcompany.com\/wp-content\/uploads\/2022\/12\/Screenshot-2022-12-15-at-12.10.09.png\" class=\" object-cover overflow-hidden h-full w-full absolute inset-0  wp-post-image\" alt=\"stuffed chicken with lofoten seaweed\" srcset=\"https:\/\/lofotenseaweedcompany.com\/wp-content\/uploads\/2022\/12\/Screenshot-2022-12-15-at-12.10.09.png 827w, https:\/\/lofotenseaweedcompany.com\/wp-content\/uploads\/2022\/12\/Screenshot-2022-12-15-at-12.10.09-800x567.png 800w, https:\/\/lofotenseaweedcompany.com\/wp-content\/uploads\/2022\/12\/Screenshot-2022-12-15-at-12.10.09-300x213.png 300w, https:\/\/lofotenseaweedcompany.com\/wp-content\/uploads\/2022\/12\/Screenshot-2022-12-15-at-12.10.09-768x544.png 768w\" sizes=\"auto, (max-width: 827px) 100vw, 827px\" \/>\t\t<\/div>\n\t<\/div>\n\t<div class=\"flex-1 lg:px-10 flex flex-col justify-between\">\n\t\t<div class=\"mt-5 lg:mt-0\">\n\t\t\tDiese klassische Geschmackskombination aus sonnengetrockneten Tomaten, Spinat, Mozzarella und gebratenem H\u00e4hnchen wird durch die BBQ &amp; Meat-Gew\u00fcrzmischung von Lofoten Seaweed erg\u00e4nzt &#8211; eine scharfe und rauchige Mischung aus ger\u00e4uchertem Paprika, Chili, Knoblauch und gefl\u00fcgeltem Seetang. Servieren Sie dazu einen frischen gr\u00fcnen Salat zum Mittagessen oder herzhaften Reis und Bohnen zum Abendessen. Sie k\u00f6nnen dieses Gericht sogar als Vorspeise servieren! Durch die Verwendung von Spinat und Seetang ist dieses Gericht reich an N\u00e4hrstoffen, Vitaminen, Mineralien und nat\u00fcrlich einem k\u00f6stlichen Umami-Geschmack.\t\t<\/div>\n\t\t<div class=\"flex flex-col md:flex-row w-full justify-between text-sm\">\n\t\t\t<div class=\"font-bold mt-3 lg:mt-0\">\n\t\t\t\tErgibt 3 Portionen\t\t\t<\/div>\n\t\t\t<div class=\"mt-3 lg:mt-0\">\n\t\t\t\t\t\t\t<\/div>\n\t\t<\/div>\n\n\t<\/div>\n<\/div>\n\n<div class=\"lg:border-t lg:border-t-px border-sw-primary-light mt-10 pt-4 flex flex-col lg:flex-row\">\n\t<div class=\"w-full lg:w-2\/5 font-bold mb-10 mr-10\">\n\t\t<p class=\"font-bold mb-2\">Ingredients:<\/p>\n\t\t\t\t\t<div class=\"flex mb-1\">\n\t\t\t\t<div class=\"flex-1\">\n\t\t\t\t\t3 gro\u00dfe H\u00e4hnchenbr\u00fcste\t\t\t\t<\/div>\n\t\t\t<\/div>\n\t\t\t\t\t<div class=\"flex mb-1\">\n\t\t\t\t<div class=\"flex-1\">\n\t\t\t\t\t100g B\u00fcffelmozzarella gew\u00fcrfelt\t\t\t\t<\/div>\n\t\t\t<\/div>\n\t\t\t\t\t<div class=\"flex mb-1\">\n\t\t\t\t<div class=\"flex-1\">\n\t\t\t\t\t50g Baby Spinat\t\t\t\t<\/div>\n\t\t\t<\/div>\n\t\t\t\t\t<div class=\"flex mb-1\">\n\t\t\t\t<div class=\"flex-1\">\n\t\t\t\t\t70g sonnengetrocknete Tomaten in Scheiben geschnitten\t\t\t\t<\/div>\n\t\t\t<\/div>\n\t\t\t\t\t<div class=\"flex mb-1\">\n\t\t\t\t<div class=\"flex-1\">\n\t\t\t\t\tBBQ &#038; Meat Gew\u00fcrzmischung\t\t\t\t<\/div>\n\t\t\t<\/div>\n\t\t\t\t\t<div class=\"flex mb-1\">\n\t\t\t\t<div class=\"flex-1\">\n\t\t\t\t\t4 Essl\u00f6ffel Oliven\u00f6l\t\t\t\t<\/div>\n\t\t\t<\/div>\n\t\t\t<\/div>\n\t<div class=\"flex-1 mb-10\">\n\t<p class=\"font-bold mb-2\">Directions:<\/p>\n\t\t\t\t\t<div class=\"flex mb-3\">\n\t\t\t\t<div class=\"font-bold w-6 mr-2\">\n\t\t\t\t\t1)\n\t\t\t\t<\/div>\n\t\t\t\t<div class=\"flex-1\">\n\t\t\t\t\tDie H\u00e4lfte des \u00d6ls in einer Bratpfanne erhitzen. Die Tomaten und den Spinat hinzuf\u00fcgen und mit der BBQ &amp; Meat Gew\u00fcrzmischung w\u00fcrzen. Durchschwenken, bis alles gut bedeckt ist und anschlie\u00dfend braten, bis der Spinat weich ist. Vom Herd nehmen und abk\u00fchlen lassen.\t\t\t\t<\/div>\n\t\t\t<\/div>\n\t\t\t\t\t<div class=\"flex mb-3\">\n\t\t\t\t<div class=\"font-bold w-6 mr-2\">\n\t\t\t\t\t2)\n\t\t\t\t<\/div>\n\t\t\t\t<div class=\"flex-1\">\n\t\t\t\t\tIn einer Sch\u00fcssel den Mozzarella mit dem Spinat und den Tomaten mischen. Beiseite stellen.\t\t\t\t<\/div>\n\t\t\t<\/div>\n\t\t\t\t\t<div class=\"flex mb-3\">\n\t\t\t\t<div class=\"font-bold w-6 mr-2\">\n\t\t\t\t\t3)\n\t\t\t\t<\/div>\n\t\t\t\t<div class=\"flex-1\">\n\t\t\t\t\tSchneiden Sie mit einem Messer vorsichtig eine Tasche in jede H\u00e4hnchenbrust, beginnend an der dicken Seite der Brust. F\u00fcllen Sie jede Brust mit der Mozzarella-Tomaten-Spinatmischung.\t\t\t\t<\/div>\n\t\t\t<\/div>\n\t\t\t\t\t<div class=\"flex mb-3\">\n\t\t\t\t<div class=\"font-bold w-6 mr-2\">\n\t\t\t\t\t4)\n\t\t\t\t<\/div>\n\t\t\t\t<div class=\"flex-1\">\n\t\t\t\t\tDie gef\u00fcllten H\u00e4hnchenbr\u00fcste mit dem restlichen \u00d6l betr\u00e4ufeln und mit der BBQ &amp; Meat Gew\u00fcrzmischung w\u00fcrzen. 15 Minuten marinieren lassen.\t\t\t\t<\/div>\n\t\t\t<\/div>\n\t\t\t\t\t<div class=\"flex mb-3\">\n\t\t\t\t<div class=\"font-bold w-6 mr-2\">\n\t\t\t\t\t5)\n\t\t\t\t<\/div>\n\t\t\t\t<div class=\"flex-1\">\n\t\t\t\t\tW\u00e4hrend das H\u00e4hnchen mariniert, den Ofen auf 190\u00b0C vorheizen und ein Blech mit Backpapier auslegen. Die gef\u00fcllten H\u00e4hnchenbr\u00fcste etwa 20 Minuten backen, oder bis der Saft austritt. Vor dem Servieren 5 Minuten ruhen lassen.\t\t\t\t<\/div>\n\t\t\t<\/div>\n\t\t\t<\/div>\n<\/div>\n\n\n\n\n<p>Gef\u00e4llen Ihnen diese leckeren H\u00e4hnchenbr\u00fcste? Dann probieren Sie unsere <a href=\"https:\/\/lofotenseaweedcompany.com\/recipes\/tomato-bruschetta-arctic-seaweed-salt\/\">Tomaten Seetang Bruschetta<\/a> dazu<\/p>\n","protected":false},"excerpt":{"rendered":"<p>Gef\u00e4llen Ihnen diese leckeren H\u00e4hnchenbr\u00fcste? Dann probieren Sie unsere Tomaten Seetang Bruschetta dazu<\/p>\n","protected":false},"author":239,"featured_media":25225,"parent":24328,"menu_order":15,"comment_status":"closed","ping_status":"closed","template":"page-recipes-single.php","meta":{"_acf_changed":false,"footnotes":""},"class_list":["post-25446","page","type-page","status-publish","has-post-thumbnail","hentry"],"acf":[],"_links":{"self":[{"href":"https:\/\/lofotenseaweedcompany.com\/de\/wp-json\/wp\/v2\/pages\/25446","targetHints":{"allow":["GET"]}}],"collection":[{"href":"https:\/\/lofotenseaweedcompany.com\/de\/wp-json\/wp\/v2\/pages"}],"about":[{"href":"https:\/\/lofotenseaweedcompany.com\/de\/wp-json\/wp\/v2\/types\/page"}],"author":[{"embeddable":true,"href":"https:\/\/lofotenseaweedcompany.com\/de\/wp-json\/wp\/v2\/users\/239"}],"replies":[{"embeddable":true,"href":"https:\/\/lofotenseaweedcompany.com\/de\/wp-json\/wp\/v2\/comments?post=25446"}],"version-history":[{"count":4,"href":"https:\/\/lofotenseaweedcompany.com\/de\/wp-json\/wp\/v2\/pages\/25446\/revisions"}],"predecessor-version":[{"id":27001,"href":"https:\/\/lofotenseaweedcompany.com\/de\/wp-json\/wp\/v2\/pages\/25446\/revisions\/27001"}],"up":[{"embeddable":true,"href":"https:\/\/lofotenseaweedcompany.com\/de\/wp-json\/wp\/v2\/pages\/24328"}],"wp:featuredmedia":[{"embeddable":true,"href":"https:\/\/lofotenseaweedcompany.com\/de\/wp-json\/wp\/v2\/media\/25225"}],"wp:attachment":[{"href":"https:\/\/lofotenseaweedcompany.com\/de\/wp-json\/wp\/v2\/media?parent=25446"}],"curies":[{"name":"wp","href":"https:\/\/api.w.org\/{rel}","templated":true}]}}