{"id":25450,"date":"2022-12-15T20:45:44","date_gmt":"2022-12-15T20:45:44","guid":{"rendered":"https:\/\/lofotenseaweedcompany.com\/rezepte\/pulled-chciekn-tacos\/"},"modified":"2023-01-09T21:22:53","modified_gmt":"2023-01-09T21:22:53","slug":"pulled-chciekn-tacos","status":"publish","type":"page","link":"https:\/\/lofotenseaweedcompany.com\/de\/rezepte\/pulled-chciekn-tacos\/","title":{"rendered":"Pulled Chicken Tacos"},"content":{"rendered":"<div class=\"flex mt-10 lg:mt-20 flex-col lg:flex-row\">\n\t<div class=\"lg:w-2\/5\" >\n\t\t<div class=\"relative\" style=\"padding-top:60%\">\n\t\t\t<img loading=\"lazy\" decoding=\"async\" width=\"777\" height=\"582\" src=\"https:\/\/lofotenseaweedcompany.com\/wp-content\/uploads\/2022\/12\/Screenshot-2022-12-15-at-10.45.43.png\" class=\" object-cover overflow-hidden h-full w-full absolute inset-0  wp-post-image\" alt=\"chicken tacos with lofoten seaweed\" srcset=\"https:\/\/lofotenseaweedcompany.com\/wp-content\/uploads\/2022\/12\/Screenshot-2022-12-15-at-10.45.43.png 777w, https:\/\/lofotenseaweedcompany.com\/wp-content\/uploads\/2022\/12\/Screenshot-2022-12-15-at-10.45.43-300x225.png 300w, https:\/\/lofotenseaweedcompany.com\/wp-content\/uploads\/2022\/12\/Screenshot-2022-12-15-at-10.45.43-768x575.png 768w, https:\/\/lofotenseaweedcompany.com\/wp-content\/uploads\/2022\/12\/Screenshot-2022-12-15-at-10.45.43-600x449.png 600w\" sizes=\"auto, (max-width: 777px) 100vw, 777px\" \/>\t\t<\/div>\n\t<\/div>\n\t<div class=\"flex-1 lg:px-10 flex flex-col justify-between\">\n\t\t<div class=\"mt-5 lg:mt-0\">\n\t\t\tTacos &#8211; urspr\u00fcnglich aus Mexiko stammend &#8211; sind in Norwegen sehr beliebt, und viele Menschen freuen sich regelm\u00e4\u00dfig auf den Tacofreitag am Ende der Woche. Laut einer Studie der nationalen Zeitung VG aus dem Jahr 2012 geben rund 400.000 Norweger an, jeden Freitag Tacos zum Abendessen zu essen. Das sind \u00fcber 8 % der Gesamtbev\u00f6lkerung! Dieser Pulled Chicken Taco ist mit der BBQ &amp; Meat Gew\u00fcrzmischung von Lofoten Seaweed gew\u00fcrzt &#8211; einer scharfen und rauchigen Mischung aus ger\u00e4uchertem Paprika, Chili, Knoblauch und Fl\u00fcgeltang. Sie k\u00f6nnen diese Tacos so mild oder so scharf machen, wie Sie m\u00f6chten, indem Sie die Bel\u00e4ge nach Ihren Vorlieben ver\u00e4ndern. Wenn Sie Freunde zu Besuch haben, sollten Sie das Rezept verdoppeln &#8211; 6 Tacos sind vielleicht nicht genug!<br>\t\t<\/div>\n\t\t<div class=\"flex flex-col md:flex-row w-full justify-between text-sm\">\n\t\t\t<div class=\"font-bold mt-3 lg:mt-0\">\n\t\t\t\tErgibt 6 Tacos\t\t\t<\/div>\n\t\t\t<div class=\"mt-3 lg:mt-0\">\n\t\t\t\t\t\t\t<\/div>\n\t\t<\/div>\n\n\t<\/div>\n<\/div>\n\n<div class=\"lg:border-t lg:border-t-px border-sw-primary-light mt-10 pt-4 flex flex-col lg:flex-row\">\n\t<div class=\"w-full lg:w-2\/5 font-bold mb-10 mr-10\">\n\t\t<p class=\"font-bold mb-2\">Ingredients:<\/p>\n\t\t\t\t\t<div class=\"flex mb-1\">\n\t\t\t\t<div class=\"flex-1\">\n\t\t\t\t\t400g H\u00e4hnchenbrustfilet\t\t\t\t<\/div>\n\t\t\t<\/div>\n\t\t\t\t\t<div class=\"flex mb-1\">\n\t\t\t\t<div class=\"flex-1\">\n\t\t\t\t\t6 Weizentortilla\t\t\t\t<\/div>\n\t\t\t<\/div>\n\t\t\t\t\t<div class=\"flex mb-1\">\n\t\t\t\t<div class=\"flex-1\">\n\t\t\t\t\t200g eingelegter Rotkohl \t\t\t\t<\/div>\n\t\t\t<\/div>\n\t\t\t\t\t<div class=\"flex mb-1\">\n\t\t\t\t<div class=\"flex-1\">\n\t\t\t\t\t30g Ruccola\t\t\t\t<\/div>\n\t\t\t<\/div>\n\t\t\t\t\t<div class=\"flex mb-1\">\n\t\t\t\t<div class=\"flex-1\">\n\t\t\t\t\t50g eingelegte Jalape\u00f1os\t\t\t\t<\/div>\n\t\t\t<\/div>\n\t\t\t\t\t<div class=\"flex mb-1\">\n\t\t\t\t<div class=\"flex-1\">\n\t\t\t\t\t1 Limette\t\t\t\t<\/div>\n\t\t\t<\/div>\n\t\t\t\t\t<div class=\"flex mb-1\">\n\t\t\t\t<div class=\"flex-1\">\n\t\t\t\t\t1 Zuckermaiskolben, gekocht\t\t\t\t<\/div>\n\t\t\t<\/div>\n\t\t\t\t\t<div class=\"flex mb-1\">\n\t\t\t\t<div class=\"flex-1\">\n\t\t\t\t\t1 Bund frischer Koriander\t\t\t\t<\/div>\n\t\t\t<\/div>\n\t\t\t\t\t<div class=\"flex mb-1\">\n\t\t\t\t<div class=\"flex-1\">\n\t\t\t\t\t100g Naturjoghurt\t\t\t\t<\/div>\n\t\t\t<\/div>\n\t\t\t\t\t<div class=\"flex mb-1\">\n\t\t\t\t<div class=\"flex-1\">\n\t\t\t\t\tBBQ &#038; Meat Gew\u00fcrzmischung\t\t\t\t<\/div>\n\t\t\t<\/div>\n\t\t\t<\/div>\n\t<div class=\"flex-1 mb-10\">\n\t<p class=\"font-bold mb-2\">Directions:<\/p>\n\t\t\t\t\t<div class=\"flex mb-3\">\n\t\t\t\t<div class=\"font-bold w-6 mr-2\">\n\t\t\t\t\t1)\n\t\t\t\t<\/div>\n\t\t\t\t<div class=\"flex-1\">\n\t\t\t\t\tDen Backofen auf 180\u00b0C vorheizen. Die H\u00e4hnchenbr\u00fcste halbieren, mit \u00d6l betr\u00e4ufeln und mit der BBQ &amp; Meat Gew\u00fcrzmischung w\u00fcrzen.\t\t\t\t<\/div>\n\t\t\t<\/div>\n\t\t\t\t\t<div class=\"flex mb-3\">\n\t\t\t\t<div class=\"font-bold w-6 mr-2\">\n\t\t\t\t\t2)\n\t\t\t\t<\/div>\n\t\t\t\t<div class=\"flex-1\">\n\t\t\t\t\tEin Backblech mit Backpapier auslegen und das H\u00e4hnchen 10 &#8211; 15 Minuten braten, dann abk\u00fchlen lassen. Das H\u00e4hnchenfleisch mit zwei Gabeln zerkleinern und erneut mit der BBQ &amp; Meat Gew\u00fcrzmischung und dem Saft der halben Limette w\u00fcrzen.\t\t\t\t<\/div>\n\t\t\t<\/div>\n\t\t\t\t\t<div class=\"flex mb-3\">\n\t\t\t\t<div class=\"font-bold w-6 mr-2\">\n\t\t\t\t\t3)\n\t\t\t\t<\/div>\n\t\t\t\t<div class=\"flex-1\">\n\t\t\t\t\tDen Mais vom Kolben entfernen und den Koriander sowie die Jalape\u00f1os in kleine St\u00fccke schneiden.\t\t\t\t<\/div>\n\t\t\t<\/div>\n\t\t\t\t\t<div class=\"flex mb-3\">\n\t\t\t\t<div class=\"font-bold w-6 mr-2\">\n\t\t\t\t\t4)\n\t\t\t\t<\/div>\n\t\t\t\t<div class=\"flex-1\">\n\t\t\t\t\tDie Grillpfanne auf gro\u00dfer Flamme \/ Stufe erhitzen und die Tortillas 30 Sekunden lang auf jeder Seite r\u00f6sten.\t\t\t\t<\/div>\n\t\t\t<\/div>\n\t\t\t\t\t<div class=\"flex mb-3\">\n\t\t\t\t<div class=\"font-bold w-6 mr-2\">\n\t\t\t\t\t5)\n\t\t\t\t<\/div>\n\t\t\t\t<div class=\"flex-1\">\n\t\t\t\t\tDie Tacos anrichten. Dazu das gezupfte H\u00e4hnchenfleisch auf die Tortillas legen, dann den Rotkohl, die Rucolabl\u00e4tter und den Mais darauf verteilen und mit Koriander und Jalape\u00f1os garnieren. Den Joghurt dar\u00fcber tr\u00e4ufeln und mit Limettenvierteln servieren.\t\t\t\t<\/div>\n\t\t\t<\/div>\n\t\t\t<\/div>\n<\/div>\n\n\n\n\n<p>Sie m\u00f6gen unsere Pulled Chicken Tacos? Wie w\u00e4re es mit <a href=\"https:\/\/lofotenseaweedcompany.com\/recipes\/fish-tacos\/\" data-type=\"URL\" data-id=\"https:\/\/lofotenseaweedcompany.com\/recipes\/fish-tacos\/\">Fisch Tacos<\/a> zu ihrem n\u00e4chsten Tacofreitag?<\/p>\n","protected":false},"excerpt":{"rendered":"<p>Sie m\u00f6gen unsere Pulled Chicken Tacos? Wie w\u00e4re es mit Fisch Tacos zu ihrem n\u00e4chsten Tacofreitag?<\/p>\n","protected":false},"author":239,"featured_media":25197,"parent":24328,"menu_order":2,"comment_status":"closed","ping_status":"closed","template":"page-recipes-single.php","meta":{"_acf_changed":false,"footnotes":""},"class_list":["post-25450","page","type-page","status-publish","has-post-thumbnail","hentry"],"acf":[],"_links":{"self":[{"href":"https:\/\/lofotenseaweedcompany.com\/de\/wp-json\/wp\/v2\/pages\/25450","targetHints":{"allow":["GET"]}}],"collection":[{"href":"https:\/\/lofotenseaweedcompany.com\/de\/wp-json\/wp\/v2\/pages"}],"about":[{"href":"https:\/\/lofotenseaweedcompany.com\/de\/wp-json\/wp\/v2\/types\/page"}],"author":[{"embeddable":true,"href":"https:\/\/lofotenseaweedcompany.com\/de\/wp-json\/wp\/v2\/users\/239"}],"replies":[{"embeddable":true,"href":"https:\/\/lofotenseaweedcompany.com\/de\/wp-json\/wp\/v2\/comments?post=25450"}],"version-history":[{"count":6,"href":"https:\/\/lofotenseaweedcompany.com\/de\/wp-json\/wp\/v2\/pages\/25450\/revisions"}],"predecessor-version":[{"id":26507,"href":"https:\/\/lofotenseaweedcompany.com\/de\/wp-json\/wp\/v2\/pages\/25450\/revisions\/26507"}],"up":[{"embeddable":true,"href":"https:\/\/lofotenseaweedcompany.com\/de\/wp-json\/wp\/v2\/pages\/24328"}],"wp:featuredmedia":[{"embeddable":true,"href":"https:\/\/lofotenseaweedcompany.com\/de\/wp-json\/wp\/v2\/media\/25197"}],"wp:attachment":[{"href":"https:\/\/lofotenseaweedcompany.com\/de\/wp-json\/wp\/v2\/media?parent=25450"}],"curies":[{"name":"wp","href":"https:\/\/api.w.org\/{rel}","templated":true}]}}