{"id":25452,"date":"2022-12-15T20:49:34","date_gmt":"2022-12-15T20:49:34","guid":{"rendered":"https:\/\/lofotenseaweedcompany.com\/rezepte\/geraeucherter-seetang-focaccia\/"},"modified":"2023-01-09T21:37:35","modified_gmt":"2023-01-09T21:37:35","slug":"geraeucherter-seetang-focaccia","status":"publish","type":"page","link":"https:\/\/lofotenseaweedcompany.com\/de\/rezepte\/geraeucherter-seetang-focaccia\/","title":{"rendered":"Ger\u00e4ucherter Seetang Focaccia"},"content":{"rendered":"<div class=\"flex mt-10 lg:mt-20 flex-col lg:flex-row\">\n\t<div class=\"lg:w-2\/5\" >\n\t\t<div class=\"relative\" style=\"padding-top:60%\">\n\t\t\t<img loading=\"lazy\" decoding=\"async\" width=\"782\" height=\"586\" src=\"https:\/\/lofotenseaweedcompany.com\/wp-content\/uploads\/2022\/12\/Screenshot-2022-12-15-at-10.49.11.png\" class=\" object-cover overflow-hidden h-full w-full absolute inset-0  wp-post-image\" alt=\"smoked seaweed focaccia\" srcset=\"https:\/\/lofotenseaweedcompany.com\/wp-content\/uploads\/2022\/12\/Screenshot-2022-12-15-at-10.49.11.png 782w, https:\/\/lofotenseaweedcompany.com\/wp-content\/uploads\/2022\/12\/Screenshot-2022-12-15-at-10.49.11-300x225.png 300w, https:\/\/lofotenseaweedcompany.com\/wp-content\/uploads\/2022\/12\/Screenshot-2022-12-15-at-10.49.11-768x576.png 768w, https:\/\/lofotenseaweedcompany.com\/wp-content\/uploads\/2022\/12\/Screenshot-2022-12-15-at-10.49.11-600x450.png 600w\" sizes=\"auto, (max-width: 782px) 100vw, 782px\" \/>\t\t<\/div>\n\t<\/div>\n\t<div class=\"flex-1 lg:px-10 flex flex-col justify-between\">\n\t\t<div class=\"mt-5 lg:mt-0\">\n\t\t\tFocaccia ist ein italienischer, im Ofen gebackener Brotlaib. Oft wird es mit Rosmarin, Knoblauch, Zwiebeln oder Thymian gew\u00fcrzt, aber wir m\u00f6gen es auch mit k\u00f6stlichem, \u00fcber Buchenholz ger\u00e4uchertem Seetang! Wie wir immer sagen, ist Seetang ein nat\u00fcrlicher Geschmacksverst\u00e4rker und l\u00e4sst sich gut mit anderen Zutaten kombinieren &#8211; warum also nicht mit Ihren Lieblingsaromen experimentieren? Focaccia wird traditionell mit Oliven\u00f6l und Balsamico-Essig serviert, eignet sich aber auch hervorragend f\u00fcr Sandwiches. Ein praktischer Tipp: Wenn Ihr Brot nach ein paar Tagen etwas schal wird, werfen Sie es nicht weg! Abgestandenes Focaccia kann gew\u00fcrfelt und gebraten werden, um daraus knusprige Croutons zu machen. Oder es kann ger\u00f6stet und in der K\u00fcchenmaschine zu Paniermehl verarbeitet werden, was Sie zum W\u00fcrzen anderer Mahlzeiten verwenden k\u00f6nnen!\t\t<\/div>\n\t\t<div class=\"flex flex-col md:flex-row w-full justify-between text-sm\">\n\t\t\t<div class=\"font-bold mt-3 lg:mt-0\">\n\t\t\t\t\t\t\t<\/div>\n\t\t\t<div class=\"mt-3 lg:mt-0\">\n\t\t\t\t\t\t\t<\/div>\n\t\t<\/div>\n\n\t<\/div>\n<\/div>\n\n<div class=\"lg:border-t lg:border-t-px border-sw-primary-light mt-10 pt-4 flex flex-col lg:flex-row\">\n\t<div class=\"w-full lg:w-2\/5 font-bold mb-10 mr-10\">\n\t\t<p class=\"font-bold mb-2\">Ingredients:<\/p>\n\t\t\t\t\t<div class=\"flex mb-1\">\n\t\t\t\t<div class=\"flex-1\">\n\t\t\t\t\t250g Weizenmehl\t\t\t\t<\/div>\n\t\t\t<\/div>\n\t\t\t\t\t<div class=\"flex mb-1\">\n\t\t\t\t<div class=\"flex-1\">\n\t\t\t\t\t150ml lauwarmes Wasser\t\t\t\t<\/div>\n\t\t\t<\/div>\n\t\t\t\t\t<div class=\"flex mb-1\">\n\t\t\t\t<div class=\"flex-1\">\n\t\t\t\t\t10g frische Hefe\t\t\t\t<\/div>\n\t\t\t<\/div>\n\t\t\t\t\t<div class=\"flex mb-1\">\n\t\t\t\t<div class=\"flex-1\">\n\t\t\t\t\t1 Teel\u00f6ffel Zucker\t\t\t\t<\/div>\n\t\t\t<\/div>\n\t\t\t\t\t<div class=\"flex mb-1\">\n\t\t\t\t<div class=\"flex-1\">\n\t\t\t\t\t1 Teel\u00f6ffel Salz\t\t\t\t<\/div>\n\t\t\t<\/div>\n\t\t\t\t\t<div class=\"flex mb-1\">\n\t\t\t\t<div class=\"flex-1\">\n\t\t\t\t\t1 Essl\u00f6ffel Smoked Seaweed Salz\t\t\t\t<\/div>\n\t\t\t<\/div>\n\t\t\t\t\t<div class=\"flex mb-1\">\n\t\t\t\t<div class=\"flex-1\">\n\t\t\t\t\tOliven\u00f6l\t\t\t\t<\/div>\n\t\t\t<\/div>\n\t\t\t<\/div>\n\t<div class=\"flex-1 mb-10\">\n\t<p class=\"font-bold mb-2\">Directions:<\/p>\n\t\t\t\t\t<div class=\"flex mb-3\">\n\t\t\t\t<div class=\"font-bold w-6 mr-2\">\n\t\t\t\t\t1)\n\t\t\t\t<\/div>\n\t\t\t\t<div class=\"flex-1\">\n\t\t\t\t\tDas warme Wasser, die Hefe und den Zucker in einer Sch\u00fcssel mischen. 15 Minuten beiseite stellen, damit sich die Hefe aktivieren kann.\t\t\t\t<\/div>\n\t\t\t<\/div>\n\t\t\t\t\t<div class=\"flex mb-3\">\n\t\t\t\t<div class=\"font-bold w-6 mr-2\">\n\t\t\t\t\t2)\n\t\t\t\t<\/div>\n\t\t\t\t<div class=\"flex-1\">\n\t\t\t\t\tDen Backofen auf 220 \u00b0C vorheizen. Mehl, Salz, 2 Essl\u00f6ffel Oliven\u00f6l und die Hefemischung in einer K\u00fcchenmaschine vermischen. Mit einem Knethaken 10 Minuten lang auf niedriger Stufe kneten. Der Teig sollte glatt und elastisch sein.\t\t\t\t<\/div>\n\t\t\t<\/div>\n\t\t\t\t\t<div class=\"flex mb-3\">\n\t\t\t\t<div class=\"font-bold w-6 mr-2\">\n\t\t\t\t\t3)\n\t\t\t\t<\/div>\n\t\t\t\t<div class=\"flex-1\">\n\t\t\t\t\tTransfer the dough to a bowl, cover with a kitchen towel and leave it to rise at room temperature. After 1 hour, take the dough out and knead by hand for 2 minutes. Den Teig in eine Sch\u00fcssel geben, mit einem K\u00fcchentuch abdecken und bei Raumtemperatur gehen lassen. Nach 1 Stunde den Teig herausnehmen und 2 Minuten lang mit der Hand kneten.\t\t\t\t<\/div>\n\t\t\t<\/div>\n\t\t\t\t\t<div class=\"flex mb-3\">\n\t\t\t\t<div class=\"font-bold w-6 mr-2\">\n\t\t\t\t\t4)\n\t\t\t\t<\/div>\n\t\t\t\t<div class=\"flex-1\">\n\t\t\t\t\tDen Teig auf ein gut gefettetes Backblech geben und gleichm\u00e4\u00dfig auf der Oberfl\u00e4che verteilen. 15 Minuten lang beiseite stellen und den Teig auf dem Blech noch einmal gehen lassen.\t\t\t\t<\/div>\n\t\t\t<\/div>\n\t\t\t\t\t<div class=\"flex mb-3\">\n\t\t\t\t<div class=\"font-bold w-6 mr-2\">\n\t\t\t\t\t5)\n\t\t\t\t<\/div>\n\t\t\t\t<div class=\"flex-1\">\n\t\t\t\t\tMit den Fingern kleine L\u00f6cher in die Oberfl\u00e4che des Teigs dr\u00fccken. Gro\u00dfz\u00fcgig mit Oliven\u00f6l betr\u00e4ufeln und das Smoked Seaweed Salz dar\u00fcber streuen.\t\t\t\t<\/div>\n\t\t\t<\/div>\n\t\t\t\t\t<div class=\"flex mb-3\">\n\t\t\t\t<div class=\"font-bold w-6 mr-2\">\n\t\t\t\t\t6)\n\t\t\t\t<\/div>\n\t\t\t\t<div class=\"flex-1\">\n\t\t\t\t\t15 bis 20 Minuten backen. Ausk\u00fchlen lassen, dann in Scheiben schneiden und mit Oliven\u00f6l und einem Schuss Balsamico-Essig servieren.\t\t\t\t<\/div>\n\t\t\t<\/div>\n\t\t\t<\/div>\n<\/div>\n\n\n\n\n<p>Haben Sie Spa\u00df bei der Zubereitung unseres Ger\u00e4ucherten Seetang Focaccias? Backen Sie doch einfach weiter und versuchen Sie gleich diesen leckeren <a href=\"https:\/\/lofotenseaweedcompany.com\/recipes\/seaweed-pizza-dough\/\" data-type=\"URL\" data-id=\"https:\/\/lofotenseaweedcompany.com\/recipes\/seaweed-pizza-dough\/\">Seetang Pizza Boden<\/a><\/p>\n","protected":false},"excerpt":{"rendered":"<p>Haben Sie Spa\u00df bei der Zubereitung unseres Ger\u00e4ucherten Seetang Focaccias? Backen Sie doch einfach weiter und versuchen Sie gleich diesen leckeren Seetang Pizza Boden<\/p>\n","protected":false},"author":239,"featured_media":25200,"parent":24328,"menu_order":6,"comment_status":"closed","ping_status":"closed","template":"page-recipes-single.php","meta":{"_acf_changed":false,"footnotes":""},"class_list":["post-25452","page","type-page","status-publish","has-post-thumbnail","hentry"],"acf":[],"_links":{"self":[{"href":"https:\/\/lofotenseaweedcompany.com\/de\/wp-json\/wp\/v2\/pages\/25452","targetHints":{"allow":["GET"]}}],"collection":[{"href":"https:\/\/lofotenseaweedcompany.com\/de\/wp-json\/wp\/v2\/pages"}],"about":[{"href":"https:\/\/lofotenseaweedcompany.com\/de\/wp-json\/wp\/v2\/types\/page"}],"author":[{"embeddable":true,"href":"https:\/\/lofotenseaweedcompany.com\/de\/wp-json\/wp\/v2\/users\/239"}],"replies":[{"embeddable":true,"href":"https:\/\/lofotenseaweedcompany.com\/de\/wp-json\/wp\/v2\/comments?post=25452"}],"version-history":[{"count":4,"href":"https:\/\/lofotenseaweedcompany.com\/de\/wp-json\/wp\/v2\/pages\/25452\/revisions"}],"predecessor-version":[{"id":26513,"href":"https:\/\/lofotenseaweedcompany.com\/de\/wp-json\/wp\/v2\/pages\/25452\/revisions\/26513"}],"up":[{"embeddable":true,"href":"https:\/\/lofotenseaweedcompany.com\/de\/wp-json\/wp\/v2\/pages\/24328"}],"wp:featuredmedia":[{"embeddable":true,"href":"https:\/\/lofotenseaweedcompany.com\/de\/wp-json\/wp\/v2\/media\/25200"}],"wp:attachment":[{"href":"https:\/\/lofotenseaweedcompany.com\/de\/wp-json\/wp\/v2\/media?parent=25452"}],"curies":[{"name":"wp","href":"https:\/\/api.w.org\/{rel}","templated":true}]}}