{"id":25454,"date":"2022-12-15T20:53:07","date_gmt":"2022-12-15T20:53:07","guid":{"rendered":"https:\/\/lofotenseaweedcompany.com\/rezepte\/tomaten-bruschetta-mit-arctic-seaweed-salz\/"},"modified":"2023-01-09T21:28:52","modified_gmt":"2023-01-09T21:28:52","slug":"tomaten-bruschetta-mit-arctic-seaweed-salz","status":"publish","type":"page","link":"https:\/\/lofotenseaweedcompany.com\/de\/rezepte\/tomaten-bruschetta-mit-arctic-seaweed-salz\/","title":{"rendered":"Tomaten Bruschetta mit Arctic Seaweed Salz"},"content":{"rendered":"<div class=\"flex mt-10 lg:mt-20 flex-col lg:flex-row\">\n\t<div class=\"lg:w-2\/5\" >\n\t\t<div class=\"relative\" style=\"padding-top:60%\">\n\t\t\t<img loading=\"lazy\" decoding=\"async\" width=\"738\" height=\"561\" src=\"https:\/\/lofotenseaweedcompany.com\/wp-content\/uploads\/2022\/12\/Screenshot-2022-12-14-at-10.54.35.png\" class=\" object-cover overflow-hidden h-full w-full absolute inset-0  wp-post-image\" alt=\"bruschetta with lofoten seaweed salt\" srcset=\"https:\/\/lofotenseaweedcompany.com\/wp-content\/uploads\/2022\/12\/Screenshot-2022-12-14-at-10.54.35.png 738w, https:\/\/lofotenseaweedcompany.com\/wp-content\/uploads\/2022\/12\/Screenshot-2022-12-14-at-10.54.35-300x228.png 300w, https:\/\/lofotenseaweedcompany.com\/wp-content\/uploads\/2022\/12\/Screenshot-2022-12-14-at-10.54.35-600x456.png 600w\" sizes=\"auto, (max-width: 738px) 100vw, 738px\" \/>\t\t<\/div>\n\t<\/div>\n\t<div class=\"flex-1 lg:px-10 flex flex-col justify-between\">\n\t\t<div class=\"mt-5 lg:mt-0\">\n\t\t\tEin klassisches Antipasto aus Italien, mit einem norwegischen Twist! Bruschetta gibt es in vielen Varianten, aber die klassischste Version &#8211; mit Tomate und Oliven\u00f6l &#8211; ist unser Favorit. Gew\u00fcrzt mit unserem Arctic Seaweed Salz f\u00fcr zus\u00e4tzlichen Geschmack und N\u00e4hrwert ist dieses Gericht ein tolles Mittagessen oder eine Vorspeise. Es ist wichtig, hier hochwertiges Oliven\u00f6l zu verwenden, denn als einer der wenigen Geschmacksstoffe in dem Gericht wird es hervorstechen und kann den Unterschied zwischen einer guten Bruschetta und einer gro\u00dfartigen Bruschetta ausmachen. Weitere Variationen sind P\u00f6kelfleisch, K\u00e4se und Gem\u00fcse &#8211; seien Sie also kreativ!\t\t<\/div>\n\t\t<div class=\"flex flex-col md:flex-row w-full justify-between text-sm\">\n\t\t\t<div class=\"font-bold mt-3 lg:mt-0\">\n\t\t\t\tErgibt 3 Portionen\t\t\t<\/div>\n\t\t\t<div class=\"mt-3 lg:mt-0\">\n\t\t\t\t\t\t\t<\/div>\n\t\t<\/div>\n\n\t<\/div>\n<\/div>\n\n<div class=\"lg:border-t lg:border-t-px border-sw-primary-light mt-10 pt-4 flex flex-col lg:flex-row\">\n\t<div class=\"w-full lg:w-2\/5 font-bold mb-10 mr-10\">\n\t\t<p class=\"font-bold mb-2\">Ingredients:<\/p>\n\t\t\t\t\t<div class=\"flex mb-1\">\n\t\t\t\t<div class=\"flex-1\">\n\t\t\t\t\t300g gro\u00dfe Tomaten gew\u00fcrfelt\t\t\t\t<\/div>\n\t\t\t<\/div>\n\t\t\t\t\t<div class=\"flex mb-1\">\n\t\t\t\t<div class=\"flex-1\">\n\t\t\t\t\t3 Scheiben Mischbrot \t\t\t\t<\/div>\n\t\t\t<\/div>\n\t\t\t\t\t<div class=\"flex mb-1\">\n\t\t\t\t<div class=\"flex-1\">\n\t\t\t\t\t1 Essl\u00f6ffel Arctic Seaweed Salz\t\t\t\t<\/div>\n\t\t\t<\/div>\n\t\t\t\t\t<div class=\"flex mb-1\">\n\t\t\t\t<div class=\"flex-1\">\n\t\t\t\t\t5 Essl\u00f6ffel Oliven\u00f6l\t\t\t\t<\/div>\n\t\t\t<\/div>\n\t\t\t\t\t<div class=\"flex mb-1\">\n\t\t\t\t<div class=\"flex-1\">\n\t\t\t\t\t1 Teel\u00f6ffel zersto\u00dfener schwarzer Pfeffer\t\t\t\t<\/div>\n\t\t\t<\/div>\n\t\t\t\t\t<div class=\"flex mb-1\">\n\t\t\t\t<div class=\"flex-1\">\n\t\t\t\t\t1 Handvoll Ruccola\t\t\t\t<\/div>\n\t\t\t<\/div>\n\t\t\t\t\t<div class=\"flex mb-1\">\n\t\t\t\t<div class=\"flex-1\">\n\t\t\t\t\t1 Knoblauchzehe\t\t\t\t<\/div>\n\t\t\t<\/div>\n\t\t\t<\/div>\n\t<div class=\"flex-1 mb-10\">\n\t<p class=\"font-bold mb-2\">Directions:<\/p>\n\t\t\t\t\t<div class=\"flex mb-3\">\n\t\t\t\t<div class=\"font-bold w-6 mr-2\">\n\t\t\t\t\t1)\n\t\t\t\t<\/div>\n\t\t\t\t<div class=\"flex-1\">\n\t\t\t\t\tEine Grillpfanne auf gro\u00dfer Flamme erhitzen. Die Brotscheiben von beiden Seiten mit 2 Essl\u00f6ffeln Oliven\u00f6l betr\u00e4ufeln und auf die hei\u00dfe Grillpfanne legen. 2 Minuten auf jeder Seite r\u00f6sten.\t\t\t\t<\/div>\n\t\t\t<\/div>\n\t\t\t\t\t<div class=\"flex mb-3\">\n\t\t\t\t<div class=\"font-bold w-6 mr-2\">\n\t\t\t\t\t2)\n\t\t\t\t<\/div>\n\t\t\t\t<div class=\"flex-1\">\n\t\t\t\t\tDie Knoblauchzehe halbieren und das getoastete Brot auf beiden Seiten damit einreiben.\t\t\t\t<\/div>\n\t\t\t<\/div>\n\t\t\t\t\t<div class=\"flex mb-3\">\n\t\t\t\t<div class=\"font-bold w-6 mr-2\">\n\t\t\t\t\t3)\n\t\t\t\t<\/div>\n\t\t\t\t<div class=\"flex-1\">\n\t\t\t\t\tDie Tomatenw\u00fcrfel in eine Sch\u00fcssel geben, das restliche Oliven\u00f6l hinzuf\u00fcgen und mit Pfeffer und Seaweed Salz w\u00fcrzen. Gut mischen.\t\t\t\t<\/div>\n\t\t\t<\/div>\n\t\t\t\t\t<div class=\"flex mb-3\">\n\t\t\t\t<div class=\"font-bold w-6 mr-2\">\n\t\t\t\t\t4)\n\t\t\t\t<\/div>\n\t\t\t\t<div class=\"flex-1\">\n\t\t\t\t\tAuf jede getoastete Brotscheibe eine gro\u00dfz\u00fcgige Portion der Tomatenmischung geben und mit den Rucolabl\u00e4ttern garnieren.\t\t\t\t<\/div>\n\t\t\t<\/div>\n\t\t\t<\/div>\n<\/div>\n\n\n\n\n<p>Mochten Sie unsere Version vom Tomaten Bruschetta? Wie w\u00e4re es mit <a href=\"https:\/\/lofotenseaweedcompany.com\/de\/rezepte\/kartoffel-blini-mit-sour-cream-und-algenperlen\/\" data-type=\"URL\" data-id=\"https:\/\/lofotenseaweedcompany.com\/recipes\/potato-blinis-with-sour-cream-and-algae-pearls\/\">Kartoffel Blinis mit Algenperlen<\/a> als n\u00e4chste Rezeptidee?<\/p>\n","protected":false},"excerpt":{"rendered":"<p>Mochten Sie unsere Version vom Tomaten Bruschetta? Wie w\u00e4re es mit Kartoffel Blinis mit Algenperlen als n\u00e4chste Rezeptidee?<\/p>\n","protected":false},"author":239,"featured_media":25139,"parent":24328,"menu_order":3,"comment_status":"closed","ping_status":"closed","template":"page-recipes-single.php","meta":{"_acf_changed":false,"footnotes":""},"class_list":["post-25454","page","type-page","status-publish","has-post-thumbnail","hentry"],"acf":[],"_links":{"self":[{"href":"https:\/\/lofotenseaweedcompany.com\/de\/wp-json\/wp\/v2\/pages\/25454","targetHints":{"allow":["GET"]}}],"collection":[{"href":"https:\/\/lofotenseaweedcompany.com\/de\/wp-json\/wp\/v2\/pages"}],"about":[{"href":"https:\/\/lofotenseaweedcompany.com\/de\/wp-json\/wp\/v2\/types\/page"}],"author":[{"embeddable":true,"href":"https:\/\/lofotenseaweedcompany.com\/de\/wp-json\/wp\/v2\/users\/239"}],"replies":[{"embeddable":true,"href":"https:\/\/lofotenseaweedcompany.com\/de\/wp-json\/wp\/v2\/comments?post=25454"}],"version-history":[{"count":2,"href":"https:\/\/lofotenseaweedcompany.com\/de\/wp-json\/wp\/v2\/pages\/25454\/revisions"}],"predecessor-version":[{"id":26509,"href":"https:\/\/lofotenseaweedcompany.com\/de\/wp-json\/wp\/v2\/pages\/25454\/revisions\/26509"}],"up":[{"embeddable":true,"href":"https:\/\/lofotenseaweedcompany.com\/de\/wp-json\/wp\/v2\/pages\/24328"}],"wp:featuredmedia":[{"embeddable":true,"href":"https:\/\/lofotenseaweedcompany.com\/de\/wp-json\/wp\/v2\/media\/25139"}],"wp:attachment":[{"href":"https:\/\/lofotenseaweedcompany.com\/de\/wp-json\/wp\/v2\/media?parent=25454"}],"curies":[{"name":"wp","href":"https:\/\/api.w.org\/{rel}","templated":true}]}}