{"id":25458,"date":"2022-12-15T21:04:24","date_gmt":"2022-12-15T21:04:24","guid":{"rendered":"https:\/\/lofotenseaweedcompany.com\/rezepte\/seetang-tagliatelle-mit-spinat-und-pfifferlingen\/"},"modified":"2023-01-12T21:55:26","modified_gmt":"2023-01-12T21:55:26","slug":"seetang-tagliatelle-mit-spinat-und-pfifferlingen","status":"publish","type":"page","link":"https:\/\/lofotenseaweedcompany.com\/de\/rezepte\/seetang-tagliatelle-mit-spinat-und-pfifferlingen\/","title":{"rendered":"Seetang Tagliatelle mit Spinat und Pfifferlingen"},"content":{"rendered":"<div class=\"flex mt-10 lg:mt-20 flex-col lg:flex-row\">\n\t<div class=\"lg:w-2\/5\" >\n\t\t<div class=\"relative\" style=\"padding-top:60%\">\n\t\t\t<img loading=\"lazy\" decoding=\"async\" width=\"1024\" height=\"683\" src=\"https:\/\/lofotenseaweedcompany.com\/wp-content\/uploads\/2022\/09\/IMG_8839a-1024x683.jpg\" class=\" object-cover overflow-hidden h-full w-full absolute inset-0  wp-post-image\" alt=\"creamy pasta with chanterelles spinach and seaweed spice mix\" srcset=\"https:\/\/lofotenseaweedcompany.com\/wp-content\/uploads\/2022\/09\/IMG_8839a-1024x683.jpg 1024w, https:\/\/lofotenseaweedcompany.com\/wp-content\/uploads\/2022\/09\/IMG_8839a-scaled-800x533.jpg 800w, https:\/\/lofotenseaweedcompany.com\/wp-content\/uploads\/2022\/09\/IMG_8839a-300x200.jpg 300w, https:\/\/lofotenseaweedcompany.com\/wp-content\/uploads\/2022\/09\/IMG_8839a-768x512.jpg 768w, https:\/\/lofotenseaweedcompany.com\/wp-content\/uploads\/2022\/09\/IMG_8839a-1536x1024.jpg 1536w\" sizes=\"auto, (max-width: 1024px) 100vw, 1024px\" \/>\t\t<\/div>\n\t<\/div>\n\t<div class=\"flex-1 lg:px-10 flex flex-col justify-between\">\n\t\t<div class=\"mt-5 lg:mt-0\">\n\t\t\tPfifferlinge sind fantastisch! Im September und Oktober wachsen sie in den W\u00e4ldern der Lofoten in H\u00fclle und F\u00fclle und sind ein toller Fund f\u00fcr jeden Sammler. In diesem Rezept werden Pfifferlinge mit unseren Seaweed-Tagliatelle und Spinat zu einer erdigen, schmackhaften Mahlzeit kombiniert, die unglaublich n\u00e4hrstoffreich ist. Gew\u00fcrzt wird dieses Gericht mit der Wok &amp; Greens-Gew\u00fcrzmischung von Lofoten Seaweed &#8211; einer duftenden, aromatischen Mischung aus Knoblauch, Koriander, Limette und gefl\u00fcgeltem Seetang. Unsere Seaweed-Tagliatelle eignen sich hervorragend f\u00fcr saftige Gerichte, da sie eine sehr feine Textur haben, an der So\u00dfen leicht haften bleiben. Aber auch normale Tagliatelle eignen sich hervorragend. Wenn Sie keine Pfifferlinge zur Hand haben, k\u00f6nnen Sie auch Ihre Lieblingspilze verwenden &#8211; egal, ob sie im Wald oder im Supermarkt gefunden wurden, sie schmecken einfach super!<br>\t\t<\/div>\n\t\t<div class=\"flex flex-col md:flex-row w-full justify-between text-sm\">\n\t\t\t<div class=\"font-bold mt-3 lg:mt-0\">\n\t\t\t\tErgibt 4 Portionen\t\t\t<\/div>\n\t\t\t<div class=\"mt-3 lg:mt-0\">\n\t\t\t\t\t\t\t<\/div>\n\t\t<\/div>\n\n\t<\/div>\n<\/div>\n\n<div class=\"lg:border-t lg:border-t-px border-sw-primary-light mt-10 pt-4 flex flex-col lg:flex-row\">\n\t<div class=\"w-full lg:w-2\/5 font-bold mb-10 mr-10\">\n\t\t<p class=\"font-bold mb-2\">Ingredients:<\/p>\n\t\t\t\t\t<div class=\"flex mb-1\">\n\t\t\t\t<div class=\"flex-1\">\n\t\t\t\t\t250g Seaweed Tagliatelle\t\t\t\t<\/div>\n\t\t\t<\/div>\n\t\t\t\t\t<div class=\"flex mb-1\">\n\t\t\t\t<div class=\"flex-1\">\n\t\t\t\t\t300g Pfifferlinge\t\t\t\t<\/div>\n\t\t\t<\/div>\n\t\t\t\t\t<div class=\"flex mb-1\">\n\t\t\t\t<div class=\"flex-1\">\n\t\t\t\t\t100g Babyspinat\t\t\t\t<\/div>\n\t\t\t<\/div>\n\t\t\t\t\t<div class=\"flex mb-1\">\n\t\t\t\t<div class=\"flex-1\">\n\t\t\t\t\t80ml Trockener Wei\u00dfwein\t\t\t\t<\/div>\n\t\t\t<\/div>\n\t\t\t\t\t<div class=\"flex mb-1\">\n\t\t\t\t<div class=\"flex-1\">\n\t\t\t\t\t150ml Cr\u00e8me double\t\t\t\t<\/div>\n\t\t\t<\/div>\n\t\t\t\t\t<div class=\"flex mb-1\">\n\t\t\t\t<div class=\"flex-1\">\n\t\t\t\t\t3 Essl\u00f6ffel Oliven\u00f6l\t\t\t\t<\/div>\n\t\t\t<\/div>\n\t\t\t\t\t<div class=\"flex mb-1\">\n\t\t\t\t<div class=\"flex-1\">\n\t\t\t\t\tWok &#038; Greens Gew\u00fcrzmischung\t\t\t\t<\/div>\n\t\t\t<\/div>\n\t\t\t\t\t<div class=\"flex mb-1\">\n\t\t\t\t<div class=\"flex-1\">\n\t\t\t\t\t2 Essl\u00f6ffel Arctic Seaweed Salz\t\t\t\t<\/div>\n\t\t\t<\/div>\n\t\t\t\t\t<div class=\"flex mb-1\">\n\t\t\t\t<div class=\"flex-1\">\n\t\t\t\t\t80g geriebener Parmesan\t\t\t\t<\/div>\n\t\t\t<\/div>\n\t\t\t\t\t<div class=\"flex mb-1\">\n\t\t\t\t<div class=\"flex-1\">\n\t\t\t\t\tSchwarzer Pfeffer\t\t\t\t<\/div>\n\t\t\t<\/div>\n\t\t\t<\/div>\n\t<div class=\"flex-1 mb-10\">\n\t<p class=\"font-bold mb-2\">Directions:<\/p>\n\t\t\t\t\t<div class=\"flex mb-3\">\n\t\t\t\t<div class=\"font-bold w-6 mr-2\">\n\t\t\t\t\t1)\n\t\t\t\t<\/div>\n\t\t\t\t<div class=\"flex-1\">\n\t\t\t\t\t4 Liter Salzwasser zum Kochen bringen. Die Nudeln hinzuf\u00fcgen und 4 Minuten lang bissfest kochen. Die Nudeln abgie\u00dfen und eine Tasse des Kochwassers beiseite stellen.\t\t\t\t<\/div>\n\t\t\t<\/div>\n\t\t\t\t\t<div class=\"flex mb-3\">\n\t\t\t\t<div class=\"font-bold w-6 mr-2\">\n\t\t\t\t\t2)\n\t\t\t\t<\/div>\n\t\t\t\t<div class=\"flex-1\">\n\t\t\t\t\tIn einer gro\u00dfen Bratpfanne das Oliven\u00f6l bei starker Hitze erhitzen. Die Pilze hinzuf\u00fcgen und 2 bis 3 Minuten anbraten. Die Wok &amp; Greens Gew\u00fcrzmischung hinzugeben und umr\u00fchren, um alles gut zu vermischen.\t\t\t\t<\/div>\n\t\t\t<\/div>\n\t\t\t\t\t<div class=\"flex mb-3\">\n\t\t\t\t<div class=\"font-bold w-6 mr-2\">\n\t\t\t\t\t3)\n\t\t\t\t<\/div>\n\t\t\t\t<div class=\"flex-1\">\n\t\t\t\t\tDie Hitze auf mittlere Stufe reduzieren. Den Wei\u00dfwein hinzugeben und k\u00f6cheln lassen, bis die Fl\u00fcssigkeit um zwei Drittel reduziert ist.\t\t\t\t<\/div>\n\t\t\t<\/div>\n\t\t\t\t\t<div class=\"flex mb-3\">\n\t\t\t\t<div class=\"font-bold w-6 mr-2\">\n\t\t\t\t\t4)\n\t\t\t\t<\/div>\n\t\t\t\t<div class=\"flex-1\">\n\t\t\t\t\tDie Sahne und den Spinat hinzuf\u00fcgen. Noch ein paar Minuten k\u00f6cheln lassen, bis die Sauce dickfl\u00fcssig und der Spinat weich geworden ist.\t\t\t\t<\/div>\n\t\t\t<\/div>\n\t\t\t\t\t<div class=\"flex mb-3\">\n\t\t\t\t<div class=\"font-bold w-6 mr-2\">\n\t\t\t\t\t5)\n\t\t\t\t<\/div>\n\t\t\t\t<div class=\"flex-1\">\n\t\t\t\t\tDie Sauce mit den gekochten Nudeln vermischen. Wenn die Sauce zu dickfl\u00fcssig ist, k\u00f6nnen Sie sie mit einem Spritzer des zuvor aufgefangenen Nudelwassers auflockern. \u00dcberpr\u00fcfen Sie die W\u00fcrze und passen Sie sie bei Bedarf an.\t\t\t\t<\/div>\n\t\t\t<\/div>\n\t\t\t\t\t<div class=\"flex mb-3\">\n\t\t\t\t<div class=\"font-bold w-6 mr-2\">\n\t\t\t\t\t6)\n\t\t\t\t<\/div>\n\t\t\t\t<div class=\"flex-1\">\n\t\t\t\t\tAuf vier warme Sch\u00fcsseln aufteilen und nach Belieben mit geriebenem Parmesan und schwarzem Pfeffer bestreuen.\t\t\t\t<\/div>\n\t\t\t<\/div>\n\t\t\t<\/div>\n<\/div>\n\n\n\n\n<p>Sind Sie auch so ein Fan von Seetang Tagliatelle, Spinat und Pfifferling? Dann probieren Sie doch auch mal <a href=\"https:\/\/lofotenseaweedcompany.com\/de\/rezepte\/ueberbackener-dorsch-mit-weisswein-sauce\/\" data-type=\"URL\" data-id=\"https:\/\/lofotenseaweedcompany.com\/recipes\/baked-cod-with-white-wine-sauce\/\">\u00dcberbackener Dorsch mit Wei\u00dfwein Sauce<\/a>!<\/p>\n","protected":false},"excerpt":{"rendered":"<p>Sind Sie auch so ein Fan von Seetang Tagliatelle, Spinat und Pfifferling? Dann probieren Sie doch auch mal \u00dcberbackener Dorsch mit Wei\u00dfwein Sauce!<\/p>\n","protected":false},"author":239,"featured_media":22686,"parent":24328,"menu_order":11,"comment_status":"closed","ping_status":"closed","template":"page-recipes-single.php","meta":{"_acf_changed":false,"footnotes":""},"class_list":["post-25458","page","type-page","status-publish","has-post-thumbnail","hentry"],"acf":[],"_links":{"self":[{"href":"https:\/\/lofotenseaweedcompany.com\/de\/wp-json\/wp\/v2\/pages\/25458","targetHints":{"allow":["GET"]}}],"collection":[{"href":"https:\/\/lofotenseaweedcompany.com\/de\/wp-json\/wp\/v2\/pages"}],"about":[{"href":"https:\/\/lofotenseaweedcompany.com\/de\/wp-json\/wp\/v2\/types\/page"}],"author":[{"embeddable":true,"href":"https:\/\/lofotenseaweedcompany.com\/de\/wp-json\/wp\/v2\/users\/239"}],"replies":[{"embeddable":true,"href":"https:\/\/lofotenseaweedcompany.com\/de\/wp-json\/wp\/v2\/comments?post=25458"}],"version-history":[{"count":2,"href":"https:\/\/lofotenseaweedcompany.com\/de\/wp-json\/wp\/v2\/pages\/25458\/revisions"}],"predecessor-version":[{"id":26991,"href":"https:\/\/lofotenseaweedcompany.com\/de\/wp-json\/wp\/v2\/pages\/25458\/revisions\/26991"}],"up":[{"embeddable":true,"href":"https:\/\/lofotenseaweedcompany.com\/de\/wp-json\/wp\/v2\/pages\/24328"}],"wp:featuredmedia":[{"embeddable":true,"href":"https:\/\/lofotenseaweedcompany.com\/de\/wp-json\/wp\/v2\/media\/22686"}],"wp:attachment":[{"href":"https:\/\/lofotenseaweedcompany.com\/de\/wp-json\/wp\/v2\/media?parent=25458"}],"curies":[{"name":"wp","href":"https:\/\/api.w.org\/{rel}","templated":true}]}}