{"id":22527,"date":"2018-10-03T08:36:16","date_gmt":"2018-10-03T08:36:16","guid":{"rendered":"https:\/\/lofotenseaweedcompany.com\/shop\/arctic-ocean-greens\/"},"modified":"2025-01-30T12:23:58","modified_gmt":"2025-01-30T12:23:58","slug":"arctic-ocean-greens","status":"publish","type":"product","link":"https:\/\/lofotenseaweedcompany.com\/de\/shop\/arctic-ocean-greens\/","title":{"rendered":"Arctic Ocean Greens"},"content":{"rendered":"<div class=\"row\">\n<div class=\"col-md-6 col-md-offset-3\">\n<p>\u2713 Zertifiziert biologisch<\/p>\n<p>\u2713 Nachhaltig geerntet in der arktischen Region Norwegens<\/p>\n<p>\u2713 100% nat\u00fcrlich<\/p>\n<p>\u2713 Perfekt f\u00fcr eine vegane und pflanzenbasierte Ern\u00e4hrung<\/p>\n<p>\u2713 Reich an Vitaminen und Mineralien<\/p>\n<p>\u2713 Nat\u00fcrliche Jodquelle<\/p>\n<p>\u2713 Glutenfrei<\/p>\n<p>\u2713 Salzfrei<\/p>\n<p>\u2713 Perfektes umweltfreundliches Geschenk<\/p>\n<p><strong>Lassen Sie sich inspirieren::<\/strong><\/p>\n<p><a href=\"https:\/\/lofotenseaweedcompany.com\/recipes\/breakfast-porridge-with-simply-seaweed\/\">Fr\u00fchst\u00fccksbrei mit Seetan<\/a><\/p>\n<p><a href=\"https:\/\/lofotenseaweedcompany.com\/recipes\/winged-kelp-pesto-buns\/\">Seetang-Pesto-Br\u00f6tchen<\/a><\/p>\n<p><a href=\"https:\/\/lofotenseaweedcompany.com\/recipes\/seaweed-smoothie\/\">Seetang-Smoothie<\/a><\/p>\n<p><strong>Inhaltsstoffe:<\/strong><\/p>\n<p><a href=\"https:\/\/lofotenseaweedcompany.com\/our-seaweed\/\">Bio-Wildfl\u00fcgelseetang<\/a> (<em>Alaria esculenta<\/em>) 75%, biologisch gez\u00fcchteter Fl\u00fcgelseetan (<em>Alaria esculenta<\/em>) 15%, <a href=\"https:\/\/lofotenseaweedcompany.com\/our-seaweed\/\">Bio-Wildlappentang<\/a> (<em>Palmaria palmata<\/em>) 10%.<\/p>\n<p>Dieses Produkt kann Spuren von <strong>Schalentieren<\/strong>\u00a0enthalten<\/p>\n<p>K\u00fchl und trocken lagern.<\/p>\n<p><strong>Nettogewicht: <\/strong>40g<\/p>\n<p><strong>Warnung:<\/strong><\/p>\n<p>Dieses Produkt enth\u00e4lt 49mg Jod pro 100g. Die empfohlene Tagesdosis betr\u00e4gt 0,15mg. Eine hohe Jodzuzuhr kann die Schilddr\u00fcse beeintr\u00e4chtigen. Wir empfehlen Ihnen, maximal 1\/5 Teel\u00f6ffel pro Person am Tag zu verwenden.<\/p>\n<\/div>\n<div class=\"row\"><\/div>\n<\/div>\n","protected":false},"excerpt":{"rendered":"<p>G\u00f6nnen Sie sich eine leckere Dosis Vitamin SEA mit den \u00abArctic Ocean Greens\u00bb! Wussten Sie, dass Algen die nahrhaftesten Pflanzen der Erde sind? W\u00fcrzen Sie jede Mahlzeit mit unserer Mischung aus Lappentang und Fl\u00fcgeltang f\u00fcr einen gesunden Hauch von Umami-Geschmack. Kochen mit Algen war noch nie einfacher und schmackhafter!<\/p>\n","protected":false},"featured_media":38586,"comment_status":"open","ping_status":"closed","template":"","meta":{"_acf_changed":false},"product_brand":[],"product_cat":[325],"product_tag":[306,1173],"woo-feed-brand":[],"class_list":{"0":"post-22527","1":"product","2":"type-product","3":"status-publish","4":"has-post-thumbnail","6":"product_cat-seetang-flocken","7":"product_tag-seaweed-de","8":"product_tag-umami","10":"first","11":"instock","12":"taxable","13":"shipping-taxable","14":"purchasable","15":"product-type-variable"},"acf":[],"_links":{"self":[{"href":"https:\/\/lofotenseaweedcompany.com\/de\/wp-json\/wp\/v2\/product\/22527","targetHints":{"allow":["GET"]}}],"collection":[{"href":"https:\/\/lofotenseaweedcompany.com\/de\/wp-json\/wp\/v2\/product"}],"about":[{"href":"https:\/\/lofotenseaweedcompany.com\/de\/wp-json\/wp\/v2\/types\/product"}],"replies":[{"embeddable":true,"href":"https:\/\/lofotenseaweedcompany.com\/de\/wp-json\/wp\/v2\/comments?post=22527"}],"wp:featuredmedia":[{"embeddable":true,"href":"https:\/\/lofotenseaweedcompany.com\/de\/wp-json\/wp\/v2\/media\/38586"}],"wp:attachment":[{"href":"https:\/\/lofotenseaweedcompany.com\/de\/wp-json\/wp\/v2\/media?parent=22527"}],"wp:term":[{"taxonomy":"product_brand","embeddable":true,"href":"https:\/\/lofotenseaweedcompany.com\/de\/wp-json\/wp\/v2\/product_brand?post=22527"},{"taxonomy":"product_cat","embeddable":true,"href":"https:\/\/lofotenseaweedcompany.com\/de\/wp-json\/wp\/v2\/product_cat?post=22527"},{"taxonomy":"product_tag","embeddable":true,"href":"https:\/\/lofotenseaweedcompany.com\/de\/wp-json\/wp\/v2\/product_tag?post=22527"},{"taxonomy":"woo-feed-brand","embeddable":true,"href":"https:\/\/lofotenseaweedcompany.com\/de\/wp-json\/wp\/v2\/woo-feed-brand?post=22527"}],"curies":[{"name":"wp","href":"https:\/\/api.w.org\/{rel}","templated":true}]}}