{"id":22532,"date":"2018-10-03T08:30:38","date_gmt":"2018-10-03T08:30:38","guid":{"rendered":"https:\/\/lofotenseaweedcompany.com\/shop\/arctic-seaweed-salt\/"},"modified":"2025-01-30T12:28:33","modified_gmt":"2025-01-30T12:28:33","slug":"arctic-seaweed-salz-2","status":"publish","type":"product","link":"https:\/\/lofotenseaweedcompany.com\/de\/shop\/arctic-seaweed-salz-2\/","title":{"rendered":"Arctic Seaweed Salz"},"content":{"rendered":"<div class=\"row\">\n<div class=\"col-md-6 col-md-offset-3\"><\/div>\n<p>\u2713 Zertifiziert biologisch<\/p>\n<p>\u2713 Nachhaltig geerntet in der arktischen Region Norwegens<\/p>\n<p>\u2713 100% nat\u00fcrlich<\/p>\n<p>\u2713 Perfekt f\u00fcr eine vegane und pflanzenbasierte Ern\u00e4hrung<\/p>\n<p>\u2713 Reich an Vitaminen und Mineralien<\/p>\n<p>\u2713 Nat\u00fcrliche Jodquelle<\/p>\n<p>\u2713 Glutenfrei<\/p>\n<p>\u2713 Perfektes umweltfreundliches Geschenk<\/p>\n<div class=\"col-md-6 col-md-offset-3\">\n<p><strong>Lassen Sie sich inspirieren:<\/strong><\/p>\n<p><a href=\"https:\/\/lofotenseaweedcompany.com\/recipes\/seaweed-salt-pretzel-bites\/\">Seetang-Bretzel-St\u00fcckchen<\/a><\/p>\n<\/div>\n<p><a href=\"https:\/\/lofotenseaweedcompany.com\/recipes\/naan-bread-with-seaweed-salt-2\/\">Seetang-Naan-Brot<\/a><\/p>\n<p><a href=\"https:\/\/lofotenseaweedcompany.com\/recipes\/sweet-potato-and-squash-soup\/\">S\u00fc\u00dfkartoffel- und Seetang-Suppe<\/a><\/p>\n<div class=\"col-md-6 col-md-offset-3\">\n<p><strong>Inhaltstoffe:<\/strong><\/p>\n<\/div>\n<div class=\"col-md-6 col-md-offset-3\">\n<p>Meersalz 86%, <a href=\"https:\/\/lofotenseaweedcompany.com\/our-seaweed\/\">Fl\u00fcgeltang<\/a> (<em>Alaria esculenta<\/em>) 14%<\/p>\n<\/div>\n<\/div>\n<div class=\"row\">\n<p><strong>Allergien:\u00a0<\/strong>Dieses Produkt kann Spuren von <strong>Schalentieren\u00a0<\/strong>enthalten.<\/p>\n<p><strong>Lagerung:\u00a0<\/strong>Trocken und verschlossen aufbewahren.<\/p>\n<p><strong>Nettogewicht:\u00a0<\/strong>60g<\/p>\n<\/div>\n<div class=\"row\">\n<p><strong>Warnung:\u00a0<\/strong>Dieses Produkt enth\u00e4lt 4,9mg Jod pro 100g. Die empfohlene Tagesdosis betr\u00e4gt 0,15mg. Eine hohe Jodzufuhr kann die Schilddr\u00fcse beeintr\u00e4chtigen. Wir empfehlen Ihnen daher, maximal 1\/4 Teel\u00f6ffel pro Person am Tag zu verwenden.<\/p>\n<\/div>\n<p>&nbsp;<\/p>\n<div class=\"row\">\n<table class=\" alignleft\" style=\"height: 177px;\" width=\"15\">\n<thead>\n<tr>\n<th style=\"text-align: left;\"><\/th>\n<th style=\"text-align: left;\"><\/th>\n<th style=\"text-align: left;\"><\/th>\n<\/tr>\n<\/thead>\n<tbody>\n<tr>\n<th style=\"text-align: left;\"><\/th>\n<th style=\"text-align: left;\"><\/th>\n<th style=\"text-align: left;\"><\/th>\n<\/tr>\n<tr>\n<td style=\"text-align: left;\"><\/td>\n<td style=\"text-align: left;\"><\/td>\n<td style=\"text-align: left;\"><\/td>\n<\/tr>\n<tr>\n<td style=\"text-align: left;\"><\/td>\n<td style=\"text-align: left;\"><\/td>\n<td style=\"text-align: left;\"><\/td>\n<\/tr>\n<tr>\n<td style=\"text-align: left;\"><\/td>\n<td style=\"text-align: left;\"><\/td>\n<td style=\"text-align: left;\"><\/td>\n<\/tr>\n<tr>\n<td style=\"text-align: left;\"><\/td>\n<td style=\"text-align: left;\"><\/td>\n<td style=\"text-align: left;\"><\/td>\n<\/tr>\n<tr>\n<td style=\"text-align: left;\"><\/td>\n<td style=\"text-align: left;\"><\/td>\n<td style=\"text-align: left;\"><\/td>\n<\/tr>\n<tr>\n<td style=\"text-align: left;\"><\/td>\n<td style=\"text-align: left;\"><\/td>\n<td style=\"text-align: left;\"><\/td>\n<\/tr>\n<tr>\n<td style=\"text-align: left;\"><\/td>\n<td style=\"text-align: left;\"><\/td>\n<td style=\"text-align: left;\"><\/td>\n<\/tr>\n<tr>\n<td style=\"text-align: left;\"><\/td>\n<td style=\"text-align: left;\"><\/td>\n<td style=\"text-align: left;\"><\/td>\n<\/tr>\n<tr>\n<td style=\"text-align: left;\"><\/td>\n<td style=\"text-align: left;\"><\/td>\n<td><\/td>\n<\/tr>\n<\/tbody>\n<\/table>\n<\/div>\n","protected":false},"excerpt":{"rendered":"<p>Dein t\u00e4gliches Salz ist jetzt noch besser! Arctic Seaweed-Salz ist eine leckere Mischung aus Fl\u00fcgeltang und hochwertigem arktischen Meersalz aus Norwegen. Verwenden Sie es wie normales Salz und w\u00fcrzen Sie Ihre herzhaften Gerichte mit einem Hauch von Umami-Geschmack.<\/p>\n","protected":false},"featured_media":38589,"comment_status":"closed","ping_status":"closed","template":"","meta":{"_acf_changed":false},"product_brand":[],"product_cat":[305],"product_tag":[306],"woo-feed-brand":[],"class_list":{"0":"post-22532","1":"product","2":"type-product","3":"status-publish","4":"has-post-thumbnail","6":"product_cat-seetang-salz","7":"product_tag-seaweed-de","9":"first","10":"instock","11":"taxable","12":"shipping-taxable","13":"purchasable","14":"product-type-variable"},"acf":[],"_links":{"self":[{"href":"https:\/\/lofotenseaweedcompany.com\/de\/wp-json\/wp\/v2\/product\/22532","targetHints":{"allow":["GET"]}}],"collection":[{"href":"https:\/\/lofotenseaweedcompany.com\/de\/wp-json\/wp\/v2\/product"}],"about":[{"href":"https:\/\/lofotenseaweedcompany.com\/de\/wp-json\/wp\/v2\/types\/product"}],"replies":[{"embeddable":true,"href":"https:\/\/lofotenseaweedcompany.com\/de\/wp-json\/wp\/v2\/comments?post=22532"}],"wp:featuredmedia":[{"embeddable":true,"href":"https:\/\/lofotenseaweedcompany.com\/de\/wp-json\/wp\/v2\/media\/38589"}],"wp:attachment":[{"href":"https:\/\/lofotenseaweedcompany.com\/de\/wp-json\/wp\/v2\/media?parent=22532"}],"wp:term":[{"taxonomy":"product_brand","embeddable":true,"href":"https:\/\/lofotenseaweedcompany.com\/de\/wp-json\/wp\/v2\/product_brand?post=22532"},{"taxonomy":"product_cat","embeddable":true,"href":"https:\/\/lofotenseaweedcompany.com\/de\/wp-json\/wp\/v2\/product_cat?post=22532"},{"taxonomy":"product_tag","embeddable":true,"href":"https:\/\/lofotenseaweedcompany.com\/de\/wp-json\/wp\/v2\/product_tag?post=22532"},{"taxonomy":"woo-feed-brand","embeddable":true,"href":"https:\/\/lofotenseaweedcompany.com\/de\/wp-json\/wp\/v2\/woo-feed-brand?post=22532"}],"curies":[{"name":"wp","href":"https:\/\/api.w.org\/{rel}","templated":true}]}}