{"id":22535,"date":"2021-05-07T08:01:40","date_gmt":"2021-05-07T08:01:40","guid":{"rendered":"https:\/\/lofotenseaweedcompany.com\/shop\/smoked-seaweed-salt\/"},"modified":"2024-12-10T14:41:08","modified_gmt":"2024-12-10T14:41:08","slug":"geraeuchertes-seaweed-salz-2","status":"publish","type":"product","link":"https:\/\/lofotenseaweedcompany.com\/de\/shop\/geraeuchertes-seaweed-salz-2\/","title":{"rendered":"Ger\u00e4uchertes Seaweed-Salz"},"content":{"rendered":"<div class=\"row\">\n<div class=\"col-md-6 col-md-offset-3\">\n<p>\u2713 Zertifiziert biologisch<\/p>\n<p>\u2713 Nachhaltig in der arktischen Region Norwegens geerntet<\/p>\n<p>\u2713 100% nat\u00fcrlich<\/p>\n<p>\u2713 Perfekt f\u00fcr eine vegane und pflanzenbasierte Ern\u00e4hrung<\/p>\n<p>\u2713 Reich an Vitaminen und Mineralien<\/p>\n<p>\u2713 Nat\u00fcrliche Jodquelle<\/p>\n<p>\u2713 Glutenfrei<\/p>\n<p>\u2713 Perfektes umweltfreundliches Geschenk<\/p>\n<\/div>\n<p><strong>Lassen Sie sich inspirieren:<\/strong><\/p>\n<div class=\"col-md-6 col-md-offset-3\">\n<p><a href=\"https:\/\/lofotenseaweedcompany.com\/recipes\/pan-roasted-seaweed-gnocchi\/\">Ger\u00e4ucherte Seetang- Gnocchi<\/a><\/p>\n<p><a href=\"https:\/\/lofotenseaweedcompany.com\/recipes\/coleslaw-with-sugar-kelp\/\">Ger\u00e4ucherter Seetang-Krautsalat<\/a><\/p>\n<p><a href=\"https:\/\/lofotenseaweedcompany.com\/recipes\/dahl-lentil-curry-with-winged-kelp\/\">Ger\u00e4ucherter Seetang Dal<\/a><\/p>\n<\/div>\n<div class=\"col-md-6 col-md-offset-3\">\n<p><strong>Inhaltstoffe:<\/strong><\/p>\n<p>Meersalz 87%, \u00a0<a href=\"https:\/\/lofotenseaweedcompany.com\/our-seaweed\/\">ger\u00e4ucherter Fl\u00fcgeltang<\/a> (<em>Alaria esculenta<\/em>) 13%.<\/p>\n<p>Dieses Produkt kann Spuren von <strong>Schalentieren\u00a0<\/strong>enthalten.<\/p>\n<p>K\u00fchl und trocken lagern.<\/p>\n<p><strong>Nettogewicht: <\/strong>60g<\/p>\n<p><strong>Warnung<\/strong>: Dieses Produkt enth\u00e4lt 11,6mg Jod pro 100g. Die empfohlene Tagesdosis betr\u00e4gt 0,15mg. Eine zu hohe Jodzufuhr kann die Schilddr\u00fcse beeintr\u00e4chtigen. Wir empfehlen Ihnen, maximal 1\/5 Teel\u00f6ffel pro Person am Tag zu verwenden.<\/p>\n<\/div>\n<div class=\"row\"><\/div>\n<\/div>\n","protected":false},"excerpt":{"rendered":"<p>Hier vereinen sich hochwertiges Meersalz von den Lofoten und ger\u00e4ucherter Fl\u00fcgeltang! Durch die traditionelle Herstellung, den Fl\u00fcgeltang auf Buchenholz zu r\u00e4uchern, pr\u00e4gt sich ein reichhaltiges Grillaroma aus.<\/p>\n<p>Das feine norwegische Flockensalz f\u00f6rdert den nat\u00fcrlichen Geschmack eines Gerichts, w\u00e4hrend der ger\u00e4ucherte Fl\u00fcgeltang seine Geschmacksnoten unterstreicht und ein besonders gutes Aroma verleiht. So erh\u00e4lt man einen runden, reichhaltigen Geschmack mit einer Meeres-Prise Vitaminen und Mineralstoffen.<\/p>\n","protected":false},"featured_media":38583,"comment_status":"closed","ping_status":"closed","template":"","meta":{"_acf_changed":false},"product_brand":[],"product_cat":[305],"product_tag":[306],"woo-feed-brand":[],"class_list":{"0":"post-22535","1":"product","2":"type-product","3":"status-publish","4":"has-post-thumbnail","6":"product_cat-seetang-salz","7":"product_tag-seaweed-de","9":"first","10":"instock","11":"taxable","12":"shipping-taxable","13":"purchasable","14":"product-type-variable","15":"has-default-attributes"},"acf":[],"_links":{"self":[{"href":"https:\/\/lofotenseaweedcompany.com\/de\/wp-json\/wp\/v2\/product\/22535","targetHints":{"allow":["GET"]}}],"collection":[{"href":"https:\/\/lofotenseaweedcompany.com\/de\/wp-json\/wp\/v2\/product"}],"about":[{"href":"https:\/\/lofotenseaweedcompany.com\/de\/wp-json\/wp\/v2\/types\/product"}],"replies":[{"embeddable":true,"href":"https:\/\/lofotenseaweedcompany.com\/de\/wp-json\/wp\/v2\/comments?post=22535"}],"wp:featuredmedia":[{"embeddable":true,"href":"https:\/\/lofotenseaweedcompany.com\/de\/wp-json\/wp\/v2\/media\/38583"}],"wp:attachment":[{"href":"https:\/\/lofotenseaweedcompany.com\/de\/wp-json\/wp\/v2\/media?parent=22535"}],"wp:term":[{"taxonomy":"product_brand","embeddable":true,"href":"https:\/\/lofotenseaweedcompany.com\/de\/wp-json\/wp\/v2\/product_brand?post=22535"},{"taxonomy":"product_cat","embeddable":true,"href":"https:\/\/lofotenseaweedcompany.com\/de\/wp-json\/wp\/v2\/product_cat?post=22535"},{"taxonomy":"product_tag","embeddable":true,"href":"https:\/\/lofotenseaweedcompany.com\/de\/wp-json\/wp\/v2\/product_tag?post=22535"},{"taxonomy":"woo-feed-brand","embeddable":true,"href":"https:\/\/lofotenseaweedcompany.com\/de\/wp-json\/wp\/v2\/woo-feed-brand?post=22535"}],"curies":[{"name":"wp","href":"https:\/\/api.w.org\/{rel}","templated":true}]}}