{"id":22543,"date":"2021-11-23T11:12:38","date_gmt":"2021-11-23T11:12:38","guid":{"rendered":"https:\/\/lofotenseaweedcompany.com\/shop\/seaweed-seasonings-three-pack\/"},"modified":"2025-01-30T12:31:50","modified_gmt":"2025-01-30T12:31:50","slug":"seaweed-gewuerze-dreierpack","status":"publish","type":"product","link":"https:\/\/lofotenseaweedcompany.com\/de\/shop\/seaweed-gewuerze-dreierpack\/","title":{"rendered":"Seaweed-Gew\u00fcrze (Dreierpack)"},"content":{"rendered":"<div class=\"mb-16 text-lg\">\n<div class=\"col-md-6 col-md-offset-3\">\n<p><strong> Produktbeschreibung:<\/strong><\/p>\n<p>Eine Sammlung unserer drei meistverkauften Gew\u00fcrze in kompakten 20-g-Schachteln. <a href=\"https:\/\/lofotenseaweedcompany.com\/shop\/simply-seaweed\/\">Arctic Ocean Greens<\/a> (eine organische Mischung aus Bio-Wildlappentang und Bio-Wildfl\u00fcgelseetang), <a href=\"https:\/\/lofotenseaweedcompany.com\/shop\/arctic-seaweed-salt\/\">Arctic Seaweed Salt<\/a> (Bio-Wildfl\u00fcgelseetang und Norwegian Meersalz) and <a href=\"https:\/\/lofotenseaweedcompany.com\/shop\/smokey-seaweed-salt\/\">Smoked Seaweed Salt<\/a> (ger\u00e4uchert Bio-Wildfl\u00fcgelseetang und Norwegian Meersalz).<\/p>\n<p>\u2713 Zertifiziert biologisch<\/p>\n<p>\u2713 Nachhaltig geerntet in der arktischen Region Norwegens<\/p>\n<p>\u2713 100% nat\u00fcrlich<\/p>\n<p>\u2713 Perfekt f\u00fcr eine vegane und pflanzenbasierte Ern\u00e4hrung<\/p>\n<p>\u2713 Reich an Vitaminen und Mineralien<\/p>\n<p>\u2713 Nat\u00fcrliche Jodquelle<\/p>\n<p>\u2713 Glutenfrei<\/p>\n<p>\u2713 Perfektes umweltfreundliches Geschenk<\/p>\n<p><strong>Anwendung:<\/strong><\/p>\n<p>Seetang ist eine nat\u00fcrliche Salzalternative mit einer langen Liste von gesundheitlichen Vorteilen. W\u00fcrzen Sie jede Mahlzeit f\u00fcr einen gesunden Kick<\/p>\n<\/div>\n<p><strong>Lassen Sie sich inspirieren:<\/strong><\/p>\n<p><a href=\"https:\/\/lofotenseaweedcompany.com\/recipes\/seaweed-hummus\/\">Seetang-Hummus<\/a><\/p>\n<p><a href=\"https:\/\/lofotenseaweedcompany.com\/recipes\/simply-seaweed-blend-scones-with-cheese\/\">K\u00e4se- Seetang-Br\u00f6tchen<\/a><\/p>\n<p><a href=\"https:\/\/lofotenseaweedcompany.com\/recipes\/https-lofotenseaweed-no-recipes-chocolate-seaweed-and-avocado-brownies\/\">Vegane Seetang-Brownies<\/a><\/p>\n<div class=\"col-md-6 col-md-offset-3\">\n<p><strong>Inhaltstoffe:<\/strong><\/p>\n<p>Bio-Wildfl\u00fcgelseetang (Alaria esculenta) 75%, biologisch gez\u00fcchteter Fl\u00fcgelseetang (Alaria esculenta) 15%, Bio-Wildlappentang (Palmaria palmata) 10% \/ Qualitativ hochwertig norwegisches Meersalz 87%, ger\u00e4ucherter-\/ nat\u00fcrlicher Fl\u00fcgeltang (Alaria esculenta) 13%<\/p>\n<p><strong>Allergene:<\/strong><\/p>\n<p>Dieses Produkt kann Spuren von <strong>Schalentieren <\/strong> enthalten.<\/p>\n<p><strong>Lagerung: <\/strong>K\u00fchl und trocken lagern.<\/p>\n<p><strong>Nettogewicht: <\/strong>3 x 20g<\/p>\n<p><strong>Warnhinweis:<\/strong><\/p>\n<p>Dieses Produkt enth\u00e4lt 46,4mg \/ 11,6mg Jod pro 100g. Die empfohlene Tagesdosis betr\u00e4gt 0,15mg. Eine hohe Jodzuzuhr kann die Schilddr\u00fcse beeintr\u00e4chtigen. Wir empfehlen Ihnen, maximal 1\/3 \/ 1\/5 Teel\u00f6ffel pro Person am Tag zu verwenden.<\/p>\n<\/div>\n<\/div>\n","protected":false},"excerpt":{"rendered":"<p>Unsere drei meistgekauften Produkte \u201eArctic Ocean Greens\u201c, \u201eArctic Seaweed-Salz\u201c und \u201eGer\u00e4uchertes Seaweed-Salz\u201c sind jetzt als kompakte, umweltfreundliche Geschenkbox erh\u00e4ltlich. Ideal f\u00fcr alle, die in der Welt der Meeresalgen die richtige Geschmacksrichtung finden m\u00f6chten oder eine Aufmerksamkeit f\u00fcr einen lieben Menschen suchen. Ein tolles Geschenk f\u00fcr Feinschmecker, Hobby- und Profik\u00f6che!<\/p>\n","protected":false},"featured_media":38692,"comment_status":"closed","ping_status":"closed","template":"","meta":{"_acf_changed":false},"product_brand":[],"product_cat":[325,718,305],"product_tag":[306,1173],"woo-feed-brand":[],"class_list":{"0":"post-22543","1":"product","2":"type-product","3":"status-publish","4":"has-post-thumbnail","6":"product_cat-seetang-flocken","7":"product_cat-seetang-gewurtze","8":"product_cat-seetang-salz","9":"product_tag-seaweed-de","10":"product_tag-umami","12":"first","13":"instock","14":"taxable","15":"shipping-taxable","16":"purchasable","17":"product-type-simple"},"acf":[],"_links":{"self":[{"href":"https:\/\/lofotenseaweedcompany.com\/de\/wp-json\/wp\/v2\/product\/22543","targetHints":{"allow":["GET"]}}],"collection":[{"href":"https:\/\/lofotenseaweedcompany.com\/de\/wp-json\/wp\/v2\/product"}],"about":[{"href":"https:\/\/lofotenseaweedcompany.com\/de\/wp-json\/wp\/v2\/types\/product"}],"replies":[{"embeddable":true,"href":"https:\/\/lofotenseaweedcompany.com\/de\/wp-json\/wp\/v2\/comments?post=22543"}],"wp:featuredmedia":[{"embeddable":true,"href":"https:\/\/lofotenseaweedcompany.com\/de\/wp-json\/wp\/v2\/media\/38692"}],"wp:attachment":[{"href":"https:\/\/lofotenseaweedcompany.com\/de\/wp-json\/wp\/v2\/media?parent=22543"}],"wp:term":[{"taxonomy":"product_brand","embeddable":true,"href":"https:\/\/lofotenseaweedcompany.com\/de\/wp-json\/wp\/v2\/product_brand?post=22543"},{"taxonomy":"product_cat","embeddable":true,"href":"https:\/\/lofotenseaweedcompany.com\/de\/wp-json\/wp\/v2\/product_cat?post=22543"},{"taxonomy":"product_tag","embeddable":true,"href":"https:\/\/lofotenseaweedcompany.com\/de\/wp-json\/wp\/v2\/product_tag?post=22543"},{"taxonomy":"woo-feed-brand","embeddable":true,"href":"https:\/\/lofotenseaweedcompany.com\/de\/wp-json\/wp\/v2\/woo-feed-brand?post=22543"}],"curies":[{"name":"wp","href":"https:\/\/api.w.org\/{rel}","templated":true}]}}