{"id":22544,"date":"2018-03-29T11:17:22","date_gmt":"2018-03-29T11:17:22","guid":{"rendered":"https:\/\/lofotenseaweedcompany.com\/shop\/lofoten-umami-furikake\/"},"modified":"2026-01-20T08:04:04","modified_gmt":"2026-01-20T08:04:04","slug":"lofoten-umami-furikake","status":"publish","type":"product","link":"https:\/\/lofotenseaweedcompany.com\/de\/shop\/lofoten-umami-furikake\/","title":{"rendered":"Lofoten Umami &#8211; Furikake"},"content":{"rendered":"<div class=\"row row-eq-height\">\n<div class=\"col-md-6 col-md-offset-3\">\n<p><strong>Produktbeschreibung:<\/strong><\/p>\n<p>Das Beste aus beiden Welten kombiniert: Seetang und Stockfisch. Unser Lofoten Umami Furikake vereint traditionellen Stockfisch von den Lofoten mit der alten japanischen Kochtradition. Ein schmackhafter Allrounder aus Seetang, Stockfisch und Sesam- f\u00fcr jedes Alter und jeden Geschmack geeignet.<\/p>\n<p><span style=\"font-family: 'Segoe UI Symbol';\">\u2713<\/span> Nachhaltig geerntet in der arktischen Region Norwegens<\/p>\n<p><span style=\"font-family: 'Segoe UI Symbol';\">\u2713<\/span> 100% nat\u00fcrlich<\/p>\n<p><span style=\"font-family: 'Segoe UI Symbol';\">\u2713<\/span> Reich an Vitaminen und Mineralien<\/p>\n<p><span style=\"font-family: 'Segoe UI Symbol';\">\u2713<\/span> Nat\u00fcrliche Jodquelle<\/p>\n<p><span style=\"font-family: 'Segoe UI Symbol';\">\u2713<\/span> Salzfrei<\/p>\n<p><span style=\"font-family: 'Segoe UI Symbol';\">\u2713<\/span> Perfektes umweltfreundliches Geschenk<\/p>\n<p><strong>Anwendung:<\/strong><\/p>\n<p>Furikake (japanisch f\u00fcr Gew\u00fcrzmischung) wird traditionell \u00fcber Reis gestreut, kann aber auch allen Arten von Meeresfr\u00fcchten, von K\u00f6nigskrabbe bis zum Lachsfilet, Geschmack verleihen! Testen Sie auch mal die die norwegische Art und streuen Sie es \u00fcber Ihre Kartoffeln oder in Ihre Fischsuppe.<\/p>\n<p>&nbsp;<\/p>\n<p>Oder verwenden Sie es f\u00fcr ein besonderes Fr\u00fchst\u00fcck als Topping auf Avocado-Toast oder Spiegelei. Wenn Sie ein Sushi-Liebhaber sind, probieren Sie es doch auch mal als Zutat in Maki-R\u00f6llchen.<\/p>\n<p><strong>Inhaltstoffe:<\/strong><\/p>\n<p>Bio-Butare (Alaria esculenta) 36%, <strong>Stockfisch<\/strong> (Gadus morhua, Leinenfisch, Norwegische See) 22%, Zuchtbutare (Alaria esculenta) 10%, wei\u00dfer <strong>Sesam<\/strong> 10%, schwarzer <strong>Sesam<\/strong> 10%, Dulse (Palmaria palmata) 2%.<\/p>\n<p><strong>Allergene:<\/strong><\/p>\n<p><strong>Schalentiere, Fisch, Laktose, Weizen, Soja und Sesam<\/strong><\/p>\n<p><strong>Lagerung:<\/strong><\/p>\n<p>Trocken und verschlossen lagern<\/p>\n<p><strong>Nettogewicht:<\/strong><\/p>\n<p>40g<\/p>\n<p><strong>Warnung:<\/strong><\/p>\n<p>Dieses Produkt enth\u00e4lt 29mg Jod pro 100g. Die empfohlene Tagesdosis betr\u00e4gt 0,15mg. Eine zu hohe Jodzufuhr kann die Schilddr\u00fcse beeintr\u00e4chtigen. Wir empfehlen Ihnen daher, maximal 1\/3 Teel\u00f6ffel pro Person am Tag zu verwenden.<\/p>\n<\/div>\n<\/div>\n","protected":false},"excerpt":{"rendered":"<p>Eine Mischung aus Lappen- und Fl\u00fcgeltang, Sesamsamen und echtem Stockfisch von den Lofoten. Unser japanischer Furikake.<\/p>\n","protected":false},"featured_media":38595,"comment_status":"closed","ping_status":"closed","template":"","meta":{"_acf_changed":false},"product_brand":[],"product_cat":[325],"product_tag":[306,1173],"woo-feed-brand":[],"class_list":{"0":"post-22544","1":"product","2":"type-product","3":"status-publish","4":"has-post-thumbnail","6":"product_cat-seetang-flocken","7":"product_tag-seaweed-de","8":"product_tag-umami","10":"first","11":"instock","12":"taxable","13":"shipping-taxable","14":"purchasable","15":"product-type-variable"},"acf":[],"_links":{"self":[{"href":"https:\/\/lofotenseaweedcompany.com\/de\/wp-json\/wp\/v2\/product\/22544","targetHints":{"allow":["GET"]}}],"collection":[{"href":"https:\/\/lofotenseaweedcompany.com\/de\/wp-json\/wp\/v2\/product"}],"about":[{"href":"https:\/\/lofotenseaweedcompany.com\/de\/wp-json\/wp\/v2\/types\/product"}],"replies":[{"embeddable":true,"href":"https:\/\/lofotenseaweedcompany.com\/de\/wp-json\/wp\/v2\/comments?post=22544"}],"wp:featuredmedia":[{"embeddable":true,"href":"https:\/\/lofotenseaweedcompany.com\/de\/wp-json\/wp\/v2\/media\/38595"}],"wp:attachment":[{"href":"https:\/\/lofotenseaweedcompany.com\/de\/wp-json\/wp\/v2\/media?parent=22544"}],"wp:term":[{"taxonomy":"product_brand","embeddable":true,"href":"https:\/\/lofotenseaweedcompany.com\/de\/wp-json\/wp\/v2\/product_brand?post=22544"},{"taxonomy":"product_cat","embeddable":true,"href":"https:\/\/lofotenseaweedcompany.com\/de\/wp-json\/wp\/v2\/product_cat?post=22544"},{"taxonomy":"product_tag","embeddable":true,"href":"https:\/\/lofotenseaweedcompany.com\/de\/wp-json\/wp\/v2\/product_tag?post=22544"},{"taxonomy":"woo-feed-brand","embeddable":true,"href":"https:\/\/lofotenseaweedcompany.com\/de\/wp-json\/wp\/v2\/woo-feed-brand?post=22544"}],"curies":[{"name":"wp","href":"https:\/\/api.w.org\/{rel}","templated":true}]}}