{"id":22545,"date":"2018-03-29T11:20:59","date_gmt":"2018-03-29T11:20:59","guid":{"rendered":"https:\/\/lofotenseaweedcompany.com\/shop\/lofoten-truffle-seaweed-salt\/"},"modified":"2024-12-10T14:41:07","modified_gmt":"2024-12-10T14:41:07","slug":"trueffeltang-salz","status":"publish","type":"product","link":"https:\/\/lofotenseaweedcompany.com\/de\/shop\/trueffeltang-salz\/","title":{"rendered":"Tr\u00fcffeltang Salz"},"content":{"rendered":"<div class=\"row\">\n<div class=\"col-md-6 col-md-offset-3\">\n<p><strong>Produktbeschreibung:<\/strong><\/p>\n<\/div>\n<p>Eine einzigartige Kombination von qualitativ hochwertigem norwegischen Meersalz und getrocknetem Tr\u00fcffeltang von den Lofoten. Unser beliebter Tr\u00fcffeltang verleiht Ihren Speisen einen Hauch von Tr\u00fcffelgeschmack und verzierte unter anderem die norwegischen Gerichte beim Bocuse d\u00f2r Wettbewerb in Lyon 2019 und gewannen die Bronzemedaille.<\/p>\n<p>Dieses leckere Tr\u00fcffeltang Salz muss man einfachprobiert haben!<\/p>\n<p>\u2713 Zertifiziert biologisch<\/p>\n<p>\u2713 Nachhaltig geerntet in der arktischen Region Norwegens<\/p>\n<p>\u2713 100% nat\u00fcrlich<\/p>\n<p>\u2713 Perfekt f\u00fcr eine vegane und pflanzenbasierte Ern\u00e4hrung<\/p>\n<p>\u2713 Reich an Vitaminen und Mineralien<\/p>\n<p>\u2713 Nat\u00fcrliche Jodquelle<\/p>\n<p>\u2713 Glutenfrei<\/p>\n<p>\u2713 Perfektes umweltfreundliches Geschenk<\/p>\n<div class=\"col-md-6 col-md-offset-3\">\n<p><strong>Anwendung:<\/strong><\/p>\n<p>Dieses Salz passt perfekt zu geschmolzener Butter auf Kartoffeln oder Fisch. Beeindrucken Sie Ihre Familie und Ihre Freunde, indem Sie diesen besonderen Geschmack in ein Risotto, eine Pastaso\u00dfe, eine Pizza oder einfach \u00fcber gebratenes Gem\u00fcse streuen.<\/p>\n<p><strong>Inhaltstoffe:<\/strong><\/p>\n<p>Meersalz 85%, Tr\u00fcffeltang (Vertebrata lanosa) 15%.<\/p>\n<p><strong>Allergene:<\/strong><\/p>\n<p>Dieses Produkt kann Spuren von <strong>Schalentieren<\/strong> enthalten<\/p>\n<p><strong>Lagerung: <\/strong>Trocken und geschlossen lagern<\/p>\n<p><strong>Nettogewicht: <\/strong>60g<\/p>\n<p><strong>Warnung:<\/strong><\/p>\n<p>Dieses Produkt enth\u00e4lt 20mg Jod pro 100g. Die empfohlene Tagesdosis betr\u00e4gt 0,15mg. Eine hohe Jodzufuhr kann die Schilddr\u00fcse beeintr\u00e4chtigen. Wir empfehlen Ihnen, maximal 1\/3 Teel\u00f6ffel pro Person am Tag zu verwenden.<\/p>\n<\/div>\n<div class=\"row\">\n<p>&nbsp;<\/p>\n<\/div>\n<\/div>\n","protected":false},"excerpt":{"rendered":"<p>Eine Mischung aus Tr\u00fcffelalge und norwegischen Meersalz. Den einzigartigen Geschmack des Tr\u00fcffeltangs muss man einfach probiert haben!<\/p>\n","protected":false},"featured_media":38592,"comment_status":"closed","ping_status":"closed","template":"","meta":{"_acf_changed":false},"product_brand":[],"product_cat":[305],"product_tag":[306,1173],"woo-feed-brand":[],"class_list":{"0":"post-22545","1":"product","2":"type-product","3":"status-publish","4":"has-post-thumbnail","6":"product_cat-seetang-salz","7":"product_tag-seaweed-de","8":"product_tag-umami","10":"first","11":"instock","12":"taxable","13":"shipping-taxable","14":"purchasable","15":"product-type-variable"},"acf":[],"_links":{"self":[{"href":"https:\/\/lofotenseaweedcompany.com\/de\/wp-json\/wp\/v2\/product\/22545","targetHints":{"allow":["GET"]}}],"collection":[{"href":"https:\/\/lofotenseaweedcompany.com\/de\/wp-json\/wp\/v2\/product"}],"about":[{"href":"https:\/\/lofotenseaweedcompany.com\/de\/wp-json\/wp\/v2\/types\/product"}],"replies":[{"embeddable":true,"href":"https:\/\/lofotenseaweedcompany.com\/de\/wp-json\/wp\/v2\/comments?post=22545"}],"wp:featuredmedia":[{"embeddable":true,"href":"https:\/\/lofotenseaweedcompany.com\/de\/wp-json\/wp\/v2\/media\/38592"}],"wp:attachment":[{"href":"https:\/\/lofotenseaweedcompany.com\/de\/wp-json\/wp\/v2\/media?parent=22545"}],"wp:term":[{"taxonomy":"product_brand","embeddable":true,"href":"https:\/\/lofotenseaweedcompany.com\/de\/wp-json\/wp\/v2\/product_brand?post=22545"},{"taxonomy":"product_cat","embeddable":true,"href":"https:\/\/lofotenseaweedcompany.com\/de\/wp-json\/wp\/v2\/product_cat?post=22545"},{"taxonomy":"product_tag","embeddable":true,"href":"https:\/\/lofotenseaweedcompany.com\/de\/wp-json\/wp\/v2\/product_tag?post=22545"},{"taxonomy":"woo-feed-brand","embeddable":true,"href":"https:\/\/lofotenseaweedcompany.com\/de\/wp-json\/wp\/v2\/woo-feed-brand?post=22545"}],"curies":[{"name":"wp","href":"https:\/\/api.w.org\/{rel}","templated":true}]}}