{"id":22546,"date":"2022-07-18T10:42:54","date_gmt":"2022-07-18T10:42:54","guid":{"rendered":"https:\/\/lofotenseaweedcompany.com\/shop\/arctic-ocean-pearls\/"},"modified":"2024-08-02T09:33:24","modified_gmt":"2024-08-02T09:33:24","slug":"arctic-ocean-pearls","status":"publish","type":"product","link":"https:\/\/lofotenseaweedcompany.com\/de\/shop\/arctic-ocean-pearls\/","title":{"rendered":"Arctic Ocean Pearls 50g"},"content":{"rendered":"<p><strong>Zutaten:<\/strong> Wasser, ger\u00e4ucherte Wakame-Algen, Salz, Verdickungsmittel E-401 (Natriumalginat), S\u00e4uerungsmittel E-330 (Zitronens\u00e4ure), Konservierungsmittel E-202. Luftdicht verpackt. Pasteurisiert. Keine K\u00fchlung erforderlich. Nach dem \u00d6ffnen im K\u00fchlschrank bei 2 \u2013 12 \u00b0C bis zu 10 Tage aufbewahren. Nicht einfrieren.<\/p>\n<p><strong>N\u00e4hrwertangaben pro 100g:<\/strong> Energie 0 KJ \/ 0 Kcal, Gesamtfett &lt;0,5 g, davon ges\u00e4ttigte Fetts\u00e4uren &lt;0,1 g. Gesamtkohlenhydrate &lt;0,5 g, davon Zucker &lt;0,5 g. Proteine &lt;0,5 g. Salz 2,5 g<\/p>\n<p><strong>Gewicht:<\/strong> 50g<\/p>\n","protected":false},"excerpt":{"rendered":"<p>Neues und verbessertes Rezept! Jetzt mit unserem luxuri\u00f6sen ger\u00e4ucherten Wakame f\u00fcr einen abgerundeten, rauchigen Geschmack.<\/p>\n<p>Arctic Ocean Pearls sind Lofoten Seaweeds Antwort auf Kaviar. Denn diese kleinen Kaviarperlen sind das ideale Topping f\u00fcr Sushi, auf Ei- und Fischgerichten.<\/p>\n<p>Unsere glutenfreien sowie veganen Arctic Ocean Pearls kombinieren den feinen Geschmack von ger\u00e4ucherten Atlantic Wakame (Fl\u00fcgeltang) mit der angenehmen Textur von Rogen. Sie k\u00f6nnen hei\u00df oder kalt genossen werden und behalten auch beim Kochen Farbe, Textur und ihren besonderen Geschmack. Dieses innovative Produkt ist ideal f\u00fcr alle, die ihr Spektrum der kulinarischen Welt erweitern, optisch eindrucksvolle Gerichte zubereiten und am Esstisch f\u00fcr frischen Gespr\u00e4chsstoff sorgen m\u00f6chten.<\/p>\n","protected":false},"featured_media":38751,"comment_status":"closed","ping_status":"closed","template":"","meta":{"_acf_changed":false},"product_brand":[],"product_cat":[326],"product_tag":[],"woo-feed-brand":[],"class_list":{"0":"post-22546","1":"product","2":"type-product","3":"status-publish","4":"has-post-thumbnail","6":"product_cat-seetang-leckereien","8":"first","9":"instock","10":"taxable","11":"shipping-taxable","12":"purchasable","13":"product-type-simple"},"acf":[],"_links":{"self":[{"href":"https:\/\/lofotenseaweedcompany.com\/de\/wp-json\/wp\/v2\/product\/22546","targetHints":{"allow":["GET"]}}],"collection":[{"href":"https:\/\/lofotenseaweedcompany.com\/de\/wp-json\/wp\/v2\/product"}],"about":[{"href":"https:\/\/lofotenseaweedcompany.com\/de\/wp-json\/wp\/v2\/types\/product"}],"replies":[{"embeddable":true,"href":"https:\/\/lofotenseaweedcompany.com\/de\/wp-json\/wp\/v2\/comments?post=22546"}],"wp:featuredmedia":[{"embeddable":true,"href":"https:\/\/lofotenseaweedcompany.com\/de\/wp-json\/wp\/v2\/media\/38751"}],"wp:attachment":[{"href":"https:\/\/lofotenseaweedcompany.com\/de\/wp-json\/wp\/v2\/media?parent=22546"}],"wp:term":[{"taxonomy":"product_brand","embeddable":true,"href":"https:\/\/lofotenseaweedcompany.com\/de\/wp-json\/wp\/v2\/product_brand?post=22546"},{"taxonomy":"product_cat","embeddable":true,"href":"https:\/\/lofotenseaweedcompany.com\/de\/wp-json\/wp\/v2\/product_cat?post=22546"},{"taxonomy":"product_tag","embeddable":true,"href":"https:\/\/lofotenseaweedcompany.com\/de\/wp-json\/wp\/v2\/product_tag?post=22546"},{"taxonomy":"woo-feed-brand","embeddable":true,"href":"https:\/\/lofotenseaweedcompany.com\/de\/wp-json\/wp\/v2\/woo-feed-brand?post=22546"}],"curies":[{"name":"wp","href":"https:\/\/api.w.org\/{rel}","templated":true}]}}