{"id":22547,"date":"2018-10-03T10:07:42","date_gmt":"2018-10-03T10:07:42","guid":{"rendered":"https:\/\/lofotenseaweedcompany.com\/shop\/dark-chocolate-with-sugar-kelp\/"},"modified":"2025-01-30T12:21:35","modified_gmt":"2025-01-30T12:21:35","slug":"dunkle-schokolade-mit-zuckertang","status":"publish","type":"product","link":"https:\/\/lofotenseaweedcompany.com\/de\/shop\/dunkle-schokolade-mit-zuckertang\/","title":{"rendered":"Algenschokolade"},"content":{"rendered":"<div class=\"row\">\n<div class=\"col-md-6 col-md-offset-3\">\n<p>Dunkle Schokolade mit Zuckertang<\/p>\n<p><strong>Inhaltstoffe:<\/strong><\/p>\n<p>Dunkle Manjari-Schokolade, Kakaopulver, Zucker, Kakaobutter, Zuckertang (Saccharina latissima),\u00a0<strong>Milchpulver<\/strong>, <strong>Soja-Lecithin<\/strong><\/p>\n<p><strong>Allergene:<\/strong><\/p>\n<p>Dieses Produkt kann Spuren von\u00a0<b>Schalentieren, N\u00fcssen, Gluten, Lupine, Ei<\/b> enthalten<\/p>\n<p><strong>Lagerung: <\/strong>Trocken und geschlossen bei 14- 16\u00b0C lagern.<\/p>\n<p><strong>Nettogewicht: <\/strong>70g<\/p>\n<\/div>\n<p>Wei\u00dfe Schokolade mit Himbeere und Lappentang<\/p>\n<p><strong>Zutaten:<\/strong><\/p>\n<p>Opalys 33 % wei\u00dfe Schokolade, Kakaobutter, Zucker, Milchpulver, Himbeere, Lappentang (Palmaria palmata), Vanille, Sojalecithin.<\/p>\n<p><strong>Allergien:<\/strong><\/p>\n<p>Dieses Produkt kann Spuren von Schalentieren, N\u00fcssen, Gluten, Lupinen und Ei enthalten.<\/p>\n<p><strong>Lagerung:<\/strong> Trocken und verschlossen bei 14 bis 16 \u00b0C aufbewahren.<\/p>\n<p><strong>Gewicht:<\/strong> 70 g<\/p>\n<div class=\"col-md-6 col-md-offset-3\">\n<p><strong>Adresse der Schokoladen-Manufaktur:<\/strong><\/p>\n<p>Storgata 3, 8006<br \/>\nSentrumsg\u00e5rden<br \/>\nBod\u00f8, Norway<\/p>\n<\/div>\n<\/div>\n","protected":false},"excerpt":{"rendered":"<p>Algenschokolade vom preisgekr\u00f6nten Chocolatier, Craig Alibone.<\/p>\n<p>Dunkle Schokolade aus seltenen, sortenreinen Kakaobohnen aus Madagaskar. Ein s\u00e4uerliches Bouquet mit Noten von roten Fr\u00fcchten, angereichert mit umamireichem Zuckertang von den Lofoten.<\/p>\n<p>Wei\u00dfe Schokolade ist dezent s\u00fc\u00df mit einem Hauch von frischer Milch und zarter Vanille. Highlights sind scharfe Himbeeren und rauchiger Bio-Lappentang von den Lofoten.<\/p>\n<p>Perfekt ausgewogene Aromen und seidig-weiche Texturen vereinen sich zu einem k\u00f6stlichen Genuss.<\/p>\n","protected":false},"featured_media":38723,"comment_status":"closed","ping_status":"closed","template":"","meta":{"_acf_changed":false},"product_brand":[],"product_cat":[326],"product_tag":[245,244,307,306,1173],"woo-feed-brand":[],"class_list":{"0":"post-22547","1":"product","2":"type-product","3":"status-publish","4":"has-post-thumbnail","6":"product_cat-seetang-leckereien","7":"product_tag-christmas-de","8":"product_tag-gift-box-de","9":"product_tag-schokolade","10":"product_tag-seaweed-de","11":"product_tag-umami","13":"first","14":"instock","15":"taxable","16":"shipping-taxable","17":"purchasable","18":"product-type-variable"},"acf":[],"_links":{"self":[{"href":"https:\/\/lofotenseaweedcompany.com\/de\/wp-json\/wp\/v2\/product\/22547","targetHints":{"allow":["GET"]}}],"collection":[{"href":"https:\/\/lofotenseaweedcompany.com\/de\/wp-json\/wp\/v2\/product"}],"about":[{"href":"https:\/\/lofotenseaweedcompany.com\/de\/wp-json\/wp\/v2\/types\/product"}],"replies":[{"embeddable":true,"href":"https:\/\/lofotenseaweedcompany.com\/de\/wp-json\/wp\/v2\/comments?post=22547"}],"wp:featuredmedia":[{"embeddable":true,"href":"https:\/\/lofotenseaweedcompany.com\/de\/wp-json\/wp\/v2\/media\/38723"}],"wp:attachment":[{"href":"https:\/\/lofotenseaweedcompany.com\/de\/wp-json\/wp\/v2\/media?parent=22547"}],"wp:term":[{"taxonomy":"product_brand","embeddable":true,"href":"https:\/\/lofotenseaweedcompany.com\/de\/wp-json\/wp\/v2\/product_brand?post=22547"},{"taxonomy":"product_cat","embeddable":true,"href":"https:\/\/lofotenseaweedcompany.com\/de\/wp-json\/wp\/v2\/product_cat?post=22547"},{"taxonomy":"product_tag","embeddable":true,"href":"https:\/\/lofotenseaweedcompany.com\/de\/wp-json\/wp\/v2\/product_tag?post=22547"},{"taxonomy":"woo-feed-brand","embeddable":true,"href":"https:\/\/lofotenseaweedcompany.com\/de\/wp-json\/wp\/v2\/woo-feed-brand?post=22547"}],"curies":[{"name":"wp","href":"https:\/\/api.w.org\/{rel}","templated":true}]}}