{"id":22549,"date":"2019-12-06T13:32:56","date_gmt":"2019-12-06T13:32:56","guid":{"rendered":"https:\/\/lofotenseaweedcompany.com\/shop\/seaweed-pasta-tagliatelle-winged-kelp\/"},"modified":"2025-02-12T12:11:53","modified_gmt":"2025-02-12T12:11:53","slug":"seaweed-pasta-tagliatelle-winged-kelp","status":"publish","type":"product","link":"https:\/\/lofotenseaweedcompany.com\/de\/shop\/seaweed-pasta-tagliatelle-winged-kelp\/","title":{"rendered":"Seaweed Pasta"},"content":{"rendered":"<div class=\"row\">\n<div class=\"col-md-6 col-md-offset-3\">\n<p><strong>Produktbeschreibung:<\/strong><\/p>\n<p>Diese einzigartige Pasta kombiniert das Beste aus zwei Welten. Handgeernteter Bio-Fl\u00fcgeltang von den Lofoten mit den feinsten handgemachten Tagliatelle aus Italien von Filotea Pasta.<\/p>\n<p>Die Pasta wird nach alter italienischer Tradition handgefertigt und luftgetrocknet<\/p>\n<p><span style=\"font-family: 'Segoe UI Symbol';\">\u2713<\/span><span style=\"font-family: Calibri;\"> Nachhaltig geerntet in der arktischen Region Norwegens<\/span><\/p>\n<p><span style=\"font-family: 'Segoe UI Symbol';\">\u2713<\/span><span style=\"font-family: Calibri;\"> Handgefertigt in Italien<\/span><\/p>\n<p><span style=\"font-family: 'Segoe UI Symbol';\">\u2713<\/span><span style=\"font-family: Calibri;\"> Das perfekte umweltfreundliche Geschenk<\/span><\/p>\n<p><span style=\"font-family: 'Segoe UI Symbol';\">\u2713<\/span><span style=\"font-family: Calibri;\"> Echte italienische Tagliatelle mit nat\u00fcrlichem Fl\u00fcgeltang<\/span><\/p>\n<p><strong>Anwendung:<\/strong><\/p>\n<p>Dauer der Zubereitung betr\u00e4gt 4-6 Minuten, Die ideale Menge f\u00fcr vier Personen.<\/p>\n<p><strong>Inhaltstoffe:<\/strong><br \/>\n<strong>Hartweizengrie\u00df,<\/strong>\u00a0<strong>Ei<\/strong>\u00a0(32%), atlantischer Fl\u00fcgeltang (<em>Alaria esculenta<\/em>) (3%).<\/p>\n<p><strong>Lagerung: <\/strong>K\u00fchl und trocken lagern, ohne Lichteinstrahlung und Hitze.<\/p>\n<p><strong>Nettogewicht: <\/strong>250g<\/p>\n<p><strong>Adresse der Manufaktur:<\/strong><\/p>\n<p>Filotea Pasta<br \/>\nVia Primo Maggio, 56<br \/>\n60131 &#8211; Ancona &#8211; Italy<br \/>\nITALY<br \/>\nHergestellt in Italien<\/p>\n<p><strong>Warnung:<\/strong><\/p>\n<p>Dieses Produkt enth\u00e4lt 11,4mg Jod pro 100g. Die empfohlene Tagesdosis betr\u00e4gt 0,15mg. Eine zu hohe Jodzufuhr kann die Schilddr\u00fcse beeintr\u00e4chtigen. Das Kochen im Wasser senkt die Jodkonzentration.<\/p>\n<div class=\"row\"><\/div>\n<\/div>\n<\/div>\n","protected":false},"excerpt":{"rendered":"<p>Handgemachte italienische Pasta mit Seetang von den Lofoten. Eine geschmackliche Innovation, die sich perfekt f\u00fcr Fischgerichte eignet.<\/p>\n","protected":false},"featured_media":38729,"comment_status":"open","ping_status":"closed","template":"","meta":{"_acf_changed":false},"product_brand":[],"product_cat":[326],"product_tag":[306,1173],"woo-feed-brand":[],"class_list":{"0":"post-22549","1":"product","2":"type-product","3":"status-publish","4":"has-post-thumbnail","6":"product_cat-seetang-leckereien","7":"product_tag-seaweed-de","8":"product_tag-umami","10":"first","11":"instock","12":"taxable","13":"shipping-taxable","14":"purchasable","15":"product-type-simple"},"acf":[],"_links":{"self":[{"href":"https:\/\/lofotenseaweedcompany.com\/de\/wp-json\/wp\/v2\/product\/22549","targetHints":{"allow":["GET"]}}],"collection":[{"href":"https:\/\/lofotenseaweedcompany.com\/de\/wp-json\/wp\/v2\/product"}],"about":[{"href":"https:\/\/lofotenseaweedcompany.com\/de\/wp-json\/wp\/v2\/types\/product"}],"replies":[{"embeddable":true,"href":"https:\/\/lofotenseaweedcompany.com\/de\/wp-json\/wp\/v2\/comments?post=22549"}],"wp:featuredmedia":[{"embeddable":true,"href":"https:\/\/lofotenseaweedcompany.com\/de\/wp-json\/wp\/v2\/media\/38729"}],"wp:attachment":[{"href":"https:\/\/lofotenseaweedcompany.com\/de\/wp-json\/wp\/v2\/media?parent=22549"}],"wp:term":[{"taxonomy":"product_brand","embeddable":true,"href":"https:\/\/lofotenseaweedcompany.com\/de\/wp-json\/wp\/v2\/product_brand?post=22549"},{"taxonomy":"product_cat","embeddable":true,"href":"https:\/\/lofotenseaweedcompany.com\/de\/wp-json\/wp\/v2\/product_cat?post=22549"},{"taxonomy":"product_tag","embeddable":true,"href":"https:\/\/lofotenseaweedcompany.com\/de\/wp-json\/wp\/v2\/product_tag?post=22549"},{"taxonomy":"woo-feed-brand","embeddable":true,"href":"https:\/\/lofotenseaweedcompany.com\/de\/wp-json\/wp\/v2\/woo-feed-brand?post=22549"}],"curies":[{"name":"wp","href":"https:\/\/api.w.org\/{rel}","templated":true}]}}