{"id":22569,"date":"2018-10-03T10:26:11","date_gmt":"2018-10-03T10:26:11","guid":{"rendered":"https:\/\/lofotenseaweedcompany.com\/shop\/whole-leaf-winged-kelp-wakame\/"},"modified":"2025-02-12T12:22:26","modified_gmt":"2025-02-12T12:22:26","slug":"ganze-blaetter-fluegeltang-wakame","status":"publish","type":"product","link":"https:\/\/lofotenseaweedcompany.com\/de\/shop\/ganze-blaetter-fluegeltang-wakame\/","title":{"rendered":"Fl\u00fcgeltang &#8211; Wakame"},"content":{"rendered":"<div class=\"row\">\n<div class=\"col-md-6 col-md-offset-3\">\n<p><strong>Anwendung:<\/strong><\/p>\n<p>Ganze Bl\u00e4tter vom Fl\u00fcgeltang k\u00f6nnen als Gem\u00fcse oder Salatblatt genutzt werden. Lassen Sie sie zun\u00e4chst einweichen und kochen, braten oder zerkleinern sie anschlie\u00dfend die Bl\u00e4tter. Besonders lecker schmeckt der Fl\u00fcgeltang, wenn Sie ihn in warmen Wasser einweichen und in Salaten und Suppen verwenden. In Kombination mit Fisch, Fleisch oder Gem\u00fcse ist er eine Delikatesse!<\/p>\n<div><b><span lang=\"EN-US\">Inhaltstoffe<\/span><\/b>:<\/div>\n<p>Ganze Bl\u00e4tter Fl\u00fcgeltangs (Wakame), bekannt unter dem lateinischen Namen Alaria esculenta<\/p>\n<div><b>Allergene<\/b>:<\/div>\n<p>Kann Spuren von Schalentieren enthalten<\/p>\n<div><b>Lagerung<\/b><strong>: <\/strong>Trocken und verschlossen lagern<\/div>\n<p><strong>Nettogewicht<\/strong>: 25g<\/p>\n<div class=\"col-md-6 col-md-offset-3\">\n<p><strong>Warnung:<\/strong><\/p>\n<p>Dieses Produkt enth\u00e4lt 46,4mg Jod pro 100g. Die empfohlene Tagesdosis betr\u00e4gt 0,15mg. Eine hohe Jodzufuhr kann die Schilddr\u00fcse beeintr\u00e4chtigen. Wir empfehlen Ihnen daher, maximal 1\/5 Teel\u00f6ffel pro Person am Tag zu verwenden.<\/p>\n<\/div>\n<div class=\"row\">\n<div><b><span lang=\"EN-US\">N\u00e4hrwertangaben<\/span><\/b><strong>:<\/strong><\/div>\n<\/div>\n<table>\n<thead>\n<tr>\n<th>N\u00e4hrwerte<\/th>\n<th>Per 100g<\/th>\n<th>Pro Portion (0.3 gramm)<\/th>\n<\/tr>\n<\/thead>\n<tbody>\n<tr>\n<td>Energie (KJ)<\/td>\n<td>861<\/td>\n<td>2.8<\/td>\n<\/tr>\n<tr>\n<td>Fette (g)<\/td>\n<td>2.2<\/td>\n<td>0.01<\/td>\n<\/tr>\n<tr>\n<td>Kohlenhydrate (g<\/td>\n<td>17<\/td>\n<td>0.06<\/td>\n<\/tr>\n<tr>\n<td>Davon Zucker(g)<\/td>\n<td>0.1<\/td>\n<td>0<\/td>\n<\/tr>\n<tr>\n<td>Balaststoffe (g)<\/td>\n<td>40.8<\/td>\n<td>0.13<\/td>\n<\/tr>\n<tr>\n<td>Eiwei\u00df (g)<\/td>\n<td>10.1<\/td>\n<td>0.03<\/td>\n<\/tr>\n<tr>\n<td>Salz (g)<\/td>\n<td>3.5<\/td>\n<td>0.01<\/td>\n<\/tr>\n<tr>\n<td>Jod (mg)<\/td>\n<td>46.4<\/td>\n<td>0.15<\/td>\n<\/tr>\n<tr>\n<td>% der empfohlenen Tagesdosis (0.15mg)<\/td>\n<td><\/td>\n<td>99%<\/td>\n<\/tr>\n<\/tbody>\n<\/table>\n<\/div>\n<p>&nbsp;<\/p>\n<\/div>\n","protected":false},"excerpt":{"rendered":"<p>Ganze Bl\u00e4tter getrockneten Fl\u00fcgeltangs. Werden Sie mit diesem k\u00f6stlichen Meeresgem\u00fcse kreativ in der K\u00fcche<\/p>\n","protected":false},"featured_media":38726,"comment_status":"closed","ping_status":"closed","template":"","meta":{"_acf_changed":false},"product_brand":[],"product_cat":[263],"product_tag":[327,306,1173],"woo-feed-brand":[],"class_list":{"0":"post-22569","1":"product","2":"type-product","3":"status-publish","4":"has-post-thumbnail","6":"product_cat-ganze-blaetter","7":"product_tag-ganze-blaetter","8":"product_tag-seaweed-de","9":"product_tag-umami","11":"first","12":"instock","13":"taxable","14":"shipping-taxable","15":"purchasable","16":"product-type-simple"},"acf":[],"_links":{"self":[{"href":"https:\/\/lofotenseaweedcompany.com\/de\/wp-json\/wp\/v2\/product\/22569","targetHints":{"allow":["GET"]}}],"collection":[{"href":"https:\/\/lofotenseaweedcompany.com\/de\/wp-json\/wp\/v2\/product"}],"about":[{"href":"https:\/\/lofotenseaweedcompany.com\/de\/wp-json\/wp\/v2\/types\/product"}],"replies":[{"embeddable":true,"href":"https:\/\/lofotenseaweedcompany.com\/de\/wp-json\/wp\/v2\/comments?post=22569"}],"wp:featuredmedia":[{"embeddable":true,"href":"https:\/\/lofotenseaweedcompany.com\/de\/wp-json\/wp\/v2\/media\/38726"}],"wp:attachment":[{"href":"https:\/\/lofotenseaweedcompany.com\/de\/wp-json\/wp\/v2\/media?parent=22569"}],"wp:term":[{"taxonomy":"product_brand","embeddable":true,"href":"https:\/\/lofotenseaweedcompany.com\/de\/wp-json\/wp\/v2\/product_brand?post=22569"},{"taxonomy":"product_cat","embeddable":true,"href":"https:\/\/lofotenseaweedcompany.com\/de\/wp-json\/wp\/v2\/product_cat?post=22569"},{"taxonomy":"product_tag","embeddable":true,"href":"https:\/\/lofotenseaweedcompany.com\/de\/wp-json\/wp\/v2\/product_tag?post=22569"},{"taxonomy":"woo-feed-brand","embeddable":true,"href":"https:\/\/lofotenseaweedcompany.com\/de\/wp-json\/wp\/v2\/woo-feed-brand?post=22569"}],"curies":[{"name":"wp","href":"https:\/\/api.w.org\/{rel}","templated":true}]}}