{"id":22571,"date":"2020-04-07T18:15:13","date_gmt":"2020-04-07T18:15:13","guid":{"rendered":"https:\/\/lofotenseaweedcompany.com\/shop\/seaweed-for-bread-winged-kelp\/"},"modified":"2025-10-06T07:29:55","modified_gmt":"2025-10-06T07:29:55","slug":"meeresalgen-mischung-fuer-brot","status":"publish","type":"product","link":"https:\/\/lofotenseaweedcompany.com\/de\/shop\/meeresalgen-mischung-fuer-brot\/","title":{"rendered":"Meeresalgen Mischung f\u00fcr Brot"},"content":{"rendered":"<div class=\"row\">\n<div>\n<p><b>Produktbeschreibung<\/b><strong>:<\/strong><\/p>\n<\/div>\n<p style=\"margin: 0in; font-size: 11.0pt;\"><span style=\"font-family: 'Segoe UI Symbol';\">\u2713<\/span><span style=\"font-family: Calibri;\">\u00a0 Zertifiziert biologisch<br \/>\n<\/span><\/p>\n<p style=\"margin: 0in; font-size: 11.0pt;\"><span style=\"font-family: 'Segoe UI Symbol';\">\u2713<\/span><span style=\"font-family: Calibri;\"> Nachhaltig geerntet in der arktischen Region Norwegens<\/span><\/p>\n<p style=\"margin: 0in; font-size: 11.0pt;\"><span style=\"font-family: 'Segoe UI Symbol';\">\u2713<\/span><span style=\"font-family: Calibri;\"> 100% nat\u00fcrlich<\/span><\/p>\n<p style=\"margin: 0in; font-size: 11.0pt;\"><span style=\"font-family: 'Segoe UI Symbol';\">\u2713<\/span><span style=\"font-family: Calibri;\"> Perfekt f\u00fcr eine vegane und pflanzenbasierte Ern\u00e4hrung<br \/>\n<\/span><\/p>\n<p style=\"margin: 0in; font-size: 11.0pt;\"><span style=\"font-family: 'Segoe UI Symbol';\">\u2713<\/span><span style=\"font-family: Calibri;\"> Reich an Vitaminen und Mineralien<br \/>\n<\/span><\/p>\n<p style=\"margin: 0in; font-size: 11.0pt;\"><span style=\"font-family: 'Segoe UI Symbol';\">\u2713<\/span><span style=\"font-family: Calibri;\"> Nat\u00fcrliche Jodquelle<br \/>\n<\/span><\/p>\n<p style=\"margin: 0in; font-size: 11.0pt;\"><span style=\"font-family: 'Segoe UI Symbol';\">\u2713<\/span><span style=\"font-family: Calibri;\"> Glutenfrei<br \/>\n<\/span><\/p>\n<p style=\"margin: 0in; font-size: 11.0pt;\"><span style=\"font-family: 'Segoe UI Symbol';\">\u2713<\/span><span style=\"font-family: Calibri;\"> Salzfrei<br \/>\n<\/span><\/p>\n<p style=\"margin: 0in; font-size: 11.0pt;\"><span style=\"font-family: 'Segoe UI Symbol';\">\u2713<\/span><span style=\"font-family: Calibri;\"> Perfektes umweltfreundliches Geschenk<br \/>\n<\/span><\/p>\n<div><b><br \/>\nInhaltstoffe<\/b><\/div>\n<div class=\"page\" title=\"Page 1\">\n<div class=\"layoutArea\">\n<div class=\"column\">\n<p>Bio-Wilfl\u00fcgeltang (Alaria esculenta)<\/p>\n<\/div>\n<\/div>\n<\/div>\n<div><b>Allergien:<\/b><\/div>\n<p>Dieses Produkt kann Spuren von\u00a0<strong> Schalentieren <\/strong> enthalten<\/p>\n<p><strong>Lagerung: <\/strong>K\u00fchl und trocken lagern<\/p>\n<p><strong>Nettogewicht: <\/strong>80g<\/p>\n<p><strong>Warnung:<\/strong><\/p>\n<p>Dieses Produkt enth\u00e4lt 89mg Jod pro 100g. Die empfohlene Tagesdosis betr\u00e4gt 0,15mg und die zugelassene H\u00f6chstmenge liegt bei 0,60mg. Eine hohe Jodzuzuhr kann die Schilddr\u00fcse beeintr\u00e4chtigen. Wir empfehlen Ihnen, maximal zwei Teel\u00f6ffel des Fl\u00fcgeltang pro Brot zu verwenden und nicht mehr als drei Scheiben des Seetang-Brots pro Tag zu sich zu nehmen.<\/p>\n<p>&nbsp;<\/p>\n<\/div>\n<p><strong>N\u00e4hrwerte:<\/strong><\/p>\n<table style=\"height: 293px;\" width=\"321\">\n<thead>\n<tr>\n<th>Type<\/th>\n<th>Per 100g<\/th>\n<\/tr>\n<\/thead>\n<tbody>\n<tr>\n<td>Energie (KJ)<\/td>\n<td>865<\/td>\n<\/tr>\n<tr>\n<td>Fette (g)<\/td>\n<td>2.3<\/td>\n<\/tr>\n<tr>\n<td>Kohlenhydrate (g)<\/td>\n<td>16.8<\/td>\n<\/tr>\n<tr>\n<td>Davon Zucker (g)<\/td>\n<td>0.15<\/td>\n<\/tr>\n<tr>\n<td>Balaststoffe (g)<\/td>\n<td>42.1<\/td>\n<\/tr>\n<tr>\n<td>Eiwei\u00df (g)<\/td>\n<td>9.3<\/td>\n<\/tr>\n<tr>\n<td>Salz (g)<\/td>\n<td>3.5<\/td>\n<\/tr>\n<tr>\n<td>Jod (mg)<\/td>\n<td>89<\/td>\n<\/tr>\n<\/tbody>\n<\/table>\n","protected":false},"excerpt":{"rendered":"<p>Handgeernteter fein gemahlener Fl\u00fcgeltang, der Ihren Backwaren einen geschmackvollen und nahrhaften Touch verleiht.<\/p>\n","protected":false},"featured_media":38757,"comment_status":"closed","ping_status":"closed","template":"","meta":{"_acf_changed":false},"product_brand":[],"product_cat":[325],"product_tag":[306,1173],"woo-feed-brand":[],"class_list":{"0":"post-22571","1":"product","2":"type-product","3":"status-publish","4":"has-post-thumbnail","6":"product_cat-seetang-flocken","7":"product_tag-seaweed-de","8":"product_tag-umami","10":"first","11":"instock","12":"taxable","13":"shipping-taxable","14":"purchasable","15":"product-type-variable","16":"has-default-attributes"},"acf":[],"_links":{"self":[{"href":"https:\/\/lofotenseaweedcompany.com\/de\/wp-json\/wp\/v2\/product\/22571","targetHints":{"allow":["GET"]}}],"collection":[{"href":"https:\/\/lofotenseaweedcompany.com\/de\/wp-json\/wp\/v2\/product"}],"about":[{"href":"https:\/\/lofotenseaweedcompany.com\/de\/wp-json\/wp\/v2\/types\/product"}],"replies":[{"embeddable":true,"href":"https:\/\/lofotenseaweedcompany.com\/de\/wp-json\/wp\/v2\/comments?post=22571"}],"wp:featuredmedia":[{"embeddable":true,"href":"https:\/\/lofotenseaweedcompany.com\/de\/wp-json\/wp\/v2\/media\/38757"}],"wp:attachment":[{"href":"https:\/\/lofotenseaweedcompany.com\/de\/wp-json\/wp\/v2\/media?parent=22571"}],"wp:term":[{"taxonomy":"product_brand","embeddable":true,"href":"https:\/\/lofotenseaweedcompany.com\/de\/wp-json\/wp\/v2\/product_brand?post=22571"},{"taxonomy":"product_cat","embeddable":true,"href":"https:\/\/lofotenseaweedcompany.com\/de\/wp-json\/wp\/v2\/product_cat?post=22571"},{"taxonomy":"product_tag","embeddable":true,"href":"https:\/\/lofotenseaweedcompany.com\/de\/wp-json\/wp\/v2\/product_tag?post=22571"},{"taxonomy":"woo-feed-brand","embeddable":true,"href":"https:\/\/lofotenseaweedcompany.com\/de\/wp-json\/wp\/v2\/woo-feed-brand?post=22571"}],"curies":[{"name":"wp","href":"https:\/\/api.w.org\/{rel}","templated":true}]}}