{"id":24343,"date":"2022-11-18T09:51:29","date_gmt":"2022-11-18T09:51:29","guid":{"rendered":"https:\/\/lofotenseaweedcompany.com\/shop\/lofoten-seaweed-body-soap\/"},"modified":"2025-01-30T13:46:49","modified_gmt":"2025-01-30T13:46:49","slug":"lofoten-seaweed-seife","status":"publish","type":"product","link":"https:\/\/lofotenseaweedcompany.com\/de\/shop\/lofoten-seaweed-seife\/","title":{"rendered":"Seaweed Seife"},"content":{"rendered":"<p>Artikelbeschreibung:<\/p>\n<p>Der auf den Lofoten wild wachsende und von Hand geerntete Knotentang ist Basis dieser veganen und feinen Seife. Knotentang enth\u00e4lt Mineralien, die angenehm einziehen, revitalisieren, entgiften und die Haut aktivieren. Dar\u00fcber hinaus unterst\u00fctzen seine entz\u00fcndungshemmenden Eigenschaften die Behandlungen von Akne und die Heilungsprozesse gesch\u00e4digter Haut.<\/p>\n<p>Unsere Lofoten Seaweed Body Soap wird von Arctic Origins handgefertigt und ist 100% biologisch. Dank ihrer \u00e4therischen \u00d6le aus Zitronengras verleiht unsere Seife deiner Haut einen nat\u00fcrlichen Schimmer und erfrischenden Duft.<\/p>\n","protected":false},"excerpt":{"rendered":"<p>Eine luxuri\u00f6se, handgefertigte Seetang &#8211; Seife. Die aktiven Mineralien im Seetang helfen der Haut, einer Alterung entgegenzuwirken und verbessern daher das Hautbild. Die Seife wird mit erfrischenden Ingwer, belebenden Zitronengras und organischen Fl\u00fcgeltang von den Lofoten gefertigt.<\/p>\n","protected":false},"featured_media":38707,"comment_status":"closed","ping_status":"closed","template":"","meta":{"_acf_changed":false},"product_brand":[],"product_cat":[315],"product_tag":[245,1172,306],"woo-feed-brand":[],"class_list":{"0":"post-24343","1":"product","2":"type-product","3":"status-publish","4":"has-post-thumbnail","6":"product_cat-seetang-kosmetik","7":"product_tag-christmas-de","8":"product_tag-gift","9":"product_tag-seaweed-de","11":"first","12":"instock","13":"taxable","14":"shipping-taxable","15":"purchasable","16":"product-type-simple"},"acf":[],"_links":{"self":[{"href":"https:\/\/lofotenseaweedcompany.com\/de\/wp-json\/wp\/v2\/product\/24343","targetHints":{"allow":["GET"]}}],"collection":[{"href":"https:\/\/lofotenseaweedcompany.com\/de\/wp-json\/wp\/v2\/product"}],"about":[{"href":"https:\/\/lofotenseaweedcompany.com\/de\/wp-json\/wp\/v2\/types\/product"}],"replies":[{"embeddable":true,"href":"https:\/\/lofotenseaweedcompany.com\/de\/wp-json\/wp\/v2\/comments?post=24343"}],"wp:featuredmedia":[{"embeddable":true,"href":"https:\/\/lofotenseaweedcompany.com\/de\/wp-json\/wp\/v2\/media\/38707"}],"wp:attachment":[{"href":"https:\/\/lofotenseaweedcompany.com\/de\/wp-json\/wp\/v2\/media?parent=24343"}],"wp:term":[{"taxonomy":"product_brand","embeddable":true,"href":"https:\/\/lofotenseaweedcompany.com\/de\/wp-json\/wp\/v2\/product_brand?post=24343"},{"taxonomy":"product_cat","embeddable":true,"href":"https:\/\/lofotenseaweedcompany.com\/de\/wp-json\/wp\/v2\/product_cat?post=24343"},{"taxonomy":"product_tag","embeddable":true,"href":"https:\/\/lofotenseaweedcompany.com\/de\/wp-json\/wp\/v2\/product_tag?post=24343"},{"taxonomy":"woo-feed-brand","embeddable":true,"href":"https:\/\/lofotenseaweedcompany.com\/de\/wp-json\/wp\/v2\/woo-feed-brand?post=24343"}],"curies":[{"name":"wp","href":"https:\/\/api.w.org\/{rel}","templated":true}]}}