{"id":24439,"date":"2022-11-24T14:18:53","date_gmt":"2022-11-24T14:18:53","guid":{"rendered":"https:\/\/lofotenseaweedcompany.com\/shop\/trueffeltang\/"},"modified":"2026-02-25T13:12:53","modified_gmt":"2026-02-25T13:12:53","slug":"trueffeltang","status":"publish","type":"product","link":"https:\/\/lofotenseaweedcompany.com\/de\/shop\/trueffeltang\/","title":{"rendered":"Tr\u00fcffeltang 15g"},"content":{"rendered":"<p>Wie wird Tr\u00fcffeltang verwendet:<\/p>\n<p>Dieser Tang gibt sein einzigartigen Tr\u00fcffelgeschmack am besten frei, wenn er mit Fetten kombiniert wird , also zum Beispiel Tr\u00fcffeltang-Butter oder Tr\u00fcffeltang Aioli. Probieren Sie ihn in Verbindung mit Steak als eine neue &#8222;Surf-and-Turf&#8220;-Variante oder mit Pilzen als eine Umami-Gechmacksexplosion. Beachten Sie aber, dass zu viel W\u00e4rme den Geschmack abschw\u00e4chen kann. Geben Sie daher f\u00fcr den Besten Geschmack den Tang erst zum Schluss des Kochvorgangs zu Ihrem Gericht hinzu.<\/p>\n<p>Inhaltstoffe:<br \/>\nGanze Bl\u00e4tter vom Tr\u00fcffeltang, auch bekannt unter dem lateinischen Namen Vertebrata Lanosa.<\/p>\n<p>Allergene:<br \/>\nKann Spuren von Schalentieren enthalten.<\/p>\n<p>Lagerung:<br \/>\nTrocken und verschlossen lagern.<\/p>\n<p>Warnung:<br \/>\nZu viel Einnahme von Jod kann Auswirkungen auf die Schilddr\u00fcse haben. Daher empfehlen wir die Einnahme auf maximal 1\/5 Teel\u00f6ffel pro Tag zu begrenzen.<\/p>\n<p>&nbsp;<\/p>\n","protected":false},"excerpt":{"rendered":"<p>Ganze Bl\u00e4tter getrockneten Tr\u00fcffeltangs vereinen die verschiedenen Geschmacksnuancen von wei\u00dfer Tr\u00fcffel und den frischen Geschmack des Meeres!<\/p>\n","protected":false},"featured_media":38603,"comment_status":"closed","ping_status":"closed","template":"","meta":{"_acf_changed":false},"product_brand":[],"product_cat":[263],"product_tag":[327,306,1173],"woo-feed-brand":[],"class_list":{"0":"post-24439","1":"product","2":"type-product","3":"status-publish","4":"has-post-thumbnail","6":"product_cat-ganze-blaetter","7":"product_tag-ganze-blaetter","8":"product_tag-seaweed-de","9":"product_tag-umami","11":"first","12":"instock","13":"taxable","14":"shipping-taxable","15":"purchasable","16":"product-type-variable","17":"has-default-attributes"},"acf":[],"_links":{"self":[{"href":"https:\/\/lofotenseaweedcompany.com\/de\/wp-json\/wp\/v2\/product\/24439","targetHints":{"allow":["GET"]}}],"collection":[{"href":"https:\/\/lofotenseaweedcompany.com\/de\/wp-json\/wp\/v2\/product"}],"about":[{"href":"https:\/\/lofotenseaweedcompany.com\/de\/wp-json\/wp\/v2\/types\/product"}],"replies":[{"embeddable":true,"href":"https:\/\/lofotenseaweedcompany.com\/de\/wp-json\/wp\/v2\/comments?post=24439"}],"wp:featuredmedia":[{"embeddable":true,"href":"https:\/\/lofotenseaweedcompany.com\/de\/wp-json\/wp\/v2\/media\/38603"}],"wp:attachment":[{"href":"https:\/\/lofotenseaweedcompany.com\/de\/wp-json\/wp\/v2\/media?parent=24439"}],"wp:term":[{"taxonomy":"product_brand","embeddable":true,"href":"https:\/\/lofotenseaweedcompany.com\/de\/wp-json\/wp\/v2\/product_brand?post=24439"},{"taxonomy":"product_cat","embeddable":true,"href":"https:\/\/lofotenseaweedcompany.com\/de\/wp-json\/wp\/v2\/product_cat?post=24439"},{"taxonomy":"product_tag","embeddable":true,"href":"https:\/\/lofotenseaweedcompany.com\/de\/wp-json\/wp\/v2\/product_tag?post=24439"},{"taxonomy":"woo-feed-brand","embeddable":true,"href":"https:\/\/lofotenseaweedcompany.com\/de\/wp-json\/wp\/v2\/woo-feed-brand?post=24439"}],"curies":[{"name":"wp","href":"https:\/\/api.w.org\/{rel}","templated":true}]}}