{"id":24692,"date":"2022-11-24T13:25:55","date_gmt":"2022-11-24T13:25:55","guid":{"rendered":"https:\/\/lofotenseaweedcompany.com\/shop\/dulse-lappentang\/"},"modified":"2026-02-09T08:18:31","modified_gmt":"2026-02-09T08:18:31","slug":"dulse-lappentang","status":"publish","type":"product","link":"https:\/\/lofotenseaweedcompany.com\/de\/shop\/dulse-lappentang\/","title":{"rendered":"Dulse &#8211; Lappentang"},"content":{"rendered":"<p><strong>Wie Sie Lappentang verwenden:<\/strong><\/p>\n<p>Streuen sie frischen Lappentang in Salate oder als Dekoration \u00fcber ihre Gerichte. Ger\u00f6stet gibt der Lappentang seine nussigen Aromen frei oder kann in der Pfanne gebraten werden und entwickelt ein schinken-artigen Geschmack. Tauschen Sie doch mal ihr BLT-Sandwich zu einem DLT-Sandwich also Dulse &#8211; Lettuce and Tomato!<\/p>\n<p><strong>Zutaten<\/strong>:<\/p>\n<p>Ganze Bl\u00e4tter vom Lappentang, auch bekannt unter dem lateinischen Namen Palmaria palmata.<\/p>\n<p><strong>Allergene<\/strong>:<\/p>\n<p>Kann Spuren von Schalentieren enthalten<\/p>\n<p><strong>Lagerung:\u00a0<\/strong>Trocken und gut verschlossen lagern<\/p>\n<p><strong>Nettogewicht<\/strong>: 25g<\/p>\n<div class=\"col-md-6 col-md-offset-3\">\n<p><strong>Warnhinweis:<\/strong><\/p>\n<p>Eine \u00fcberm\u00e4\u00dfige Einnahme von Jod kann die Schilddr\u00fcse beeintr\u00e4chtigen. Wir empfehlen, die t\u00e4gliche Dosis von 0,15 mg und maximal 0,6 mg nicht zu \u00fcberschreiten.<\/p>\n<\/div>\n","protected":false},"excerpt":{"rendered":"<p>Ganze Bl\u00e4tter getrockneten Lappentangs. Lecker und pikant, mit einer rauchigen Note, die einen s\u00fc\u00dfen Nachgeschmack hinterl\u00e4sst und an Lakritze und N\u00fcsse erinnert. Unter seinem Beinamen &#8222;Meeres-Bacon&#8220; eignet sich Dulse, oder Lappentang, sehr gut f\u00fcr eine pflanzenbasierte Ern\u00e4hrung.<\/p>\n","protected":false},"featured_media":38732,"comment_status":"closed","ping_status":"closed","template":"","meta":{"_acf_changed":false},"product_brand":[],"product_cat":[263],"product_tag":[327,306,1173],"woo-feed-brand":[],"class_list":{"0":"post-24692","1":"product","2":"type-product","3":"status-publish","4":"has-post-thumbnail","6":"product_cat-ganze-blaetter","7":"product_tag-ganze-blaetter","8":"product_tag-seaweed-de","9":"product_tag-umami","11":"first","12":"instock","13":"taxable","14":"shipping-taxable","15":"purchasable","16":"product-type-simple"},"acf":[],"_links":{"self":[{"href":"https:\/\/lofotenseaweedcompany.com\/de\/wp-json\/wp\/v2\/product\/24692","targetHints":{"allow":["GET"]}}],"collection":[{"href":"https:\/\/lofotenseaweedcompany.com\/de\/wp-json\/wp\/v2\/product"}],"about":[{"href":"https:\/\/lofotenseaweedcompany.com\/de\/wp-json\/wp\/v2\/types\/product"}],"replies":[{"embeddable":true,"href":"https:\/\/lofotenseaweedcompany.com\/de\/wp-json\/wp\/v2\/comments?post=24692"}],"wp:featuredmedia":[{"embeddable":true,"href":"https:\/\/lofotenseaweedcompany.com\/de\/wp-json\/wp\/v2\/media\/38732"}],"wp:attachment":[{"href":"https:\/\/lofotenseaweedcompany.com\/de\/wp-json\/wp\/v2\/media?parent=24692"}],"wp:term":[{"taxonomy":"product_brand","embeddable":true,"href":"https:\/\/lofotenseaweedcompany.com\/de\/wp-json\/wp\/v2\/product_brand?post=24692"},{"taxonomy":"product_cat","embeddable":true,"href":"https:\/\/lofotenseaweedcompany.com\/de\/wp-json\/wp\/v2\/product_cat?post=24692"},{"taxonomy":"product_tag","embeddable":true,"href":"https:\/\/lofotenseaweedcompany.com\/de\/wp-json\/wp\/v2\/product_tag?post=24692"},{"taxonomy":"woo-feed-brand","embeddable":true,"href":"https:\/\/lofotenseaweedcompany.com\/de\/wp-json\/wp\/v2\/woo-feed-brand?post=24692"}],"curies":[{"name":"wp","href":"https:\/\/api.w.org\/{rel}","templated":true}]}}