{"id":24693,"date":"2022-09-30T10:16:44","date_gmt":"2022-09-30T10:16:44","guid":{"rendered":"https:\/\/lofotenseaweedcompany.com\/shop\/wok-gemuese-gewuerzmischung\/"},"modified":"2025-11-26T15:19:57","modified_gmt":"2025-11-26T15:19:57","slug":"wok-gemuese-gewuerzmischung","status":"publish","type":"product","link":"https:\/\/lofotenseaweedcompany.com\/de\/shop\/wok-gemuese-gewuerzmischung\/","title":{"rendered":"Gew\u00fcrzmischung"},"content":{"rendered":"<p><strong>WOK &amp; GR\u00dcNZEUG<\/strong><\/p>\n<p><strong>INHALTSSTOFFE:<\/strong> Meersalz, gefl\u00fcgelter Seetang, Zwiebel, Knoblauch, nat\u00fcrliches Aroma, Glukose (Mais), Korianderbl\u00e4tter, Ingwer, Limettensaftpulver, Koriander, Pfeffer, Jalape\u00f1os, Raps\u00f6l.<\/p>\n<p>*Enth\u00e4lt 28mg Jod pro 100g. Eine \u00fcberm\u00e4\u00dfige Einnahme von Jod kann die Schilddr\u00fcse beeintr\u00e4chtigen. Wir empfehlen, die t\u00e4gliche Dosis von 0,15 mg und maximal 0,6 mg nicht zu \u00fcberschreiten.<\/p>\n<p>Gewicht: 44g<\/p>\n<p>&nbsp;<\/p>\n<p><strong>FISCH &amp; MEERESFR\u00dcCHTE<\/strong><\/p>\n<p><strong>INHALTSSTOFFE:<\/strong> Meersalz, gefl\u00fcgelter Seetang, Knoblauch, Dill, Dillsamen, Zwiebel, Pfeffer, Zwiebelpulver, Petersilie, rosa Pfeffer, Zucker, Zitronenessenz, Raps\u00f6l, nat\u00fcrliches Aroma, Kurkumaextrakt.<\/p>\n<p>*Enth\u00e4lt 23mg Jod pro 100g. Eine \u00fcberm\u00e4\u00dfige Einnahme von Jod kann die Schilddr\u00fcse beeintr\u00e4chtigen. Wir empfehlen, die t\u00e4gliche Dosis von 0,15 mg und maximal 0,6 mg nicht zu \u00fcberschreiten.<\/p>\n<p>Gewicht: 40g<\/p>\n<p>&nbsp;<\/p>\n<p><strong>BBQ &amp; FLEISCH<\/strong><\/p>\n<p><strong>INHALTSSTOFFE:<\/strong> Meersalz, gefl\u00fcgelter Seetang, brauner Zucker, ger\u00e4ucherter Paprika, Knoblauch, Zwiebel, Zwiebelpulver, Rosmarin, Chili, Thymian, Raps\u00f6l, K\u00fcmmel, Paprikaextrakt.<\/p>\n<p>*Enth\u00e4lt 18mg Jod pro 100g. Eine \u00fcberm\u00e4\u00dfige Einnahme von Jod kann die Schilddr\u00fcse beeintr\u00e4chtigen. Wir empfehlen, die t\u00e4gliche Dosis von 0,15 mg und maximal 0,6 mg nicht zu \u00fcberschreiten.<\/p>\n<p>Gewicht: 51g<\/p>\n","protected":false},"excerpt":{"rendered":"<p>W\u00fcrzen Sie Ihre n\u00e4chste Mahlzeit mit einem Hauch von Arktis! Innovative Verpackungstechnik und 100% nat\u00fcrliche Aromen. Diese nat\u00fcrlichen Gew\u00fcrzmischungen enthalten Bio-Seetang von den Lofoten, der eine hohe Konzentration an Umami aufweist und reich an Vitaminen und Mineralien ist. Ihre komplette Gew\u00fcrzl\u00f6sung f\u00fcr gesunde, k\u00f6stliche Mahlzeiten. Entwickelt f\u00fcr K\u00f6che, die Wert auf 100 % nat\u00fcrliche, nachhaltige Zutaten legen und ihren Mahlzeiten mit ein paar einfachen Sch\u00fctteln Geschmack und N\u00e4hrwert verleihen m\u00f6chten. Pflanzenbasiert, glutenfrei und absolut k\u00f6stlich&#8230; Kochen mit Algen leicht gemacht!<\/p>\n<p>Wok &amp; Greens: Knoblauch, Koriander, Limette und Bio-Fl\u00fcgelseetang. Perfekt f\u00fcr Gem\u00fcse, Nudeln und Pfannengerichte.<\/p>\n<p>Fisch &amp; Meeresfr\u00fcchte: Dill, Zitrone, Knoblauch und Bio-Fl\u00fcgeltang. Perfekt f\u00fcr alle Arten von Fisch- und Meeresfr\u00fcchtegerichten.<\/p>\n<p>BBQ &amp; Fleisch: ger\u00e4ucherte Paprika, Chili, Knoblauch und Bio-Fl\u00fcgeltang. Perfekt f\u00fcr Fleisch, Eint\u00f6pfe und Marinaden.<\/p>\n","protected":false},"featured_media":38678,"comment_status":"closed","ping_status":"closed","template":"","meta":{"_acf_changed":false},"product_brand":[],"product_cat":[269],"product_tag":[306,1173],"woo-feed-brand":[],"class_list":{"0":"post-24693","1":"product","2":"type-product","3":"status-publish","4":"has-post-thumbnail","6":"product_cat-gewuerzmischung","7":"product_tag-seaweed-de","8":"product_tag-umami","10":"first","11":"instock","12":"sale","13":"taxable","14":"shipping-taxable","15":"purchasable","16":"product-type-variable"},"acf":[],"_links":{"self":[{"href":"https:\/\/lofotenseaweedcompany.com\/de\/wp-json\/wp\/v2\/product\/24693","targetHints":{"allow":["GET"]}}],"collection":[{"href":"https:\/\/lofotenseaweedcompany.com\/de\/wp-json\/wp\/v2\/product"}],"about":[{"href":"https:\/\/lofotenseaweedcompany.com\/de\/wp-json\/wp\/v2\/types\/product"}],"replies":[{"embeddable":true,"href":"https:\/\/lofotenseaweedcompany.com\/de\/wp-json\/wp\/v2\/comments?post=24693"}],"wp:featuredmedia":[{"embeddable":true,"href":"https:\/\/lofotenseaweedcompany.com\/de\/wp-json\/wp\/v2\/media\/38678"}],"wp:attachment":[{"href":"https:\/\/lofotenseaweedcompany.com\/de\/wp-json\/wp\/v2\/media?parent=24693"}],"wp:term":[{"taxonomy":"product_brand","embeddable":true,"href":"https:\/\/lofotenseaweedcompany.com\/de\/wp-json\/wp\/v2\/product_brand?post=24693"},{"taxonomy":"product_cat","embeddable":true,"href":"https:\/\/lofotenseaweedcompany.com\/de\/wp-json\/wp\/v2\/product_cat?post=24693"},{"taxonomy":"product_tag","embeddable":true,"href":"https:\/\/lofotenseaweedcompany.com\/de\/wp-json\/wp\/v2\/product_tag?post=24693"},{"taxonomy":"woo-feed-brand","embeddable":true,"href":"https:\/\/lofotenseaweedcompany.com\/de\/wp-json\/wp\/v2\/woo-feed-brand?post=24693"}],"curies":[{"name":"wp","href":"https:\/\/api.w.org\/{rel}","templated":true}]}}