{"id":24975,"date":"2022-11-24T14:32:34","date_gmt":"2022-11-24T14:32:34","guid":{"rendered":"https:\/\/lofotenseaweedcompany.com\/shop\/nori\/"},"modified":"2026-03-06T07:37:19","modified_gmt":"2026-03-06T07:37:19","slug":"nori","status":"publish","type":"product","link":"https:\/\/lofotenseaweedcompany.com\/de\/shop\/nori\/","title":{"rendered":"Nori \/ Meeresalge 20g"},"content":{"rendered":"<p><strong>Wie wird Nori verwendet:<\/strong><\/p>\n<p>Nori wird am besten knusprig gebraten oder ger\u00f6stet verwendet und hat einen wundervoll salzigen und nussigen Geschmack. Es kann als Snack oder als Beilage zu Gebratenen Gerichten, Suppen und Salaten verwendet werden. Unser Nori kommt roh und unverarbeitet und daher nicht geeignet, um damit Sushi Rollen herzustellen.<\/p>\n<p><strong>Zutaten<\/strong>:<\/p>\n<p>Ganze Bl\u00e4tter Meereslage \/ Nori, auch bekannt unter dem lateinischen Namen Porphyra umbilicalis.<\/p>\n<p><strong>Allergies<\/strong>:<\/p>\n<p>May contain traces of shellfish<\/p>\n<p><strong>Lagerung:\u00a0<\/strong>Trocken und verschlossen lagern<\/p>\n<div class=\"col-md-6 col-md-offset-3\">\n<p><strong>Warnhinweis:<\/strong><\/p>\n<p>Zu viel Einnahme von Jod kann Auswirkungen auf die Schilddr\u00fcse haben. Daher empfehlen wir die Einnahme auf maximal 1\/5 Teel\u00f6ffel (0,15 mg und max. 0,6 mg) pro Tag zu begrenzen.<\/p>\n<\/div>\n","protected":false},"excerpt":{"rendered":"<p>Ganze Bl\u00e4tter von getrockneter Meeresalge \/ Nori mit dem milden Geschmack von Austern und Muscheln. Nori l\u00e4sst sich exzellent mit Soja Sauce, Sesam\u00f6l, Ingwer und Reiswein kombinieren. Es ist so vielf\u00e4ltig! Probieren Sie es unbedingt auch mal Abseits von Sushi.<\/p>\n","protected":false},"featured_media":38738,"comment_status":"closed","ping_status":"closed","template":"","meta":{"_acf_changed":false},"product_brand":[],"product_cat":[263],"product_tag":[327,306,1173],"woo-feed-brand":[],"class_list":{"0":"post-24975","1":"product","2":"type-product","3":"status-publish","4":"has-post-thumbnail","6":"product_cat-ganze-blaetter","7":"product_tag-ganze-blaetter","8":"product_tag-seaweed-de","9":"product_tag-umami","11":"first","12":"instock","13":"taxable","14":"shipping-taxable","15":"purchasable","16":"product-type-simple"},"acf":[],"_links":{"self":[{"href":"https:\/\/lofotenseaweedcompany.com\/de\/wp-json\/wp\/v2\/product\/24975","targetHints":{"allow":["GET"]}}],"collection":[{"href":"https:\/\/lofotenseaweedcompany.com\/de\/wp-json\/wp\/v2\/product"}],"about":[{"href":"https:\/\/lofotenseaweedcompany.com\/de\/wp-json\/wp\/v2\/types\/product"}],"replies":[{"embeddable":true,"href":"https:\/\/lofotenseaweedcompany.com\/de\/wp-json\/wp\/v2\/comments?post=24975"}],"wp:featuredmedia":[{"embeddable":true,"href":"https:\/\/lofotenseaweedcompany.com\/de\/wp-json\/wp\/v2\/media\/38738"}],"wp:attachment":[{"href":"https:\/\/lofotenseaweedcompany.com\/de\/wp-json\/wp\/v2\/media?parent=24975"}],"wp:term":[{"taxonomy":"product_brand","embeddable":true,"href":"https:\/\/lofotenseaweedcompany.com\/de\/wp-json\/wp\/v2\/product_brand?post=24975"},{"taxonomy":"product_cat","embeddable":true,"href":"https:\/\/lofotenseaweedcompany.com\/de\/wp-json\/wp\/v2\/product_cat?post=24975"},{"taxonomy":"product_tag","embeddable":true,"href":"https:\/\/lofotenseaweedcompany.com\/de\/wp-json\/wp\/v2\/product_tag?post=24975"},{"taxonomy":"woo-feed-brand","embeddable":true,"href":"https:\/\/lofotenseaweedcompany.com\/de\/wp-json\/wp\/v2\/woo-feed-brand?post=24975"}],"curies":[{"name":"wp","href":"https:\/\/api.w.org\/{rel}","templated":true}]}}