{"id":24980,"date":"2022-11-28T08:43:56","date_gmt":"2022-11-28T08:43:56","guid":{"rendered":"https:\/\/lofotenseaweedcompany.com\/shop\/seetang-und-meeresalgen-fuehrer\/"},"modified":"2025-01-10T10:55:28","modified_gmt":"2025-01-10T10:55:28","slug":"seetang-und-meeresalgen-fuehrer","status":"publish","type":"product","link":"https:\/\/lofotenseaweedcompany.com\/de\/shop\/seetang-und-meeresalgen-fuehrer\/","title":{"rendered":"Seetang und Meeresalgen F\u00fchrer"},"content":{"rendered":"<p>Dieser 21 Seiten umfassende Guide f\u00fcr die Suche nach Seetang und Meeresalgen sprudelt nur so von Informationen rund um die beliebten Pflanzen aus dem Meer. Sie erhalten Tipps zum: Trocknen Ihres selbst-geerntetem Seetangs gepaart mit leckeren Rezepten f\u00fcr die Anwendung und Zubereitung. Lassen Sie sich vom einzigartigen Seaweed Artwork sowie einigen unserer professionellen Lieblingsfotos aus den letzten 6 Jahren in die arktische Meereslandschaft entf\u00fchren. Diese Brosch\u00fcre richtet sich an all Diejenigen, die gerne selbst Seetang und Meeresalgen suchen wollen, an der K\u00fcste leben, gerne Seetang und Meeresalgen verwenden und gerne ein neues Hobby ausprobieren m\u00f6chten. Ein wundervolles Geschenk!<\/p>\n","protected":false},"excerpt":{"rendered":"<p>Wollten Sie schon immer ihre eignen Meeresalgen und Seetang suchen? Wir haben unser gemeinsames Wissen in diesem handlichen Guide zusammengefasst, sodass Sie alle Informationen rund um Seetang und Meeresalgen haben, um selbst loszulegen! Viel Spa\u00df auf ihrem Seaweed Abenteuer!<\/p>\n","protected":false},"featured_media":39194,"comment_status":"closed","ping_status":"closed","template":"","meta":{"_acf_changed":false},"product_brand":[],"product_cat":[231],"product_tag":[311,313,309,310,314,312],"woo-feed-brand":[],"class_list":{"0":"post-24980","1":"product","2":"type-product","3":"status-publish","4":"has-post-thumbnail","6":"product_cat-seetang-geschenke","7":"product_tag-broschure","8":"product_tag-diy-mach-es-selbst","9":"product_tag-ernte-fuehrer","10":"product_tag-fuhrer","11":"product_tag-seetang-und-meeresalgen-fuhrer-lofoten-seaweed","12":"product_tag-wie-wird-es-gemacht","14":"first","15":"instock","16":"taxable","17":"shipping-taxable","18":"purchasable","19":"product-type-variable"},"acf":[],"_links":{"self":[{"href":"https:\/\/lofotenseaweedcompany.com\/de\/wp-json\/wp\/v2\/product\/24980","targetHints":{"allow":["GET"]}}],"collection":[{"href":"https:\/\/lofotenseaweedcompany.com\/de\/wp-json\/wp\/v2\/product"}],"about":[{"href":"https:\/\/lofotenseaweedcompany.com\/de\/wp-json\/wp\/v2\/types\/product"}],"replies":[{"embeddable":true,"href":"https:\/\/lofotenseaweedcompany.com\/de\/wp-json\/wp\/v2\/comments?post=24980"}],"wp:featuredmedia":[{"embeddable":true,"href":"https:\/\/lofotenseaweedcompany.com\/de\/wp-json\/wp\/v2\/media\/39194"}],"wp:attachment":[{"href":"https:\/\/lofotenseaweedcompany.com\/de\/wp-json\/wp\/v2\/media?parent=24980"}],"wp:term":[{"taxonomy":"product_brand","embeddable":true,"href":"https:\/\/lofotenseaweedcompany.com\/de\/wp-json\/wp\/v2\/product_brand?post=24980"},{"taxonomy":"product_cat","embeddable":true,"href":"https:\/\/lofotenseaweedcompany.com\/de\/wp-json\/wp\/v2\/product_cat?post=24980"},{"taxonomy":"product_tag","embeddable":true,"href":"https:\/\/lofotenseaweedcompany.com\/de\/wp-json\/wp\/v2\/product_tag?post=24980"},{"taxonomy":"woo-feed-brand","embeddable":true,"href":"https:\/\/lofotenseaweedcompany.com\/de\/wp-json\/wp\/v2\/woo-feed-brand?post=24980"}],"curies":[{"name":"wp","href":"https:\/\/api.w.org\/{rel}","templated":true}]}}