{"id":30777,"date":"2023-08-18T13:13:11","date_gmt":"2023-08-18T13:13:11","guid":{"rendered":"https:\/\/lofotenseaweedcompany.com\/shop\/duschgel\/"},"modified":"2025-01-30T13:57:59","modified_gmt":"2025-01-30T13:57:59","slug":"duschgel","status":"publish","type":"product","link":"https:\/\/lofotenseaweedcompany.com\/de\/shop\/duschgel\/","title":{"rendered":"Duschgel"},"content":{"rendered":"<p>Zutaten: Aqua, Natriumlauroylmethylisethionat, Cocamidopropylbetain, Laurylglucosid, Argania Spinosa-Kern\u00f6l, Natriumchlorid, Natriummethylisethionat, Phenoxyethanol, Natriumlauroylisethionat, Natriumbenzoat, Fucus serratus-Alge, Cymbopogon Citratus-Blatt\u00f6l, Meersalz, Polyquaternium-7, Laurins\u00e4ure, Zinklaurat, Trinatriumethylendiamindisuccinat, Zitronens\u00e4ure, Natriumlaurat, Zingiber Officinale-Wurzel\u00f6l.<\/p>\n<p>Allergene: Citral, Geraniol, Linalool, Limonen.<\/p>\n<p>Veganfreundlich.<\/p>\n","protected":false},"excerpt":{"rendered":"<p>Erleben Sie einen Hauch von Luxus mit unserem K\u00f6rperwaschgel, das sorgf\u00e4ltig aus Bio-Algen aus den unber\u00fchrten Gew\u00e4ssern der Lofoten hergestellt wird. Lassen Sie den sanften Duft von Ingwer und Zitronengras Ihre Haut verw\u00f6hnen und Ihre Seele beruhigen.<\/p>\n<p>Dieses mit Bio-Algen angereicherte Duschgel bietet zahlreiche nat\u00fcrliche Hautpflegevorteile. Entdecken Sie die Vorz\u00fcge von Vitamin C, Antioxidantien und Aminos\u00e4uren, die harmonisch zusammenarbeiten, um Ihre Haut zu n\u00e4hren und zu revitalisieren und ein gesundes und strahlendes Aussehen zu f\u00f6rdern.<\/p>\n<p>Unser K\u00f6rperwaschmittel nutzt die nat\u00fcrlichen feuchtigkeitsspendenden Eigenschaften von Algen und sorgt daf\u00fcr, dass Ihre Haut mit Feuchtigkeit versorgt und geschmeidig bleibt und Sie sich unwiderstehlich glatt und samtig f\u00fchlen. Erweitern Sie Ihre Selbstpflegeroutine und genie\u00dfen Sie den einfachen Luxus von Bio-Algen von den Lofoten.<\/p>\n","protected":false},"featured_media":38716,"comment_status":"closed","ping_status":"closed","template":"","meta":{"_acf_changed":false},"product_brand":[],"product_cat":[315],"product_tag":[],"woo-feed-brand":[],"class_list":{"0":"post-30777","1":"product","2":"type-product","3":"status-publish","4":"has-post-thumbnail","6":"product_cat-seetang-kosmetik","8":"first","9":"instock","10":"taxable","11":"shipping-taxable","12":"purchasable","13":"product-type-variable","14":"has-default-attributes"},"acf":[],"_links":{"self":[{"href":"https:\/\/lofotenseaweedcompany.com\/de\/wp-json\/wp\/v2\/product\/30777","targetHints":{"allow":["GET"]}}],"collection":[{"href":"https:\/\/lofotenseaweedcompany.com\/de\/wp-json\/wp\/v2\/product"}],"about":[{"href":"https:\/\/lofotenseaweedcompany.com\/de\/wp-json\/wp\/v2\/types\/product"}],"replies":[{"embeddable":true,"href":"https:\/\/lofotenseaweedcompany.com\/de\/wp-json\/wp\/v2\/comments?post=30777"}],"wp:featuredmedia":[{"embeddable":true,"href":"https:\/\/lofotenseaweedcompany.com\/de\/wp-json\/wp\/v2\/media\/38716"}],"wp:attachment":[{"href":"https:\/\/lofotenseaweedcompany.com\/de\/wp-json\/wp\/v2\/media?parent=30777"}],"wp:term":[{"taxonomy":"product_brand","embeddable":true,"href":"https:\/\/lofotenseaweedcompany.com\/de\/wp-json\/wp\/v2\/product_brand?post=30777"},{"taxonomy":"product_cat","embeddable":true,"href":"https:\/\/lofotenseaweedcompany.com\/de\/wp-json\/wp\/v2\/product_cat?post=30777"},{"taxonomy":"product_tag","embeddable":true,"href":"https:\/\/lofotenseaweedcompany.com\/de\/wp-json\/wp\/v2\/product_tag?post=30777"},{"taxonomy":"woo-feed-brand","embeddable":true,"href":"https:\/\/lofotenseaweedcompany.com\/de\/wp-json\/wp\/v2\/woo-feed-brand?post=30777"}],"curies":[{"name":"wp","href":"https:\/\/api.w.org\/{rel}","templated":true}]}}