{"id":30783,"date":"2023-08-18T12:59:38","date_gmt":"2023-08-18T12:59:38","guid":{"rendered":"https:\/\/lofotenseaweedcompany.com\/shop\/shampoo\/"},"modified":"2025-02-12T12:24:41","modified_gmt":"2025-02-12T12:24:41","slug":"shampoo","status":"publish","type":"product","link":"https:\/\/lofotenseaweedcompany.com\/de\/shop\/shampoo\/","title":{"rendered":"Shampoo"},"content":{"rendered":"<p>Zutaten: Aqua, Decylglucosid, Fucus serratus-Algen, Laurylbetain, Panthenol (und) Aqua, Argania Spinosa-Kern\u00f6l, Xanthangummi, Natriumchlorid, Meersalz, Phenoxyethanol, Aloe Barbadensis (Aloe Vera), Blattsaftpulver , Zitronens\u00e4ure, Cymbopogon Citratus-Blatt\u00f6l, Benzoes\u00e4ure, Dehydroessigs\u00e4ure, Zingiber Officinale-Wurzel\u00f6l.<\/p>\n<p>Allergene: Citral, Geraniol, Linalool, Limonen.<\/p>\n<p>Veganfreundlich.<\/p>\n","protected":false},"excerpt":{"rendered":"<p>Erleben Sie einen Hauch von Luxus mit unserem Shampoo, das sorgf\u00e4ltig aus Bio-Algen aus den unber\u00fchrten Gew\u00e4ssern der Lofoten hergestellt wird. Lassen Sie den sanften Duft von Ingwer und Zitronengras Ihre Haut verw\u00f6hnen und Ihre Seele beruhigen.<\/p>\n<p>Diese mit Bio-Algen angereicherte Lotion bietet zahlreiche nat\u00fcrliche Hautpflegevorteile. Entdecken Sie die Vorz\u00fcge von Vitamin C, Kalzium und Aminos\u00e4uren, die harmonisch zusammenarbeiten, um Ihr Haar zu n\u00e4hren und zu revitalisieren und f\u00fcr ein gl\u00e4nzendes Aussehen und ein geschmeidiges Haargef\u00fchl zu sorgen.<\/p>\n<p>Unser Shampoo nutzt die nat\u00fcrlichen feuchtigkeitsspendenden Eigenschaften von Meeresalgen und sorgt daf\u00fcr, dass Ihr Haar mit Feuchtigkeit versorgt und gl\u00e4nzend bleibt und es sich unwiderstehlich glatt und samtig anf\u00fchlt. Erweitern Sie Ihre Selbstpflegeroutine und genie\u00dfen Sie den einfachen Luxus von Bio-Algen von den Lofoten.<\/p>\n","protected":false},"featured_media":38713,"comment_status":"closed","ping_status":"closed","template":"","meta":{"_acf_changed":false},"product_brand":[],"product_cat":[315],"product_tag":[],"woo-feed-brand":[],"class_list":{"0":"post-30783","1":"product","2":"type-product","3":"status-publish","4":"has-post-thumbnail","6":"product_cat-seetang-kosmetik","8":"first","9":"instock","10":"taxable","11":"shipping-taxable","12":"purchasable","13":"product-type-variable","14":"has-default-attributes"},"acf":[],"_links":{"self":[{"href":"https:\/\/lofotenseaweedcompany.com\/de\/wp-json\/wp\/v2\/product\/30783","targetHints":{"allow":["GET"]}}],"collection":[{"href":"https:\/\/lofotenseaweedcompany.com\/de\/wp-json\/wp\/v2\/product"}],"about":[{"href":"https:\/\/lofotenseaweedcompany.com\/de\/wp-json\/wp\/v2\/types\/product"}],"replies":[{"embeddable":true,"href":"https:\/\/lofotenseaweedcompany.com\/de\/wp-json\/wp\/v2\/comments?post=30783"}],"wp:featuredmedia":[{"embeddable":true,"href":"https:\/\/lofotenseaweedcompany.com\/de\/wp-json\/wp\/v2\/media\/38713"}],"wp:attachment":[{"href":"https:\/\/lofotenseaweedcompany.com\/de\/wp-json\/wp\/v2\/media?parent=30783"}],"wp:term":[{"taxonomy":"product_brand","embeddable":true,"href":"https:\/\/lofotenseaweedcompany.com\/de\/wp-json\/wp\/v2\/product_brand?post=30783"},{"taxonomy":"product_cat","embeddable":true,"href":"https:\/\/lofotenseaweedcompany.com\/de\/wp-json\/wp\/v2\/product_cat?post=30783"},{"taxonomy":"product_tag","embeddable":true,"href":"https:\/\/lofotenseaweedcompany.com\/de\/wp-json\/wp\/v2\/product_tag?post=30783"},{"taxonomy":"woo-feed-brand","embeddable":true,"href":"https:\/\/lofotenseaweedcompany.com\/de\/wp-json\/wp\/v2\/woo-feed-brand?post=30783"}],"curies":[{"name":"wp","href":"https:\/\/api.w.org\/{rel}","templated":true}]}}