{"id":30789,"date":"2023-07-07T12:36:09","date_gmt":"2023-07-07T12:36:09","guid":{"rendered":"https:\/\/lofotenseaweedcompany.com\/shop\/handseife\/"},"modified":"2025-01-30T14:07:45","modified_gmt":"2025-01-30T14:07:45","slug":"handseife","status":"publish","type":"product","link":"https:\/\/lofotenseaweedcompany.com\/de\/shop\/handseife\/","title":{"rendered":"Handseife"},"content":{"rendered":"<p>Zutaten: Aqua, Kaliumoleat, Kaliumcocoat, Glycerin, Fucus serratus-Algen, Cymbopogon Citratus-Blei\u00f6l, Kaliumcitrat, Zitronens\u00e4ure, Zingiber Officinale-Wurzel\u00f6l.<\/p>\n<p>Allergene: Citral, Geraniol, Linalool, Limonen.<\/p>\n<p>Veganfreundlich.<\/p>\n","protected":false},"excerpt":{"rendered":"<p>Unsere Handseife wird mit gr\u00f6\u00dfter Sorgfalt hergestellt und mit feinsten Bio-Algen von den unber\u00fchrten K\u00fcsten der Lofoten angereichert.<\/p>\n<p>Algen sind f\u00fcr ihre bemerkenswerte Hautpflegewirkung bekannt. Algen stecken voller n\u00e4hrender Elemente und sind eine nat\u00fcrliche Quelle f\u00fcr Vitamin C, das Ihrer Haut Feuchtigkeit spendet und ihr einen gesunden Glanz verleiht. Angereichert mit Antioxidantien und Aminos\u00e4uren sch\u00fctzt der Seetang Ihre Haut vor Umweltstress und unterst\u00fctzt ihren nat\u00fcrlichen Regenerationsprozess. Unsere sanft reinigende und feuchtigkeitsspendende Seife bewahrt das empfindliche Gleichgewicht Ihrer Haut und sorgt daf\u00fcr, dass sich Ihre H\u00e4nde nach jeder Anwendung unwiderstehlich weich und geschmeidig anf\u00fchlen.<\/p>\n","protected":false},"featured_media":38704,"comment_status":"closed","ping_status":"closed","template":"","meta":{"_acf_changed":false},"product_brand":[],"product_cat":[315],"product_tag":[],"woo-feed-brand":[],"class_list":{"0":"post-30789","1":"product","2":"type-product","3":"status-publish","4":"has-post-thumbnail","6":"product_cat-seetang-kosmetik","8":"first","9":"instock","10":"taxable","11":"shipping-taxable","12":"purchasable","13":"product-type-variable","14":"has-default-attributes"},"acf":[],"_links":{"self":[{"href":"https:\/\/lofotenseaweedcompany.com\/de\/wp-json\/wp\/v2\/product\/30789","targetHints":{"allow":["GET"]}}],"collection":[{"href":"https:\/\/lofotenseaweedcompany.com\/de\/wp-json\/wp\/v2\/product"}],"about":[{"href":"https:\/\/lofotenseaweedcompany.com\/de\/wp-json\/wp\/v2\/types\/product"}],"replies":[{"embeddable":true,"href":"https:\/\/lofotenseaweedcompany.com\/de\/wp-json\/wp\/v2\/comments?post=30789"}],"wp:featuredmedia":[{"embeddable":true,"href":"https:\/\/lofotenseaweedcompany.com\/de\/wp-json\/wp\/v2\/media\/38704"}],"wp:attachment":[{"href":"https:\/\/lofotenseaweedcompany.com\/de\/wp-json\/wp\/v2\/media?parent=30789"}],"wp:term":[{"taxonomy":"product_brand","embeddable":true,"href":"https:\/\/lofotenseaweedcompany.com\/de\/wp-json\/wp\/v2\/product_brand?post=30789"},{"taxonomy":"product_cat","embeddable":true,"href":"https:\/\/lofotenseaweedcompany.com\/de\/wp-json\/wp\/v2\/product_cat?post=30789"},{"taxonomy":"product_tag","embeddable":true,"href":"https:\/\/lofotenseaweedcompany.com\/de\/wp-json\/wp\/v2\/product_tag?post=30789"},{"taxonomy":"woo-feed-brand","embeddable":true,"href":"https:\/\/lofotenseaweedcompany.com\/de\/wp-json\/wp\/v2\/woo-feed-brand?post=30789"}],"curies":[{"name":"wp","href":"https:\/\/api.w.org\/{rel}","templated":true}]}}