{"id":35777,"date":"2024-12-13T18:54:31","date_gmt":"2024-12-13T18:54:31","guid":{"rendered":"https:\/\/lofotenseaweedcompany.com\/shop\/geraeucherte-meeresalgenflocken\/"},"modified":"2025-02-12T13:05:14","modified_gmt":"2025-02-12T13:05:14","slug":"geraeucherte-meeresalgenflocken","status":"publish","type":"product","link":"https:\/\/lofotenseaweedcompany.com\/de\/shop\/geraeucherte-meeresalgenflocken\/","title":{"rendered":"Ger\u00e4ucherte Meeresalgenflocken"},"content":{"rendered":"<p>Zutaten: Ger\u00e4ucherter Fl\u00fcgelseetang (Alaria esculenta)<\/p>\n<p>Allergene: Kann Spuren von Schalentieren enthalten<\/p>\n<p>K\u00fchl und trocken lagern<\/p>\n","protected":false},"excerpt":{"rendered":"<p>Genie\u00dfen Sie den einzigartigen Geschmack von ger\u00e4uchertem Wakame. Wir haben unsere Bio-Wakame-Flocken \u00fcber Buchenholz kalt ger\u00e4uchert, um ein einzigartiges rauchiges Aroma mit Noten von Whiskey und Tee zu erhalten. Perfekt, um Butter f\u00fcr einen unwiderstehlichen Brotaufstrich hinzuzuf\u00fcgen oder um veganen und vegetarischen Eint\u00f6pfen zus\u00e4tzlichen Umami zu verleihen.<\/p>\n","protected":false},"featured_media":38744,"comment_status":"closed","ping_status":"closed","template":"","meta":{"_acf_changed":false},"product_brand":[],"product_cat":[325,718],"product_tag":[],"woo-feed-brand":[],"class_list":{"0":"post-35777","1":"product","2":"type-product","3":"status-publish","4":"has-post-thumbnail","6":"product_cat-seetang-flocken","7":"product_cat-seetang-gewurtze","9":"first","10":"instock","11":"taxable","12":"shipping-taxable","13":"purchasable","14":"product-type-simple"},"acf":[],"_links":{"self":[{"href":"https:\/\/lofotenseaweedcompany.com\/de\/wp-json\/wp\/v2\/product\/35777","targetHints":{"allow":["GET"]}}],"collection":[{"href":"https:\/\/lofotenseaweedcompany.com\/de\/wp-json\/wp\/v2\/product"}],"about":[{"href":"https:\/\/lofotenseaweedcompany.com\/de\/wp-json\/wp\/v2\/types\/product"}],"replies":[{"embeddable":true,"href":"https:\/\/lofotenseaweedcompany.com\/de\/wp-json\/wp\/v2\/comments?post=35777"}],"wp:featuredmedia":[{"embeddable":true,"href":"https:\/\/lofotenseaweedcompany.com\/de\/wp-json\/wp\/v2\/media\/38744"}],"wp:attachment":[{"href":"https:\/\/lofotenseaweedcompany.com\/de\/wp-json\/wp\/v2\/media?parent=35777"}],"wp:term":[{"taxonomy":"product_brand","embeddable":true,"href":"https:\/\/lofotenseaweedcompany.com\/de\/wp-json\/wp\/v2\/product_brand?post=35777"},{"taxonomy":"product_cat","embeddable":true,"href":"https:\/\/lofotenseaweedcompany.com\/de\/wp-json\/wp\/v2\/product_cat?post=35777"},{"taxonomy":"product_tag","embeddable":true,"href":"https:\/\/lofotenseaweedcompany.com\/de\/wp-json\/wp\/v2\/product_tag?post=35777"},{"taxonomy":"woo-feed-brand","embeddable":true,"href":"https:\/\/lofotenseaweedcompany.com\/de\/wp-json\/wp\/v2\/woo-feed-brand?post=35777"}],"curies":[{"name":"wp","href":"https:\/\/api.w.org\/{rel}","templated":true}]}}