{"id":35781,"date":"2024-10-18T13:37:40","date_gmt":"2024-10-18T13:37:40","guid":{"rendered":"https:\/\/lofotenseaweedcompany.com\/shop\/arctic-travel-essentials\/"},"modified":"2025-01-30T14:15:07","modified_gmt":"2025-01-30T14:15:07","slug":"arctic-travel-essentials","status":"publish","type":"product","link":"https:\/\/lofotenseaweedcompany.com\/de\/shop\/arctic-travel-essentials\/","title":{"rendered":"Arctic Travel Essentials"},"content":{"rendered":"<p>Shampoo 75ml<\/p>\n<p>Inhaltsstoffe: Aqua, Decyl Glucoside, Fucus serratus seaweed, Lauryl Betaine, Panthenol (and) Aqua, Argania Spinosa Kernel Oil, Xanthan Gum, Sodium Chloride, Sea Salt, Phenoxyeth-anol, Aloe Barbadensis (Aloe Vera), Leaf Juice Powder, Citric acid, Cymbopogon Citratus Leaf Oil, Benzoic acid, Dehydroacetic Acid, Zingiber Officinale Root Oil.<\/p>\n<p>Pflegesp\u00fclung 75ml<\/p>\n<p>Zutaten: Aqua, Aloe Barbadensis Leaf Juice, Cetearyl Alcohol, Betaine, Cocoglucoside, Butyrospermum Parkii (Shea) Butter, Cocos Nucifera (Coconut) Oil, Olea Europaea (Olive) Fruit Oil, Helianthus Annus (Sunflower) Seed Oil, Kaliumsorbat, Natriumbenzoat, Xanthan Gum, Fucus serratus Meeresalgen, Cymbopogon Citratus Leaf Oil, Simmondsia Chinensis (Jojoba) Seed Oil, Zitronens\u00e4ure, Tocopherol, Zingiber Officinale Root Oil.<\/p>\n<p>Body Wash 75ml<\/p>\n<p>Inhaltsstoffe: Aqua, Sodium Sodium Lauroyl Methyl Isethionate, Cocamido-propyl Betaine, Lauryl Glucoside, Argania Spinosa Kernel Oil, Sodium Chloride, Sodium Methyl Isethionate, Phenoxyethanol, Sodium Lauroyl Isethionate, Sodium Benzoate, Fucus serratus Meeresalgen, Cymbopogon Citratus Blatt\u00f6l, Meersalz, Polyquaternium-7, Laurins\u00e4ure, Zink-Laurat, Trinatrium Ethylendiamin Disuccinat, Zitronens\u00e4ure, Natrium-Laurat, Zingiber Officinale Wurzel\u00f6l.<\/p>\n<p>Lotion 75ml<\/p>\n<p>Inhaltsstoffe: Aqua, Helianthus Annus (Sunflower) Seed Oil, Polysorbate 20, Cetearyl Alcohol, Glyceryl Stearate, Phenoxyethanol, Fucus serratus seaweed, Carbomer, Potassium Sorbate, Cymbopogon Citratus LeafOil, Sodium Hydroxide, Zingiber Officinale Root Oil.<\/p>\n<p>Allergene: Citral, Geraniol, Linalool, Limonen.<\/p>\n<p>Vegan-freundlich.<\/p>\n","protected":false},"excerpt":{"rendered":"<p>Arctic Travel Essentials enth\u00e4lt alles, was Ihr Haar und Ihre Haut brauchen, um im Norden gepflegt zu bleiben. Mit Bio-Algen von den Lofoten als Wirkstoff helfen diese Produkte, Ihr Haar gl\u00e4nzend und Ihre Haut weich zu halten &#8211; auf nat\u00fcrliche Weise. Die \u00e4therischen \u00d6le von Zitronengras und Ingwer sorgen f\u00fcr einen belebenden Duft und heben die Stimmung. Dieses Reiseset ist perfekt f\u00fcr Abenteurer, Entdecker, Reisende und Wanderer, die auch an den wildesten Orten der Welt ein frisches Aussehen bewahren wollen.<\/p>\n","protected":false},"featured_media":39225,"comment_status":"closed","ping_status":"closed","template":"","meta":{"_acf_changed":false},"product_brand":[],"product_cat":[315],"product_tag":[],"woo-feed-brand":[],"class_list":{"0":"post-35781","1":"product","2":"type-product","3":"status-publish","4":"has-post-thumbnail","6":"product_cat-seetang-kosmetik","8":"first","9":"instock","10":"taxable","11":"shipping-taxable","12":"purchasable","13":"product-type-simple"},"acf":[],"_links":{"self":[{"href":"https:\/\/lofotenseaweedcompany.com\/de\/wp-json\/wp\/v2\/product\/35781","targetHints":{"allow":["GET"]}}],"collection":[{"href":"https:\/\/lofotenseaweedcompany.com\/de\/wp-json\/wp\/v2\/product"}],"about":[{"href":"https:\/\/lofotenseaweedcompany.com\/de\/wp-json\/wp\/v2\/types\/product"}],"replies":[{"embeddable":true,"href":"https:\/\/lofotenseaweedcompany.com\/de\/wp-json\/wp\/v2\/comments?post=35781"}],"wp:featuredmedia":[{"embeddable":true,"href":"https:\/\/lofotenseaweedcompany.com\/de\/wp-json\/wp\/v2\/media\/39225"}],"wp:attachment":[{"href":"https:\/\/lofotenseaweedcompany.com\/de\/wp-json\/wp\/v2\/media?parent=35781"}],"wp:term":[{"taxonomy":"product_brand","embeddable":true,"href":"https:\/\/lofotenseaweedcompany.com\/de\/wp-json\/wp\/v2\/product_brand?post=35781"},{"taxonomy":"product_cat","embeddable":true,"href":"https:\/\/lofotenseaweedcompany.com\/de\/wp-json\/wp\/v2\/product_cat?post=35781"},{"taxonomy":"product_tag","embeddable":true,"href":"https:\/\/lofotenseaweedcompany.com\/de\/wp-json\/wp\/v2\/product_tag?post=35781"},{"taxonomy":"woo-feed-brand","embeddable":true,"href":"https:\/\/lofotenseaweedcompany.com\/de\/wp-json\/wp\/v2\/woo-feed-brand?post=35781"}],"curies":[{"name":"wp","href":"https:\/\/api.w.org\/{rel}","templated":true}]}}