{"id":35787,"date":"2024-06-19T12:45:56","date_gmt":"2024-06-19T12:45:56","guid":{"rendered":"https:\/\/lofotenseaweedcompany.com\/shop\/furikake-drei-pack\/"},"modified":"2026-02-25T13:09:15","modified_gmt":"2026-02-25T13:09:15","slug":"furikake-drei-pack","status":"publish","type":"product","link":"https:\/\/lofotenseaweedcompany.com\/de\/shop\/furikake-drei-pack\/","title":{"rendered":"Furikake Drei Pack"},"content":{"rendered":"<p>Tr\u00fcffel-Meeresalgen-Salz<\/p>\n<p>Zutaten: Meersalz, Tr\u00fcffel-Algen (Vertebrata lanosa).<br \/>\nN\u00e4hrwert pro 100g: Energie KJ\/Kcal (975\/233), Fett (0,8g), Kohlenhydrate (7g), davon Zucker (0g), Ballaststoffe (5,2g), Eiwei\u00df (2,6g), Salz (78g).<\/p>\n<p>Allergien: Dieses Produkt kann Spuren von Schalentieren enthalten.<\/p>\n<p>Aufbewahrung: Trocken und verschlossen aufbewahren.<\/p>\n<p>Nettogewicht: 20 g<\/p>\n<p>Bio, glutenfrei, f\u00fcr Veganer geeignet.<\/p>\n<p>&nbsp;<\/p>\n<p>Arktischer Furikake<\/p>\n<p>Zutaten: Bio-Butare (Alaria esculenta) 31%, Puffreis 38%, Ume-Sesam 31% (Zutaten: wei\u00dfer, ger\u00f6steter Sesam, getrocknetes Pflaumenfleisch: Pflaumen, Shiso, Laktose, Salz, Pflaumenessig; fermentierter Weizen und Soja, Zucker, Zitronens\u00e4ure E330 und E296, Salz, Geschmacksverst\u00e4rker E621 und E635, Shiso-Aroma, Rotkohlfarbe, Hefeextrakt, Dextrin).<\/p>\n<p>N\u00e4hrwertangaben pro 100g: Energie: 1671kJ\/400kcal, Fett 18,3g, davon ges\u00e4ttigt 2,7g, Kohlenhydrate 40,7g, davon Zucker 0,9g, Ballaststoffe 9,9g, Eiwei\u00df, 11,3g, Salz 5,9g<\/p>\n<p>Aufbewahrung: Trocken und verschlossen aufbewahren.<\/p>\n<p>Nettogewicht: 20 g<\/p>\n<p>&nbsp;<\/p>\n<p>Lofoten Umami<\/p>\n<p>Zutaten: Bio-Fl\u00fcgelseetang (Alaria esculenta) (49%), Stockfisch (Gadus morhua, gefangen mit Langleinen, Norwegische See) (19%), Dulse (Palmaria palmata) (9%), gez\u00fcchteter Fl\u00fcgelseetang (Alaria esculenta) (9%), wei\u00dfe Sesamsamen (7%), schwarze Sesamsamen (7%)<\/p>\n<p>N\u00e4hrwertangaben pro 100 g: Energie KJ\/Kcal (1034\/247), Fett (10g), Kohlenhydrate (11,6g), davon Zucker (0,2g), Ballaststoffe (27g), Eiwei\u00df (22,9g), Salz (2,5g).<\/p>\n<p>Allergien: Schalentiere, Fisch und Sesamsamen.<\/p>\n<p>Aufbewahrung: Trocken und verschlossen aufbewahren<\/p>\n<p>Nettogewicht: 20 g<\/p>\n","protected":false},"excerpt":{"rendered":"<p>Unser brandneues Furikake-Drei-Pack besteht aus drei Mini-Packungen mit unseren luxuri\u00f6sesten Algen-Toppings! G\u00f6nnen Sie sich oder einem Freund je 20 g Tr\u00fcffel-Algensalz, Lofoten Umami und Arctic Furikake (fr\u00fcher TAK Furikake). Perfekt f\u00fcr alle, die gerne in der K\u00fcche experimentieren, die gerne asiatisch inspirierte Gerichte kochen oder f\u00fcr alle, die neugierig darauf sind, ihren kulinarischen Horizont zu erweitern. Das Furikake-Drei-Pack mit seiner schillernden neuen Farbpalette ist ein wunderbares Geschenk f\u00fcr alle, die Wert auf Nachhaltigkeit, das Meer und gutes Essen legen.<\/p>\n","protected":false},"featured_media":38695,"comment_status":"closed","ping_status":"closed","template":"","meta":{"_acf_changed":false},"product_brand":[],"product_cat":[1168,325,718,305],"product_tag":[1173],"woo-feed-brand":[],"class_list":{"0":"post-35787","1":"product","2":"type-product","3":"status-publish","4":"has-post-thumbnail","6":"product_cat-un-categorized","7":"product_cat-seetang-flocken","8":"product_cat-seetang-gewurtze","9":"product_cat-seetang-salz","10":"product_tag-umami","12":"first","13":"instock","14":"taxable","15":"shipping-taxable","16":"purchasable","17":"product-type-simple"},"acf":[],"_links":{"self":[{"href":"https:\/\/lofotenseaweedcompany.com\/de\/wp-json\/wp\/v2\/product\/35787","targetHints":{"allow":["GET"]}}],"collection":[{"href":"https:\/\/lofotenseaweedcompany.com\/de\/wp-json\/wp\/v2\/product"}],"about":[{"href":"https:\/\/lofotenseaweedcompany.com\/de\/wp-json\/wp\/v2\/types\/product"}],"replies":[{"embeddable":true,"href":"https:\/\/lofotenseaweedcompany.com\/de\/wp-json\/wp\/v2\/comments?post=35787"}],"wp:featuredmedia":[{"embeddable":true,"href":"https:\/\/lofotenseaweedcompany.com\/de\/wp-json\/wp\/v2\/media\/38695"}],"wp:attachment":[{"href":"https:\/\/lofotenseaweedcompany.com\/de\/wp-json\/wp\/v2\/media?parent=35787"}],"wp:term":[{"taxonomy":"product_brand","embeddable":true,"href":"https:\/\/lofotenseaweedcompany.com\/de\/wp-json\/wp\/v2\/product_brand?post=35787"},{"taxonomy":"product_cat","embeddable":true,"href":"https:\/\/lofotenseaweedcompany.com\/de\/wp-json\/wp\/v2\/product_cat?post=35787"},{"taxonomy":"product_tag","embeddable":true,"href":"https:\/\/lofotenseaweedcompany.com\/de\/wp-json\/wp\/v2\/product_tag?post=35787"},{"taxonomy":"woo-feed-brand","embeddable":true,"href":"https:\/\/lofotenseaweedcompany.com\/de\/wp-json\/wp\/v2\/woo-feed-brand?post=35787"}],"curies":[{"name":"wp","href":"https:\/\/api.w.org\/{rel}","templated":true}]}}