{"id":35788,"date":"2023-12-19T13:44:31","date_gmt":"2023-12-19T13:44:31","guid":{"rendered":"https:\/\/lofotenseaweedcompany.com\/shop\/geschenkkarte\/"},"modified":"2025-05-27T07:43:47","modified_gmt":"2025-05-27T07:43:47","slug":"geschenkkarte","status":"publish","type":"product","link":"https:\/\/lofotenseaweedcompany.com\/de\/shop\/geschenkkarte\/","title":{"rendered":"Geschenkkarte"},"content":{"rendered":"<p>Der Geschenkgutschein ist ab dem Kaufdatum ein Jahr lang g\u00fcltig.<\/p>\n<p>Alle Geschenkkarten werden manuell bearbeitet und k\u00f6nnen daher einige Tage bis zur Auslieferung ben\u00f6tigen.<\/p>\n<p>Wenn nicht anders gew\u00fcnscht, wird der Geschenkgutschein per E-Mail verschickt.<\/p>\n","protected":false},"excerpt":{"rendered":"<p>Verschenken Sie ein einzigartiges Geschenk an jemanden, den Sie lieben, oder schaffen Sie sich Ihr eigenes Gourmet-Abenteuer zu Hause mit dieser Lofoten Seaweed Geschenkkarte. Er kann in unserem Gesch\u00e4ft in Napp oder f\u00fcr einen der Artikel in unserem Webshop eingel\u00f6st werden.<\/p>\n","protected":false},"featured_media":38748,"comment_status":"closed","ping_status":"closed","template":"","meta":{"_acf_changed":false},"product_brand":[],"product_cat":[15],"product_tag":[],"woo-feed-brand":[],"class_list":{"0":"post-35788","1":"product","2":"type-product","3":"status-publish","4":"has-post-thumbnail","6":"product_cat-un-categorized","8":"first","9":"instock","10":"virtual","11":"purchasable","12":"product-type-simple"},"acf":[],"_links":{"self":[{"href":"https:\/\/lofotenseaweedcompany.com\/de\/wp-json\/wp\/v2\/product\/35788","targetHints":{"allow":["GET"]}}],"collection":[{"href":"https:\/\/lofotenseaweedcompany.com\/de\/wp-json\/wp\/v2\/product"}],"about":[{"href":"https:\/\/lofotenseaweedcompany.com\/de\/wp-json\/wp\/v2\/types\/product"}],"replies":[{"embeddable":true,"href":"https:\/\/lofotenseaweedcompany.com\/de\/wp-json\/wp\/v2\/comments?post=35788"}],"wp:featuredmedia":[{"embeddable":true,"href":"https:\/\/lofotenseaweedcompany.com\/de\/wp-json\/wp\/v2\/media\/38748"}],"wp:attachment":[{"href":"https:\/\/lofotenseaweedcompany.com\/de\/wp-json\/wp\/v2\/media?parent=35788"}],"wp:term":[{"taxonomy":"product_brand","embeddable":true,"href":"https:\/\/lofotenseaweedcompany.com\/de\/wp-json\/wp\/v2\/product_brand?post=35788"},{"taxonomy":"product_cat","embeddable":true,"href":"https:\/\/lofotenseaweedcompany.com\/de\/wp-json\/wp\/v2\/product_cat?post=35788"},{"taxonomy":"product_tag","embeddable":true,"href":"https:\/\/lofotenseaweedcompany.com\/de\/wp-json\/wp\/v2\/product_tag?post=35788"},{"taxonomy":"woo-feed-brand","embeddable":true,"href":"https:\/\/lofotenseaweedcompany.com\/de\/wp-json\/wp\/v2\/woo-feed-brand?post=35788"}],"curies":[{"name":"wp","href":"https:\/\/api.w.org\/{rel}","templated":true}]}}