{"id":38331,"date":"2025-10-06T11:51:32","date_gmt":"2025-10-06T11:51:32","guid":{"rendered":"https:\/\/lofotenseaweedcompany.com\/shop\/the-christmas-bestseller\/"},"modified":"2025-10-28T09:21:39","modified_gmt":"2025-10-28T09:21:39","slug":"unser-weihnachtshighlight","status":"publish","type":"product","link":"https:\/\/lofotenseaweedcompany.com\/de\/shop\/unser-weihnachtshighlight\/","title":{"rendered":"Unser Weihnachtshighlight"},"content":{"rendered":"<p><b>Arktisches Meersalz Zutaten: <\/b>Meersalz, <a href=\"https:\/\/lofotenseaweedcompany.com\/de\/unsere-seetang\/\">Fl\u00fcgeltang<\/a> (<i>Alaria esculenta<\/i>)<\/p>\n<p><b>N\u00e4hrwerte pro 100 g:<\/b> Energie KJ\/Kcal (966\/231), Fett (0,9 g), Kohlenhydrate (7,3 g), davon Zucker (0,02 g), Ballaststoffe (6,2 g), Eiwei\u00df (1,3 g), Salz (78 g).<\/p>\n<p><b>Allergene: <\/b>Dieses Produkt kann Spuren von Schalentieren enthalten.<\/p>\n<p><b>Lagerung: <\/b>Trocken und verschlossen lagern.<\/p>\n<p><b>Gewicht: <\/b>60 g<\/p>\n<p>Dieses Produkt enth\u00e4lt 4,9 mg Jod pro 100 g. Die empfohlene Tagesdosis betr\u00e4gt 0,15 mg, die maximale Tagesdosis 0,6 mg. Eine zu hohe Jodzufuhr kann die Schilddr\u00fcsenfunktion beeintr\u00e4chtigen.<\/p>\n<p>Bio, glutenfrei, f\u00fcr Veganer geeignet.<\/p>\n<p><strong>Zutaten Schokolade:<\/strong><\/p>\n<p>Manjari 64 % dunkle Schokolade, Kakaopulver, Zucker, Kakaobutter, Zuckertang (<i>Saccharina latissima)<\/i>, <b>Milchpulver<\/b>, <b>Soja<\/b>-Lecithin.<\/p>\n<p><strong>Allergene:<\/strong><\/p>\n<p>Dieses Produkt kann Spuren von <b>Schalentieren, N\u00fcssen, Gluten, Lupinen und Eiern<\/b> enthalten.<\/p>\n<p><b>Lagerung: <\/b>Trocken und verschlossen bei 14 bis 16 \u00b0C lagern.<\/p>\n<p><b>Gewicht: <\/b>70 g<\/p>\n","protected":false},"excerpt":{"rendered":"<p>Was gibt es Besseres als Schokolade mit einem Hauch von Meersalz? Schokolade <i>und<\/i> Meersalz \u2013 mit Tang! Diese Geschenkbox vereint zwei unserer beliebtesten Produkte: unser <a href=\"https:\/\/lofotenseaweedcompany.com\/de\/shop\/arctic-seaweed-salz-2\/\">Arctic Seaweed Salz<\/a> und unsere <a href=\"https:\/\/lofotenseaweedcompany.com\/de\/shop\/dunkle-schokolade-mit-zuckertang\/\">Dunkle Schokolade mit Zuckertang<\/a>.<\/p>\n<p>Arctic Seaweed Salt wird wie normales Salz zum W\u00fcrzen von Speisen verwendet, hat jedoch dank der Bio-Tangflocken einen intensiveren Umami-Geschmack und einen h\u00f6heren N\u00e4hrwert.<\/p>\n<p>Die Schokolade wird vom Schokoladenmeister Craig Alibone hergestellt und enth\u00e4lt nat\u00fcrlich auch unsere handgeernteten, vollkommen nat\u00fcrlichen Algen. Wenn etwas ges\u00fcnder ist, bedeutet das, dass man mehr davon essen kann. Wenn es auch noch besser schmeckt, bedeutet das, dass man <i>viel<\/i> mehr davon essen kann.<\/p>\n<p>Diese Kombination ist das perfekte Geschenk, wenn Sie jemandem den Alltag ein wenig versch\u00f6nern m\u00f6chten \u2013 oder wenn Sie sich selbst etwas Gutes tun m\u00f6chten!<\/p>\n","protected":false},"featured_media":39218,"comment_status":"closed","ping_status":"closed","template":"","meta":{"_acf_changed":false},"product_brand":[],"product_cat":[1169,1168,231,326,305],"product_tag":[],"woo-feed-brand":[],"class_list":{"0":"post-38331","1":"product","2":"type-product","3":"status-publish","4":"has-post-thumbnail","6":"product_cat-christmas","7":"product_cat-un-categorized","8":"product_cat-seetang-geschenke","9":"product_cat-seetang-leckereien","10":"product_cat-seetang-salz","12":"first","13":"outofstock","14":"taxable","15":"shipping-taxable","16":"purchasable","17":"product-type-simple"},"acf":[],"_links":{"self":[{"href":"https:\/\/lofotenseaweedcompany.com\/de\/wp-json\/wp\/v2\/product\/38331","targetHints":{"allow":["GET"]}}],"collection":[{"href":"https:\/\/lofotenseaweedcompany.com\/de\/wp-json\/wp\/v2\/product"}],"about":[{"href":"https:\/\/lofotenseaweedcompany.com\/de\/wp-json\/wp\/v2\/types\/product"}],"replies":[{"embeddable":true,"href":"https:\/\/lofotenseaweedcompany.com\/de\/wp-json\/wp\/v2\/comments?post=38331"}],"wp:featuredmedia":[{"embeddable":true,"href":"https:\/\/lofotenseaweedcompany.com\/de\/wp-json\/wp\/v2\/media\/39218"}],"wp:attachment":[{"href":"https:\/\/lofotenseaweedcompany.com\/de\/wp-json\/wp\/v2\/media?parent=38331"}],"wp:term":[{"taxonomy":"product_brand","embeddable":true,"href":"https:\/\/lofotenseaweedcompany.com\/de\/wp-json\/wp\/v2\/product_brand?post=38331"},{"taxonomy":"product_cat","embeddable":true,"href":"https:\/\/lofotenseaweedcompany.com\/de\/wp-json\/wp\/v2\/product_cat?post=38331"},{"taxonomy":"product_tag","embeddable":true,"href":"https:\/\/lofotenseaweedcompany.com\/de\/wp-json\/wp\/v2\/product_tag?post=38331"},{"taxonomy":"woo-feed-brand","embeddable":true,"href":"https:\/\/lofotenseaweedcompany.com\/de\/wp-json\/wp\/v2\/woo-feed-brand?post=38331"}],"curies":[{"name":"wp","href":"https:\/\/api.w.org\/{rel}","templated":true}]}}