{"id":38335,"date":"2025-10-06T12:41:55","date_gmt":"2025-10-06T12:41:55","guid":{"rendered":"https:\/\/lofotenseaweedcompany.com\/shop\/the-bbq-lovers-box\/"},"modified":"2025-10-28T09:30:05","modified_gmt":"2025-10-28T09:30:05","slug":"die-bbq-liebhaber-box","status":"publish","type":"product","link":"https:\/\/lofotenseaweedcompany.com\/de\/shop\/die-bbq-liebhaber-box\/","title":{"rendered":"Die BBQ-Liebhaber-Box"},"content":{"rendered":"<p><b>Ger\u00e4uchertes Seetang-Salz Zutaten: <\/b>Meersalz 87 %, ger\u00e4ucherter <a href=\"https:\/\/lofotenseaweedcompany.com\/de\/unsere-seetang\/\">Fl\u00fcgeltang<\/a> (<i>Alaria esculenta<\/i>) 13 %.<\/p>\n<p><b>Allergene:<\/b> Dieses Produkt kann Spuren von Schalentieren enthalten.<\/p>\n<p><b>Lagerung:<\/b> K\u00fchl und trocken lagern.<\/p>\n<p><b>Nettogewicht: <\/b>60 g<\/p>\n<p>Dieses Produkt enth\u00e4lt 11,6 mg Jod pro 100 g. Die empfohlene Tagesdosis betr\u00e4gt 0,15 mg. Eine zu hohe Jodzufuhr kann die Schilddr\u00fcse beeintr\u00e4chtigen.<\/p>\n<p>Bio, glutenfrei, f\u00fcr Veganer geeignet<\/p>\n<p><b>BBQ- &amp; Fleischgew\u00fcrzmischung Zutaten:<\/b> Meersalz, Fl\u00fcgelseetang, brauner Zucker, ger\u00e4uchertes Paprikapulver, Knoblauch, Zwiebeln, Zwiebelpulver, Rosmarin, Chili, Thymian, Raps\u00f6l, K\u00fcmmel, Paprikaextrakt.<\/p>\n<p><b>N\u00e4hrwertangaben pro 100 g:<\/b> Energie KJ\/Kcal (973\/233), Fett (2,9 g), davon ges\u00e4ttigte Fetts\u00e4uren (0,5 g), Kohlenhydrate (44 g), davon Zucker (19 g), Ballaststoffe (3,9 g), Eiwei\u00df (5,9 g), Salz (32,1)<\/p>\n<p>Enth\u00e4lt 18 mg Jod pro 100 g. Empfohlene Tagesdosis 0,15 mg (1 Teel\u00f6ffel), maximale Tagesdosis 0,6 mg. Zu viel Jod kann die Schilddr\u00fcsenfunktion beeintr\u00e4chtigen.<\/p>\n<p><b>Gewicht:<\/b> 51 g<\/p>\n<p>Glutenfrei, f\u00fcr Veganer geeignet<\/p>\n<div class=\"block clear-both mb-10\">\n<div id=\"tab-description\" class=\"woocommerce-Tabs-panel woocommerce-Tabs-panel--description panel entry-content wc-tab\" role=\"tabpanel\" aria-labelledby=\"tab-title-description\">\n<div class=\"row\"><\/div>\n<\/div>\n<\/div>\n<div class=\"block clear-both mb-10\">\n<div id=\"tab-description\" class=\"woocommerce-Tabs-panel woocommerce-Tabs-panel--description panel entry-content wc-tab\" role=\"tabpanel\" aria-labelledby=\"tab-title-description\">\n<div class=\"row\"><\/div>\n<\/div>\n<\/div>\n","protected":false},"excerpt":{"rendered":"<p>Die BBQ Lover&#8217;s Box enth\u00e4lt unser Smoked Seaweed Salt, unsere BBQ &amp; Meat Spice Blend und unsere unglaublichen Smoked Seaweed Flakes. Ist Ihr Liebster ein BBQ-Meister? Nun, diese Box enth\u00e4lt den eindeutigen Beweis, dass selbst die gr\u00f6\u00dften Fleischliebhaber etwas Seetang in ihren Gerichten lieben werden.<\/p>\n<p>Das <b>Smoked Seaweed Salt<\/b> enth\u00e4lt norwegisches Meersalz, gemischt mit Seetang, der \u00fcber Buchenholz kaltger\u00e4uchert wurde, was ihm einen unvergleichlichen Rauchgeschmack verleiht. Die gleichen Flocken werden dann separat als <b>Smoked Seaweed Flakes<\/b> verpackt; der Seetang verleiht jedem Gericht, von Eint\u00f6pfen bis hin zu Burgern und Steaks, einen rauchigen Geschmack. Vergessen Sie Fl\u00fcssigrauch \u2013 hier ist die ges\u00fcndere und schmackhaftere Alternative! Die <b>BBQ &amp; Meat Spice Blend<\/b> enth\u00e4lt eine verlockende Mischung aus Paprika, Chili, Knoblauch und Seetang und eignet sich ideal zum Einreiben von Fleisch, Tofu oder allem, was dazwischen liegt.<\/p>\n","protected":false},"featured_media":38866,"comment_status":"closed","ping_status":"closed","template":"","meta":{"_acf_changed":false},"product_brand":[],"product_cat":[1169,269,325,231,718,305],"product_tag":[],"woo-feed-brand":[],"class_list":{"0":"post-38335","1":"product","2":"type-product","3":"status-publish","4":"has-post-thumbnail","6":"product_cat-christmas","7":"product_cat-gewuerzmischung","8":"product_cat-seetang-flocken","9":"product_cat-seetang-geschenke","10":"product_cat-seetang-gewurtze","11":"product_cat-seetang-salz","13":"first","14":"outofstock","15":"taxable","16":"shipping-taxable","17":"purchasable","18":"product-type-simple"},"acf":[],"_links":{"self":[{"href":"https:\/\/lofotenseaweedcompany.com\/de\/wp-json\/wp\/v2\/product\/38335","targetHints":{"allow":["GET"]}}],"collection":[{"href":"https:\/\/lofotenseaweedcompany.com\/de\/wp-json\/wp\/v2\/product"}],"about":[{"href":"https:\/\/lofotenseaweedcompany.com\/de\/wp-json\/wp\/v2\/types\/product"}],"replies":[{"embeddable":true,"href":"https:\/\/lofotenseaweedcompany.com\/de\/wp-json\/wp\/v2\/comments?post=38335"}],"wp:featuredmedia":[{"embeddable":true,"href":"https:\/\/lofotenseaweedcompany.com\/de\/wp-json\/wp\/v2\/media\/38866"}],"wp:attachment":[{"href":"https:\/\/lofotenseaweedcompany.com\/de\/wp-json\/wp\/v2\/media?parent=38335"}],"wp:term":[{"taxonomy":"product_brand","embeddable":true,"href":"https:\/\/lofotenseaweedcompany.com\/de\/wp-json\/wp\/v2\/product_brand?post=38335"},{"taxonomy":"product_cat","embeddable":true,"href":"https:\/\/lofotenseaweedcompany.com\/de\/wp-json\/wp\/v2\/product_cat?post=38335"},{"taxonomy":"product_tag","embeddable":true,"href":"https:\/\/lofotenseaweedcompany.com\/de\/wp-json\/wp\/v2\/product_tag?post=38335"},{"taxonomy":"woo-feed-brand","embeddable":true,"href":"https:\/\/lofotenseaweedcompany.com\/de\/wp-json\/wp\/v2\/woo-feed-brand?post=38335"}],"curies":[{"name":"wp","href":"https:\/\/api.w.org\/{rel}","templated":true}]}}