{"id":38338,"date":"2025-10-06T13:43:12","date_gmt":"2025-10-06T13:43:12","guid":{"rendered":"https:\/\/lofotenseaweedcompany.com\/shop\/the-luxury-box\/"},"modified":"2025-10-28T09:38:36","modified_gmt":"2025-10-28T09:38:36","slug":"die-luxusbox","status":"publish","type":"product","link":"https:\/\/lofotenseaweedcompany.com\/de\/shop\/die-luxusbox\/","title":{"rendered":"Die Luxusbox"},"content":{"rendered":"<div class=\"col-md-6 col-md-offset-3\">\n<p><b>Ocean Truffle Salt Zutaten: <\/b>Meersalz, Tr\u00fcffelalgen (<i>Vertebrata lanosa<\/i>).<\/p>\n<p><b>N\u00e4hrwert pro 100 g:<\/b> Energie KJ\/Kcal (975\/233), Fett (0,8 g), Kohlenhydrate (7 g), davon Zucker (0 g), Ballaststoffe (5,2 g), Eiwei\u00df (2,6 g), Salz (78 g).<\/p>\n<p><b>Allergene: <\/b>Dieses Produkt kann Spuren von Schalentieren enthalten.<\/p>\n<p><b>Lagerung: <\/b>Trocken und verschlossen lagern.<\/p>\n<p><b>Nettogewicht: <\/b>60 g<\/p>\n<p>Dieses Produkt enth\u00e4lt 30 mg Jod pro 100 g. Die empfohlene Tagesdosis betr\u00e4gt 0,15 mg, die maximale Tagesdosis 0,6 mg. Eine zu hohe Jodzufuhr kann die Schilddr\u00fcsenfunktion beeintr\u00e4chtigen.<\/p>\n<p>Bio, glutenfrei, f\u00fcr Veganer geeignet.<\/p>\n<p><b>Arctic Furikake Zutaten: <\/b>Bio-Butare (Alaria esculenta) 31 %, Puffreis 38 %, Ume-Sesam 31 % (Zutaten: wei\u00df ger\u00f6steter Sesam, getrocknetes Pflaumenmark: Pflaumen, Shiso, Laktose, Salz, Pflaumenessig; fermentierter Weizen und Soja, Zucker, Zitronens\u00e4ure E330 und E296, Salz, Geschmacksverst\u00e4rker E621 und E635, Shiso-Aroma, Rotkohlfarbe, Hefeextrakt, Dextrin).<\/p>\n<p><b>N\u00e4hrwertangaben pro 100 g:<\/b> Energie: 1671 kJ\/400 kcal, Fett 18,3 g, davon ges\u00e4ttigte Fetts\u00e4uren 2,7 g, Kohlenhydrate 40,7 g, davon Zucker 0,9 g, Ballaststoffe 9,9 g, Eiwei\u00df 11,3 g, Salz 5,9 g<\/p>\n<p><b>Lagerung: <\/b>Trocken und verschlossen lagern.<\/p>\n<p><b>Dunkle Schokolade mit Zuckertang Zutaten:<\/b><\/p>\n<p>Manjari 64 % dunkle Schokolade, Kakaopulver, Zucker, Kakaobutter, Zuckertang (<i>Saccharina latissima)<\/i>, <b>Milchpulver<\/b>, <b>Soja<\/b>-Lecithin.<\/p>\n<p><b>Allergene:<\/b><\/p>\n<p>Dieses Produkt kann Spuren von <b>Schalentieren, N\u00fcssen, Gluten, Lupinen und Eiern<\/b> enthalten.<\/p>\n<p><b>Lagerung: <\/b>Trocken und verschlossen bei 14 bis 16 \u00b0C lagern.<\/p>\n<p><b>Gewicht: <\/b>70 g<\/p>\n<\/div>\n","protected":false},"excerpt":{"rendered":"<p>Unsere Luxus-Geschenkbox enth\u00e4lt Ocean Truffle Salt, Arctic Furikake und die Dunkle Schokolade mit Zucker-Seetang.<\/p>\n<p>Diese Box ist mit den k\u00f6stlichsten Produkten gef\u00fcllt, die wir zu bieten haben \u2013 damit Sie das Leben in vollen Z\u00fcgen genie\u00dfen k\u00f6nnen, ohne ein schlechtes Gewissen zu haben, denn Sie unterst\u00fctzen nachhaltige Produkte, die sowohl gut f\u00fcr Sie als auch gut f\u00fcr den Ozean sind.<\/p>\n<p>Das Ocean Truffle Salt hat einen reichhaltigen, erdigen Geschmack wie Landtr\u00fcffel, mit starken Noten von Knoblauch und Pfeffer. Unsere Dunkle Schokolade mit Zuckertang wird aus feinster Manjari-Schokolade hergestellt und mit w\u00fcrzigem, umami-reichem Lofoten-Zuckertang verfeinert. Arctic Furikake ist eine japanische W\u00fcrzmischung aus Algen, gemischt mit Sesam mit Ume-Geschmack und Puffreis, die perfekt zu allem passt, von Avocado-Toast \u00fcber Salate bis hin zu Eiern.<\/p>\n","protected":false},"featured_media":39245,"comment_status":"closed","ping_status":"closed","template":"","meta":{"_acf_changed":false},"product_brand":[],"product_cat":[1169,325,231,326,305],"product_tag":[],"woo-feed-brand":[],"class_list":{"0":"post-38338","1":"product","2":"type-product","3":"status-publish","4":"has-post-thumbnail","6":"product_cat-christmas","7":"product_cat-seetang-flocken","8":"product_cat-seetang-geschenke","9":"product_cat-seetang-leckereien","10":"product_cat-seetang-salz","12":"first","13":"outofstock","14":"taxable","15":"shipping-taxable","16":"purchasable","17":"product-type-simple"},"acf":[],"_links":{"self":[{"href":"https:\/\/lofotenseaweedcompany.com\/de\/wp-json\/wp\/v2\/product\/38338","targetHints":{"allow":["GET"]}}],"collection":[{"href":"https:\/\/lofotenseaweedcompany.com\/de\/wp-json\/wp\/v2\/product"}],"about":[{"href":"https:\/\/lofotenseaweedcompany.com\/de\/wp-json\/wp\/v2\/types\/product"}],"replies":[{"embeddable":true,"href":"https:\/\/lofotenseaweedcompany.com\/de\/wp-json\/wp\/v2\/comments?post=38338"}],"wp:featuredmedia":[{"embeddable":true,"href":"https:\/\/lofotenseaweedcompany.com\/de\/wp-json\/wp\/v2\/media\/39245"}],"wp:attachment":[{"href":"https:\/\/lofotenseaweedcompany.com\/de\/wp-json\/wp\/v2\/media?parent=38338"}],"wp:term":[{"taxonomy":"product_brand","embeddable":true,"href":"https:\/\/lofotenseaweedcompany.com\/de\/wp-json\/wp\/v2\/product_brand?post=38338"},{"taxonomy":"product_cat","embeddable":true,"href":"https:\/\/lofotenseaweedcompany.com\/de\/wp-json\/wp\/v2\/product_cat?post=38338"},{"taxonomy":"product_tag","embeddable":true,"href":"https:\/\/lofotenseaweedcompany.com\/de\/wp-json\/wp\/v2\/product_tag?post=38338"},{"taxonomy":"woo-feed-brand","embeddable":true,"href":"https:\/\/lofotenseaweedcompany.com\/de\/wp-json\/wp\/v2\/woo-feed-brand?post=38338"}],"curies":[{"name":"wp","href":"https:\/\/api.w.org\/{rel}","templated":true}]}}