{"id":38461,"date":"2025-10-03T07:40:51","date_gmt":"2025-10-03T07:40:51","guid":{"rendered":"https:\/\/lofotenseaweedcompany.com\/shop\/fish-lovers-box\/"},"modified":"2025-11-08T15:08:52","modified_gmt":"2025-11-08T15:08:52","slug":"die-fischliebhaber-box","status":"publish","type":"product","link":"https:\/\/lofotenseaweedcompany.com\/de\/shop\/die-fischliebhaber-box\/","title":{"rendered":"Die Fischliebhaber-Box"},"content":{"rendered":"<p><strong>Zutaten:<\/strong><\/p>\n<p><strong>Arctic Seaweed Salt<\/strong><\/p>\n<p>Meersalz, Fl\u00fcgeltang (Alaria esculenta)<\/p>\n<p><strong>N\u00e4hrwerte pro 100 g<\/strong>: Energie KJ\/Kcal (966\/231), Fett (0,9 g), Kohlenhydrate (7,3 g), davon Zucker (0,02 g), Ballaststoffe (6,2 g), Eiwei\u00df (1,3 g), Salz (78 g).<\/p>\n<p><strong>Allergene<\/strong>: Dieses Produkt kann Spuren von Schalentieren enthalten.<\/p>\n<p><strong>Lagerung<\/strong>: Trocken und verschlossen lagern.<\/p>\n<p><strong>Gewicht<\/strong>: 60 g<\/p>\n<p>Dieses Produkt enth\u00e4lt 4,9 mg Jod pro 100 g. Die empfohlene Tagesdosis betr\u00e4gt 0,15 mg, die Obergrenze liegt bei 0,6 mg. Eine zu hohe Jodzufuhr kann die Schilddr\u00fcsenfunktion beeintr\u00e4chtigen.<\/p>\n<p><strong>Lofoten Umami<\/strong><\/p>\n<p>Fl\u00fcgeltang (Alaria esculenta) 36 %, Stockfisch (Gadus morhua, mit der Angel gefangen, Norwegische See) 22 %, gez\u00fcchtete Butare (Alaria esculenta) 10 %, wei\u00dfe Sesamsamen 10 %, schwarze Sesamsamen 10 %, Ume-Sesamsamen 10 % (Zutaten: wei\u00df ger\u00f6stete Sesamsamen, getrocknete Pflaumen: Pflaumen, Shiso, Laktose, Salz, Pflaumenessig; fermentierter Weizen und Soja, Zucker, Zitronens\u00e4ure E330 und E296, Salz, Geschmacksverst\u00e4rker E621 und E635, Shiso-Aroma, Rotkohlfarbe, Hefeextrakt, Dextrin), Dulse (Palmaria palmata) 2 %.<\/p>\n<p><strong>N\u00e4hrwerte pro 100 g:<\/strong> Energie KJ\/Kcal (1034\/247), Fett (10 g), Kohlenhydrate (11,6 g), davon Zucker (0,2 g), Ballaststoffe (27 g), Eiwei\u00df (22,9 g), Salz (2,5 g).<\/p>\n<p><strong>Allergene: Schalentiere, Fisch, Laktose, Weizen, Soja und Sesam.<\/strong><\/p>\n<p><strong>Gewicht<\/strong>: 40 g<\/p>\n<p><strong>Fish &amp; Seafood Spice Blend<\/strong><\/p>\n<p>Meersalz, Fl\u00fcgeltang, Knoblauch, Dill, Dillsamen, Zwiebeln, Pfeffer, Zwiebelpulver, Petersilie, rosa Pfeffer, Zucker, Zitronenessenz, Raps\u00f6l, nat\u00fcrliche Aromen, Kurkumaextrakt.<\/p>\n<p><strong>N\u00e4hrwertangaben pro 100 g:<\/strong> Energie KJ\/Kcal (909\/217), Fett<\/p>\n","protected":false},"excerpt":{"rendered":"<p>Die Fischliebhaber-Box enth\u00e4lt Lofoten Umami, unser arktisches Meeresalgensalz und die Gew\u00fcrzmischung \u201eFish &amp; Seafood\u201c \u2013 alles verpackt in einer eleganten Geschenkbox.<\/p>\n<p>Ein perfektes Geschenk f\u00fcr Liebhaber von Meeresfr\u00fcchten \u2013 oder um Ihrem eigenen Festtagstisch einen kr\u00e4ftigen Geschmack zu verleihen. Dieses handgefertigte Trio aus Meeresalgengew\u00fcrzen wurde entwickelt, um alles von Weihnachtskabeljau bis zu Neujahrsjakobsmuscheln zu verfeinern.<\/p>\n<p>Im Inneren finden Sie: <strong>Lofoten Umami<\/strong> \u2013 eine Prise japanisch-norwegischer Fusion mit Fl\u00fcgeltang, Dulse, Sesam und Stockfisch. <strong>Arctic Seaweed Salt<\/strong> \u2013 mineralreiches norwegisches Meersalz, gemischt mit handgeerntetem Fl\u00fcgeltang. <strong>Fish &amp; Seafood Spice Blend<\/strong> \u2013 eine frische, aromatische Mischung aus Dill, Zitrone, Knoblauch und Algen \u2013 passt zu fast allen Fisch- und Meeresfr\u00fcchtegerichten und verfeinert deren Geschmack.<\/p>\n","protected":false},"featured_media":37937,"comment_status":"closed","ping_status":"closed","template":"","meta":{"_acf_changed":false},"product_brand":[],"product_cat":[1169,269,231,718,305],"product_tag":[1170,245,1171,1172,1173],"woo-feed-brand":[],"class_list":{"0":"post-38461","1":"product","2":"type-product","3":"status-publish","4":"has-post-thumbnail","6":"product_cat-christmas","7":"product_cat-gewuerzmischung","8":"product_cat-seetang-geschenke","9":"product_cat-seetang-gewurtze","10":"product_cat-seetang-salz","11":"product_tag-arcticsalt","12":"product_tag-christmas-de","13":"product_tag-cooking-gifts","14":"product_tag-gift","15":"product_tag-umami","17":"first","18":"outofstock","19":"taxable","20":"shipping-taxable","21":"purchasable","22":"product-type-simple"},"acf":[],"_links":{"self":[{"href":"https:\/\/lofotenseaweedcompany.com\/de\/wp-json\/wp\/v2\/product\/38461","targetHints":{"allow":["GET"]}}],"collection":[{"href":"https:\/\/lofotenseaweedcompany.com\/de\/wp-json\/wp\/v2\/product"}],"about":[{"href":"https:\/\/lofotenseaweedcompany.com\/de\/wp-json\/wp\/v2\/types\/product"}],"replies":[{"embeddable":true,"href":"https:\/\/lofotenseaweedcompany.com\/de\/wp-json\/wp\/v2\/comments?post=38461"}],"wp:featuredmedia":[{"embeddable":true,"href":"https:\/\/lofotenseaweedcompany.com\/de\/wp-json\/wp\/v2\/media\/37937"}],"wp:attachment":[{"href":"https:\/\/lofotenseaweedcompany.com\/de\/wp-json\/wp\/v2\/media?parent=38461"}],"wp:term":[{"taxonomy":"product_brand","embeddable":true,"href":"https:\/\/lofotenseaweedcompany.com\/de\/wp-json\/wp\/v2\/product_brand?post=38461"},{"taxonomy":"product_cat","embeddable":true,"href":"https:\/\/lofotenseaweedcompany.com\/de\/wp-json\/wp\/v2\/product_cat?post=38461"},{"taxonomy":"product_tag","embeddable":true,"href":"https:\/\/lofotenseaweedcompany.com\/de\/wp-json\/wp\/v2\/product_tag?post=38461"},{"taxonomy":"woo-feed-brand","embeddable":true,"href":"https:\/\/lofotenseaweedcompany.com\/de\/wp-json\/wp\/v2\/woo-feed-brand?post=38461"}],"curies":[{"name":"wp","href":"https:\/\/api.w.org\/{rel}","templated":true}]}}