{"id":16085,"date":"2021-12-29T11:53:29","date_gmt":"2021-12-29T11:53:29","guid":{"rendered":"https:\/\/lofotenseaweedcompany.com\/tang-oppskrifter\/winged-kelp-salad-with-noodles-and-prawns\/"},"modified":"2022-01-12T12:21:42","modified_gmt":"2022-01-12T12:21:42","slug":"winged-kelp-salad-with-noodles-and-prawns","status":"publish","type":"page","link":"https:\/\/lofotenseaweedcompany.com\/no\/tang-oppskrifter\/winged-kelp-salad-with-noodles-and-prawns\/","title":{"rendered":"Butaresalat med nudler og reker"},"content":{"rendered":"<div class=\"flex mt-10 lg:mt-20 flex-col lg:flex-row\">\n\t<div class=\"lg:w-2\/5\" >\n\t\t<div class=\"relative\" style=\"padding-top:60%\">\n\t\t\t<img loading=\"lazy\" decoding=\"async\" width=\"1024\" height=\"683\" src=\"https:\/\/lofotenseaweedcompany.com\/wp-content\/uploads\/2022\/01\/Winged-Kelp-Salad-1024x683.jpg\" class=\" object-cover overflow-hidden h-full w-full absolute inset-0  wp-post-image\" alt=\"prawn noodle salad with winged kelp on a plate\" srcset=\"https:\/\/lofotenseaweedcompany.com\/wp-content\/uploads\/2022\/01\/Winged-Kelp-Salad-1024x683.jpg 1024w, https:\/\/lofotenseaweedcompany.com\/wp-content\/uploads\/2022\/01\/Winged-Kelp-Salad-800x533.jpg 800w, https:\/\/lofotenseaweedcompany.com\/wp-content\/uploads\/2022\/01\/Winged-Kelp-Salad-300x200.jpg 300w, https:\/\/lofotenseaweedcompany.com\/wp-content\/uploads\/2022\/01\/Winged-Kelp-Salad-768x512.jpg 768w, https:\/\/lofotenseaweedcompany.com\/wp-content\/uploads\/2022\/01\/Winged-Kelp-Salad-1536x1024.jpg 1536w, https:\/\/lofotenseaweedcompany.com\/wp-content\/uploads\/2022\/01\/Winged-Kelp-Salad-600x400.jpg 600w, https:\/\/lofotenseaweedcompany.com\/wp-content\/uploads\/2022\/01\/Winged-Kelp-Salad.jpg 2048w\" sizes=\"auto, (max-width: 1024px) 100vw, 1024px\" \/>\t\t<\/div>\n\t<\/div>\n\t<div class=\"flex-1 lg:px-10 flex flex-col justify-between\">\n\t\t<div class=\"mt-5 lg:mt-0\">\n\t\t\tFrisk salat full av smak og n\u00e6ring. Den perfekte lunch p\u00e5 en varm sommerdag!\t\t<\/div>\n\t\t<div class=\"flex flex-col md:flex-row w-full justify-between text-sm\">\n\t\t\t<div class=\"font-bold mt-3 lg:mt-0\">\n\t\t\t\t\t\t\t<\/div>\n\t\t\t<div class=\"mt-3 lg:mt-0\">\n\t\t\t\tGir 4 porsjoner\t\t\t<\/div>\n\t\t<\/div>\n\n\t<\/div>\n<\/div>\n\n<div class=\"lg:border-t lg:border-t-px border-sw-primary-light mt-10 pt-4 flex flex-col lg:flex-row\">\n\t<div class=\"w-full lg:w-2\/5 font-bold mb-10 mr-10\">\n\t\t<p class=\"font-bold mb-2\">Ingredients:<\/p>\n\t\t\t\t\t<div class=\"flex mb-1\">\n\t\t\t\t<div class=\"flex-1\">\n\t\t\t\t\t120g Agurk\t\t\t\t<\/div>\n\t\t\t<\/div>\n\t\t\t\t\t<div class=\"flex mb-1\">\n\t\t\t\t<div class=\"flex-1\">\n\t\t\t\t\t20g Butare \t\t\t\t<\/div>\n\t\t\t<\/div>\n\t\t\t\t\t<div class=\"flex mb-1\">\n\t\t\t\t<div class=\"flex-1\">\n\t\t\t\t\t12 Reker\t\t\t\t<\/div>\n\t\t\t<\/div>\n\t\t\t\t\t<div class=\"flex mb-1\">\n\t\t\t\t<div class=\"flex-1\">\n\t\t\t\t\t100g glass nudler\t\t\t\t<\/div>\n\t\t\t<\/div>\n\t\t\t\t\t<div class=\"flex mb-1\">\n\t\t\t\t<div class=\"flex-1\">\n\t\t\t\t\t1ts salt\t\t\t\t<\/div>\n\t\t\t<\/div>\n\t\t\t\t\t<div class=\"flex mb-1\">\n\t\t\t\t<div class=\"flex-1\">\n\t\t\t\t\t\t\t\t\t<\/div>\n\t\t\t<\/div>\n\t\t\t\t\t<div class=\"flex mb-1\">\n\t\t\t\t<div class=\"flex-1\">\n\t\t\t\t\tDressing:\t\t\t\t<\/div>\n\t\t\t<\/div>\n\t\t\t\t\t<div class=\"flex mb-1\">\n\t\t\t\t<div class=\"flex-1\">\n\t\t\t\t\t2ss Hvitvinseddik\t\t\t\t<\/div>\n\t\t\t<\/div>\n\t\t\t\t\t<div class=\"flex mb-1\">\n\t\t\t\t<div class=\"flex-1\">\n\t\t\t\t\t1ss mirin( du kan erstatte med hvitvin og \u00bc ts med sukker)\t\t\t\t<\/div>\n\t\t\t<\/div>\n\t\t\t\t\t<div class=\"flex mb-1\">\n\t\t\t\t<div class=\"flex-1\">\n\t\t\t\t\t1 ss sukkker\t\t\t\t<\/div>\n\t\t\t<\/div>\n\t\t\t\t\t<div class=\"flex mb-1\">\n\t\t\t\t<div class=\"flex-1\">\n\t\t\t\t\t\u00bc ts salt\t\t\t\t<\/div>\n\t\t\t<\/div>\n\t\t\t\t\t<div class=\"flex mb-1\">\n\t\t\t\t<div class=\"flex-1\">\n\t\t\t\t\t1 ts med soya saus\t\t\t\t<\/div>\n\t\t\t<\/div>\n\t\t\t\t\t<div class=\"flex mb-1\">\n\t\t\t\t<div class=\"flex-1\">\n\t\t\t\t\t\u00bd ts sesamolje\t\t\t\t<\/div>\n\t\t\t<\/div>\n\t\t\t\t\t<div class=\"flex mb-1\">\n\t\t\t\t<div class=\"flex-1\">\n\t\t\t\t\t1ss vegetablilsk olje\t\t\t\t<\/div>\n\t\t\t<\/div>\n\t\t\t<\/div>\n\t<div class=\"flex-1 mb-10\">\n\t<p class=\"font-bold mb-2\">Directions:<\/p>\n\t\t\t\t\t<div class=\"flex mb-3\">\n\t\t\t\t<div class=\"font-bold w-6 mr-2\">\n\t\t\t\t\t1)\n\t\t\t\t<\/div>\n\t\t\t\t<div class=\"flex-1\">\n\t\t\t\t\tBl\u00f8tlegg tare i kaldt vann i 10 minutter, vri ut vannet forsiktig og blancher i 1 minutt i kokende vann. Kj\u00f8l s\u00e5 ned i kaldt vann.\t\t\t\t<\/div>\n\t\t\t<\/div>\n\t\t\t\t\t<div class=\"flex mb-3\">\n\t\t\t\t<div class=\"font-bold w-6 mr-2\">\n\t\t\t\t\t2)\n\t\t\t\t<\/div>\n\t\t\t\t<div class=\"flex-1\">\n\t\t\t\t\tKutt agurk p\u00e5 langs og ta bort fr\u00f8ene. Kutt og sprinkle med salt og bland godt. LA ligg i 20 minutter for \u00e5 dra vannet ut av agurken. Skyll s\u00e5 av og t\u00f8rk med en ren klut. \t\t\t\t<\/div>\n\t\t\t<\/div>\n\t\t\t\t\t<div class=\"flex mb-3\">\n\t\t\t\t<div class=\"font-bold w-6 mr-2\">\n\t\t\t\t\t3)\n\t\t\t\t<\/div>\n\t\t\t\t<div class=\"flex-1\">\n\t\t\t\t\tLa glassnudlene sm\u00e5koke i 3 minutter mens du r\u00f8r, ta bort vannet og skyll godt med kaldt vann. \t\t\t\t<\/div>\n\t\t\t<\/div>\n\t\t\t\t\t<div class=\"flex mb-3\">\n\t\t\t\t<div class=\"font-bold w-6 mr-2\">\n\t\t\t\t\t4)\n\t\t\t\t<\/div>\n\t\t\t\t<div class=\"flex-1\">\n\t\t\t\t\tBland godt sammen inngrediensene til dressingen.\t\t\t\t<\/div>\n\t\t\t<\/div>\n\t\t\t\t\t<div class=\"flex mb-3\">\n\t\t\t\t<div class=\"font-bold w-6 mr-2\">\n\t\t\t\t\t5)\n\t\t\t\t<\/div>\n\t\t\t\t<div class=\"flex-1\">\n\t\t\t\t\tRens og rengj\u00f8r rekene, la de sm\u00e5koke i 2 minutter. \t\t\t\t<\/div>\n\t\t\t<\/div>\n\t\t\t\t\t<div class=\"flex mb-3\">\n\t\t\t\t<div class=\"font-bold w-6 mr-2\">\n\t\t\t\t\t6)\n\t\t\t\t<\/div>\n\t\t\t\t<div class=\"flex-1\">\n\t\t\t\t\tBland nudler med butare, dressing og agurk, flytt over til serveringsfat og toppes med reker.\t\t\t\t<\/div>\n\t\t\t<\/div>\n\t\t\t<\/div>\n<\/div>\n\n","protected":false},"excerpt":{"rendered":"","protected":false},"author":3,"featured_media":16233,"parent":3551,"menu_order":20,"comment_status":"closed","ping_status":"closed","template":"page-recipes-single.php","meta":{"_acf_changed":false,"footnotes":""},"class_list":["post-16085","page","type-page","status-publish","has-post-thumbnail","hentry"],"acf":[],"_links":{"self":[{"href":"https:\/\/lofotenseaweedcompany.com\/no\/wp-json\/wp\/v2\/pages\/16085","targetHints":{"allow":["GET"]}}],"collection":[{"href":"https:\/\/lofotenseaweedcompany.com\/no\/wp-json\/wp\/v2\/pages"}],"about":[{"href":"https:\/\/lofotenseaweedcompany.com\/no\/wp-json\/wp\/v2\/types\/page"}],"author":[{"embeddable":true,"href":"https:\/\/lofotenseaweedcompany.com\/no\/wp-json\/wp\/v2\/users\/3"}],"replies":[{"embeddable":true,"href":"https:\/\/lofotenseaweedcompany.com\/no\/wp-json\/wp\/v2\/comments?post=16085"}],"version-history":[{"count":5,"href":"https:\/\/lofotenseaweedcompany.com\/no\/wp-json\/wp\/v2\/pages\/16085\/revisions"}],"predecessor-version":[{"id":16377,"href":"https:\/\/lofotenseaweedcompany.com\/no\/wp-json\/wp\/v2\/pages\/16085\/revisions\/16377"}],"up":[{"embeddable":true,"href":"https:\/\/lofotenseaweedcompany.com\/no\/wp-json\/wp\/v2\/pages\/3551"}],"wp:featuredmedia":[{"embeddable":true,"href":"https:\/\/lofotenseaweedcompany.com\/no\/wp-json\/wp\/v2\/media\/16233"}],"wp:attachment":[{"href":"https:\/\/lofotenseaweedcompany.com\/no\/wp-json\/wp\/v2\/media?parent=16085"}],"curies":[{"name":"wp","href":"https:\/\/api.w.org\/{rel}","templated":true}]}}