{"id":16103,"date":"2021-12-31T07:17:39","date_gmt":"2021-12-31T07:17:39","guid":{"rendered":"https:\/\/lofotenseaweedcompany.com\/?page_id=16103"},"modified":"2023-01-16T15:40:36","modified_gmt":"2023-01-16T15:40:36","slug":"frokostgrot-med-tang","status":"publish","type":"page","link":"https:\/\/lofotenseaweedcompany.com\/no\/tang-oppskrifter\/frokostgrot-med-tang\/","title":{"rendered":"Frokostgr\u00f8t med tang"},"content":{"rendered":"<div class=\"flex mt-10 lg:mt-20 flex-col lg:flex-row\">\n\t<div class=\"lg:w-2\/5\" >\n\t\t<div class=\"relative\" style=\"padding-top:60%\">\n\t\t\t<img loading=\"lazy\" decoding=\"async\" width=\"1024\" height=\"1024\" src=\"https:\/\/lofotenseaweedcompany.com\/wp-content\/uploads\/2021\/12\/Breakfast-Porridge-with-Simply-Seaweed-1024x1024.jpg\" class=\" object-cover overflow-hidden h-full w-full absolute inset-0  wp-post-image\" alt=\"Buy simply seaweed and get a free seaweed for bread as part of our new campaign\" srcset=\"https:\/\/lofotenseaweedcompany.com\/wp-content\/uploads\/2021\/12\/Breakfast-Porridge-with-Simply-Seaweed-1024x1024.jpg 1024w, https:\/\/lofotenseaweedcompany.com\/wp-content\/uploads\/2021\/12\/Breakfast-Porridge-with-Simply-Seaweed-500x500.jpg 500w, https:\/\/lofotenseaweedcompany.com\/wp-content\/uploads\/2021\/12\/Breakfast-Porridge-with-Simply-Seaweed-100x100.jpg 100w, https:\/\/lofotenseaweedcompany.com\/wp-content\/uploads\/2021\/12\/Breakfast-Porridge-with-Simply-Seaweed-800x800.jpg 800w, https:\/\/lofotenseaweedcompany.com\/wp-content\/uploads\/2021\/12\/Breakfast-Porridge-with-Simply-Seaweed-300x300.jpg 300w, https:\/\/lofotenseaweedcompany.com\/wp-content\/uploads\/2021\/12\/Breakfast-Porridge-with-Simply-Seaweed-150x150.jpg 150w, https:\/\/lofotenseaweedcompany.com\/wp-content\/uploads\/2021\/12\/Breakfast-Porridge-with-Simply-Seaweed-768x768.jpg 768w, https:\/\/lofotenseaweedcompany.com\/wp-content\/uploads\/2021\/12\/Breakfast-Porridge-with-Simply-Seaweed-1536x1536.jpg 1536w, https:\/\/lofotenseaweedcompany.com\/wp-content\/uploads\/2021\/12\/Breakfast-Porridge-with-Simply-Seaweed.jpg 2048w, https:\/\/lofotenseaweedcompany.com\/wp-content\/uploads\/2021\/12\/Breakfast-Porridge-with-Simply-Seaweed-600x600.jpg 600w\" sizes=\"auto, (max-width: 1024px) 100vw, 1024px\" \/>\t\t<\/div>\n\t<\/div>\n\t<div class=\"flex-1 lg:px-10 flex flex-col justify-between\">\n\t\t<div class=\"mt-5 lg:mt-0\">\n\t\t\tDen perfekte starten p\u00e5 dagen! Denne gr\u00f8ten full av smak og n\u00e6ring holder deg mett lenge. Den er helt plante-basert og kan spises av alle!\t\t<\/div>\n\t\t<div class=\"flex flex-col md:flex-row w-full justify-between text-sm\">\n\t\t\t<div class=\"font-bold mt-3 lg:mt-0\">\n\t\t\t\t<br><br><br>Gir 2 porsjoner\t\t\t<\/div>\n\t\t\t<div class=\"mt-3 lg:mt-0\">\n\t\t\t\t15 minutter. enkel \u00e5 lage\t\t\t<\/div>\n\t\t<\/div>\n\n\t<\/div>\n<\/div>\n\n<div class=\"lg:border-t lg:border-t-px border-sw-primary-light mt-10 pt-4 flex flex-col lg:flex-row\">\n\t<div class=\"w-full lg:w-2\/5 font-bold mb-10 mr-10\">\n\t\t<p class=\"font-bold mb-2\">Ingredients:<\/p>\n\t\t\t\t\t<div class=\"flex mb-1\">\n\t\t\t\t<div class=\"flex-1\">\n\t\t\t\t\t50g havregryn\t\t\t\t<\/div>\n\t\t\t<\/div>\n\t\t\t\t\t<div class=\"flex mb-1\">\n\t\t\t\t<div class=\"flex-1\">\n\t\t\t\t\t350ml mandelmelk\t\t\t\t<\/div>\n\t\t\t<\/div>\n\t\t\t\t\t<div class=\"flex mb-1\">\n\t\t\t\t<div class=\"flex-1\">\n\t\t\t\t\t50g n\u00f8tter\t\t\t\t<\/div>\n\t\t\t<\/div>\n\t\t\t\t\t<div class=\"flex mb-1\">\n\t\t\t\t<div class=\"flex-1\">\n\t\t\t\t\t2 tsp Arctic Ocean Greens\t\t\t\t<\/div>\n\t\t\t<\/div>\n\t\t\t\t\t<div class=\"flex mb-1\">\n\t\t\t\t<div class=\"flex-1\">\n\t\t\t\t\t\u00bd  ts havsalt\t\t\t\t<\/div>\n\t\t\t<\/div>\n\t\t\t\t\t<div class=\"flex mb-1\">\n\t\t\t\t<div class=\"flex-1\">\n\t\t\t\t\t1ss honning\t\t\t\t<\/div>\n\t\t\t<\/div>\n\t\t\t<\/div>\n\t<div class=\"flex-1 mb-10\">\n\t<p class=\"font-bold mb-2\">Directions:<\/p>\n\t\t\t\t\t<div class=\"flex mb-3\">\n\t\t\t\t<div class=\"font-bold w-6 mr-2\">\n\t\t\t\t\t1)\n\t\t\t\t<\/div>\n\t\t\t\t<div class=\"flex-1\">\n\t\t\t\t\tBland melk og havregryn i en liten panne og kok opp. La sm\u00e5koke under r\u00f8ring i 10-15 minutter.\t\t\t\t<\/div>\n\t\t\t<\/div>\n\t\t\t\t\t<div class=\"flex mb-3\">\n\t\t\t\t<div class=\"font-bold w-6 mr-2\">\n\t\t\t\t\t2)\n\t\t\t\t<\/div>\n\t\t\t\t<div class=\"flex-1\">\n\t\t\t\t\t Tilsett honning, Arctic Ocean Greens og salt.\t\t\t\t<\/div>\n\t\t\t<\/div>\n\t\t\t\t\t<div class=\"flex mb-3\">\n\t\t\t\t<div class=\"font-bold w-6 mr-2\">\n\t\t\t\t\t3)\n\t\t\t\t<\/div>\n\t\t\t\t<div class=\"flex-1\">\n\t\t\t\t\tOverf\u00f8r til serveringsbolle og sprinkle med hakkede n\u00f8tter.  \t\t\t\t<\/div>\n\t\t\t<\/div>\n\t\t\t<\/div>\n<\/div>\n\n\n\n\n<div class=\"wp-block-group alignfull has-sw-primary-background-color has-background\"><div class=\"wp-block-group__inner-container is-layout-constrained wp-block-group-is-layout-constrained\">\n<h2 class=\"has-sw-light-color has-text-color wp-block-heading\">Hvis du likte denne frokostgr\u00f8ten, vil du kanskje like disse oppskriftene:<\/h2>\n\n\n\n<div class=\"wp-block-columns is-layout-flex wp-container-core-columns-is-layout-9d6595d7 wp-block-columns-is-layout-flex\">\n<div class=\"wp-block-column is-layout-flow wp-block-column-is-layout-flow\">\n<div class=\"wp-block-cover is-light has-custom-content-position is-position-bottom-left\"><span aria-hidden=\"true\" class=\"wp-block-cover__background has-sw-price-background-color has-background-dim-30 has-background-dim\"><\/span><img loading=\"lazy\" decoding=\"async\" width=\"1638\" height=\"2048\" class=\"wp-block-cover__image-background wp-image-16148\" alt=\"Arctic Ocean Greens smoothie\" src=\"https:\/\/lofotenseaweedcompany.com\/wp-content\/uploads\/2021\/12\/Seaweed-Smoothie.jpg\" data-object-fit=\"cover\" srcset=\"https:\/\/lofotenseaweedcompany.com\/wp-content\/uploads\/2021\/12\/Seaweed-Smoothie.jpg 1638w, https:\/\/lofotenseaweedcompany.com\/wp-content\/uploads\/2021\/12\/Seaweed-Smoothie-800x1000.jpg 800w, https:\/\/lofotenseaweedcompany.com\/wp-content\/uploads\/2021\/12\/Seaweed-Smoothie-240x300.jpg 240w, https:\/\/lofotenseaweedcompany.com\/wp-content\/uploads\/2021\/12\/Seaweed-Smoothie-819x1024.jpg 819w, https:\/\/lofotenseaweedcompany.com\/wp-content\/uploads\/2021\/12\/Seaweed-Smoothie-768x960.jpg 768w, https:\/\/lofotenseaweedcompany.com\/wp-content\/uploads\/2021\/12\/Seaweed-Smoothie-1229x1536.jpg 1229w, https:\/\/lofotenseaweedcompany.com\/wp-content\/uploads\/2021\/12\/Seaweed-Smoothie-600x750.jpg 600w\" sizes=\"auto, (max-width: 1638px) 100vw, 1638px\" \/><div class=\"wp-block-cover__inner-container is-layout-flow wp-block-cover-is-layout-flow\">\n<p class=\"has-text-align-left has-sw-light-color has-text-color has-large-font-size\"><a href=\"https:\/\/lofotenseaweedcompany.com\/no\/tang-oppskrifter\/seaweed-smoothie\/\">Tang smoothie<\/a><\/p>\n<\/div><\/div>\n<\/div>\n\n\n\n<div class=\"wp-block-column is-layout-flow wp-block-column-is-layout-flow\">\n<div class=\"wp-block-cover is-light has-custom-content-position is-position-bottom-left\"><span aria-hidden=\"true\" class=\"wp-block-cover__background has-sw-price-background-color has-background-dim-30 has-background-dim\"><\/span><img loading=\"lazy\" decoding=\"async\" width=\"1536\" height=\"960\" class=\"wp-block-cover__image-background wp-image-26196\" alt=\"wakame butter rice porridge\" src=\"https:\/\/lofotenseaweedcompany.com\/wp-content\/uploads\/2023\/01\/Rice-porridge-with-mushrooms-and-winged-kelp-edited-1.jpg\" style=\"object-position:63% 85%\" data-object-fit=\"cover\" data-object-position=\"63% 85%\" srcset=\"https:\/\/lofotenseaweedcompany.com\/wp-content\/uploads\/2023\/01\/Rice-porridge-with-mushrooms-and-winged-kelp-edited-1.jpg 1536w, https:\/\/lofotenseaweedcompany.com\/wp-content\/uploads\/2023\/01\/Rice-porridge-with-mushrooms-and-winged-kelp-edited-1-800x500.jpg 800w, https:\/\/lofotenseaweedcompany.com\/wp-content\/uploads\/2023\/01\/Rice-porridge-with-mushrooms-and-winged-kelp-edited-1-300x188.jpg 300w, https:\/\/lofotenseaweedcompany.com\/wp-content\/uploads\/2023\/01\/Rice-porridge-with-mushrooms-and-winged-kelp-edited-1-1024x640.jpg 1024w, https:\/\/lofotenseaweedcompany.com\/wp-content\/uploads\/2023\/01\/Rice-porridge-with-mushrooms-and-winged-kelp-edited-1-768x480.jpg 768w\" sizes=\"auto, (max-width: 1536px) 100vw, 1536px\" \/><div class=\"wp-block-cover__inner-container is-layout-flow wp-block-cover-is-layout-flow\">\n<p class=\"has-text-align-left has-sw-light-color has-text-color has-large-font-size\"><a href=\"https:\/\/lofotenseaweedcompany.com\/no\/tang-oppskrifter\/rice-porridge-with-mushrooms-and-winged-kelp\/\">Risgr\u00f8t med sopp og butare<\/a><\/p>\n<\/div><\/div>\n<\/div>\n\n\n\n<div class=\"wp-block-column is-layout-flow wp-block-column-is-layout-flow\">\n<div class=\"wp-block-cover is-light has-custom-content-position is-position-bottom-left\"><span aria-hidden=\"true\" class=\"wp-block-cover__background has-sw-price-background-color has-background-dim-30 has-background-dim\"><\/span><img loading=\"lazy\" decoding=\"async\" width=\"2048\" height=\"1365\" class=\"wp-block-cover__image-background wp-image-16130\" alt=\"seaweed granola\" src=\"https:\/\/lofotenseaweedcompany.com\/wp-content\/uploads\/2021\/12\/Seaweed-Granola.jpg\" data-object-fit=\"cover\" srcset=\"https:\/\/lofotenseaweedcompany.com\/wp-content\/uploads\/2021\/12\/Seaweed-Granola.jpg 2048w, https:\/\/lofotenseaweedcompany.com\/wp-content\/uploads\/2021\/12\/Seaweed-Granola-800x533.jpg 800w, https:\/\/lofotenseaweedcompany.com\/wp-content\/uploads\/2021\/12\/Seaweed-Granola-300x200.jpg 300w, https:\/\/lofotenseaweedcompany.com\/wp-content\/uploads\/2021\/12\/Seaweed-Granola-1024x683.jpg 1024w, https:\/\/lofotenseaweedcompany.com\/wp-content\/uploads\/2021\/12\/Seaweed-Granola-768x512.jpg 768w, https:\/\/lofotenseaweedcompany.com\/wp-content\/uploads\/2021\/12\/Seaweed-Granola-1536x1024.jpg 1536w, https:\/\/lofotenseaweedcompany.com\/wp-content\/uploads\/2021\/12\/Seaweed-Granola-600x400.jpg 600w\" sizes=\"auto, (max-width: 2048px) 100vw, 2048px\" \/><div class=\"wp-block-cover__inner-container is-layout-flow wp-block-cover-is-layout-flow\">\n<p class=\"has-text-align-center has-sw-light-color has-text-color has-large-font-size\"><a href=\"https:\/\/lofotenseaweedcompany.com\/no\/tang-oppskrifter\/tang-granola\/\">Tang granola<\/a><\/p>\n<\/div><\/div>\n<\/div>\n<\/div>\n<\/div><\/div>\n","protected":false},"excerpt":{"rendered":"<p>Hvis du likte denne frokostgr\u00f8ten, vil du kanskje like disse oppskriftene:<\/p>\n","protected":false},"author":3,"featured_media":16112,"parent":3551,"menu_order":13,"comment_status":"closed","ping_status":"closed","template":"page-recipes-single.php","meta":{"_acf_changed":false,"footnotes":""},"class_list":["post-16103","page","type-page","status-publish","has-post-thumbnail","hentry"],"acf":[],"_links":{"self":[{"href":"https:\/\/lofotenseaweedcompany.com\/no\/wp-json\/wp\/v2\/pages\/16103","targetHints":{"allow":["GET"]}}],"collection":[{"href":"https:\/\/lofotenseaweedcompany.com\/no\/wp-json\/wp\/v2\/pages"}],"about":[{"href":"https:\/\/lofotenseaweedcompany.com\/no\/wp-json\/wp\/v2\/types\/page"}],"author":[{"embeddable":true,"href":"https:\/\/lofotenseaweedcompany.com\/no\/wp-json\/wp\/v2\/users\/3"}],"replies":[{"embeddable":true,"href":"https:\/\/lofotenseaweedcompany.com\/no\/wp-json\/wp\/v2\/comments?post=16103"}],"version-history":[{"count":6,"href":"https:\/\/lofotenseaweedcompany.com\/no\/wp-json\/wp\/v2\/pages\/16103\/revisions"}],"predecessor-version":[{"id":27335,"href":"https:\/\/lofotenseaweedcompany.com\/no\/wp-json\/wp\/v2\/pages\/16103\/revisions\/27335"}],"up":[{"embeddable":true,"href":"https:\/\/lofotenseaweedcompany.com\/no\/wp-json\/wp\/v2\/pages\/3551"}],"wp:featuredmedia":[{"embeddable":true,"href":"https:\/\/lofotenseaweedcompany.com\/no\/wp-json\/wp\/v2\/media\/16112"}],"wp:attachment":[{"href":"https:\/\/lofotenseaweedcompany.com\/no\/wp-json\/wp\/v2\/media?parent=16103"}],"curies":[{"name":"wp","href":"https:\/\/api.w.org\/{rel}","templated":true}]}}