{"id":26474,"date":"2023-01-09T16:39:09","date_gmt":"2023-01-09T16:39:09","guid":{"rendered":"https:\/\/lofotenseaweedcompany.com\/?page_id=26474"},"modified":"2024-05-10T12:51:24","modified_gmt":"2024-05-10T12:51:24","slug":"tang-og-tare","status":"publish","type":"page","link":"https:\/\/lofotenseaweedcompany.com\/no\/tang-og-tare\/","title":{"rendered":"Tang og tare"},"content":{"rendered":"\n<div class=\"wp-block-group\"><div class=\"wp-block-group__inner-container is-layout-constrained wp-block-group-is-layout-constrained\"><\/div><\/div><div class=\"bg-sw-primary featured-image relative\" style=\"max-height:80vh\">\n\t<div class=\"relative pt-16\/9\">\n\t<iframe\n\t\twidth=\"100%\"\n\t\theight=\"450\"\n\t\tsrc=\"https:\/\/www.youtube-nocookie.com\/embed\/i1wrzVYL7Y0\"\n\t\ttitle=\"Video\"\n\t\tframeborder=\"0\"\n\t\tstyle=\"max-height:80vh\"\n\t\tclass=\"absolute inset-0 h-full \"\n\t\tallow=\"accelerometer; autoplay; clipboard-write; encrypted-media; gyroscope; picture-in-picture\"\n\t\tallowfullscreen\n\t><\/iframe>\n\t<\/div>\n<\/div>\n<div class=\"container content\"><div><\/div><\/div>\n\n\n\n<div class=\"wp-block-group m0 has-sw-primary-color has-sw-primary-light-background-color has-text-color has-background\"><div class=\"wp-block-group__inner-container is-layout-constrained wp-block-group-is-layout-constrained\">\n<p class=\"has-text-align-center\">Det finnes tre typer alger: r\u00f8de, brune og gr\u00f8nne. I Norge er det nesten 500 algearter fra de tre gruppene. Vi fokuserer mesteparten av h\u00f8stingen v\u00e5r p\u00e5 de seks artene nedenfor, delvis p\u00e5 grunn av deres overflod, og delvis p\u00e5 grunn av deres utmerkede smak og tekstur. Klikk p\u00e5 bildene nedenfor for \u00e5 finne ut mer om hver type.<\/p>\n<\/div><\/div>\n\n\n\n<div class=\"wp-block-group\"><div class=\"wp-block-group__inner-container is-layout-constrained wp-block-group-is-layout-constrained\">\n<div class=\"wp-block-group m0\"><div class=\"wp-block-group__inner-container is-layout-constrained wp-block-group-is-layout-constrained\"><div class=\"text-sw-secondary-light bg-sw-dark no-underline\" style=\"padding-bottom:100px;\">\n\t<div class=\" container \">\n\t\t<h2 class=\"font-head text-4xl pt-16\"><\/h2>\n\t\t<div class=\"max-w-sm md:max-w-none grid grid-cols-1 md:grid-cols-3 gap-20 py-16 md:px-0 mx-auto\">\n\t\t\t\t\t\t\t<div class=\"max-w-xs w-full mx-auto\">\n\t\t\t\t\t<div class=\"mx-auto relative pt-full\">\n\t\t\t\t\t\t<img loading=\"lazy\" decoding=\"async\" width=\"683\" height=\"1024\" src=\"https:\/\/lofotenseaweedcompany.com\/wp-content\/uploads\/2021\/04\/LRM_EXPORT_265612394777629_20181114_122919453-683x1024.jpeg\" class=\"absolute h-full w-full object-cover inset-0 circular-repeater\" alt=\"truffle seaweed\" srcset=\"https:\/\/lofotenseaweedcompany.com\/wp-content\/uploads\/2021\/04\/LRM_EXPORT_265612394777629_20181114_122919453-683x1024.jpeg 683w, https:\/\/lofotenseaweedcompany.com\/wp-content\/uploads\/2021\/04\/LRM_EXPORT_265612394777629_20181114_122919453-scaled-800x1200.jpeg 800w, https:\/\/lofotenseaweedcompany.com\/wp-content\/uploads\/2021\/04\/LRM_EXPORT_265612394777629_20181114_122919453-200x300.jpeg 200w, https:\/\/lofotenseaweedcompany.com\/wp-content\/uploads\/2021\/04\/LRM_EXPORT_265612394777629_20181114_122919453-768x1152.jpeg 768w, https:\/\/lofotenseaweedcompany.com\/wp-content\/uploads\/2021\/04\/LRM_EXPORT_265612394777629_20181114_122919453-1024x1536.jpeg 1024w, https:\/\/lofotenseaweedcompany.com\/wp-content\/uploads\/2021\/04\/LRM_EXPORT_265612394777629_20181114_122919453-1365x2048.jpeg 1365w, https:\/\/lofotenseaweedcompany.com\/wp-content\/uploads\/2021\/04\/LRM_EXPORT_265612394777629_20181114_122919453-600x900.jpeg 600w, https:\/\/lofotenseaweedcompany.com\/wp-content\/uploads\/2021\/04\/LRM_EXPORT_265612394777629_20181114_122919453-scaled.jpeg 1707w\" sizes=\"auto, (max-width: 683px) 100vw, 683px\" \/>\n\t\t\t\t\t\t\t\t\t\t\t\t\t<div class=\"flex h-full w-full items-center pt-32 md:pt-20 lg:pt-32 justify-center absolute inset-0\" style=\"transform: translatey(40%);\">\n\t\t\t\t\t\t\t\t<a class=\"text-base md:text-xs lg:text-base transition ease-out px-5 py-2 duration-200 bg-white text-sw-primary rounded-full hover:bg-sw-secondary\" href=\"https:\/\/lofotenseaweedcompany.com\/our-seaweed\/truffle-seaweed\/\">Tr\u00f8ffeltang<\/a>\n\t\t\t\t\t\t\t<\/div>\n\t\t\t\t\t\t\n\t\t\t\t\t<\/div>\n\n\t\t\t\t<\/div>\n\t\t\t\t\t\t\t<div class=\"max-w-xs w-full mx-auto\">\n\t\t\t\t\t<div class=\"mx-auto relative pt-full\">\n\t\t\t\t\t\t<img loading=\"lazy\" decoding=\"async\" width=\"1024\" height=\"682\" src=\"https:\/\/lofotenseaweedcompany.com\/wp-content\/uploads\/2018\/10\/Website-edit-butare-1024x682.jpg\" class=\"absolute h-full w-full object-cover inset-0 circular-repeater\" alt=\"Whole leaf winged kelp\" srcset=\"https:\/\/lofotenseaweedcompany.com\/wp-content\/uploads\/2018\/10\/Website-edit-butare-1024x682.jpg 1024w, https:\/\/lofotenseaweedcompany.com\/wp-content\/uploads\/2018\/10\/Website-edit-butare-e1542825863377-800x533.jpg 800w, https:\/\/lofotenseaweedcompany.com\/wp-content\/uploads\/2018\/10\/Website-edit-butare-e1542825863377-300x200.jpg 300w, https:\/\/lofotenseaweedcompany.com\/wp-content\/uploads\/2018\/10\/Website-edit-butare-768x512.jpg 768w, https:\/\/lofotenseaweedcompany.com\/wp-content\/uploads\/2018\/10\/Website-edit-butare-700x466.jpg 700w, https:\/\/lofotenseaweedcompany.com\/wp-content\/uploads\/2018\/10\/Website-edit-butare-e1542825863377-600x400.jpg 600w, https:\/\/lofotenseaweedcompany.com\/wp-content\/uploads\/2018\/10\/Website-edit-butare-e1542825863377.jpg 1200w\" sizes=\"auto, (max-width: 1024px) 100vw, 1024px\" \/>\n\t\t\t\t\t\t\t\t\t\t\t\t\t<div class=\"flex h-full w-full items-center pt-32 md:pt-20 lg:pt-32 justify-center absolute inset-0\" style=\"transform: translatey(40%);\">\n\t\t\t\t\t\t\t\t<a class=\"text-base md:text-xs lg:text-base transition ease-out px-5 py-2 duration-200 bg-white text-sw-primary rounded-full hover:bg-sw-secondary\" href=\"https:\/\/lofotenseaweedcompany.com\/our-seaweed\/winged-kelp\/\">Butare<\/a>\n\t\t\t\t\t\t\t<\/div>\n\t\t\t\t\t\t\n\t\t\t\t\t<\/div>\n\n\t\t\t\t<\/div>\n\t\t\t\t\t\t\t<div class=\"max-w-xs w-full mx-auto\">\n\t\t\t\t\t<div class=\"mx-auto relative pt-full\">\n\t\t\t\t\t\t<img loading=\"lazy\" decoding=\"async\" width=\"1024\" height=\"683\" src=\"https:\/\/lofotenseaweedcompany.com\/wp-content\/uploads\/2021\/04\/LRM_EXPORT_265465254317113_20181114_122652312-1024x683.jpeg\" class=\"absolute h-full w-full object-cover inset-0 circular-repeater\" alt=\"sugar kelp\" srcset=\"https:\/\/lofotenseaweedcompany.com\/wp-content\/uploads\/2021\/04\/LRM_EXPORT_265465254317113_20181114_122652312-1024x683.jpeg 1024w, https:\/\/lofotenseaweedcompany.com\/wp-content\/uploads\/2021\/04\/LRM_EXPORT_265465254317113_20181114_122652312-scaled-800x533.jpeg 800w, https:\/\/lofotenseaweedcompany.com\/wp-content\/uploads\/2021\/04\/LRM_EXPORT_265465254317113_20181114_122652312-300x200.jpeg 300w, https:\/\/lofotenseaweedcompany.com\/wp-content\/uploads\/2021\/04\/LRM_EXPORT_265465254317113_20181114_122652312-768x512.jpeg 768w, https:\/\/lofotenseaweedcompany.com\/wp-content\/uploads\/2021\/04\/LRM_EXPORT_265465254317113_20181114_122652312-1536x1024.jpeg 1536w, https:\/\/lofotenseaweedcompany.com\/wp-content\/uploads\/2021\/04\/LRM_EXPORT_265465254317113_20181114_122652312-2048x1365.jpeg 2048w, https:\/\/lofotenseaweedcompany.com\/wp-content\/uploads\/2021\/04\/LRM_EXPORT_265465254317113_20181114_122652312-600x400.jpeg 600w\" sizes=\"auto, (max-width: 1024px) 100vw, 1024px\" \/>\n\t\t\t\t\t\t\t\t\t\t\t\t\t<div class=\"flex h-full w-full items-center pt-32 md:pt-20 lg:pt-32 justify-center absolute inset-0\" style=\"transform: translatey(40%);\">\n\t\t\t\t\t\t\t\t<a class=\"text-base md:text-xs lg:text-base transition ease-out px-5 py-2 duration-200 bg-white text-sw-primary rounded-full hover:bg-sw-secondary\" href=\"https:\/\/lofotenseaweedcompany.com\/our-seaweed\/sugar-kelp\/\">Sukkertare<\/a>\n\t\t\t\t\t\t\t<\/div>\n\t\t\t\t\t\t\n\t\t\t\t\t<\/div>\n\n\t\t\t\t<\/div>\n\t\t\t\t\t\t\t<div class=\"max-w-xs w-full mx-auto\">\n\t\t\t\t\t<div class=\"mx-auto relative pt-full\">\n\t\t\t\t\t\t<img loading=\"lazy\" decoding=\"async\" width=\"1024\" height=\"683\" src=\"https:\/\/lofotenseaweedcompany.com\/wp-content\/uploads\/2021\/04\/LRM_EXPORT_197359426969454_20181101_121545730-1-1024x683.jpeg\" class=\"absolute h-full w-full object-cover inset-0 circular-repeater\" alt=\"Lofoten tradition - dulse\" srcset=\"https:\/\/lofotenseaweedcompany.com\/wp-content\/uploads\/2021\/04\/LRM_EXPORT_197359426969454_20181101_121545730-1-1024x683.jpeg 1024w, https:\/\/lofotenseaweedcompany.com\/wp-content\/uploads\/2021\/04\/LRM_EXPORT_197359426969454_20181101_121545730-1-scaled-800x533.jpeg 800w, https:\/\/lofotenseaweedcompany.com\/wp-content\/uploads\/2021\/04\/LRM_EXPORT_197359426969454_20181101_121545730-1-300x200.jpeg 300w, https:\/\/lofotenseaweedcompany.com\/wp-content\/uploads\/2021\/04\/LRM_EXPORT_197359426969454_20181101_121545730-1-768x512.jpeg 768w, https:\/\/lofotenseaweedcompany.com\/wp-content\/uploads\/2021\/04\/LRM_EXPORT_197359426969454_20181101_121545730-1-1536x1024.jpeg 1536w, https:\/\/lofotenseaweedcompany.com\/wp-content\/uploads\/2021\/04\/LRM_EXPORT_197359426969454_20181101_121545730-1-2048x1365.jpeg 2048w, https:\/\/lofotenseaweedcompany.com\/wp-content\/uploads\/2021\/04\/LRM_EXPORT_197359426969454_20181101_121545730-1-600x400.jpeg 600w\" sizes=\"auto, (max-width: 1024px) 100vw, 1024px\" \/>\n\t\t\t\t\t\t\t\t\t\t\t\t\t<div class=\"flex h-full w-full items-center pt-32 md:pt-20 lg:pt-32 justify-center absolute inset-0\" style=\"transform: translatey(40%);\">\n\t\t\t\t\t\t\t\t<a class=\"text-base md:text-xs lg:text-base transition ease-out px-5 py-2 duration-200 bg-white text-sw-primary rounded-full hover:bg-sw-secondary\" href=\"https:\/\/lofotenseaweedcompany.com\/our-seaweed\/dulse\/\">S\u00f8l<\/a>\n\t\t\t\t\t\t\t<\/div>\n\t\t\t\t\t\t\n\t\t\t\t\t<\/div>\n\n\t\t\t\t<\/div>\n\t\t\t\t\t\t\t<div class=\"max-w-xs w-full mx-auto\">\n\t\t\t\t\t<div class=\"mx-auto relative pt-full\">\n\t\t\t\t\t\t<img loading=\"lazy\" decoding=\"async\" width=\"1024\" height=\"576\" src=\"https:\/\/lofotenseaweedcompany.com\/wp-content\/uploads\/2022\/01\/IMG_4528-1024x576.jpg\" class=\"absolute h-full w-full object-cover inset-0 circular-repeater\" alt=\"dried nori on plate\" srcset=\"https:\/\/lofotenseaweedcompany.com\/wp-content\/uploads\/2022\/01\/IMG_4528-1024x576.jpg 1024w, https:\/\/lofotenseaweedcompany.com\/wp-content\/uploads\/2022\/01\/IMG_4528-800x450.jpg 800w, https:\/\/lofotenseaweedcompany.com\/wp-content\/uploads\/2022\/01\/IMG_4528-300x169.jpg 300w, https:\/\/lofotenseaweedcompany.com\/wp-content\/uploads\/2022\/01\/IMG_4528-768x432.jpg 768w, https:\/\/lofotenseaweedcompany.com\/wp-content\/uploads\/2022\/01\/IMG_4528-1536x864.jpg 1536w, https:\/\/lofotenseaweedcompany.com\/wp-content\/uploads\/2022\/01\/IMG_4528-600x338.jpg 600w, https:\/\/lofotenseaweedcompany.com\/wp-content\/uploads\/2022\/01\/IMG_4528.jpg 2048w\" sizes=\"auto, (max-width: 1024px) 100vw, 1024px\" \/>\n\t\t\t\t\t\t\t\t\t\t\t\t\t<div class=\"flex h-full w-full items-center pt-32 md:pt-20 lg:pt-32 justify-center absolute inset-0\" style=\"transform: translatey(40%);\">\n\t\t\t\t\t\t\t\t<a class=\"text-base md:text-xs lg:text-base transition ease-out px-5 py-2 duration-200 bg-white text-sw-primary rounded-full hover:bg-sw-secondary\" href=\"https:\/\/lofotenseaweedcompany.com\/our-seaweed\/nori\/\">Nori<\/a>\n\t\t\t\t\t\t\t<\/div>\n\t\t\t\t\t\t\n\t\t\t\t\t<\/div>\n\n\t\t\t\t<\/div>\n\t\t\t\t\t\t\t<div class=\"max-w-xs w-full mx-auto\">\n\t\t\t\t\t<div class=\"mx-auto relative pt-full\">\n\t\t\t\t\t\t<img loading=\"lazy\" decoding=\"async\" width=\"1024\" height=\"683\" src=\"https:\/\/lofotenseaweedcompany.com\/wp-content\/uploads\/2022\/11\/LRM_EXPORT_197757072751386_20181101_122223376-1024x683.jpeg\" class=\"absolute h-full w-full object-cover inset-0 circular-repeater\" alt=\"\" srcset=\"https:\/\/lofotenseaweedcompany.com\/wp-content\/uploads\/2022\/11\/LRM_EXPORT_197757072751386_20181101_122223376-1024x683.jpeg 1024w, https:\/\/lofotenseaweedcompany.com\/wp-content\/uploads\/2022\/11\/LRM_EXPORT_197757072751386_20181101_122223376-scaled-800x533.jpeg 800w, https:\/\/lofotenseaweedcompany.com\/wp-content\/uploads\/2022\/11\/LRM_EXPORT_197757072751386_20181101_122223376-300x200.jpeg 300w, https:\/\/lofotenseaweedcompany.com\/wp-content\/uploads\/2022\/11\/LRM_EXPORT_197757072751386_20181101_122223376-768x512.jpeg 768w, https:\/\/lofotenseaweedcompany.com\/wp-content\/uploads\/2022\/11\/LRM_EXPORT_197757072751386_20181101_122223376-1536x1024.jpeg 1536w, https:\/\/lofotenseaweedcompany.com\/wp-content\/uploads\/2022\/11\/LRM_EXPORT_197757072751386_20181101_122223376-2048x1365.jpeg 2048w\" sizes=\"auto, (max-width: 1024px) 100vw, 1024px\" \/>\n\t\t\t\t\t\t\t\t\t\t\t\t\t<div class=\"flex h-full w-full items-center pt-32 md:pt-20 lg:pt-32 justify-center absolute inset-0\" style=\"transform: translatey(40%);\">\n\t\t\t\t\t\t\t\t<a class=\"text-base md:text-xs lg:text-base transition ease-out px-5 py-2 duration-200 bg-white text-sw-primary rounded-full hover:bg-sw-secondary\" href=\"https:\/\/lofotenseaweedcompany.com\/our-seaweed\/oarweed\/\">Fingertare<\/a>\n\t\t\t\t\t\t\t<\/div>\n\t\t\t\t\t\t\n\t\t\t\t\t<\/div>\n\n\t\t\t\t<\/div>\n\t\t\t\t\t<\/div>\n\t<\/div>\n<\/div>\n<\/div><\/div>\n<\/div><\/div>\n\n\n\n<div class=\"wp-block-group m0\"><div class=\"wp-block-group__inner-container is-layout-constrained wp-block-group-is-layout-constrained\">\t<div class=\" bg-sw-light text-sw-primary relative underline-links block-with-image\">\n\t\t<div class=\"grid grid-cols-1 lg:grid-cols-2 text-center\">\n\t\t\t<div class=\" mr-8 flex justify-end\">\n\t\t\t\t<div class=\"text-lg p-12 lg:p-32 xl:px-48 max-w-4xl mx-auto\">\n\t\t\t\t\t<h3 class=\"text-2xl tracking-widest uppercase mb-10\">B\u00e6rekraftig h\u00f8sting<\/h3>\t\t\t\t\t\t\t\t\t\t<p class=\"mt-3\">Som et av f\u00e5 selskaper som h\u00f8ster viltvoksende alger, har vi en plikt og ansvar for \u00e5 beskytte og ivareta \u00f8kosystemet. H\u00f8stemetodene v\u00e5re er n\u00f8ye gjennomg\u00e5tt og overv\u00e5ket for \u00e5 sikre sunn gjenvekst, og minimal p\u00e5virkning p\u00e5 det lokale marinelivet. Vi h\u00f8ster kun i rene farvann, i sesongbestemte perioder, vekk fra forurensende aktivitet. Vi bruker et rotasjonssystem, slik at omr\u00e5dene vi h\u00f8ster alltid har hatt tilstrekkelig tid til gjenvekst og reproduksjon. Denne tiden varierer fra art til art. All h\u00f8stedata blir registert i v\u00e5rt eget system, og fangsten blir rapportert til <a href=\"https:\/\/www.rafisklaget.no\" data-type=\"URL\" data-id=\"https:\/\/www.rafisklaget.no\" target=\"_blank\" rel=\"noopener\">R\u00e5fisklaget<\/a>.<br><br><a href=\"https:\/\/lofotenseaweedcompany.com\/sustainable-harvesting\/\">Les mer<\/a><\/p>\t\t\t\t<\/div>\n\t\t\t<\/div>\n\t\t\t<div class=\"relative\">\n\t\t\t\t\t\t\t\t\t<img loading=\"lazy\" decoding=\"async\" width=\"819\" height=\"1024\" src=\"https:\/\/lofotenseaweedcompany.com\/wp-content\/uploads\/2023\/02\/867-819x1024.jpg\" class=\"lg:absolute max-h-96 lg:max-h-screen inset-0 h-full w-full object-cover\" alt=\"\" srcset=\"https:\/\/lofotenseaweedcompany.com\/wp-content\/uploads\/2023\/02\/867-819x1024.jpg 819w, https:\/\/lofotenseaweedcompany.com\/wp-content\/uploads\/2023\/02\/867-scaled-800x1000.jpg 800w, https:\/\/lofotenseaweedcompany.com\/wp-content\/uploads\/2023\/02\/867-240x300.jpg 240w, https:\/\/lofotenseaweedcompany.com\/wp-content\/uploads\/2023\/02\/867-768x960.jpg 768w, https:\/\/lofotenseaweedcompany.com\/wp-content\/uploads\/2023\/02\/867-1229x1536.jpg 1229w, https:\/\/lofotenseaweedcompany.com\/wp-content\/uploads\/2023\/02\/867-1638x2048.jpg 1638w, https:\/\/lofotenseaweedcompany.com\/wp-content\/uploads\/2023\/02\/867-scaled.jpg 2048w\" sizes=\"auto, (max-width: 819px) 100vw, 819px\" \/>\t\t\t\t\t\t\t<\/div>\n\t\t<\/div>\n\t<\/div>\n<\/div><\/div>\n\n\n\n<div class=\"wp-block-group m0\"><div class=\"wp-block-group__inner-container is-layout-constrained wp-block-group-is-layout-constrained\"><div class=\"bg-sw-dark text-sw-secondary-light relative underline-links block-with-image\">\n\t<div class=\"grid grid-cols-1 lg:grid-cols-2\">\n\t\t<div class=\"relative\">\n\t\t\t\t\t\t\t<img loading=\"lazy\" decoding=\"async\" width=\"605\" height=\"677\" src=\"https:\/\/lofotenseaweedcompany.com\/wp-content\/uploads\/2023\/02\/Screenshot-2023-02-02-at-11.46.21.png\" class=\"lg:absolute max-h-96 lg:max-h-screen inset-0 h-full w-full object-cover\" alt=\"\" srcset=\"https:\/\/lofotenseaweedcompany.com\/wp-content\/uploads\/2023\/02\/Screenshot-2023-02-02-at-11.46.21.png 605w, https:\/\/lofotenseaweedcompany.com\/wp-content\/uploads\/2023\/02\/Screenshot-2023-02-02-at-11.46.21-268x300.png 268w, https:\/\/lofotenseaweedcompany.com\/wp-content\/uploads\/2023\/02\/Screenshot-2023-02-02-at-11.46.21-600x671.png 600w\" sizes=\"auto, (max-width: 605px) 100vw, 605px\" \/>\t\t\t\t\t<\/div>\n\t\t<div class=\" mr-8 flex items-center\">\n\t\t\t<div class=\"text-lg p-12 lg:p-32 xl:px-48 max-w-4xl mx-auto\">\n\t\t\t\t<h3 class=\"font-head text-4xl leading-tight\">H\u00f8st din egen<br><\/h3>\t\t\t\t\t\t\t\t<p class=\"mt-3\">\u00c5 h\u00f8ste din egen tang er en givende hobby som kobler deg til en av verdens eldste matkilder. Vi har satt sammen en praktisk guide for \u00e5 vise deg n\u00f8yaktig hvordan du kommer i gang.<br><br><a href=\"https:\/\/lofotenseaweedcompany.com\/no\/butikk\/tanghosting-guide\/\" data-type=\"URL\" data-id=\"https:\/\/lofotenseaweedcompany.com\/no\/butikk\/tanghosting-guide\/\">Les mer<br><\/a><\/p>\t\t\t\t\t\t\t<\/div>\n\t\t<\/div>\n\t<\/div>\n<\/div>\n<\/div><\/div>\n\n\n\n<div class=\"wp-block-group m0\"><div class=\"wp-block-group__inner-container is-layout-constrained wp-block-group-is-layout-constrained\">\t<div class=\" bg-sw-light text-sw-primary relative underline-links block-with-image\">\n\t\t<div class=\"grid grid-cols-1 lg:grid-cols-2 text-center\">\n\t\t\t<div class=\" mr-8 flex justify-end\">\n\t\t\t\t<div class=\"text-lg p-12 lg:p-32 xl:px-48 max-w-4xl mx-auto\">\n\t\t\t\t\t<h3 class=\"text-2xl tracking-widest uppercase mb-10\">Sertifisering<\/h3>\t\t\t\t\t<img loading=\"lazy\" decoding=\"async\" width=\"500\" height=\"135\" src=\"https:\/\/lofotenseaweedcompany.com\/wp-content\/uploads\/2024\/05\/Untitled-design-5-e1715339397205.png\" class=\"mx-auto\" alt=\"\" \/>\t\t\t\t\t<p class=\"mt-3\">Lofoten Seaweed er DEBIO-godkjent og v\u00e5r tang er sertifisert \u00f8kologisk. DEBIO er anerkjent av <a href=\"https:\/\/www.ecocert.com\/en\/certification-detail\/organic-farming-europe-eu-n-848-2018\" target=\"_blank\" rel=\"noopener\">Organic Agriculture Europe<\/a>. Seagreens of Norway er et varemerke utviklet av Norwegian Seaweed Association (NSA). Produkter med dette merket har r\u00e5varer fra norskekystens rene sj\u00f8vann, og er h\u00f8stet og deklarert slik at kunder og forbrukere kan ha tillit til opprinnelse, kvalitet og b\u00e6rekraft.<br><br>For \u00e5 sikre at forsyningen v\u00e5r tilfredsstiller ettersp\u00f8rsel, vil vi i enkelte tilfeller supplere med \u00f8kologisk dyrket butare og sukkertare fra Lofoten.<\/p>\t\t\t\t<\/div>\n\t\t\t<\/div>\n\t\t\t<div class=\"relative\">\n\t\t\t\t\t\t\t\t\t<img loading=\"lazy\" decoding=\"async\" width=\"1024\" height=\"576\" src=\"https:\/\/lofotenseaweedcompany.com\/wp-content\/uploads\/2023\/02\/B68A4199-Edit-1024x576.jpg\" class=\"lg:absolute max-h-96 lg:max-h-screen inset-0 h-full w-full object-cover\" alt=\"\" srcset=\"https:\/\/lofotenseaweedcompany.com\/wp-content\/uploads\/2023\/02\/B68A4199-Edit-1024x576.jpg 1024w, https:\/\/lofotenseaweedcompany.com\/wp-content\/uploads\/2023\/02\/B68A4199-Edit-800x450.jpg 800w, https:\/\/lofotenseaweedcompany.com\/wp-content\/uploads\/2023\/02\/B68A4199-Edit-300x169.jpg 300w, https:\/\/lofotenseaweedcompany.com\/wp-content\/uploads\/2023\/02\/B68A4199-Edit-768x432.jpg 768w, https:\/\/lofotenseaweedcompany.com\/wp-content\/uploads\/2023\/02\/B68A4199-Edit-1536x864.jpg 1536w, https:\/\/lofotenseaweedcompany.com\/wp-content\/uploads\/2023\/02\/B68A4199-Edit-2048x1152.jpg 2048w\" sizes=\"auto, (max-width: 1024px) 100vw, 1024px\" \/>\t\t\t\t\t\t\t<\/div>\n\t\t<\/div>\n\t<\/div>\n<\/div><\/div>\n","protected":false},"excerpt":{"rendered":"<p>Det finnes tre typer alger: r\u00f8de, brune og gr\u00f8nne. I Norge er det nesten 500 algearter fra de tre gruppene. Vi fokuserer mesteparten av h\u00f8stingen v\u00e5r p\u00e5 de seks artene nedenfor, delvis p\u00e5 grunn av deres overflod, og delvis p\u00e5 grunn av deres utmerkede smak og tekstur. Klikk p\u00e5 bildene nedenfor for \u00e5 finne ut&#8230;<\/p>\n","protected":false},"author":239,"featured_media":0,"parent":0,"menu_order":0,"comment_status":"closed","ping_status":"closed","template":"page-no-title.php","meta":{"_acf_changed":false,"footnotes":""},"class_list":["post-26474","page","type-page","status-publish","hentry"],"acf":[],"_links":{"self":[{"href":"https:\/\/lofotenseaweedcompany.com\/no\/wp-json\/wp\/v2\/pages\/26474","targetHints":{"allow":["GET"]}}],"collection":[{"href":"https:\/\/lofotenseaweedcompany.com\/no\/wp-json\/wp\/v2\/pages"}],"about":[{"href":"https:\/\/lofotenseaweedcompany.com\/no\/wp-json\/wp\/v2\/types\/page"}],"author":[{"embeddable":true,"href":"https:\/\/lofotenseaweedcompany.com\/no\/wp-json\/wp\/v2\/users\/239"}],"replies":[{"embeddable":true,"href":"https:\/\/lofotenseaweedcompany.com\/no\/wp-json\/wp\/v2\/comments?post=26474"}],"version-history":[{"count":12,"href":"https:\/\/lofotenseaweedcompany.com\/no\/wp-json\/wp\/v2\/pages\/26474\/revisions"}],"predecessor-version":[{"id":34118,"href":"https:\/\/lofotenseaweedcompany.com\/no\/wp-json\/wp\/v2\/pages\/26474\/revisions\/34118"}],"wp:attachment":[{"href":"https:\/\/lofotenseaweedcompany.com\/no\/wp-json\/wp\/v2\/media?parent=26474"}],"curies":[{"name":"wp","href":"https:\/\/api.w.org\/{rel}","templated":true}]}}