{"id":32797,"date":"2024-01-11T16:02:42","date_gmt":"2024-01-11T16:02:42","guid":{"rendered":"https:\/\/lofotenseaweedcompany.com\/?page_id=32797"},"modified":"2025-11-24T22:07:36","modified_gmt":"2025-11-24T22:07:36","slug":"har-og-hudpleie","status":"publish","type":"page","link":"https:\/\/lofotenseaweedcompany.com\/no\/har-og-hudpleie\/","title":{"rendered":"H\u00e5r og Hudpleie"},"content":{"rendered":"\n<div class=\"wp-block-group\"><div class=\"wp-block-group__inner-container is-layout-constrained wp-block-group-is-layout-constrained\">\n<div class=\"wp-block-group m0\"><div class=\"wp-block-group__inner-container is-layout-constrained wp-block-group-is-layout-constrained\">\t<div class=\" bg-sw-light text-sw-primary relative underline-links block-with-image\">\n\t\t<div class=\"grid grid-cols-1 lg:grid-cols-2 text-center\">\n\t\t\t<div class=\" mr-8 flex justify-end\">\n\t\t\t\t<div class=\"text-lg p-12 lg:p-32 xl:px-48 max-w-4xl mx-auto\">\n\t\t\t\t\t<h3 class=\"text-2xl tracking-widest uppercase mb-10\">  Naturlig H\u00e5r og Hudpleie<\/h3>\t\t\t\t\t\t\t\t\t\t<p class=\"mt-3\">Det som er bra for deg er bra for havet v\u00e5rt . Derfor bruker vi naturlige ingredienser. <br><br>Produktene v\u00e5re er n\u00f8ye utformet for \u00e5 v\u00e6re mild mot huden, og sk\u00e5nsom mot naturen. <br>Sagtang har lange tradisjoner i hudbehandling fra b\u00e5de Asiatiske land og De Britiske \u00f8yer. La dens fuktighetsgivende egenskaper hjelpe hudens naturlige styrke og h\u00e5rets glans.<\/p>\t\t\t\t<\/div>\n\t\t\t<\/div>\n\t\t\t<div class=\"relative\">\n\t\t\t\t\t\t\t\t\t<img loading=\"lazy\" decoding=\"async\" width=\"1024\" height=\"683\" src=\"https:\/\/lofotenseaweedcompany.com\/wp-content\/uploads\/2023\/11\/Jillian-Hoiberg-Photography-Lofoten-Seaweed-Web-3786-1024x683.jpg\" class=\"lg:absolute max-h-96 lg:max-h-screen inset-0 h-full w-full object-cover\" alt=\"Lofoten Seaweed cosmetic products on the beach\" srcset=\"https:\/\/lofotenseaweedcompany.com\/wp-content\/uploads\/2023\/11\/Jillian-Hoiberg-Photography-Lofoten-Seaweed-Web-3786-1024x683.jpg 1024w, https:\/\/lofotenseaweedcompany.com\/wp-content\/uploads\/2023\/11\/Jillian-Hoiberg-Photography-Lofoten-Seaweed-Web-3786-800x533.jpg 800w, https:\/\/lofotenseaweedcompany.com\/wp-content\/uploads\/2023\/11\/Jillian-Hoiberg-Photography-Lofoten-Seaweed-Web-3786-300x200.jpg 300w, https:\/\/lofotenseaweedcompany.com\/wp-content\/uploads\/2023\/11\/Jillian-Hoiberg-Photography-Lofoten-Seaweed-Web-3786-768x512.jpg 768w, https:\/\/lofotenseaweedcompany.com\/wp-content\/uploads\/2023\/11\/Jillian-Hoiberg-Photography-Lofoten-Seaweed-Web-3786-1536x1024.jpg 1536w, https:\/\/lofotenseaweedcompany.com\/wp-content\/uploads\/2023\/11\/Jillian-Hoiberg-Photography-Lofoten-Seaweed-Web-3786-2048x1366.jpg 2048w\" sizes=\"auto, (max-width: 1024px) 100vw, 1024px\" \/>\t\t\t\t\t\t\t<\/div>\n\t\t<\/div>\n\t<\/div>\n<\/div><\/div>\n\n\n\n<div class=\"wp-block-group m0\"><div class=\"wp-block-group__inner-container is-layout-constrained wp-block-group-is-layout-constrained\"><div class=\"text-sw-secondary-light bg-sw-dark no-underline\" style=\"padding-bottom:100px;\">\n\t<div class=\" container \">\n\t\t<h2 class=\"font-head text-4xl pt-16\">Kj\u00f8p h\u00e5r og hudpleie<\/h2>\n\t\t<div class=\"max-w-sm md:max-w-none grid grid-cols-1 md:grid-cols-3 gap-20 py-16 md:px-0 mx-auto\">\n\t\t\t\t\t\t\t<div class=\"max-w-xs w-full mx-auto\">\n\t\t\t\t\t<div class=\"mx-auto relative pt-full\">\n\t\t\t\t\t\t<img loading=\"lazy\" decoding=\"async\" width=\"1024\" height=\"1024\" src=\"https:\/\/lofotenseaweedcompany.com\/wp-content\/uploads\/2023\/08\/Shampoo-1024x1024.png\" class=\"absolute h-full w-full object-cover inset-0 circular-repeater\" alt=\"\" srcset=\"https:\/\/lofotenseaweedcompany.com\/wp-content\/uploads\/2023\/08\/Shampoo-1024x1024.png 1024w, https:\/\/lofotenseaweedcompany.com\/wp-content\/uploads\/2023\/08\/Shampoo-300x300.png 300w, https:\/\/lofotenseaweedcompany.com\/wp-content\/uploads\/2023\/08\/Shampoo-150x150.png 150w, https:\/\/lofotenseaweedcompany.com\/wp-content\/uploads\/2023\/08\/Shampoo-768x768.png 768w, https:\/\/lofotenseaweedcompany.com\/wp-content\/uploads\/2023\/08\/Shampoo-1536x1536.png 1536w, https:\/\/lofotenseaweedcompany.com\/wp-content\/uploads\/2023\/08\/Shampoo-2048x2048.png 2048w, https:\/\/lofotenseaweedcompany.com\/wp-content\/uploads\/2023\/08\/Shampoo-500x500.png 500w, https:\/\/lofotenseaweedcompany.com\/wp-content\/uploads\/2023\/08\/Shampoo-800x800.png 800w, https:\/\/lofotenseaweedcompany.com\/wp-content\/uploads\/2023\/08\/Shampoo-100x100.png 100w\" sizes=\"auto, (max-width: 1024px) 100vw, 1024px\" \/>\n\t\t\t\t\t\t\t\t\t\t\t\t\t<div class=\"flex h-full w-full items-center pt-32 md:pt-20 lg:pt-32 justify-center absolute inset-0\" style=\"transform: translatey(40%);\">\n\t\t\t\t\t\t\t\t<a class=\"text-base md:text-xs lg:text-base transition ease-out px-5 py-2 duration-200 bg-white text-sw-primary rounded-full hover:bg-sw-secondary\" href=\"https:\/\/lofotenseaweedcompany.com\/no\/butikk\/sjampo\">Sjampo<\/a>\n\t\t\t\t\t\t\t<\/div>\n\t\t\t\t\t\t\n\t\t\t\t\t<\/div>\n\n\t\t\t\t<\/div>\n\t\t\t\t\t\t\t<div class=\"max-w-xs w-full mx-auto\">\n\t\t\t\t\t<div class=\"mx-auto relative pt-full\">\n\t\t\t\t\t\t<img loading=\"lazy\" decoding=\"async\" width=\"1024\" height=\"1024\" src=\"https:\/\/lofotenseaweedcompany.com\/wp-content\/uploads\/2023\/08\/Conditioner-1024x1024.png\" class=\"absolute h-full w-full object-cover inset-0 circular-repeater\" alt=\"\" srcset=\"https:\/\/lofotenseaweedcompany.com\/wp-content\/uploads\/2023\/08\/Conditioner-1024x1024.png 1024w, https:\/\/lofotenseaweedcompany.com\/wp-content\/uploads\/2023\/08\/Conditioner-300x300.png 300w, https:\/\/lofotenseaweedcompany.com\/wp-content\/uploads\/2023\/08\/Conditioner-150x150.png 150w, https:\/\/lofotenseaweedcompany.com\/wp-content\/uploads\/2023\/08\/Conditioner-768x768.png 768w, https:\/\/lofotenseaweedcompany.com\/wp-content\/uploads\/2023\/08\/Conditioner-1536x1536.png 1536w, https:\/\/lofotenseaweedcompany.com\/wp-content\/uploads\/2023\/08\/Conditioner-2048x2048.png 2048w, https:\/\/lofotenseaweedcompany.com\/wp-content\/uploads\/2023\/08\/Conditioner-500x500.png 500w, https:\/\/lofotenseaweedcompany.com\/wp-content\/uploads\/2023\/08\/Conditioner-800x800.png 800w, https:\/\/lofotenseaweedcompany.com\/wp-content\/uploads\/2023\/08\/Conditioner-100x100.png 100w\" sizes=\"auto, (max-width: 1024px) 100vw, 1024px\" \/>\n\t\t\t\t\t\t\t\t\t\t\t\t\t<div class=\"flex h-full w-full items-center pt-32 md:pt-20 lg:pt-32 justify-center absolute inset-0\" style=\"transform: translatey(40%);\">\n\t\t\t\t\t\t\t\t<a class=\"text-base md:text-xs lg:text-base transition ease-out px-5 py-2 duration-200 bg-white text-sw-primary rounded-full hover:bg-sw-secondary\" href=\"https:\/\/lofotenseaweedcompany.com\/no\/butikk\/balsam\">Balsam<\/a>\n\t\t\t\t\t\t\t<\/div>\n\t\t\t\t\t\t\n\t\t\t\t\t<\/div>\n\n\t\t\t\t<\/div>\n\t\t\t\t\t\t\t<div class=\"max-w-xs w-full mx-auto\">\n\t\t\t\t\t<div class=\"mx-auto relative pt-full\">\n\t\t\t\t\t\t<img loading=\"lazy\" decoding=\"async\" width=\"1024\" height=\"1024\" src=\"https:\/\/lofotenseaweedcompany.com\/wp-content\/uploads\/2023\/08\/Body_Wash-1024x1024.png\" class=\"absolute h-full w-full object-cover inset-0 circular-repeater\" alt=\"\" srcset=\"https:\/\/lofotenseaweedcompany.com\/wp-content\/uploads\/2023\/08\/Body_Wash-1024x1024.png 1024w, https:\/\/lofotenseaweedcompany.com\/wp-content\/uploads\/2023\/08\/Body_Wash-300x300.png 300w, https:\/\/lofotenseaweedcompany.com\/wp-content\/uploads\/2023\/08\/Body_Wash-150x150.png 150w, https:\/\/lofotenseaweedcompany.com\/wp-content\/uploads\/2023\/08\/Body_Wash-768x768.png 768w, https:\/\/lofotenseaweedcompany.com\/wp-content\/uploads\/2023\/08\/Body_Wash-1536x1536.png 1536w, https:\/\/lofotenseaweedcompany.com\/wp-content\/uploads\/2023\/08\/Body_Wash-2048x2048.png 2048w, https:\/\/lofotenseaweedcompany.com\/wp-content\/uploads\/2023\/08\/Body_Wash-500x500.png 500w, https:\/\/lofotenseaweedcompany.com\/wp-content\/uploads\/2023\/08\/Body_Wash-800x800.png 800w, https:\/\/lofotenseaweedcompany.com\/wp-content\/uploads\/2023\/08\/Body_Wash-100x100.png 100w\" sizes=\"auto, (max-width: 1024px) 100vw, 1024px\" \/>\n\t\t\t\t\t\t\t\t\t\t\t\t\t<div class=\"flex h-full w-full items-center pt-32 md:pt-20 lg:pt-32 justify-center absolute inset-0\" style=\"transform: translatey(40%);\">\n\t\t\t\t\t\t\t\t<a class=\"text-base md:text-xs lg:text-base transition ease-out px-5 py-2 duration-200 bg-white text-sw-primary rounded-full hover:bg-sw-secondary\" href=\"https:\/\/lofotenseaweedcompany.com\/no\/butikk\/dusjsape\">Dusjs\u00e5pe<\/a>\n\t\t\t\t\t\t\t<\/div>\n\t\t\t\t\t\t\n\t\t\t\t\t<\/div>\n\n\t\t\t\t<\/div>\n\t\t\t\t\t\t\t<div class=\"max-w-xs w-full mx-auto\">\n\t\t\t\t\t<div class=\"mx-auto relative pt-full\">\n\t\t\t\t\t\t<img loading=\"lazy\" decoding=\"async\" width=\"1024\" height=\"1024\" src=\"https:\/\/lofotenseaweedcompany.com\/wp-content\/uploads\/2023\/07\/Lotion-1-1024x1024.png\" class=\"absolute h-full w-full object-cover inset-0 circular-repeater\" alt=\"\" srcset=\"https:\/\/lofotenseaweedcompany.com\/wp-content\/uploads\/2023\/07\/Lotion-1-1024x1024.png 1024w, https:\/\/lofotenseaweedcompany.com\/wp-content\/uploads\/2023\/07\/Lotion-1-300x300.png 300w, https:\/\/lofotenseaweedcompany.com\/wp-content\/uploads\/2023\/07\/Lotion-1-150x150.png 150w, https:\/\/lofotenseaweedcompany.com\/wp-content\/uploads\/2023\/07\/Lotion-1-768x768.png 768w, https:\/\/lofotenseaweedcompany.com\/wp-content\/uploads\/2023\/07\/Lotion-1-1536x1536.png 1536w, https:\/\/lofotenseaweedcompany.com\/wp-content\/uploads\/2023\/07\/Lotion-1-2048x2048.png 2048w, https:\/\/lofotenseaweedcompany.com\/wp-content\/uploads\/2023\/07\/Lotion-1-500x500.png 500w, https:\/\/lofotenseaweedcompany.com\/wp-content\/uploads\/2023\/07\/Lotion-1-800x800.png 800w, https:\/\/lofotenseaweedcompany.com\/wp-content\/uploads\/2023\/07\/Lotion-1-100x100.png 100w\" sizes=\"auto, (max-width: 1024px) 100vw, 1024px\" \/>\n\t\t\t\t\t\t\t\t\t\t\t\t\t<div class=\"flex h-full w-full items-center pt-32 md:pt-20 lg:pt-32 justify-center absolute inset-0\" style=\"transform: translatey(40%);\">\n\t\t\t\t\t\t\t\t<a class=\"text-base md:text-xs lg:text-base transition ease-out px-5 py-2 duration-200 bg-white text-sw-primary rounded-full hover:bg-sw-secondary\" href=\"https:\/\/lofotenseaweedcompany.com\/shop\/hand-og-bodylotion\">H\u00e5nd og Bodylotion<\/a>\n\t\t\t\t\t\t\t<\/div>\n\t\t\t\t\t\t\n\t\t\t\t\t<\/div>\n\n\t\t\t\t<\/div>\n\t\t\t\t\t\t\t<div class=\"max-w-xs w-full mx-auto\">\n\t\t\t\t\t<div class=\"mx-auto relative pt-full\">\n\t\t\t\t\t\t<img loading=\"lazy\" decoding=\"async\" width=\"1024\" height=\"1024\" src=\"https:\/\/lofotenseaweedcompany.com\/wp-content\/uploads\/2023\/07\/Hand_Soap-1024x1024.png\" class=\"absolute h-full w-full object-cover inset-0 circular-repeater\" alt=\"\" srcset=\"https:\/\/lofotenseaweedcompany.com\/wp-content\/uploads\/2023\/07\/Hand_Soap-1024x1024.png 1024w, https:\/\/lofotenseaweedcompany.com\/wp-content\/uploads\/2023\/07\/Hand_Soap-300x300.png 300w, https:\/\/lofotenseaweedcompany.com\/wp-content\/uploads\/2023\/07\/Hand_Soap-150x150.png 150w, https:\/\/lofotenseaweedcompany.com\/wp-content\/uploads\/2023\/07\/Hand_Soap-768x768.png 768w, https:\/\/lofotenseaweedcompany.com\/wp-content\/uploads\/2023\/07\/Hand_Soap-1536x1536.png 1536w, https:\/\/lofotenseaweedcompany.com\/wp-content\/uploads\/2023\/07\/Hand_Soap-2048x2048.png 2048w, https:\/\/lofotenseaweedcompany.com\/wp-content\/uploads\/2023\/07\/Hand_Soap-500x500.png 500w, https:\/\/lofotenseaweedcompany.com\/wp-content\/uploads\/2023\/07\/Hand_Soap-800x800.png 800w, https:\/\/lofotenseaweedcompany.com\/wp-content\/uploads\/2023\/07\/Hand_Soap-100x100.png 100w\" sizes=\"auto, (max-width: 1024px) 100vw, 1024px\" \/>\n\t\t\t\t\t\t\t\t\t\t\t\t\t<div class=\"flex h-full w-full items-center pt-32 md:pt-20 lg:pt-32 justify-center absolute inset-0\" style=\"transform: translatey(40%);\">\n\t\t\t\t\t\t\t\t<a class=\"text-base md:text-xs lg:text-base transition ease-out px-5 py-2 duration-200 bg-white text-sw-primary rounded-full hover:bg-sw-secondary\" href=\"https:\/\/lofotenseaweedcompany.com\/no\/butikk\/handsape\">H\u00e5nds\u00e5pe<\/a>\n\t\t\t\t\t\t\t<\/div>\n\t\t\t\t\t\t\n\t\t\t\t\t<\/div>\n\n\t\t\t\t<\/div>\n\t\t\t\t\t\t\t<div class=\"max-w-xs w-full mx-auto\">\n\t\t\t\t\t<div class=\"mx-auto relative pt-full\">\n\t\t\t\t\t\t<img loading=\"lazy\" decoding=\"async\" width=\"1000\" height=\"1000\" src=\"https:\/\/lofotenseaweedcompany.com\/wp-content\/uploads\/2022\/11\/Soap_Bar.png\" class=\"absolute h-full w-full object-cover inset-0 circular-repeater\" alt=\"\" srcset=\"https:\/\/lofotenseaweedcompany.com\/wp-content\/uploads\/2022\/11\/Soap_Bar.png 1000w, https:\/\/lofotenseaweedcompany.com\/wp-content\/uploads\/2022\/11\/Soap_Bar-300x300.png 300w, https:\/\/lofotenseaweedcompany.com\/wp-content\/uploads\/2022\/11\/Soap_Bar-150x150.png 150w, https:\/\/lofotenseaweedcompany.com\/wp-content\/uploads\/2022\/11\/Soap_Bar-768x768.png 768w, https:\/\/lofotenseaweedcompany.com\/wp-content\/uploads\/2022\/11\/Soap_Bar-500x500.png 500w, https:\/\/lofotenseaweedcompany.com\/wp-content\/uploads\/2022\/11\/Soap_Bar-800x800.png 800w, https:\/\/lofotenseaweedcompany.com\/wp-content\/uploads\/2022\/11\/Soap_Bar-100x100.png 100w\" sizes=\"auto, (max-width: 1000px) 100vw, 1000px\" \/>\n\t\t\t\t\t\t\t\t\t\t\t\t\t<div class=\"flex h-full w-full items-center pt-32 md:pt-20 lg:pt-32 justify-center absolute inset-0\" style=\"transform: translatey(40%);\">\n\t\t\t\t\t\t\t\t<a class=\"text-base md:text-xs lg:text-base transition ease-out px-5 py-2 duration-200 bg-white text-sw-primary rounded-full hover:bg-sw-secondary\" href=\"https:\/\/lofotenseaweedcompany.com\/no\/butikk\/tangsaape\">S\u00e5pestykke<\/a>\n\t\t\t\t\t\t\t<\/div>\n\t\t\t\t\t\t\n\t\t\t\t\t<\/div>\n\n\t\t\t\t<\/div>\n\t\t\t\t\t<\/div>\n\t<\/div>\n<\/div>\n<\/div><\/div>\n\n\n\n<div class=\"wp-block-group m0\"><div class=\"wp-block-group__inner-container is-layout-constrained wp-block-group-is-layout-constrained\"><div class=\"bg-sw-dark text-sw-secondary-light relative underline-links block-with-image\">\n\t<div class=\"grid grid-cols-1 lg:grid-cols-2\">\n\t\t<div class=\"relative\">\n\t\t\t\t\t\t\t<img loading=\"lazy\" decoding=\"async\" width=\"1024\" height=\"683\" src=\"https:\/\/lofotenseaweedcompany.com\/wp-content\/uploads\/2023\/11\/Jillian-Hoiberg-Photography-Lofoten-Seaweed-Web-3481-1-1024x683.jpg\" class=\"lg:absolute max-h-96 lg:max-h-screen inset-0 h-full w-full object-cover\" alt=\"Lofoten Seaweed cosmetic products on the beach\" srcset=\"https:\/\/lofotenseaweedcompany.com\/wp-content\/uploads\/2023\/11\/Jillian-Hoiberg-Photography-Lofoten-Seaweed-Web-3481-1-1024x683.jpg 1024w, https:\/\/lofotenseaweedcompany.com\/wp-content\/uploads\/2023\/11\/Jillian-Hoiberg-Photography-Lofoten-Seaweed-Web-3481-1-scaled-800x533.jpg 800w, https:\/\/lofotenseaweedcompany.com\/wp-content\/uploads\/2023\/11\/Jillian-Hoiberg-Photography-Lofoten-Seaweed-Web-3481-1-300x200.jpg 300w, https:\/\/lofotenseaweedcompany.com\/wp-content\/uploads\/2023\/11\/Jillian-Hoiberg-Photography-Lofoten-Seaweed-Web-3481-1-768x512.jpg 768w, https:\/\/lofotenseaweedcompany.com\/wp-content\/uploads\/2023\/11\/Jillian-Hoiberg-Photography-Lofoten-Seaweed-Web-3481-1-1536x1024.jpg 1536w, https:\/\/lofotenseaweedcompany.com\/wp-content\/uploads\/2023\/11\/Jillian-Hoiberg-Photography-Lofoten-Seaweed-Web-3481-1-2048x1365.jpg 2048w\" sizes=\"auto, (max-width: 1024px) 100vw, 1024px\" \/>\t\t\t\t\t<\/div>\n\t\t<div class=\" mr-8 flex items-center\">\n\t\t\t<div class=\"text-lg p-12 lg:p-32 xl:px-48 max-w-4xl mx-auto\">\n\t\t\t\t\t\t\t\t\t\t\t\t<p class=\"mt-3\">Produktene v\u00e5re er tilsatt essensielle oljer av sitrongress og ingef\u00e6r som gir en oppkvikkende og energigivende duft.<br><br>Vi har jobbet med lokal s\u00e5pemaker for \u00e5 utvikle en s\u00e5peserie  med minimalt innhold av kunstige ingredienser. Dette fordi en liten endring i skj\u00f8nnhetsrutinene dine er et skritt mot en mer b\u00e6rekraftig fremtid. <\/p>\t\t\t\t\t\t\t<\/div>\n\t\t<\/div>\n\t<\/div>\n<\/div>\n<\/div><\/div>\n<\/div><\/div>\n","protected":false},"excerpt":{"rendered":"","protected":false},"author":239,"featured_media":0,"parent":0,"menu_order":0,"comment_status":"closed","ping_status":"closed","template":"page-no-title.php","meta":{"_acf_changed":false,"footnotes":""},"class_list":["post-32797","page","type-page","status-publish","hentry"],"acf":[],"_links":{"self":[{"href":"https:\/\/lofotenseaweedcompany.com\/no\/wp-json\/wp\/v2\/pages\/32797","targetHints":{"allow":["GET"]}}],"collection":[{"href":"https:\/\/lofotenseaweedcompany.com\/no\/wp-json\/wp\/v2\/pages"}],"about":[{"href":"https:\/\/lofotenseaweedcompany.com\/no\/wp-json\/wp\/v2\/types\/page"}],"author":[{"embeddable":true,"href":"https:\/\/lofotenseaweedcompany.com\/no\/wp-json\/wp\/v2\/users\/239"}],"replies":[{"embeddable":true,"href":"https:\/\/lofotenseaweedcompany.com\/no\/wp-json\/wp\/v2\/comments?post=32797"}],"version-history":[{"count":6,"href":"https:\/\/lofotenseaweedcompany.com\/no\/wp-json\/wp\/v2\/pages\/32797\/revisions"}],"predecessor-version":[{"id":39070,"href":"https:\/\/lofotenseaweedcompany.com\/no\/wp-json\/wp\/v2\/pages\/32797\/revisions\/39070"}],"wp:attachment":[{"href":"https:\/\/lofotenseaweedcompany.com\/no\/wp-json\/wp\/v2\/media?parent=32797"}],"curies":[{"name":"wp","href":"https:\/\/api.w.org\/{rel}","templated":true}]}}