{"id":32816,"date":"2024-01-11T17:38:17","date_gmt":"2024-01-11T17:38:17","guid":{"rendered":"https:\/\/lofotenseaweedcompany.com\/?page_id=32816"},"modified":"2025-11-25T14:04:37","modified_gmt":"2025-11-25T14:04:37","slug":"salt-og-krydder","status":"publish","type":"page","link":"https:\/\/lofotenseaweedcompany.com\/no\/salt-og-krydder\/","title":{"rendered":"Salt og Krydder"},"content":{"rendered":"\n<div class=\"wp-block-group\"><div class=\"wp-block-group__inner-container is-layout-constrained wp-block-group-is-layout-constrained\">\n<div class=\"wp-block-group m0\"><div class=\"wp-block-group__inner-container is-layout-constrained wp-block-group-is-layout-constrained\">\t<div class=\" bg-sw-light text-sw-primary relative underline-links block-with-image\">\n\t\t<div class=\"grid grid-cols-1 lg:grid-cols-2 text-center\">\n\t\t\t<div class=\" mr-8 flex justify-end\">\n\t\t\t\t<div class=\"text-lg p-12 lg:p-32 xl:px-48 max-w-4xl mx-auto\">\n\t\t\t\t\t<h3 class=\"text-2xl tracking-widest uppercase mb-10\">Salt og Krydder<\/h3>\t\t\t\t\t\t\t\t\t\t<p class=\"mt-3\">Den enkleste m\u00e5ten \u00e5 tilf\u00f8re et snev av n\u00e6ring og haugevis av umami-smak til ditt neste m\u00e5ltid, er med et av v\u00e5re tangsalter og krydder. <br><br>Det kunne ikke v\u00e6rt enklere \u00e5 lage mat med tang ved \u00e5 bruke denne serien. Bruk krydderblandingene for en komplett smaksl\u00f8sning mens du lager mat, og krydre retten med salter og flaker mens du serverer. Digg!<\/p>\t\t\t\t<\/div>\n\t\t\t<\/div>\n\t\t\t<div class=\"relative\">\n\t\t\t\t\t\t\t\t\t<img loading=\"lazy\" decoding=\"async\" width=\"1024\" height=\"692\" src=\"https:\/\/lofotenseaweedcompany.com\/wp-content\/uploads\/2023\/05\/4N6A1556a-1024x692.jpg\" class=\"lg:absolute max-h-96 lg:max-h-screen inset-0 h-full w-full object-cover\" alt=\"Seaweed Salts on a table with assorted vegetables and lemons\" srcset=\"https:\/\/lofotenseaweedcompany.com\/wp-content\/uploads\/2023\/05\/4N6A1556a-1024x692.jpg 1024w, https:\/\/lofotenseaweedcompany.com\/wp-content\/uploads\/2023\/05\/4N6A1556a-scaled-800x541.jpg 800w, https:\/\/lofotenseaweedcompany.com\/wp-content\/uploads\/2023\/05\/4N6A1556a-300x203.jpg 300w, https:\/\/lofotenseaweedcompany.com\/wp-content\/uploads\/2023\/05\/4N6A1556a-768x519.jpg 768w, https:\/\/lofotenseaweedcompany.com\/wp-content\/uploads\/2023\/05\/4N6A1556a-1536x1038.jpg 1536w, https:\/\/lofotenseaweedcompany.com\/wp-content\/uploads\/2023\/05\/4N6A1556a-2048x1384.jpg 2048w, https:\/\/lofotenseaweedcompany.com\/wp-content\/uploads\/2023\/05\/4N6A1556a-200x135.jpg 200w\" sizes=\"auto, (max-width: 1024px) 100vw, 1024px\" \/>\t\t\t\t\t\t\t<\/div>\n\t\t<\/div>\n\t<\/div>\n<\/div><\/div>\n\n\n\n<div class=\"wp-block-group m0\"><div class=\"wp-block-group__inner-container is-layout-constrained wp-block-group-is-layout-constrained\"><div class=\"text-sw-secondary-light bg-sw-dark no-underline\" style=\"padding-bottom:100px;\">\n\t<div class=\" container \">\n\t\t<h2 class=\"font-head text-4xl pt-16\">Kj\u00f8p salt og krydder<\/h2>\n\t\t<div class=\"max-w-sm md:max-w-none grid grid-cols-1 md:grid-cols-3 gap-20 py-16 md:px-0 mx-auto\">\n\t\t\t\t\t\t\t<div class=\"max-w-xs w-full mx-auto\">\n\t\t\t\t\t<div class=\"mx-auto relative pt-full\">\n\t\t\t\t\t\t<img loading=\"lazy\" decoding=\"async\" width=\"1000\" height=\"1000\" src=\"https:\/\/lofotenseaweedcompany.com\/wp-content\/uploads\/2025\/07\/Ocean_Greens_with_Contents.png\" class=\"absolute h-full w-full object-cover inset-0 circular-repeater\" alt=\"\" srcset=\"https:\/\/lofotenseaweedcompany.com\/wp-content\/uploads\/2025\/07\/Ocean_Greens_with_Contents.png 1000w, https:\/\/lofotenseaweedcompany.com\/wp-content\/uploads\/2025\/07\/Ocean_Greens_with_Contents-300x300.png 300w, https:\/\/lofotenseaweedcompany.com\/wp-content\/uploads\/2025\/07\/Ocean_Greens_with_Contents-150x150.png 150w, https:\/\/lofotenseaweedcompany.com\/wp-content\/uploads\/2025\/07\/Ocean_Greens_with_Contents-768x768.png 768w, https:\/\/lofotenseaweedcompany.com\/wp-content\/uploads\/2025\/07\/Ocean_Greens_with_Contents-500x500.png 500w, https:\/\/lofotenseaweedcompany.com\/wp-content\/uploads\/2025\/07\/Ocean_Greens_with_Contents-800x800.png 800w, https:\/\/lofotenseaweedcompany.com\/wp-content\/uploads\/2025\/07\/Ocean_Greens_with_Contents-100x100.png 100w\" sizes=\"auto, (max-width: 1000px) 100vw, 1000px\" \/>\n\t\t\t\t\t\t\t\t\t\t\t\t\t<div class=\"flex h-full w-full items-center pt-32 md:pt-20 lg:pt-32 justify-center absolute inset-0\" style=\"transform: translatey(40%);\">\n\t\t\t\t\t\t\t\t<a class=\"text-base md:text-xs lg:text-base transition ease-out px-5 py-2 duration-200 bg-white text-sw-primary rounded-full hover:bg-sw-secondary\" href=\"https:\/\/lofotenseaweedcompany.com\/no\/butikk\/arctic-ocean-greens\/\">Arctic Ocean Greens<\/a>\n\t\t\t\t\t\t\t<\/div>\n\t\t\t\t\t\t\n\t\t\t\t\t<\/div>\n\n\t\t\t\t<\/div>\n\t\t\t\t\t\t\t<div class=\"max-w-xs w-full mx-auto\">\n\t\t\t\t\t<div class=\"mx-auto relative pt-full\">\n\t\t\t\t\t\t<img loading=\"lazy\" decoding=\"async\" width=\"1000\" height=\"1000\" src=\"https:\/\/lofotenseaweedcompany.com\/wp-content\/uploads\/2025\/07\/Arctic_Salt_with_Contents.png\" class=\"absolute h-full w-full object-cover inset-0 circular-repeater\" alt=\"\" srcset=\"https:\/\/lofotenseaweedcompany.com\/wp-content\/uploads\/2025\/07\/Arctic_Salt_with_Contents.png 1000w, https:\/\/lofotenseaweedcompany.com\/wp-content\/uploads\/2025\/07\/Arctic_Salt_with_Contents-300x300.png 300w, https:\/\/lofotenseaweedcompany.com\/wp-content\/uploads\/2025\/07\/Arctic_Salt_with_Contents-150x150.png 150w, https:\/\/lofotenseaweedcompany.com\/wp-content\/uploads\/2025\/07\/Arctic_Salt_with_Contents-768x768.png 768w, https:\/\/lofotenseaweedcompany.com\/wp-content\/uploads\/2025\/07\/Arctic_Salt_with_Contents-500x500.png 500w, https:\/\/lofotenseaweedcompany.com\/wp-content\/uploads\/2025\/07\/Arctic_Salt_with_Contents-800x800.png 800w, https:\/\/lofotenseaweedcompany.com\/wp-content\/uploads\/2025\/07\/Arctic_Salt_with_Contents-100x100.png 100w\" sizes=\"auto, (max-width: 1000px) 100vw, 1000px\" \/>\n\t\t\t\t\t\t\t\t\t\t\t\t\t<div class=\"flex h-full w-full items-center pt-32 md:pt-20 lg:pt-32 justify-center absolute inset-0\" style=\"transform: translatey(40%);\">\n\t\t\t\t\t\t\t\t<a class=\"text-base md:text-xs lg:text-base transition ease-out px-5 py-2 duration-200 bg-white text-sw-primary rounded-full hover:bg-sw-secondary\" href=\"https:\/\/lofotenseaweedcompany.com\/no\/butikk\/arctic-seaweed-salt\">Arctic Seaweed Salt<\/a>\n\t\t\t\t\t\t\t<\/div>\n\t\t\t\t\t\t\n\t\t\t\t\t<\/div>\n\n\t\t\t\t<\/div>\n\t\t\t\t\t\t\t<div class=\"max-w-xs w-full mx-auto\">\n\t\t\t\t\t<div class=\"mx-auto relative pt-full\">\n\t\t\t\t\t\t<img loading=\"lazy\" decoding=\"async\" width=\"1000\" height=\"1000\" src=\"https:\/\/lofotenseaweedcompany.com\/wp-content\/uploads\/2025\/07\/Smoked_Salt_with_Content.png\" class=\"absolute h-full w-full object-cover inset-0 circular-repeater\" alt=\"\" srcset=\"https:\/\/lofotenseaweedcompany.com\/wp-content\/uploads\/2025\/07\/Smoked_Salt_with_Content.png 1000w, https:\/\/lofotenseaweedcompany.com\/wp-content\/uploads\/2025\/07\/Smoked_Salt_with_Content-300x300.png 300w, https:\/\/lofotenseaweedcompany.com\/wp-content\/uploads\/2025\/07\/Smoked_Salt_with_Content-150x150.png 150w, https:\/\/lofotenseaweedcompany.com\/wp-content\/uploads\/2025\/07\/Smoked_Salt_with_Content-768x768.png 768w, https:\/\/lofotenseaweedcompany.com\/wp-content\/uploads\/2025\/07\/Smoked_Salt_with_Content-500x500.png 500w, https:\/\/lofotenseaweedcompany.com\/wp-content\/uploads\/2025\/07\/Smoked_Salt_with_Content-800x800.png 800w, https:\/\/lofotenseaweedcompany.com\/wp-content\/uploads\/2025\/07\/Smoked_Salt_with_Content-100x100.png 100w\" sizes=\"auto, (max-width: 1000px) 100vw, 1000px\" \/>\n\t\t\t\t\t\t\t\t\t\t\t\t\t<div class=\"flex h-full w-full items-center pt-32 md:pt-20 lg:pt-32 justify-center absolute inset-0\" style=\"transform: translatey(40%);\">\n\t\t\t\t\t\t\t\t<a class=\"text-base md:text-xs lg:text-base transition ease-out px-5 py-2 duration-200 bg-white text-sw-primary rounded-full hover:bg-sw-secondary\" href=\"https:\/\/lofotenseaweedcompany.com\/no\/butikk\/smoked-seaweed-salt\">Smoked Seaweed Salt<\/a>\n\t\t\t\t\t\t\t<\/div>\n\t\t\t\t\t\t\n\t\t\t\t\t<\/div>\n\n\t\t\t\t<\/div>\n\t\t\t\t\t\t\t<div class=\"max-w-xs w-full mx-auto\">\n\t\t\t\t\t<div class=\"mx-auto relative pt-full\">\n\t\t\t\t\t\t<img loading=\"lazy\" decoding=\"async\" width=\"1000\" height=\"1000\" src=\"https:\/\/lofotenseaweedcompany.com\/wp-content\/uploads\/2025\/07\/Ocean_Truffle_with_Content.png\" class=\"absolute h-full w-full object-cover inset-0 circular-repeater\" alt=\"\" srcset=\"https:\/\/lofotenseaweedcompany.com\/wp-content\/uploads\/2025\/07\/Ocean_Truffle_with_Content.png 1000w, https:\/\/lofotenseaweedcompany.com\/wp-content\/uploads\/2025\/07\/Ocean_Truffle_with_Content-300x300.png 300w, https:\/\/lofotenseaweedcompany.com\/wp-content\/uploads\/2025\/07\/Ocean_Truffle_with_Content-150x150.png 150w, https:\/\/lofotenseaweedcompany.com\/wp-content\/uploads\/2025\/07\/Ocean_Truffle_with_Content-768x768.png 768w, https:\/\/lofotenseaweedcompany.com\/wp-content\/uploads\/2025\/07\/Ocean_Truffle_with_Content-500x500.png 500w, https:\/\/lofotenseaweedcompany.com\/wp-content\/uploads\/2025\/07\/Ocean_Truffle_with_Content-800x800.png 800w, https:\/\/lofotenseaweedcompany.com\/wp-content\/uploads\/2025\/07\/Ocean_Truffle_with_Content-100x100.png 100w\" sizes=\"auto, (max-width: 1000px) 100vw, 1000px\" \/>\n\t\t\t\t\t\t\t\t\t\t\t\t\t<div class=\"flex h-full w-full items-center pt-32 md:pt-20 lg:pt-32 justify-center absolute inset-0\" style=\"transform: translatey(40%);\">\n\t\t\t\t\t\t\t\t<a class=\"text-base md:text-xs lg:text-base transition ease-out px-5 py-2 duration-200 bg-white text-sw-primary rounded-full hover:bg-sw-secondary\" href=\"https:\/\/lofotenseaweedcompany.com\/no\/butikk\/okologisk-troffeltang-salt-fra-lofoten\/\">Truffle Seaweed Salt<\/a>\n\t\t\t\t\t\t\t<\/div>\n\t\t\t\t\t\t\n\t\t\t\t\t<\/div>\n\n\t\t\t\t<\/div>\n\t\t\t\t\t\t\t<div class=\"max-w-xs w-full mx-auto\">\n\t\t\t\t\t<div class=\"mx-auto relative pt-full\">\n\t\t\t\t\t\t<img loading=\"lazy\" decoding=\"async\" width=\"1000\" height=\"1000\" src=\"https:\/\/lofotenseaweedcompany.com\/wp-content\/uploads\/2025\/07\/Umami_with_Content.png\" class=\"absolute h-full w-full object-cover inset-0 circular-repeater\" alt=\"\" srcset=\"https:\/\/lofotenseaweedcompany.com\/wp-content\/uploads\/2025\/07\/Umami_with_Content.png 1000w, https:\/\/lofotenseaweedcompany.com\/wp-content\/uploads\/2025\/07\/Umami_with_Content-300x300.png 300w, https:\/\/lofotenseaweedcompany.com\/wp-content\/uploads\/2025\/07\/Umami_with_Content-150x150.png 150w, https:\/\/lofotenseaweedcompany.com\/wp-content\/uploads\/2025\/07\/Umami_with_Content-768x768.png 768w, https:\/\/lofotenseaweedcompany.com\/wp-content\/uploads\/2025\/07\/Umami_with_Content-500x500.png 500w, https:\/\/lofotenseaweedcompany.com\/wp-content\/uploads\/2025\/07\/Umami_with_Content-800x800.png 800w, https:\/\/lofotenseaweedcompany.com\/wp-content\/uploads\/2025\/07\/Umami_with_Content-100x100.png 100w\" sizes=\"auto, (max-width: 1000px) 100vw, 1000px\" \/>\n\t\t\t\t\t\t\t\t\t\t\t\t\t<div class=\"flex h-full w-full items-center pt-32 md:pt-20 lg:pt-32 justify-center absolute inset-0\" style=\"transform: translatey(40%);\">\n\t\t\t\t\t\t\t\t<a class=\"text-base md:text-xs lg:text-base transition ease-out px-5 py-2 duration-200 bg-white text-sw-primary rounded-full hover:bg-sw-secondary\" href=\"https:\/\/lofotenseaweedcompany.com\/no\/butikk\/lofoten-umami-furikake\/\">Lofoten Umami<\/a>\n\t\t\t\t\t\t\t<\/div>\n\t\t\t\t\t\t\n\t\t\t\t\t<\/div>\n\n\t\t\t\t<\/div>\n\t\t\t\t\t\t\t<div class=\"max-w-xs w-full mx-auto\">\n\t\t\t\t\t<div class=\"mx-auto relative pt-full\">\n\t\t\t\t\t\t<img loading=\"lazy\" decoding=\"async\" width=\"1000\" height=\"1000\" src=\"https:\/\/lofotenseaweedcompany.com\/wp-content\/uploads\/2025\/07\/Furikake_with_Content.png\" class=\"absolute h-full w-full object-cover inset-0 circular-repeater\" alt=\"\" srcset=\"https:\/\/lofotenseaweedcompany.com\/wp-content\/uploads\/2025\/07\/Furikake_with_Content.png 1000w, https:\/\/lofotenseaweedcompany.com\/wp-content\/uploads\/2025\/07\/Furikake_with_Content-300x300.png 300w, https:\/\/lofotenseaweedcompany.com\/wp-content\/uploads\/2025\/07\/Furikake_with_Content-150x150.png 150w, https:\/\/lofotenseaweedcompany.com\/wp-content\/uploads\/2025\/07\/Furikake_with_Content-768x768.png 768w, https:\/\/lofotenseaweedcompany.com\/wp-content\/uploads\/2025\/07\/Furikake_with_Content-500x500.png 500w, https:\/\/lofotenseaweedcompany.com\/wp-content\/uploads\/2025\/07\/Furikake_with_Content-800x800.png 800w, https:\/\/lofotenseaweedcompany.com\/wp-content\/uploads\/2025\/07\/Furikake_with_Content-100x100.png 100w\" sizes=\"auto, (max-width: 1000px) 100vw, 1000px\" \/>\n\t\t\t\t\t\t\t\t\t\t\t\t\t<div class=\"flex h-full w-full items-center pt-32 md:pt-20 lg:pt-32 justify-center absolute inset-0\" style=\"transform: translatey(40%);\">\n\t\t\t\t\t\t\t\t<a class=\"text-base md:text-xs lg:text-base transition ease-out px-5 py-2 duration-200 bg-white text-sw-primary rounded-full hover:bg-sw-secondary\" href=\"https:\/\/lofotenseaweedcompany.com\/no\/butikk\/arctic-furikake\/\">Arctic Furikake<\/a>\n\t\t\t\t\t\t\t<\/div>\n\t\t\t\t\t\t\n\t\t\t\t\t<\/div>\n\n\t\t\t\t<\/div>\n\t\t\t\t\t\t\t<div class=\"max-w-xs w-full mx-auto\">\n\t\t\t\t\t<div class=\"mx-auto relative pt-full\">\n\t\t\t\t\t\t<img loading=\"lazy\" decoding=\"async\" width=\"1000\" height=\"1000\" src=\"https:\/\/lofotenseaweedcompany.com\/wp-content\/uploads\/2021\/11\/Salt_Threepack.png\" class=\"absolute h-full w-full object-cover inset-0 circular-repeater\" alt=\"\" srcset=\"https:\/\/lofotenseaweedcompany.com\/wp-content\/uploads\/2021\/11\/Salt_Threepack.png 1000w, https:\/\/lofotenseaweedcompany.com\/wp-content\/uploads\/2021\/11\/Salt_Threepack-300x300.png 300w, https:\/\/lofotenseaweedcompany.com\/wp-content\/uploads\/2021\/11\/Salt_Threepack-150x150.png 150w, https:\/\/lofotenseaweedcompany.com\/wp-content\/uploads\/2021\/11\/Salt_Threepack-768x768.png 768w, https:\/\/lofotenseaweedcompany.com\/wp-content\/uploads\/2021\/11\/Salt_Threepack-500x500.png 500w, https:\/\/lofotenseaweedcompany.com\/wp-content\/uploads\/2021\/11\/Salt_Threepack-800x800.png 800w, https:\/\/lofotenseaweedcompany.com\/wp-content\/uploads\/2021\/11\/Salt_Threepack-100x100.png 100w\" sizes=\"auto, (max-width: 1000px) 100vw, 1000px\" \/>\n\t\t\t\t\t\t\t\t\t\t\t\t\t<div class=\"flex h-full w-full items-center pt-32 md:pt-20 lg:pt-32 justify-center absolute inset-0\" style=\"transform: translatey(40%);\">\n\t\t\t\t\t\t\t\t<a class=\"text-base md:text-xs lg:text-base transition ease-out px-5 py-2 duration-200 bg-white text-sw-primary rounded-full hover:bg-sw-secondary\" href=\"https:\/\/lofotenseaweedcompany.com\/no\/butikk\/seaweed-seasonings-tre-pakke\/\">Three Pack<\/a>\n\t\t\t\t\t\t\t<\/div>\n\t\t\t\t\t\t\n\t\t\t\t\t<\/div>\n\n\t\t\t\t<\/div>\n\t\t\t\t\t\t\t<div class=\"max-w-xs w-full mx-auto\">\n\t\t\t\t\t<div class=\"mx-auto relative pt-full\">\n\t\t\t\t\t\t<img loading=\"lazy\" decoding=\"async\" width=\"1000\" height=\"1000\" src=\"https:\/\/lofotenseaweedcompany.com\/wp-content\/uploads\/2024\/11\/Wok_Greens.png\" class=\"absolute h-full w-full object-cover inset-0 circular-repeater\" alt=\"\" srcset=\"https:\/\/lofotenseaweedcompany.com\/wp-content\/uploads\/2024\/11\/Wok_Greens.png 1000w, https:\/\/lofotenseaweedcompany.com\/wp-content\/uploads\/2024\/11\/Wok_Greens-300x300.png 300w, https:\/\/lofotenseaweedcompany.com\/wp-content\/uploads\/2024\/11\/Wok_Greens-150x150.png 150w, https:\/\/lofotenseaweedcompany.com\/wp-content\/uploads\/2024\/11\/Wok_Greens-768x768.png 768w, https:\/\/lofotenseaweedcompany.com\/wp-content\/uploads\/2024\/11\/Wok_Greens-500x500.png 500w, https:\/\/lofotenseaweedcompany.com\/wp-content\/uploads\/2024\/11\/Wok_Greens-800x800.png 800w, https:\/\/lofotenseaweedcompany.com\/wp-content\/uploads\/2024\/11\/Wok_Greens-100x100.png 100w\" sizes=\"auto, (max-width: 1000px) 100vw, 1000px\" \/>\n\t\t\t\t\t\t\t\t\t\t\t\t\t<div class=\"flex h-full w-full items-center pt-32 md:pt-20 lg:pt-32 justify-center absolute inset-0\" style=\"transform: translatey(40%);\">\n\t\t\t\t\t\t\t\t<a class=\"text-base md:text-xs lg:text-base transition ease-out px-5 py-2 duration-200 bg-white text-sw-primary rounded-full hover:bg-sw-secondary\" href=\"https:\/\/lofotenseaweedcompany.com\/no\/butikk\/wok-greens-kryddermiks\/\">Wok &#038; Greens<\/a>\n\t\t\t\t\t\t\t<\/div>\n\t\t\t\t\t\t\n\t\t\t\t\t<\/div>\n\n\t\t\t\t<\/div>\n\t\t\t\t\t\t\t<div class=\"max-w-xs w-full mx-auto\">\n\t\t\t\t\t<div class=\"mx-auto relative pt-full\">\n\t\t\t\t\t\t<img loading=\"lazy\" decoding=\"async\" width=\"1000\" height=\"1000\" src=\"https:\/\/lofotenseaweedcompany.com\/wp-content\/uploads\/2024\/11\/Fish_Seafood.png\" class=\"absolute h-full w-full object-cover inset-0 circular-repeater\" alt=\"\" srcset=\"https:\/\/lofotenseaweedcompany.com\/wp-content\/uploads\/2024\/11\/Fish_Seafood.png 1000w, https:\/\/lofotenseaweedcompany.com\/wp-content\/uploads\/2024\/11\/Fish_Seafood-300x300.png 300w, https:\/\/lofotenseaweedcompany.com\/wp-content\/uploads\/2024\/11\/Fish_Seafood-150x150.png 150w, https:\/\/lofotenseaweedcompany.com\/wp-content\/uploads\/2024\/11\/Fish_Seafood-768x768.png 768w, https:\/\/lofotenseaweedcompany.com\/wp-content\/uploads\/2024\/11\/Fish_Seafood-500x500.png 500w, https:\/\/lofotenseaweedcompany.com\/wp-content\/uploads\/2024\/11\/Fish_Seafood-800x800.png 800w, https:\/\/lofotenseaweedcompany.com\/wp-content\/uploads\/2024\/11\/Fish_Seafood-100x100.png 100w\" sizes=\"auto, (max-width: 1000px) 100vw, 1000px\" \/>\n\t\t\t\t\t\t\t\t\t\t\t\t\t<div class=\"flex h-full w-full items-center pt-32 md:pt-20 lg:pt-32 justify-center absolute inset-0\" style=\"transform: translatey(40%);\">\n\t\t\t\t\t\t\t\t<a class=\"text-base md:text-xs lg:text-base transition ease-out px-5 py-2 duration-200 bg-white text-sw-primary rounded-full hover:bg-sw-secondary\" href=\"https:\/\/lofotenseaweedcompany.com\/no\/butikk\/wok-greens-kryddermiks\/\">Fish &#038; Seafood<\/a>\n\t\t\t\t\t\t\t<\/div>\n\t\t\t\t\t\t\n\t\t\t\t\t<\/div>\n\n\t\t\t\t<\/div>\n\t\t\t\t\t\t\t<div class=\"max-w-xs w-full mx-auto\">\n\t\t\t\t\t<div class=\"mx-auto relative pt-full\">\n\t\t\t\t\t\t<img loading=\"lazy\" decoding=\"async\" width=\"1000\" height=\"1000\" src=\"https:\/\/lofotenseaweedcompany.com\/wp-content\/uploads\/2024\/11\/BBQ_Meat.png\" class=\"absolute h-full w-full object-cover inset-0 circular-repeater\" alt=\"\" srcset=\"https:\/\/lofotenseaweedcompany.com\/wp-content\/uploads\/2024\/11\/BBQ_Meat.png 1000w, https:\/\/lofotenseaweedcompany.com\/wp-content\/uploads\/2024\/11\/BBQ_Meat-300x300.png 300w, https:\/\/lofotenseaweedcompany.com\/wp-content\/uploads\/2024\/11\/BBQ_Meat-150x150.png 150w, https:\/\/lofotenseaweedcompany.com\/wp-content\/uploads\/2024\/11\/BBQ_Meat-768x768.png 768w, https:\/\/lofotenseaweedcompany.com\/wp-content\/uploads\/2024\/11\/BBQ_Meat-500x500.png 500w, https:\/\/lofotenseaweedcompany.com\/wp-content\/uploads\/2024\/11\/BBQ_Meat-800x800.png 800w, https:\/\/lofotenseaweedcompany.com\/wp-content\/uploads\/2024\/11\/BBQ_Meat-100x100.png 100w\" sizes=\"auto, (max-width: 1000px) 100vw, 1000px\" \/>\n\t\t\t\t\t\t\t\t\t\t\t\t\t<div class=\"flex h-full w-full items-center pt-32 md:pt-20 lg:pt-32 justify-center absolute inset-0\" style=\"transform: translatey(40%);\">\n\t\t\t\t\t\t\t\t<a class=\"text-base md:text-xs lg:text-base transition ease-out px-5 py-2 duration-200 bg-white text-sw-primary rounded-full hover:bg-sw-secondary\" href=\"https:\/\/lofotenseaweedcompany.com\/no\/butikk\/wok-greens-kryddermiks\/\">BBQ &#038; Meat<\/a>\n\t\t\t\t\t\t\t<\/div>\n\t\t\t\t\t\t\n\t\t\t\t\t<\/div>\n\n\t\t\t\t<\/div>\n\t\t\t\t\t<\/div>\n\t<\/div>\n<\/div>\n<\/div><\/div>\n\n\n\n<div class=\"wp-block-group m0\"><div class=\"wp-block-group__inner-container is-layout-constrained wp-block-group-is-layout-constrained\"><div class=\"bg-sw-dark text-sw-secondary-light relative underline-links block-with-image\">\n\t<div class=\"grid grid-cols-1 lg:grid-cols-2\">\n\t\t<div class=\"relative\">\n\t\t\t\t\t\t\t<img loading=\"lazy\" decoding=\"async\" width=\"671\" height=\"476\" src=\"https:\/\/lofotenseaweedcompany.com\/wp-content\/uploads\/2022\/12\/Screenshot-2022-12-16-at-12.12.45.png\" class=\"lg:absolute max-h-96 lg:max-h-screen inset-0 h-full w-full object-cover\" alt=\"salmon gravlax\" srcset=\"https:\/\/lofotenseaweedcompany.com\/wp-content\/uploads\/2022\/12\/Screenshot-2022-12-16-at-12.12.45.png 671w, https:\/\/lofotenseaweedcompany.com\/wp-content\/uploads\/2022\/12\/Screenshot-2022-12-16-at-12.12.45-300x213.png 300w, https:\/\/lofotenseaweedcompany.com\/wp-content\/uploads\/2022\/12\/Screenshot-2022-12-16-at-12.12.45-600x426.png 600w\" sizes=\"auto, (max-width: 671px) 100vw, 671px\" \/>\t\t\t\t\t<\/div>\n\t\t<div class=\" mr-8 flex items-center\">\n\t\t\t<div class=\"text-lg p-12 lg:p-32 xl:px-48 max-w-4xl mx-auto\">\n\t\t\t\t\t\t\t\t\t\t\t\t<p class=\"mt-3\">Med et utvalg av smaker som passer til enhver rett, er det noe her for enhver smak. Fra hjemmekokker til proffe kokker og alle i mellom, vi inviterer deg til \u00e5 bli med p\u00e5 det kulinariske tangeventyret. <br><br>Tang er en flott naturlig kilde til jod, den er full av organiske glutamater som trigger umami-smaken, og den er full av vitaminer og mineraler som st\u00f8tter en sunn kropp.<\/p>\t\t\t\t <a class=\"button outlined light mt-6\" href=\"https:\/\/lofotenseaweedcompany.com\/blog\">Les mer p\u00e5 v\u00e5r blogg<\/a>\t\t\t<\/div>\n\t\t<\/div>\n\t<\/div>\n<\/div>\n<\/div><\/div>\n<\/div><\/div>\n","protected":false},"excerpt":{"rendered":"","protected":false},"author":239,"featured_media":0,"parent":0,"menu_order":0,"comment_status":"closed","ping_status":"closed","template":"page-no-title.php","meta":{"_acf_changed":false,"footnotes":""},"class_list":["post-32816","page","type-page","status-publish","hentry"],"acf":[],"_links":{"self":[{"href":"https:\/\/lofotenseaweedcompany.com\/no\/wp-json\/wp\/v2\/pages\/32816","targetHints":{"allow":["GET"]}}],"collection":[{"href":"https:\/\/lofotenseaweedcompany.com\/no\/wp-json\/wp\/v2\/pages"}],"about":[{"href":"https:\/\/lofotenseaweedcompany.com\/no\/wp-json\/wp\/v2\/types\/page"}],"author":[{"embeddable":true,"href":"https:\/\/lofotenseaweedcompany.com\/no\/wp-json\/wp\/v2\/users\/239"}],"replies":[{"embeddable":true,"href":"https:\/\/lofotenseaweedcompany.com\/no\/wp-json\/wp\/v2\/comments?post=32816"}],"version-history":[{"count":10,"href":"https:\/\/lofotenseaweedcompany.com\/no\/wp-json\/wp\/v2\/pages\/32816\/revisions"}],"predecessor-version":[{"id":39170,"href":"https:\/\/lofotenseaweedcompany.com\/no\/wp-json\/wp\/v2\/pages\/32816\/revisions\/39170"}],"wp:attachment":[{"href":"https:\/\/lofotenseaweedcompany.com\/no\/wp-json\/wp\/v2\/media?parent=32816"}],"curies":[{"name":"wp","href":"https:\/\/api.w.org\/{rel}","templated":true}]}}