{"id":32852,"date":"2024-01-15T10:54:20","date_gmt":"2024-01-15T10:54:20","guid":{"rendered":"https:\/\/lofotenseaweedcompany.com\/?page_id=32852"},"modified":"2025-11-25T11:51:37","modified_gmt":"2025-11-25T11:51:37","slug":"torkede-tangblader","status":"publish","type":"page","link":"https:\/\/lofotenseaweedcompany.com\/no\/torkede-tangblader\/","title":{"rendered":"T\u00f8rkede tangblader"},"content":{"rendered":"\n<div class=\"wp-block-group\"><div class=\"wp-block-group__inner-container is-layout-constrained wp-block-group-is-layout-constrained\">\n<div class=\"wp-block-group m0\"><div class=\"wp-block-group__inner-container is-layout-constrained wp-block-group-is-layout-constrained\">\t<div class=\" bg-sw-light text-sw-primary relative underline-links block-with-image\">\n\t\t<div class=\"grid grid-cols-1 lg:grid-cols-2 text-center\">\n\t\t\t<div class=\" mr-8 flex justify-end\">\n\t\t\t\t<div class=\"text-lg p-12 lg:p-32 xl:px-48 max-w-4xl mx-auto\">\n\t\t\t\t\t<h3 class=\"text-2xl tracking-widest uppercase mb-10\">T\u00f8rket tang til mat<\/h3>\t\t\t\t\t\t\t\t\t\t<p class=\"mt-3\">Hvis du ser etter ditt neste kulinariske eventyr, hvorfor ikke starte med en pose \u00f8kologisk h\u00e5ndh\u00f8stet tang fra Lofoten? <br><br>V\u00e5re seks forskjellige varianter av tang inneholder smaksnoter fra hele spekteret, og kan tilberedes p\u00e5 en rekke forskjellige m\u00e5ter. Dampet, stekt, sm\u00e5kokt eller stekt, det er ingen grenser for hva du kan oppn\u00e5 med tang.<\/p>\t\t\t\t<\/div>\n\t\t\t<\/div>\n\t\t\t<div class=\"relative\">\n\t\t\t\t\t\t\t\t\t<img loading=\"lazy\" decoding=\"async\" width=\"1024\" height=\"819\" src=\"https:\/\/lofotenseaweedcompany.com\/wp-content\/uploads\/2023\/05\/MMUN0172-1024x819.jpg\" class=\"lg:absolute max-h-96 lg:max-h-screen inset-0 h-full w-full object-cover\" alt=\"A person holding fresh wakame seaweed in a pair of chopsticks\" srcset=\"https:\/\/lofotenseaweedcompany.com\/wp-content\/uploads\/2023\/05\/MMUN0172-1024x819.jpg 1024w, https:\/\/lofotenseaweedcompany.com\/wp-content\/uploads\/2023\/05\/MMUN0172-800x640.jpg 800w, https:\/\/lofotenseaweedcompany.com\/wp-content\/uploads\/2023\/05\/MMUN0172-300x240.jpg 300w, https:\/\/lofotenseaweedcompany.com\/wp-content\/uploads\/2023\/05\/MMUN0172-768x614.jpg 768w, https:\/\/lofotenseaweedcompany.com\/wp-content\/uploads\/2023\/05\/MMUN0172-1536x1229.jpg 1536w, https:\/\/lofotenseaweedcompany.com\/wp-content\/uploads\/2023\/05\/MMUN0172-2048x1638.jpg 2048w, https:\/\/lofotenseaweedcompany.com\/wp-content\/uploads\/2023\/05\/MMUN0172-200x160.jpg 200w\" sizes=\"auto, (max-width: 1024px) 100vw, 1024px\" \/>\t\t\t\t\t\t\t<\/div>\n\t\t<\/div>\n\t<\/div>\n<\/div><\/div>\n\n\n\n<div class=\"wp-block-group m0\"><div class=\"wp-block-group__inner-container is-layout-constrained wp-block-group-is-layout-constrained\"><div class=\"text-sw-secondary-light bg-sw-dark no-underline\" style=\"padding-bottom:100px;\">\n\t<div class=\" container \">\n\t\t<h2 class=\"font-head text-4xl pt-16\">Kj\u00f8p t\u00f8rket tang og tare til mat<\/h2>\n\t\t<div class=\"max-w-sm md:max-w-none grid grid-cols-1 md:grid-cols-3 gap-20 py-16 md:px-0 mx-auto\">\n\t\t\t\t\t\t\t<div class=\"max-w-xs w-full mx-auto\">\n\t\t\t\t\t<div class=\"mx-auto relative pt-full\">\n\t\t\t\t\t\t<img loading=\"lazy\" decoding=\"async\" width=\"1000\" height=\"1000\" src=\"https:\/\/lofotenseaweedcompany.com\/wp-content\/uploads\/2018\/10\/Whole_Leaf_Bag_Wakame.png\" class=\"absolute h-full w-full object-cover inset-0 circular-repeater\" alt=\"\" srcset=\"https:\/\/lofotenseaweedcompany.com\/wp-content\/uploads\/2018\/10\/Whole_Leaf_Bag_Wakame.png 1000w, https:\/\/lofotenseaweedcompany.com\/wp-content\/uploads\/2018\/10\/Whole_Leaf_Bag_Wakame-300x300.png 300w, https:\/\/lofotenseaweedcompany.com\/wp-content\/uploads\/2018\/10\/Whole_Leaf_Bag_Wakame-150x150.png 150w, https:\/\/lofotenseaweedcompany.com\/wp-content\/uploads\/2018\/10\/Whole_Leaf_Bag_Wakame-768x768.png 768w, https:\/\/lofotenseaweedcompany.com\/wp-content\/uploads\/2018\/10\/Whole_Leaf_Bag_Wakame-500x500.png 500w, https:\/\/lofotenseaweedcompany.com\/wp-content\/uploads\/2018\/10\/Whole_Leaf_Bag_Wakame-800x800.png 800w, https:\/\/lofotenseaweedcompany.com\/wp-content\/uploads\/2018\/10\/Whole_Leaf_Bag_Wakame-100x100.png 100w\" sizes=\"auto, (max-width: 1000px) 100vw, 1000px\" \/>\n\t\t\t\t\t\t\t\t\t\t\t\t\t<div class=\"flex h-full w-full items-center pt-32 md:pt-20 lg:pt-32 justify-center absolute inset-0\" style=\"transform: translatey(40%);\">\n\t\t\t\t\t\t\t\t<a class=\"text-base md:text-xs lg:text-base transition ease-out px-5 py-2 duration-200 bg-white text-sw-primary rounded-full hover:bg-sw-secondary\" href=\"https:\/\/lofotenseaweedcompany.com\/no\/butikk\/okologisk-butare\/\">Butare<\/a>\n\t\t\t\t\t\t\t<\/div>\n\t\t\t\t\t\t\n\t\t\t\t\t<\/div>\n\n\t\t\t\t<\/div>\n\t\t\t\t\t\t\t<div class=\"max-w-xs w-full mx-auto\">\n\t\t\t\t\t<div class=\"mx-auto relative pt-full\">\n\t\t\t\t\t\t<img loading=\"lazy\" decoding=\"async\" width=\"1000\" height=\"1000\" src=\"https:\/\/lofotenseaweedcompany.com\/wp-content\/uploads\/2022\/11\/Whole_Leaf_Bag_Sweet_Kombu.png\" class=\"absolute h-full w-full object-cover inset-0 circular-repeater\" alt=\"\" srcset=\"https:\/\/lofotenseaweedcompany.com\/wp-content\/uploads\/2022\/11\/Whole_Leaf_Bag_Sweet_Kombu.png 1000w, https:\/\/lofotenseaweedcompany.com\/wp-content\/uploads\/2022\/11\/Whole_Leaf_Bag_Sweet_Kombu-300x300.png 300w, https:\/\/lofotenseaweedcompany.com\/wp-content\/uploads\/2022\/11\/Whole_Leaf_Bag_Sweet_Kombu-150x150.png 150w, https:\/\/lofotenseaweedcompany.com\/wp-content\/uploads\/2022\/11\/Whole_Leaf_Bag_Sweet_Kombu-768x768.png 768w, https:\/\/lofotenseaweedcompany.com\/wp-content\/uploads\/2022\/11\/Whole_Leaf_Bag_Sweet_Kombu-500x500.png 500w, https:\/\/lofotenseaweedcompany.com\/wp-content\/uploads\/2022\/11\/Whole_Leaf_Bag_Sweet_Kombu-800x800.png 800w, https:\/\/lofotenseaweedcompany.com\/wp-content\/uploads\/2022\/11\/Whole_Leaf_Bag_Sweet_Kombu-100x100.png 100w\" sizes=\"auto, (max-width: 1000px) 100vw, 1000px\" \/>\n\t\t\t\t\t\t\t\t\t\t\t\t\t<div class=\"flex h-full w-full items-center pt-32 md:pt-20 lg:pt-32 justify-center absolute inset-0\" style=\"transform: translatey(40%);\">\n\t\t\t\t\t\t\t\t<a class=\"text-base md:text-xs lg:text-base transition ease-out px-5 py-2 duration-200 bg-white text-sw-primary rounded-full hover:bg-sw-secondary\" href=\"https:\/\/lofotenseaweedcompany.com\/no\/butikk\/sukkertare\/\">Sukkertare<\/a>\n\t\t\t\t\t\t\t<\/div>\n\t\t\t\t\t\t\n\t\t\t\t\t<\/div>\n\n\t\t\t\t<\/div>\n\t\t\t\t\t\t\t<div class=\"max-w-xs w-full mx-auto\">\n\t\t\t\t\t<div class=\"mx-auto relative pt-full\">\n\t\t\t\t\t\t<img loading=\"lazy\" decoding=\"async\" width=\"1000\" height=\"1000\" src=\"https:\/\/lofotenseaweedcompany.com\/wp-content\/uploads\/2022\/11\/Whole_Leaf_Bag_Ocean_Truffle.jpg\" class=\"absolute h-full w-full object-cover inset-0 circular-repeater\" alt=\"\" srcset=\"https:\/\/lofotenseaweedcompany.com\/wp-content\/uploads\/2022\/11\/Whole_Leaf_Bag_Ocean_Truffle.jpg 1000w, https:\/\/lofotenseaweedcompany.com\/wp-content\/uploads\/2022\/11\/Whole_Leaf_Bag_Ocean_Truffle-300x300.jpg 300w, https:\/\/lofotenseaweedcompany.com\/wp-content\/uploads\/2022\/11\/Whole_Leaf_Bag_Ocean_Truffle-150x150.jpg 150w, https:\/\/lofotenseaweedcompany.com\/wp-content\/uploads\/2022\/11\/Whole_Leaf_Bag_Ocean_Truffle-768x768.jpg 768w, https:\/\/lofotenseaweedcompany.com\/wp-content\/uploads\/2022\/11\/Whole_Leaf_Bag_Ocean_Truffle-500x500.jpg 500w, https:\/\/lofotenseaweedcompany.com\/wp-content\/uploads\/2022\/11\/Whole_Leaf_Bag_Ocean_Truffle-800x800.jpg 800w, https:\/\/lofotenseaweedcompany.com\/wp-content\/uploads\/2022\/11\/Whole_Leaf_Bag_Ocean_Truffle-100x100.jpg 100w\" sizes=\"auto, (max-width: 1000px) 100vw, 1000px\" \/>\n\t\t\t\t\t\t\t\t\t\t\t\t\t<div class=\"flex h-full w-full items-center pt-32 md:pt-20 lg:pt-32 justify-center absolute inset-0\" style=\"transform: translatey(40%);\">\n\t\t\t\t\t\t\t\t<a class=\"text-base md:text-xs lg:text-base transition ease-out px-5 py-2 duration-200 bg-white text-sw-primary rounded-full hover:bg-sw-secondary\" href=\"https:\/\/lofotenseaweedcompany.com\/no\/butikk\/troffeltang\/\">Tr\u00f8ffeltang<\/a>\n\t\t\t\t\t\t\t<\/div>\n\t\t\t\t\t\t\n\t\t\t\t\t<\/div>\n\n\t\t\t\t<\/div>\n\t\t\t\t\t\t\t<div class=\"max-w-xs w-full mx-auto\">\n\t\t\t\t\t<div class=\"mx-auto relative pt-full\">\n\t\t\t\t\t\t<img loading=\"lazy\" decoding=\"async\" width=\"1000\" height=\"1000\" src=\"https:\/\/lofotenseaweedcompany.com\/wp-content\/uploads\/2022\/11\/Whole_Leaf_Bag_Nori.png\" class=\"absolute h-full w-full object-cover inset-0 circular-repeater\" alt=\"\" srcset=\"https:\/\/lofotenseaweedcompany.com\/wp-content\/uploads\/2022\/11\/Whole_Leaf_Bag_Nori.png 1000w, https:\/\/lofotenseaweedcompany.com\/wp-content\/uploads\/2022\/11\/Whole_Leaf_Bag_Nori-300x300.png 300w, https:\/\/lofotenseaweedcompany.com\/wp-content\/uploads\/2022\/11\/Whole_Leaf_Bag_Nori-150x150.png 150w, https:\/\/lofotenseaweedcompany.com\/wp-content\/uploads\/2022\/11\/Whole_Leaf_Bag_Nori-768x768.png 768w, https:\/\/lofotenseaweedcompany.com\/wp-content\/uploads\/2022\/11\/Whole_Leaf_Bag_Nori-500x500.png 500w, https:\/\/lofotenseaweedcompany.com\/wp-content\/uploads\/2022\/11\/Whole_Leaf_Bag_Nori-800x800.png 800w, https:\/\/lofotenseaweedcompany.com\/wp-content\/uploads\/2022\/11\/Whole_Leaf_Bag_Nori-100x100.png 100w\" sizes=\"auto, (max-width: 1000px) 100vw, 1000px\" \/>\n\t\t\t\t\t\t\t\t\t\t\t\t\t<div class=\"flex h-full w-full items-center pt-32 md:pt-20 lg:pt-32 justify-center absolute inset-0\" style=\"transform: translatey(40%);\">\n\t\t\t\t\t\t\t\t<a class=\"text-base md:text-xs lg:text-base transition ease-out px-5 py-2 duration-200 bg-white text-sw-primary rounded-full hover:bg-sw-secondary\" href=\"https:\/\/lofotenseaweedcompany.com\/no\/butikk\/nori\/\">Nori<\/a>\n\t\t\t\t\t\t\t<\/div>\n\t\t\t\t\t\t\n\t\t\t\t\t<\/div>\n\n\t\t\t\t<\/div>\n\t\t\t\t\t\t\t<div class=\"max-w-xs w-full mx-auto\">\n\t\t\t\t\t<div class=\"mx-auto relative pt-full\">\n\t\t\t\t\t\t<img loading=\"lazy\" decoding=\"async\" width=\"1000\" height=\"1000\" src=\"https:\/\/lofotenseaweedcompany.com\/wp-content\/uploads\/2022\/11\/Whole_Leaf_Bag_Dulse.png\" class=\"absolute h-full w-full object-cover inset-0 circular-repeater\" alt=\"\" srcset=\"https:\/\/lofotenseaweedcompany.com\/wp-content\/uploads\/2022\/11\/Whole_Leaf_Bag_Dulse.png 1000w, https:\/\/lofotenseaweedcompany.com\/wp-content\/uploads\/2022\/11\/Whole_Leaf_Bag_Dulse-300x300.png 300w, https:\/\/lofotenseaweedcompany.com\/wp-content\/uploads\/2022\/11\/Whole_Leaf_Bag_Dulse-150x150.png 150w, https:\/\/lofotenseaweedcompany.com\/wp-content\/uploads\/2022\/11\/Whole_Leaf_Bag_Dulse-768x768.png 768w, https:\/\/lofotenseaweedcompany.com\/wp-content\/uploads\/2022\/11\/Whole_Leaf_Bag_Dulse-500x500.png 500w, https:\/\/lofotenseaweedcompany.com\/wp-content\/uploads\/2022\/11\/Whole_Leaf_Bag_Dulse-800x800.png 800w, https:\/\/lofotenseaweedcompany.com\/wp-content\/uploads\/2022\/11\/Whole_Leaf_Bag_Dulse-100x100.png 100w\" sizes=\"auto, (max-width: 1000px) 100vw, 1000px\" \/>\n\t\t\t\t\t\t\t\t\t\t\t\t\t<div class=\"flex h-full w-full items-center pt-32 md:pt-20 lg:pt-32 justify-center absolute inset-0\" style=\"transform: translatey(40%);\">\n\t\t\t\t\t\t\t\t<a class=\"text-base md:text-xs lg:text-base transition ease-out px-5 py-2 duration-200 bg-white text-sw-primary rounded-full hover:bg-sw-secondary\" href=\"https:\/\/lofotenseaweedcompany.com\/no\/butikk\/sol\/\">S\u00f8l<\/a>\n\t\t\t\t\t\t\t<\/div>\n\t\t\t\t\t\t\n\t\t\t\t\t<\/div>\n\n\t\t\t\t<\/div>\n\t\t\t\t\t<\/div>\n\t<\/div>\n<\/div>\n<\/div><\/div>\n\n\n\n<div class=\"wp-block-group m0\"><div class=\"wp-block-group__inner-container is-layout-constrained wp-block-group-is-layout-constrained\"><div class=\"bg-sw-dark text-sw-secondary-light relative underline-links block-with-image\">\n\t<div class=\"grid grid-cols-1 lg:grid-cols-2\">\n\t\t<div class=\"relative\">\n\t\t\t\t\t\t\t<img loading=\"lazy\" decoding=\"async\" width=\"1024\" height=\"819\" src=\"https:\/\/lofotenseaweedcompany.com\/wp-content\/uploads\/2023\/05\/MMUN0392-1024x819.jpg\" class=\"lg:absolute max-h-96 lg:max-h-screen inset-0 h-full w-full object-cover\" alt=\"a hand holding fresh nori\" srcset=\"https:\/\/lofotenseaweedcompany.com\/wp-content\/uploads\/2023\/05\/MMUN0392-1024x819.jpg 1024w, https:\/\/lofotenseaweedcompany.com\/wp-content\/uploads\/2023\/05\/MMUN0392-800x640.jpg 800w, https:\/\/lofotenseaweedcompany.com\/wp-content\/uploads\/2023\/05\/MMUN0392-300x240.jpg 300w, https:\/\/lofotenseaweedcompany.com\/wp-content\/uploads\/2023\/05\/MMUN0392-768x614.jpg 768w, https:\/\/lofotenseaweedcompany.com\/wp-content\/uploads\/2023\/05\/MMUN0392-1536x1229.jpg 1536w, https:\/\/lofotenseaweedcompany.com\/wp-content\/uploads\/2023\/05\/MMUN0392-2048x1638.jpg 2048w, https:\/\/lofotenseaweedcompany.com\/wp-content\/uploads\/2023\/05\/MMUN0392-200x160.jpg 200w\" sizes=\"auto, (max-width: 1024px) 100vw, 1024px\" \/>\t\t\t\t\t<\/div>\n\t\t<div class=\" mr-8 flex items-center\">\n\t\t\t<div class=\"text-lg p-12 lg:p-32 xl:px-48 max-w-4xl mx-auto\">\n\t\t\t\t\t\t\t\t\t\t\t\t<p class=\"mt-3\">Visste du at noen arter av tang inneholder mer kalsium enn melk, og mer Omega-3 enn fisk? Og at det er verdens beste naturlige plantebaserte kilde til jod? <br><br>Enda bedre, den er full av organiske glutamater &#8211; forbindelsene som utl\u00f8ser umami-smak. Tang er en naturlig smaksforsterker som kan forvandle m\u00e5ltidet ditt, uten behov for kunstige ingredienser. <\/p>\t\t\t\t <a class=\"button outlined light mt-6\" href=\"https:\/\/lofotenseaweedcompany.com\/blog\/\">Les mer<\/a>\t\t\t<\/div>\n\t\t<\/div>\n\t<\/div>\n<\/div>\n<\/div><\/div>\n<\/div><\/div>\n","protected":false},"excerpt":{"rendered":"","protected":false},"author":239,"featured_media":0,"parent":0,"menu_order":0,"comment_status":"closed","ping_status":"closed","template":"page-no-title.php","meta":{"_acf_changed":false,"footnotes":""},"class_list":["post-32852","page","type-page","status-publish","hentry"],"acf":[],"_links":{"self":[{"href":"https:\/\/lofotenseaweedcompany.com\/no\/wp-json\/wp\/v2\/pages\/32852","targetHints":{"allow":["GET"]}}],"collection":[{"href":"https:\/\/lofotenseaweedcompany.com\/no\/wp-json\/wp\/v2\/pages"}],"about":[{"href":"https:\/\/lofotenseaweedcompany.com\/no\/wp-json\/wp\/v2\/types\/page"}],"author":[{"embeddable":true,"href":"https:\/\/lofotenseaweedcompany.com\/no\/wp-json\/wp\/v2\/users\/239"}],"replies":[{"embeddable":true,"href":"https:\/\/lofotenseaweedcompany.com\/no\/wp-json\/wp\/v2\/comments?post=32852"}],"version-history":[{"count":6,"href":"https:\/\/lofotenseaweedcompany.com\/no\/wp-json\/wp\/v2\/pages\/32852\/revisions"}],"predecessor-version":[{"id":39015,"href":"https:\/\/lofotenseaweedcompany.com\/no\/wp-json\/wp\/v2\/pages\/32852\/revisions\/39015"}],"wp:attachment":[{"href":"https:\/\/lofotenseaweedcompany.com\/no\/wp-json\/wp\/v2\/media?parent=32852"}],"curies":[{"name":"wp","href":"https:\/\/api.w.org\/{rel}","templated":true}]}}