{"id":3337,"date":"2020-04-07T12:31:37","date_gmt":"2020-04-07T12:31:37","guid":{"rendered":"https:\/\/lofotenseaweedcompany.com\/brownie-med-sol-og-avokado\/"},"modified":"2024-04-12T09:46:38","modified_gmt":"2024-04-12T09:46:38","slug":"sjokolade-brownie-med-avokado-og-tang","status":"publish","type":"page","link":"https:\/\/lofotenseaweedcompany.com\/no\/tang-oppskrifter\/sjokolade-brownie-med-avokado-og-tang\/","title":{"rendered":"Sjokoloade brownie med avokado og tang"},"content":{"rendered":"<div class=\"flex mt-10 lg:mt-20 flex-col lg:flex-row\">\n\t<div class=\"lg:w-2\/5\" >\n\t\t<div class=\"relative\" style=\"padding-top:60%\">\n\t\t\t<img loading=\"lazy\" decoding=\"async\" width=\"683\" height=\"1024\" src=\"https:\/\/lofotenseaweedcompany.com\/wp-content\/uploads\/2023\/08\/LRM_EXPORT_177968531975176_20181021_140115500-683x1024.jpeg\" class=\" object-cover overflow-hidden h-full w-full absolute inset-0  wp-post-image\" alt=\"Chocolate seaweed avocado brownies\" srcset=\"https:\/\/lofotenseaweedcompany.com\/wp-content\/uploads\/2023\/08\/LRM_EXPORT_177968531975176_20181021_140115500-683x1024.jpeg 683w, https:\/\/lofotenseaweedcompany.com\/wp-content\/uploads\/2023\/08\/LRM_EXPORT_177968531975176_20181021_140115500-scaled-800x1200.jpeg 800w, https:\/\/lofotenseaweedcompany.com\/wp-content\/uploads\/2023\/08\/LRM_EXPORT_177968531975176_20181021_140115500-200x300.jpeg 200w, https:\/\/lofotenseaweedcompany.com\/wp-content\/uploads\/2023\/08\/LRM_EXPORT_177968531975176_20181021_140115500-768x1152.jpeg 768w, https:\/\/lofotenseaweedcompany.com\/wp-content\/uploads\/2023\/08\/LRM_EXPORT_177968531975176_20181021_140115500-1024x1536.jpeg 1024w, https:\/\/lofotenseaweedcompany.com\/wp-content\/uploads\/2023\/08\/LRM_EXPORT_177968531975176_20181021_140115500-1365x2048.jpeg 1365w, https:\/\/lofotenseaweedcompany.com\/wp-content\/uploads\/2023\/08\/LRM_EXPORT_177968531975176_20181021_140115500-scaled.jpeg 1707w\" sizes=\"auto, (max-width: 683px) 100vw, 683px\" \/>\t\t<\/div>\n\t<\/div>\n\t<div class=\"flex-1 lg:px-10 flex flex-col justify-between\">\n\t\t<div class=\"mt-5 lg:mt-0\">\n\t\t\tSaftig og god vegansk brownie som kan spises med god samvittighet! Denne brownien er full av gode ingredienser som ikke bare smaker godt, men som ogs\u00e5 gj\u00f8r godt. Inneholder ingen animalske ingredienser og kan derfor ogs\u00e5 spises av veganere. Nyt en deilig brownie med god samvittighet!<br>\t\t<\/div>\n\t\t<div class=\"flex flex-col md:flex-row w-full justify-between text-sm\">\n\t\t\t<div class=\"font-bold mt-3 lg:mt-0\">\n\t\t\t\tUtstyr: kakeform 30 x 35 cm\t\t\t<\/div>\n\t\t\t<div class=\"mt-3 lg:mt-0\">\n\t\t\t\t\t\t\t<\/div>\n\t\t<\/div>\n\n\t<\/div>\n<\/div>\n\n<div class=\"lg:border-t lg:border-t-px border-sw-primary-light mt-10 pt-4 flex flex-col lg:flex-row\">\n\t<div class=\"w-full lg:w-2\/5 font-bold mb-10 mr-10\">\n\t\t<p class=\"font-bold mb-2\">Ingredients:<\/p>\n\t\t\t\t\t<div class=\"flex mb-1\">\n\t\t\t\t<div class=\"flex-1\">\n\t\t\t\t\t250g mel\t\t\t\t<\/div>\n\t\t\t<\/div>\n\t\t\t\t\t<div class=\"flex mb-1\">\n\t\t\t\t<div class=\"flex-1\">\n\t\t\t\t\t400g sukker\t\t\t\t<\/div>\n\t\t\t<\/div>\n\t\t\t\t\t<div class=\"flex mb-1\">\n\t\t\t\t<div class=\"flex-1\">\n\t\t\t\t\t75g kakaopulver\t\t\t\t<\/div>\n\t\t\t<\/div>\n\t\t\t\t\t<div class=\"flex mb-1\">\n\t\t\t\t<div class=\"flex-1\">\n\t\t\t\t\t1 ts vaniljeekstrakt\t\t\t\t<\/div>\n\t\t\t<\/div>\n\t\t\t\t\t<div class=\"flex mb-1\">\n\t\t\t\t<div class=\"flex-1\">\n\t\t\t\t\t1 ts bakepulver\t\t\t\t<\/div>\n\t\t\t<\/div>\n\t\t\t\t\t<div class=\"flex mb-1\">\n\t\t\t\t<div class=\"flex-1\">\n\t\t\t\t\t1 ts salt\t\t\t\t<\/div>\n\t\t\t<\/div>\n\t\t\t\t\t<div class=\"flex mb-1\">\n\t\t\t\t<div class=\"flex-1\">\n\t\t\t\t\t1 avokado\t\t\t\t<\/div>\n\t\t\t<\/div>\n\t\t\t\t\t<div class=\"flex mb-1\">\n\t\t\t\t<div class=\"flex-1\">\n\t\t\t\t\t120ml ditt valg av melk (soya\/havre\/kumelk)\t\t\t\t<\/div>\n\t\t\t<\/div>\n\t\t\t\t\t<div class=\"flex mb-1\">\n\t\t\t\t<div class=\"flex-1\">\n\t\t\t\t\t120ml vann\t\t\t\t<\/div>\n\t\t\t<\/div>\n\t\t\t\t\t<div class=\"flex mb-1\">\n\t\t\t\t<div class=\"flex-1\">\n\t\t\t\t\t10g s\u00f8l flak (eller Arctic Ocean Greens)\t\t\t\t<\/div>\n\t\t\t<\/div>\n\t\t\t<\/div>\n\t<div class=\"flex-1 mb-10\">\n\t<p class=\"font-bold mb-2\">Directions:<\/p>\n\t\t\t\t\t<div class=\"flex mb-3\">\n\t\t\t\t<div class=\"font-bold w-6 mr-2\">\n\t\t\t\t\t1)\n\t\t\t\t<\/div>\n\t\t\t\t<div class=\"flex-1\">\n\t\t\t\t\tForvarm ovnen til 175C. Kle et kakeform med bakepapir.\t\t\t\t<\/div>\n\t\t\t<\/div>\n\t\t\t\t\t<div class=\"flex mb-3\">\n\t\t\t\t<div class=\"font-bold w-6 mr-2\">\n\t\t\t\t\t2)\n\t\t\t\t<\/div>\n\t\t\t\t<div class=\"flex-1\">\n\t\t\t\t\tSikt sammen mel, sukker, kakao, bakepulver og salt i en bolle.\t\t\t\t<\/div>\n\t\t\t<\/div>\n\t\t\t\t\t<div class=\"flex mb-3\">\n\t\t\t\t<div class=\"font-bold w-6 mr-2\">\n\t\t\t\t\t3)\n\t\t\t\t<\/div>\n\t\t\t\t<div class=\"flex-1\">\n\t\t\t\t\tFinn frem en ny bakebolle, og mos sammen avokado, vaniljeekstrakt, melk og vann til en kremet konsistens. Tilsett S\u00f8l, og la hvile i 5 minutter.\t\t\t\t<\/div>\n\t\t\t<\/div>\n\t\t\t\t\t<div class=\"flex mb-3\">\n\t\t\t\t<div class=\"font-bold w-6 mr-2\">\n\t\t\t\t\t4)\n\t\t\t\t<\/div>\n\t\t\t\t<div class=\"flex-1\">\n\t\t\t\t\tBland sammen v\u00e5te og t\u00f8rre ingredienser.\t\t\t\t<\/div>\n\t\t\t<\/div>\n\t\t\t\t\t<div class=\"flex mb-3\">\n\t\t\t\t<div class=\"font-bold w-6 mr-2\">\n\t\t\t\t\t5)\n\t\t\t\t<\/div>\n\t\t\t\t<div class=\"flex-1\">\n\t\t\t\t\tHell over i kakeformen og stek i 35 til 40 minutter, eller til en innsatt kniv kommer ren ut.\t\t\t\t<\/div>\n\t\t\t<\/div>\n\t\t\t\t\t<div class=\"flex mb-3\">\n\t\t\t\t<div class=\"font-bold w-6 mr-2\">\n\t\t\t\t\t6)\n\t\t\t\t<\/div>\n\t\t\t\t<div class=\"flex-1\">\n\t\t\t\t\tNyt med en varm kopp kaffe og godt selskap!\t\t\t\t<\/div>\n\t\t\t<\/div>\n\t\t\t<\/div>\n<\/div>\n\n\n\n\n\n","protected":false},"excerpt":{"rendered":"","protected":false},"author":3,"featured_media":30623,"parent":3551,"menu_order":40,"comment_status":"closed","ping_status":"closed","template":"page-recipes-single.php","meta":{"_acf_changed":false,"footnotes":""},"class_list":["post-3337","page","type-page","status-publish","has-post-thumbnail","hentry"],"acf":[],"_links":{"self":[{"href":"https:\/\/lofotenseaweedcompany.com\/no\/wp-json\/wp\/v2\/pages\/3337","targetHints":{"allow":["GET"]}}],"collection":[{"href":"https:\/\/lofotenseaweedcompany.com\/no\/wp-json\/wp\/v2\/pages"}],"about":[{"href":"https:\/\/lofotenseaweedcompany.com\/no\/wp-json\/wp\/v2\/types\/page"}],"author":[{"embeddable":true,"href":"https:\/\/lofotenseaweedcompany.com\/no\/wp-json\/wp\/v2\/users\/3"}],"replies":[{"embeddable":true,"href":"https:\/\/lofotenseaweedcompany.com\/no\/wp-json\/wp\/v2\/comments?post=3337"}],"version-history":[{"count":13,"href":"https:\/\/lofotenseaweedcompany.com\/no\/wp-json\/wp\/v2\/pages\/3337\/revisions"}],"predecessor-version":[{"id":33954,"href":"https:\/\/lofotenseaweedcompany.com\/no\/wp-json\/wp\/v2\/pages\/3337\/revisions\/33954"}],"up":[{"embeddable":true,"href":"https:\/\/lofotenseaweedcompany.com\/no\/wp-json\/wp\/v2\/pages\/3551"}],"wp:featuredmedia":[{"embeddable":true,"href":"https:\/\/lofotenseaweedcompany.com\/no\/wp-json\/wp\/v2\/media\/30623"}],"wp:attachment":[{"href":"https:\/\/lofotenseaweedcompany.com\/no\/wp-json\/wp\/v2\/media?parent=3337"}],"curies":[{"name":"wp","href":"https:\/\/api.w.org\/{rel}","templated":true}]}}