{"id":3353,"date":"2020-04-07T12:52:37","date_gmt":"2020-04-07T12:52:37","guid":{"rendered":"https:\/\/lofotenseaweedcompany.com\/knekkebrod-med-tang\/"},"modified":"2022-01-13T10:06:45","modified_gmt":"2022-01-13T10:06:45","slug":"knekkebrod-med-tang","status":"publish","type":"page","link":"https:\/\/lofotenseaweedcompany.com\/no\/tang-oppskrifter\/knekkebrod-med-tang\/","title":{"rendered":"Knekkebr\u00f8d med tang"},"content":{"rendered":"<div class=\"flex mt-10 lg:mt-20 flex-col lg:flex-row\">\n\t<div class=\"lg:w-2\/5\" >\n\t\t<div class=\"relative\" style=\"padding-top:60%\">\n\t\t\t<img loading=\"lazy\" decoding=\"async\" width=\"768\" height=\"510\" src=\"https:\/\/lofotenseaweedcompany.com\/wp-content\/uploads\/2018\/10\/3.jpg\" class=\" object-cover overflow-hidden h-full w-full absolute inset-0  wp-post-image\" alt=\"crackers\" srcset=\"https:\/\/lofotenseaweedcompany.com\/wp-content\/uploads\/2018\/10\/3.jpg 768w, https:\/\/lofotenseaweedcompany.com\/wp-content\/uploads\/2018\/10\/3-300x199.jpg 300w, https:\/\/lofotenseaweedcompany.com\/wp-content\/uploads\/2018\/10\/3-600x398.jpg 600w\" sizes=\"auto, (max-width: 768px) 100vw, 768px\" \/>\t\t<\/div>\n\t<\/div>\n\t<div class=\"flex-1 lg:px-10 flex flex-col justify-between\">\n\t\t<div class=\"mt-5 lg:mt-0\">\n\t\t\tKrispig knekkebr\u00f8d med masse smak\t\t<\/div>\n\t\t<div class=\"flex flex-col md:flex-row w-full justify-between text-sm\">\n\t\t\t<div class=\"font-bold mt-3 lg:mt-0\">\n\t\t\t\tHjemmelaget knekkebr\u00f8d med tang er noe av det beste og enkleste man kan lage. Ikke nok med at det smaker fantastisk med ditt favorittp\u00e5legg, det kan holde i flere uker om du oppbevarer det t\u00f8rt. S\u00e5 dette er en oppskrift du kan ha glede av lenge!\t\t\t<\/div>\n\t\t\t<div class=\"mt-3 lg:mt-0\">\n\t\t\t\t\t\t\t<\/div>\n\t\t<\/div>\n\n\t<\/div>\n<\/div>\n\n<div class=\"lg:border-t lg:border-t-px border-sw-primary-light mt-10 pt-4 flex flex-col lg:flex-row\">\n\t<div class=\"w-full lg:w-2\/5 font-bold mb-10 mr-10\">\n\t\t<p class=\"font-bold mb-2\">Ingredients:<\/p>\n\t\t\t\t\t<div class=\"flex mb-1\">\n\t\t\t\t<div class=\"flex-1\">\n\t\t\t\t\t2 dl havregryn\t\t\t\t<\/div>\n\t\t\t<\/div>\n\t\t\t\t\t<div class=\"flex mb-1\">\n\t\t\t\t<div class=\"flex-1\">\n\t\t\t\t\t4,5 dl fr\u00f8 etter eget valg (solsikke, gresskar, linfr\u00f8, sesamfr\u00f8, quinoa osv)\t\t\t\t<\/div>\n\t\t\t<\/div>\n\t\t\t\t\t<div class=\"flex mb-1\">\n\t\t\t\t<div class=\"flex-1\">\n\t\t\t\t\tSalt\t\t\t\t<\/div>\n\t\t\t<\/div>\n\t\t\t\t\t<div class=\"flex mb-1\">\n\t\t\t\t<div class=\"flex-1\">\n\t\t\t\t\t3 ts Simply Seaweed\t\t\t\t<\/div>\n\t\t\t<\/div>\n\t\t\t\t\t<div class=\"flex mb-1\">\n\t\t\t\t<div class=\"flex-1\">\n\t\t\t\t\t2 dl vann\t\t\t\t<\/div>\n\t\t\t<\/div>\n\t\t\t<\/div>\n\t<div class=\"flex-1 mb-10\">\n\t<p class=\"font-bold mb-2\">Directions:<\/p>\n\t\t\t\t\t<div class=\"flex mb-3\">\n\t\t\t\t<div class=\"font-bold w-6 mr-2\">\n\t\t\t\t\t1)\n\t\t\t\t<\/div>\n\t\t\t\t<div class=\"flex-1\">\n\t\t\t\t\tForvarm ovnen til 180 grader. Gj\u00f8r klart to stekebrett med bakepapir.\t\t\t\t<\/div>\n\t\t\t<\/div>\n\t\t\t\t\t<div class=\"flex mb-3\">\n\t\t\t\t<div class=\"font-bold w-6 mr-2\">\n\t\t\t\t\t2)\n\t\t\t\t<\/div>\n\t\t\t\t<div class=\"flex-1\">\n\t\t\t\t\tBland ingrediensene i en bolle.\t\t\t\t<\/div>\n\t\t\t<\/div>\n\t\t\t\t\t<div class=\"flex mb-3\">\n\t\t\t\t<div class=\"font-bold w-6 mr-2\">\n\t\t\t\t\t3)\n\t\t\t\t<\/div>\n\t\t\t\t<div class=\"flex-1\">\n\t\t\t\t\tSm\u00f8r deigen jevnt utover de to stekebrettene. Bruk en slikkepott eller lignende for \u00e5 fordele deigen jevnt. Pass p\u00e5 at deigen er like tykk p\u00e5 hele brettet. Del brettene i \u00f8nskede emner med en pizzakniv for \u00e5 gj\u00f8re det lettere \u00e5 brekke det opp etter steking.\t\t\t\t<\/div>\n\t\t\t<\/div>\n\t\t\t\t\t<div class=\"flex mb-3\">\n\t\t\t\t<div class=\"font-bold w-6 mr-2\">\n\t\t\t\t\t4)\n\t\t\t\t<\/div>\n\t\t\t\t<div class=\"flex-1\">\n\t\t\t\t\tStek i 30-35 minutter. Hold \u00f8ye med stekingen, og roter brettene om n\u00f8dvendig\t\t\t\t<\/div>\n\t\t\t<\/div>\n\t\t\t\t\t<div class=\"flex mb-3\">\n\t\t\t\t<div class=\"font-bold w-6 mr-2\">\n\t\t\t\t\t5)\n\t\t\t\t<\/div>\n\t\t\t\t<div class=\"flex-1\">\n\t\t\t\t\tTa stekebrettet ut av ovnen og avkj\u00f8l knekkebr\u00f8det p\u00e5 rist.\t\t\t\t<\/div>\n\t\t\t<\/div>\n\t\t\t\t\t<div class=\"flex mb-3\">\n\t\t\t\t<div class=\"font-bold w-6 mr-2\">\n\t\t\t\t\t6)\n\t\t\t\t<\/div>\n\t\t\t\t<div class=\"flex-1\">\n\t\t\t\t\tBryt i biter og nyt alene eller sammen med godt p\u00e5legg.\t\t\t\t<\/div>\n\t\t\t<\/div>\n\t\t\t<\/div>\n<\/div>\n\n\n\n\n<h3 class=\"wp-block-heading\"><\/h3>\n","protected":false},"excerpt":{"rendered":"","protected":false},"author":3,"featured_media":2026,"parent":3551,"menu_order":80,"comment_status":"closed","ping_status":"closed","template":"page-recipes-single.php","meta":{"_acf_changed":false,"footnotes":""},"class_list":["post-3353","page","type-page","status-publish","has-post-thumbnail","hentry"],"acf":[],"_links":{"self":[{"href":"https:\/\/lofotenseaweedcompany.com\/no\/wp-json\/wp\/v2\/pages\/3353","targetHints":{"allow":["GET"]}}],"collection":[{"href":"https:\/\/lofotenseaweedcompany.com\/no\/wp-json\/wp\/v2\/pages"}],"about":[{"href":"https:\/\/lofotenseaweedcompany.com\/no\/wp-json\/wp\/v2\/types\/page"}],"author":[{"embeddable":true,"href":"https:\/\/lofotenseaweedcompany.com\/no\/wp-json\/wp\/v2\/users\/3"}],"replies":[{"embeddable":true,"href":"https:\/\/lofotenseaweedcompany.com\/no\/wp-json\/wp\/v2\/comments?post=3353"}],"version-history":[{"count":8,"href":"https:\/\/lofotenseaweedcompany.com\/no\/wp-json\/wp\/v2\/pages\/3353\/revisions"}],"predecessor-version":[{"id":11479,"href":"https:\/\/lofotenseaweedcompany.com\/no\/wp-json\/wp\/v2\/pages\/3353\/revisions\/11479"}],"up":[{"embeddable":true,"href":"https:\/\/lofotenseaweedcompany.com\/no\/wp-json\/wp\/v2\/pages\/3551"}],"wp:featuredmedia":[{"embeddable":true,"href":"https:\/\/lofotenseaweedcompany.com\/no\/wp-json\/wp\/v2\/media\/2026"}],"wp:attachment":[{"href":"https:\/\/lofotenseaweedcompany.com\/no\/wp-json\/wp\/v2\/media?parent=3353"}],"curies":[{"name":"wp","href":"https:\/\/api.w.org\/{rel}","templated":true}]}}