{"id":3371,"date":"2020-04-07T13:01:06","date_gmt":"2020-04-07T13:01:06","guid":{"rendered":"https:\/\/lofotenseaweedcompany.com\/pretzelbiter-med-tangsalt-2\/"},"modified":"2022-01-13T10:12:11","modified_gmt":"2022-01-13T10:12:11","slug":"pretzelbiter-med-tangsalt-2","status":"publish","type":"page","link":"https:\/\/lofotenseaweedcompany.com\/no\/tang-oppskrifter\/pretzelbiter-med-tangsalt-2\/","title":{"rendered":"Pretzelbiter med tangsalt"},"content":{"rendered":"<div class=\"flex mt-10 lg:mt-20 flex-col lg:flex-row\">\n\t<div class=\"lg:w-2\/5\" >\n\t\t<div class=\"relative\" style=\"padding-top:60%\">\n\t\t\t<img loading=\"lazy\" decoding=\"async\" width=\"1000\" height=\"667\" src=\"https:\/\/lofotenseaweedcompany.com\/wp-content\/uploads\/2018\/10\/Pretzel-balls-with-Sukkertare-Salt-1-e1617360777905.jpg\" class=\" object-cover overflow-hidden h-full w-full absolute inset-0  wp-post-image\" alt=\"pretzel bites\" srcset=\"https:\/\/lofotenseaweedcompany.com\/wp-content\/uploads\/2018\/10\/Pretzel-balls-with-Sukkertare-Salt-1-e1617360777905.jpg 1000w, https:\/\/lofotenseaweedcompany.com\/wp-content\/uploads\/2018\/10\/Pretzel-balls-with-Sukkertare-Salt-1-e1617360777905-800x534.jpg 800w, https:\/\/lofotenseaweedcompany.com\/wp-content\/uploads\/2018\/10\/Pretzel-balls-with-Sukkertare-Salt-1-e1617360777905-300x200.jpg 300w, https:\/\/lofotenseaweedcompany.com\/wp-content\/uploads\/2018\/10\/Pretzel-balls-with-Sukkertare-Salt-1-e1617360777905-768x512.jpg 768w\" sizes=\"auto, (max-width: 1000px) 100vw, 1000px\" \/>\t\t<\/div>\n\t<\/div>\n\t<div class=\"flex-1 lg:px-10 flex flex-col justify-between\">\n\t\t<div class=\"mt-5 lg:mt-0\">\n\t\t\tGyldne og spr\u00f8 pretzelbiter med tare og taresalt.\t\t<\/div>\n\t\t<div class=\"flex flex-col md:flex-row w-full justify-between text-sm\">\n\t\t\t<div class=\"font-bold mt-3 lg:mt-0\">\n\t\t\t\t\t\t\t<\/div>\n\t\t\t<div class=\"mt-3 lg:mt-0\">\n\t\t\t\t\t\t\t<\/div>\n\t\t<\/div>\n\n\t<\/div>\n<\/div>\n\n<div class=\"lg:border-t lg:border-t-px border-sw-primary-light mt-10 pt-4 flex flex-col lg:flex-row\">\n\t<div class=\"w-full lg:w-2\/5 font-bold mb-10 mr-10\">\n\t\t<p class=\"font-bold mb-2\">Ingredients:<\/p>\n\t\t\t\t\t<div class=\"flex mb-1\">\n\t\t\t\t<div class=\"flex-1\">\n\t\t\t\t\t250 ml varmt vann\t\t\t\t<\/div>\n\t\t\t<\/div>\n\t\t\t\t\t<div class=\"flex mb-1\">\n\t\t\t\t<div class=\"flex-1\">\n\t\t\t\t\t20 g fersk gj\u00e6r\t\t\t\t<\/div>\n\t\t\t<\/div>\n\t\t\t\t\t<div class=\"flex mb-1\">\n\t\t\t\t<div class=\"flex-1\">\n\t\t\t\t\t375 g mel\t\t\t\t<\/div>\n\t\t\t<\/div>\n\t\t\t\t\t<div class=\"flex mb-1\">\n\t\t\t\t<div class=\"flex-1\">\n\t\t\t\t\t\u00be ts salt\t\t\t\t<\/div>\n\t\t\t<\/div>\n\t\t\t\t\t<div class=\"flex mb-1\">\n\t\t\t\t<div class=\"flex-1\">\n\t\t\t\t\t2 ss sukker\t\t\t\t<\/div>\n\t\t\t<\/div>\n\t\t\t\t\t<div class=\"flex mb-1\">\n\t\t\t\t<div class=\"flex-1\">\n\t\t\t\t\t3 ts Simply Seaweed\t\t\t\t<\/div>\n\t\t\t<\/div>\n\t\t\t\t\t<div class=\"flex mb-1\">\n\t\t\t\t<div class=\"flex-1\">\n\t\t\t\t\t4 ss mykt sm\u00f8r\t\t\t\t<\/div>\n\t\t\t<\/div>\n\t\t\t\t\t<div class=\"flex mb-1\">\n\t\t\t\t<div class=\"flex-1\">\n\t\t\t\t\t\t\t\t\t<\/div>\n\t\t\t<\/div>\n\t\t\t\t\t<div class=\"flex mb-1\">\n\t\t\t\t<div class=\"flex-1\">\n\t\t\t\t\tTil koking:\t\t\t\t<\/div>\n\t\t\t<\/div>\n\t\t\t\t\t<div class=\"flex mb-1\">\n\t\t\t\t<div class=\"flex-1\">\n\t\t\t\t\t2 l vann\t\t\t\t<\/div>\n\t\t\t<\/div>\n\t\t\t\t\t<div class=\"flex mb-1\">\n\t\t\t\t<div class=\"flex-1\">\n\t\t\t\t\t4 ss natron\t\t\t\t<\/div>\n\t\t\t<\/div>\n\t\t\t\t\t<div class=\"flex mb-1\">\n\t\t\t\t<div class=\"flex-1\">\n\t\t\t\t\t\t\t\t\t<\/div>\n\t\t\t<\/div>\n\t\t\t\t\t<div class=\"flex mb-1\">\n\t\t\t\t<div class=\"flex-1\">\n\t\t\t\t\tTopping:\t\t\t\t<\/div>\n\t\t\t<\/div>\n\t\t\t\t\t<div class=\"flex mb-1\">\n\t\t\t\t<div class=\"flex-1\">\n\t\t\t\t\tArctic Seaweed Salt\t\t\t\t<\/div>\n\t\t\t<\/div>\n\t\t\t<\/div>\n\t<div class=\"flex-1 mb-10\">\n\t<p class=\"font-bold mb-2\">Directions:<\/p>\n\t\t\t\t\t<div class=\"flex mb-3\">\n\t\t\t\t<div class=\"font-bold w-6 mr-2\">\n\t\t\t\t\t1)\n\t\t\t\t<\/div>\n\t\t\t\t<div class=\"flex-1\">\n\t\t\t\t\tVisp gj\u00e6ren i det varme vannet. La hvile i et par minutter.\t\t\t\t<\/div>\n\t\t\t<\/div>\n\t\t\t\t\t<div class=\"flex mb-3\">\n\t\t\t\t<div class=\"font-bold w-6 mr-2\">\n\t\t\t\t\t2)\n\t\t\t\t<\/div>\n\t\t\t\t<div class=\"flex-1\">\n\t\t\t\t\tR\u00f8r inn resten av ingrediensene i en annen bolle.\t\t\t\t<\/div>\n\t\t\t<\/div>\n\t\t\t\t\t<div class=\"flex mb-3\">\n\t\t\t\t<div class=\"font-bold w-6 mr-2\">\n\t\t\t\t\t3)\n\t\t\t\t<\/div>\n\t\t\t\t<div class=\"flex-1\">\n\t\t\t\t\tTilsett gj\u00e6rblandingen, og bland sammen ingrediensene. Elt til deigen er glatt og elastisk.\t\t\t\t<\/div>\n\t\t\t<\/div>\n\t\t\t\t\t<div class=\"flex mb-3\">\n\t\t\t\t<div class=\"font-bold w-6 mr-2\">\n\t\t\t\t\t4)\n\t\t\t\t<\/div>\n\t\t\t\t<div class=\"flex-1\">\n\t\t\t\t\tVend deigen i en bolle med olje. Dekk til med et kj\u00f8kkenh\u00e5ndkle, og la heve til deigen er doblet i st\u00f8rrelse (2 til 3 timer).\t\t\t\t<\/div>\n\t\t\t<\/div>\n\t\t\t\t\t<div class=\"flex mb-3\">\n\t\t\t\t<div class=\"font-bold w-6 mr-2\">\n\t\t\t\t\t5)\n\t\t\t\t<\/div>\n\t\t\t\t<div class=\"flex-1\">\n\t\t\t\t\tDel deigen i fire. Rull hver del til en lang p\u00f8lse. Del deigen i 12-14 deler, og rull emnene ut til baller.\t\t\t\t<\/div>\n\t\t\t<\/div>\n\t\t\t\t\t<div class=\"flex mb-3\">\n\t\t\t\t<div class=\"font-bold w-6 mr-2\">\n\t\t\t\t\t6)\n\t\t\t\t<\/div>\n\t\t\t\t<div class=\"flex-1\">\n\t\t\t\t\tSett stekeoven p\u00e5 230 grader. Pensle olje p\u00e5 to store bakeplater.\t\t\t\t<\/div>\n\t\t\t<\/div>\n\t\t\t\t\t<div class=\"flex mb-3\">\n\t\t\t\t<div class=\"font-bold w-6 mr-2\">\n\t\t\t\t\t7)\n\t\t\t\t<\/div>\n\t\t\t\t<div class=\"flex-1\">\n\t\t\t\t\tKok opp vann og natron i en kasserolle. Blandingen vil skumme i starten. Ha deigen i kasserollen, og la pretzlebitene koke i 30 sekunder. Ta pretzlene ut med en skje, og legg dem p\u00e5 en bakeplate. Str\u00f8 tangsalt f\u00f8r bitene t\u00f8rker.\t\t\t\t<\/div>\n\t\t\t<\/div>\n\t\t\t\t\t<div class=\"flex mb-3\">\n\t\t\t\t<div class=\"font-bold w-6 mr-2\">\n\t\t\t\t\t8)\n\t\t\t\t<\/div>\n\t\t\t\t<div class=\"flex-1\">\n\t\t\t\t\tStekes i ovnen i 8 til 10 minutter. F\u00f8lg n\u00f8ye med mot slutten av stekingen s\u00e5 de ikke blir brent.\t\t\t\t<\/div>\n\t\t\t<\/div>\n\t\t\t\t\t<div class=\"flex mb-3\">\n\t\t\t\t<div class=\"font-bold w-6 mr-2\">\n\t\t\t\t\t9)\n\t\t\t\t<\/div>\n\t\t\t\t<div class=\"flex-1\">\n\t\t\t\t\tNyt!\t\t\t\t<\/div>\n\t\t\t<\/div>\n\t\t\t<\/div>\n<\/div>\n\n\n\n\n\n","protected":false},"excerpt":{"rendered":"","protected":false},"author":3,"featured_media":2014,"parent":3551,"menu_order":60,"comment_status":"closed","ping_status":"closed","template":"page-recipes-single.php","meta":{"_acf_changed":false,"footnotes":""},"class_list":["post-3371","page","type-page","status-publish","has-post-thumbnail","hentry"],"acf":[],"_links":{"self":[{"href":"https:\/\/lofotenseaweedcompany.com\/no\/wp-json\/wp\/v2\/pages\/3371","targetHints":{"allow":["GET"]}}],"collection":[{"href":"https:\/\/lofotenseaweedcompany.com\/no\/wp-json\/wp\/v2\/pages"}],"about":[{"href":"https:\/\/lofotenseaweedcompany.com\/no\/wp-json\/wp\/v2\/types\/page"}],"author":[{"embeddable":true,"href":"https:\/\/lofotenseaweedcompany.com\/no\/wp-json\/wp\/v2\/users\/3"}],"replies":[{"embeddable":true,"href":"https:\/\/lofotenseaweedcompany.com\/no\/wp-json\/wp\/v2\/comments?post=3371"}],"version-history":[{"count":7,"href":"https:\/\/lofotenseaweedcompany.com\/no\/wp-json\/wp\/v2\/pages\/3371\/revisions"}],"predecessor-version":[{"id":16400,"href":"https:\/\/lofotenseaweedcompany.com\/no\/wp-json\/wp\/v2\/pages\/3371\/revisions\/16400"}],"up":[{"embeddable":true,"href":"https:\/\/lofotenseaweedcompany.com\/no\/wp-json\/wp\/v2\/pages\/3551"}],"wp:featuredmedia":[{"embeddable":true,"href":"https:\/\/lofotenseaweedcompany.com\/no\/wp-json\/wp\/v2\/media\/2014"}],"wp:attachment":[{"href":"https:\/\/lofotenseaweedcompany.com\/no\/wp-json\/wp\/v2\/media?parent=3371"}],"curies":[{"name":"wp","href":"https:\/\/api.w.org\/{rel}","templated":true}]}}